{"id":1271,"date":"2025-09-11T23:30:00","date_gmt":"2025-09-11T20:30:00","guid":{"rendered":"https:\/\/webseldonusum.net\/tema\/koruncuk\/?page_id=1271"},"modified":"2026-04-04T10:26:18","modified_gmt":"2026-04-04T07:26:18","slug":"baskanin-mesaji","status":"publish","type":"page","link":"https:\/\/koruncuk.org\/en\/kurumsal\/hakkimizda\/baskanin-mesaji\/","title":{"rendered":"Ba\u015fkan\u0131n Mesaj\u0131"},"content":{"rendered":"\t\t<div data-elementor-type=\"wp-page\" data-elementor-id=\"1271\" class=\"elementor elementor-1271\">\n\t\t\t\t<div class=\"elementor-element elementor-element-12e42c5 e-con-full e-flex e-con e-parent\" data-id=\"12e42c5\" data-element_type=\"container\" data-e-type=\"container\" data-settings=\"{&quot;background_background&quot;:&quot;classic&quot;}\">\n\t\t<div class=\"elementor-element elementor-element-c8a1ebd e-con-full e-flex e-con e-child\" data-id=\"c8a1ebd\" data-element_type=\"container\" data-e-type=\"container\" data-settings=\"{&quot;background_background&quot;:&quot;slideshow&quot;,&quot;background_slideshow_gallery&quot;:[{&quot;id&quot;:2387,&quot;url&quot;:&quot;https:\\\/\\\/koruncuk.org\\\/wp-content\\\/uploads\\\/2025\\\/09\\\/koruncuk-Header_BG-3.webp&quot;},{&quot;id&quot;:2388,&quot;url&quot;:&quot;https:\\\/\\\/koruncuk.org\\\/wp-content\\\/uploads\\\/2025\\\/09\\\/koruncuk-Header_BG-4.webp&quot;}],&quot;background_slideshow_slide_duration&quot;:15000,&quot;background_slideshow_transition_duration&quot;:3000,&quot;background_slideshow_ken_burns&quot;:&quot;yes&quot;,&quot;background_slideshow_lazyload&quot;:&quot;yes&quot;,&quot;background_slideshow_loop&quot;:&quot;yes&quot;,&quot;background_slideshow_slide_transition&quot;:&quot;fade&quot;,&quot;background_slideshow_ken_burns_zoom_direction&quot;:&quot;in&quot;}\">\n\t\t<div class=\"elementor-element elementor-element-5e1eae7 e-flex e-con-boxed e-con e-child\" data-id=\"5e1eae7\" data-element_type=\"container\" data-e-type=\"container\" data-settings=\"{&quot;background_background&quot;:&quot;slideshow&quot;,&quot;background_slideshow_gallery&quot;:[{&quot;id&quot;:2396,&quot;url&quot;:&quot;https:\\\/\\\/koruncuk.org\\\/wp-content\\\/uploads\\\/2025\\\/09\\\/koruncuk-Banner_Edit_Gecis_3.webp&quot;},{&quot;id&quot;:2397,&quot;url&quot;:&quot;https:\\\/\\\/koruncuk.org\\\/wp-content\\\/uploads\\\/2025\\\/09\\\/koruncuk-Banner_Edit_Gecis_4.webp&quot;},{&quot;id&quot;:2398,&quot;url&quot;:&quot;https:\\\/\\\/koruncuk.org\\\/wp-content\\\/uploads\\\/2025\\\/09\\\/koruncuk-Banner_Edit_Gecis_5.webp&quot;}],&quot;background_slideshow_slide_duration&quot;:200,&quot;background_slideshow_transition_duration&quot;:1000,&quot;background_slideshow_loop&quot;:&quot;yes&quot;,&quot;background_slideshow_slide_transition&quot;:&quot;fade&quot;}\">\n\t\t\t\t\t<div class=\"e-con-inner\">\n\t\t<div class=\"elementor-element elementor-element-5e12fb4 e-con-full e-flex e-con e-child\" data-id=\"5e12fb4\" data-element_type=\"container\" data-e-type=\"container\">\n\t\t\t\t<div class=\"elementor-element elementor-element-b7f8b65 elementor-widget elementor-widget-gva-heading-block\" data-id=\"b7f8b65\" data-element_type=\"widget\" data-e-type=\"widget\" data-widget_type=\"gva-heading-block.default\">\n\t\t\t\t<div class=\"elementor-widget-container\">\n\t\t\t\t\t<div class=\"gva-element-gva-heading-block gva-element\">\r\n\r\n   <div class=\"align-center style-1 widget gsc-heading box-align-left auto-responsive\">\r\n      \r\n      <div class=\"content-inner\">\r\n                  \r\n           \r\n         \r\n                     <h2 class=\"title\">\r\n               <span>Ba\u015fkan\u0131n Mesaj\u0131<\/span>\r\n            <\/h2>\r\n                  \r\n         \r\n               <\/div>\r\n\r\n   <\/div>\r\n\r\n<\/div>\t\t\t\t<\/div>\n\t\t\t\t<\/div>\n\t\t\t\t<div class=\"elementor-element elementor-element-bc6b10b elementor-widget elementor-widget-gva_post_breadcrumb\" data-id=\"bc6b10b\" data-element_type=\"widget\" data-e-type=\"widget\" data-widget_type=\"gva_post_breadcrumb.default\">\n\t\t\t\t<div class=\"elementor-widget-container\">\n\t\t\t\t\t<div class=\"gva-element-gva_post_breadcrumb gva-element\">   \r\n<div class=\"post-breadcrumb\">\r\n   <div class=\"custom-breadcrumb \" >\r\n      <div class=\"breadcrumb-overlay\"><\/div>\r\n      <div class=\"breadcrumb-main\">\r\n        <div class=\"container\">\r\n          <div class=\"breadcrumb-container-inner\">\r\n            <ol class=\"breadcrumb\"><li><a href=\"https:\/\/koruncuk.org\/en\">Home<\/a> <\/li> <li class=\"active\">Page<\/li><\/ol>          <\/div>  \r\n        <\/div>   \r\n      <\/div>  \r\n   <\/div>\r\n<\/div>      \r\n\r\n<\/div>\t\t\t\t<\/div>\n\t\t\t\t<\/div>\n\t\t\t\t<\/div>\n\t\t\t\t\t<\/div>\n\t\t\t\t<\/div>\n\t\t\t\t<\/div>\n\t\t\t\t<\/div>\n\t\t<div class=\"elementor-element elementor-element-21e4cf0 e-flex e-con-boxed e-con e-parent\" data-id=\"21e4cf0\" data-element_type=\"container\" data-e-type=\"container\">\n\t\t\t\t\t<div class=\"e-con-inner\">\n\t\t<div class=\"wsdtk-sticky-enabled elementor-element elementor-element-7cc55fb e-con-full e-flex e-con e-child\" data-lsc-sticky=\"yes\" data-lsc-sticky-devices=\"desktop,tablet\" data-lsc-sticky-container=\"viewport\" data-lsc-sticky-top=\"100\" data-id=\"7cc55fb\" data-element_type=\"container\" data-e-type=\"container\">\n\t\t\t\t<div class=\"elementor-element elementor-element-cf894b7 elementor-widget elementor-widget-shortcode\" data-id=\"cf894b7\" data-element_type=\"widget\" data-e-type=\"widget\" data-widget_type=\"shortcode.default\">\n\t\t\t\t\t\t\t<div class=\"elementor-shortcode\"><\/div>\n\t\t\t\t\t\t<\/div>\n\t\t\t\t<\/div>\n\t\t<div class=\"elementor-element elementor-element-dabf2d1 e-con-full e-flex e-con e-child\" data-id=\"dabf2d1\" data-element_type=\"container\" data-e-type=\"container\">\n\t\t\t\t<div class=\"elementor-element elementor-element-25c329c elementor-widget elementor-widget-gva-team\" data-id=\"25c329c\" data-element_type=\"widget\" data-e-type=\"widget\" data-widget_type=\"gva-team.default\">\n\t\t\t\t<div class=\"elementor-widget-container\">\n\t\t\t\t\t<div class=\"gva-element-gva-team gva-element\">\r\n<div class=\"gsc-team layout-grid\">\r\n   <div class=\"lg-block-grid-1 md-block-grid-1 sm-block-grid-1 xs-block-grid-1 xx-block-grid-1\">\r\n               <div class=\"item-columns\">\r\n            \r\n\r\n\r\n\r\n\r\n   <div class=\"team-four__single\">\r\n               <div class=\"team-four__image\">\r\n            <img decoding=\"async\" src=\"https:\/\/koruncuk.org\/wp-content\/uploads\/2025\/09\/Av-Dr-Figen-Samuray-Koruncuk-Vakfi-Mutevelli-Heyet-ve-Yonetim-Kurulu-Baskani.webp\" alt=\"Av-Dr-Figen-Samuray-Koruncuk-Vakfi-Mutevelli-Heyet-ve-Yonetim-Kurulu-Baskani\" \/>  \r\n            <div class=\"team-four__socials\">\r\n                              <span class=\"share-label\">Share<\/span>\r\n            <\/div>\r\n         <\/div>\r\n        \r\n      <div class=\"team-four__content\">\r\n                     <h3 class=\"team-four__name\">\r\n               Av. Dr. Figen Samuray   \r\n            <\/h3>\r\n                              <div class=\"team-four__job\">Koruncuk Vakf\u0131 M\u00fctevelli Heyet ve Y\u00f6netim Kurulu Ba\u015fkan\u0131<\/div>\r\n                  \r\n               <\/div>\r\n   <\/div>      \r\n         <\/div>\r\n         <\/div>   \r\n<\/div>\r\n<\/div>\t\t\t\t<\/div>\n\t\t\t\t<\/div>\n\t\t\t\t<div class=\"elementor-element elementor-element-4f43450 elementor-widget elementor-widget-text-editor\" data-id=\"4f43450\" data-element_type=\"widget\" data-e-type=\"widget\" data-widget_type=\"text-editor.default\">\n\t\t\t\t\t\t\t\t\t<div class=\"greeting\"><p><span style=\"color: #e5007d;\"><strong>De\u011ferli Koruncuk Dostlar\u0131,<\/strong><\/span><\/p><\/div><p class=\"message-text\">Koruncuk Vakf\u0131 olarak yola \u00e7\u0131kt\u0131\u011f\u0131m\u0131z ilk g\u00fcnden bu yana, \u00e7ocuklar\u0131n e\u011fitim hakk\u0131n\u0131 savunmak ve onlara g\u00fcvenli bir gelecek sunmak i\u00e7in \u00e7al\u0131\u015f\u0131yoruz. Kurucumuz H\u00fcseyin Bilgin&#8217;in 1979&#8217;da att\u0131\u011f\u0131 bu k\u0131ymetli ad\u0131m, bug\u00fcn iki Koruncukk\u00f6y\u00fcm\u00fczde k\u0131z \u00e7ocuklar\u0131na umut olmaya devam ediyor.<\/p><p class=\"message-text\">Y\u0131llar i\u00e7inde, toplumsal ihtiya\u00e7lara duyarl\u0131l\u0131kla \u015fekillenen Vakf\u0131m\u0131z; kendini s\u00fcrekli yenileyerek \u00e7ocuklar\u0131n yarar\u0131na olacak \u00e7\u00f6z\u00fcmler \u00fcretmeye odakland\u0131. Son d\u00f6nemde, k\u0131z \u00e7ocuklar\u0131n\u0131n e\u011fitimden uzakla\u015fmalar\u0131na neden olan ekonomik ve toplumsal engelleri ortadan kald\u0131rmak amac\u0131yla sistemimizi d\u00f6n\u00fc\u015ft\u00fcrd\u00fck. Akademik ba\u015far\u0131y\u0131 bir \u00f6n \u015fart olarak g\u00f6rmeden, temel ihtiya\u00e7lar\u0131 risk alt\u0131nda olan k\u0131z \u00e7ocuklar\u0131na ortaokuldan \u00fcniversiteye kadar bar\u0131nma, e\u011fitim ve psiko-sosyal destek sunan modelimizle sivil toplum alan\u0131nda pek \u00e7ok ilke imza att\u0131k. \u00dcniversiteye yerle\u015fen k\u0131z \u00e7ocuklar\u0131m\u0131za verdi\u011fimiz burslar ve geli\u015fim destekleriyle e\u011fitim yolculuklar\u0131n\u0131 g\u00fc\u00e7lendirdik.<\/p><p class=\"message-text\">Sahada kar\u015f\u0131la\u015ft\u0131\u011f\u0131m\u0131z ihtiya\u00e7lar do\u011frultusunda kurdu\u011fumuz Aile Destek Birimi arac\u0131l\u0131\u011f\u0131yla, ailesi yan\u0131nda desteklenmeye uygun k\u0131z \u00e7ocuklar\u0131m\u0131z\u0131n \u00f6rg\u00fcn e\u011fitimde kalmalar\u0131n\u0131 sa\u011fl\u0131yor, ayn\u0131 zamanda ailelerin geli\u015fimine katk\u0131 sunuyoruz. \u00c7\u00fcnk\u00fc biliyoruz ki, bir k\u0131z \u00e7ocu\u011funun e\u011fitimden uzakla\u015fmas\u0131 yaln\u0131zca bireysel bir kay\u0131p de\u011fil, toplumsal bir felakettir. E\u011fitimli bir kad\u0131n, sadece kendi hayat\u0131n\u0131 de\u011fil, toplumunun sosyal, ekonomik ve k\u00fclt\u00fcrel yap\u0131s\u0131n\u0131 da d\u00f6n\u00fc\u015ft\u00fcrme g\u00fcc\u00fcne sahiptir. Bu nedenle, bir k\u0131z \u00e7ocu\u011funun hayat\u0131na dokunmak, t\u00fcm toplumun gelece\u011fine yap\u0131lan en g\u00fc\u00e7l\u00fc yat\u0131r\u0131md\u0131r.<\/p><p class=\"message-text\">Bu anlay\u0131\u015fla, k\u0131z \u00e7ocuklar\u0131n\u0131n hayallerini ger\u00e7ekle\u015ftirme yolunda desteklendi\u011fi, kararlar\u0131nda s\u00f6z sahibi oldu\u011fu bir ortam yaratmak i\u00e7in \u00e7al\u0131\u015f\u0131yor; daha fazla k\u0131z \u00e7ocu\u011funun f\u0131rsatlara eri\u015febilmesi amac\u0131yla yurt kapasitelerimizi ve sundu\u011fumuz hizmetleri geli\u015ftirmeye devam ediyoruz.<\/p><p class=\"message-text\">Birlikte daha ayd\u0131nl\u0131k bir gelecek in\u015fa edebilece\u011fimize olan inanc\u0131m\u0131zla, yolculu\u011fumuzu dayan\u0131\u015fmayla s\u00fcrd\u00fcr\u00fcyoruz.<\/p>\t\t\t\t\t\t\t\t<\/div>\n\t\t\t\t<div class=\"elementor-element elementor-element-e46c8b6 elementor-widget elementor-widget-text-editor\" data-id=\"e46c8b6\" data-element_type=\"widget\" data-e-type=\"widget\" data-widget_type=\"text-editor.default\">\n\t\t\t\t\t\t\t\t\t<div class=\"signature-section\"><div class=\"signature-text\" style=\"text-align: right;\"><strong>Sevgi ve sayg\u0131lar\u0131mla,<\/strong><\/div><div class=\"signature-name\" style=\"text-align: right;\"><span style=\"color: #e5007d;\"><strong>Av. Dr. Figen Samuray<\/strong><\/span><\/div><div class=\"signature-title\" style=\"text-align: right;\">Koruncuk Vakf\u0131 M\u00fctevelli Heyet ve Y\u00f6netim Kurulu Ba\u015fkan\u0131<\/div><\/div>\t\t\t\t\t\t\t\t<\/div>\n\t\t<div class=\"elementor-element elementor-element-aae17ec e-grid e-con-full e-con e-child\" data-id=\"aae17ec\" data-element_type=\"container\" data-e-type=\"container\">\n\t\t\t\t<div class=\"elementor-element elementor-element-1ffbd03 elementor-position-inline-end elementor-view-default elementor-mobile-position-block-start elementor-widget elementor-widget-icon-box\" data-id=\"1ffbd03\" data-element_type=\"widget\" data-e-type=\"widget\" data-widget_type=\"icon-box.default\">\n\t\t\t\t\t\t\t<div class=\"elementor-icon-box-wrapper\">\n\n\t\t\t\t\t\t<div class=\"elementor-icon-box-icon\">\n\t\t\t\t<a href=\"mailto:info@koruncuk.org\" class=\"elementor-icon\" tabindex=\"-1\">\n\t\t\t\t<i aria-hidden=\"true\" class=\" dicon-email-3\"><\/i>\t\t\t\t<\/a>\n\t\t\t<\/div>\n\t\t\t\n\t\t\t\t\t\t<div class=\"elementor-icon-box-content\">\n\n\t\t\t\t\n\t\t\t\t\t\t\t\t\t<p class=\"elementor-icon-box-description\">\n\t\t\t\t\t\tbaskanlik@koruncuk.org\t\t\t\t\t<\/p>\n\t\t\t\t\n\t\t\t<\/div>\n\t\t\t\n\t\t<\/div>\n\t\t\t\t\t\t<\/div>\n\t\t\t\t<\/div>\n\t\t\t\t<\/div>\n\t\t\t\t\t<\/div>\n\t\t\t\t<\/div>\n\t\t\t\t<\/div>\n\t\t","protected":false},"excerpt":{"rendered":"<p>Ba\u015fkan\u0131n Mesaj\u0131 Ana Sayfa Sayfa Payla\u015f Av. Dr. Figen Samuray Koruncuk Vakf\u0131 M\u00fctevelli Heyet ve Y\u00f6netim Kurulu Ba\u015fkan\u0131 De\u011ferli Koruncuk Dostlar\u0131, Koruncuk Vakf\u0131 olarak yola \u00e7\u0131kt\u0131\u011f\u0131m\u0131z ilk g\u00fcnden bu yana, \u00e7ocuklar\u0131n e\u011fitim hakk\u0131n\u0131 savunmak ve onlara g\u00fcvenli bir gelecek sunmak i\u00e7in \u00e7al\u0131\u015f\u0131yoruz. Kurucumuz H\u00fcseyin Bilgin&#8217;in 1979&#8217;da att\u0131\u011f\u0131 bu k\u0131ymetli ad\u0131m, bug\u00fcn iki Koruncukk\u00f6y\u00fcm\u00fczde k\u0131z \u00e7ocuklar\u0131na [&hellip;]<\/p>\n","protected":false},"author":1,"featured_media":0,"parent":5439,"menu_order":0,"comment_status":"closed","ping_status":"closed","template":"","meta":{"footnotes":""},"class_list":["post-1271","page","type-page","status-publish","hentry"],"_links":{"self":[{"href":"https:\/\/koruncuk.org\/en\/wp-json\/wp\/v2\/pages\/1271","targetHints":{"allow":["GET"]}}],"collection":[{"href":"https:\/\/koruncuk.org\/en\/wp-json\/wp\/v2\/pages"}],"about":[{"href":"https:\/\/koruncuk.org\/en\/wp-json\/wp\/v2\/types\/page"}],"author":[{"embeddable":true,"href":"https:\/\/koruncuk.org\/en\/wp-json\/wp\/v2\/users\/1"}],"replies":[{"embeddable":true,"href":"https:\/\/koruncuk.org\/en\/wp-json\/wp\/v2\/comments?post=1271"}],"version-history":[{"count":91,"href":"https:\/\/koruncuk.org\/en\/wp-json\/wp\/v2\/pages\/1271\/revisions"}],"predecessor-version":[{"id":6602,"href":"https:\/\/koruncuk.org\/en\/wp-json\/wp\/v2\/pages\/1271\/revisions\/6602"}],"up":[{"embeddable":true,"href":"https:\/\/koruncuk.org\/en\/wp-json\/wp\/v2\/pages\/5439"}],"wp:attachment":[{"href":"https:\/\/koruncuk.org\/en\/wp-json\/wp\/v2\/media?parent=1271"}],"curies":[{"name":"wp","href":"https:\/\/api.w.org\/{rel}","templated":true}]}}