{"id":1279,"date":"2025-09-11T23:00:16","date_gmt":"2025-09-11T20:00:16","guid":{"rendered":"https:\/\/webseldonusum.net\/tema\/koruncuk\/?page_id=1279"},"modified":"2026-03-31T01:28:49","modified_gmt":"2026-03-30T22:28:49","slug":"tuzuk","status":"publish","type":"page","link":"https:\/\/koruncuk.org\/en\/kurumsal\/hakkimizda\/tuzuk\/","title":{"rendered":"T\u00fcz\u00fck"},"content":{"rendered":"\t\t<div data-elementor-type=\"wp-page\" data-elementor-id=\"1279\" class=\"elementor elementor-1279\">\n\t\t\t\t<div class=\"elementor-element elementor-element-a4a7127 e-con-full e-flex e-con e-parent\" data-id=\"a4a7127\" data-element_type=\"container\" data-e-type=\"container\" data-settings=\"{&quot;background_background&quot;:&quot;classic&quot;}\">\n\t\t<div class=\"elementor-element elementor-element-0288c15 e-con-full e-flex e-con e-child\" data-id=\"0288c15\" data-element_type=\"container\" data-e-type=\"container\" data-settings=\"{&quot;background_background&quot;:&quot;slideshow&quot;,&quot;background_slideshow_gallery&quot;:[{&quot;id&quot;:2410,&quot;url&quot;:&quot;https:\\\/\\\/koruncuk.org\\\/wp-content\\\/uploads\\\/2025\\\/09\\\/koruncuk-Header-BG-5.webp&quot;},{&quot;id&quot;:2411,&quot;url&quot;:&quot;https:\\\/\\\/koruncuk.org\\\/wp-content\\\/uploads\\\/2025\\\/09\\\/koruncuk-Header-BG-6.webp&quot;}],&quot;background_slideshow_slide_duration&quot;:15000,&quot;background_slideshow_transition_duration&quot;:3000,&quot;background_slideshow_ken_burns&quot;:&quot;yes&quot;,&quot;background_slideshow_loop&quot;:&quot;yes&quot;,&quot;background_slideshow_slide_transition&quot;:&quot;fade&quot;,&quot;background_slideshow_ken_burns_zoom_direction&quot;:&quot;in&quot;}\">\n\t\t<div class=\"elementor-element elementor-element-28a46eb e-flex e-con-boxed e-con e-child\" data-id=\"28a46eb\" data-element_type=\"container\" data-e-type=\"container\" data-settings=\"{&quot;background_background&quot;:&quot;classic&quot;}\">\n\t\t\t\t\t<div class=\"e-con-inner\">\n\t\t<div class=\"elementor-element elementor-element-99ef3cb e-con-full e-flex e-con e-child\" data-id=\"99ef3cb\" data-element_type=\"container\" data-e-type=\"container\">\n\t\t\t\t<div class=\"elementor-element elementor-element-ca7d1c5 elementor-widget elementor-widget-gva-heading-block\" data-id=\"ca7d1c5\" data-element_type=\"widget\" data-e-type=\"widget\" data-widget_type=\"gva-heading-block.default\">\n\t\t\t\t<div class=\"elementor-widget-container\">\n\t\t\t\t\t<div class=\"gva-element-gva-heading-block gva-element\">\r\n\r\n   <div class=\"align-center style-1 widget gsc-heading box-align-left auto-responsive\">\r\n      \r\n      <div class=\"content-inner\">\r\n                  \r\n           \r\n         \r\n                     <h2 class=\"title\">\r\n               <span>T\u00fcz\u00fck<\/span>\r\n            <\/h2>\r\n                  \r\n         \r\n               <\/div>\r\n\r\n   <\/div>\r\n\r\n<\/div>\t\t\t\t<\/div>\n\t\t\t\t<\/div>\n\t\t\t\t<div class=\"elementor-element elementor-element-46692df elementor-widget elementor-widget-gva_post_breadcrumb\" data-id=\"46692df\" data-element_type=\"widget\" data-e-type=\"widget\" data-widget_type=\"gva_post_breadcrumb.default\">\n\t\t\t\t<div class=\"elementor-widget-container\">\n\t\t\t\t\t<div class=\"gva-element-gva_post_breadcrumb gva-element\">   \r\n<div class=\"post-breadcrumb\">\r\n   <div class=\"custom-breadcrumb \" >\r\n      <div class=\"breadcrumb-overlay\"><\/div>\r\n      <div class=\"breadcrumb-main\">\r\n        <div class=\"container\">\r\n          <div class=\"breadcrumb-container-inner\">\r\n            <ol class=\"breadcrumb\"><li><a href=\"https:\/\/koruncuk.org\/en\">Home<\/a> <\/li> <li class=\"active\">Page<\/li><\/ol>          <\/div>  \r\n        <\/div>   \r\n      <\/div>  \r\n   <\/div>\r\n<\/div>      \r\n\r\n<\/div>\t\t\t\t<\/div>\n\t\t\t\t<\/div>\n\t\t\t\t<\/div>\n\t\t\t\t\t<\/div>\n\t\t\t\t<\/div>\n\t\t\t\t<\/div>\n\t\t\t\t<\/div>\n\t\t<div class=\"elementor-element elementor-element-21e4cf0 e-flex e-con-boxed e-con e-parent\" data-id=\"21e4cf0\" data-element_type=\"container\" data-e-type=\"container\">\n\t\t\t\t\t<div class=\"e-con-inner\">\n\t\t<div class=\"wsdtk-sticky-enabled elementor-element elementor-element-1a0736c e-con-full e-flex e-con e-child\" data-lsc-sticky=\"yes\" data-lsc-sticky-devices=\"desktop,tablet\" data-lsc-sticky-container=\"viewport\" data-lsc-sticky-top=\"100\" data-id=\"1a0736c\" data-element_type=\"container\" data-e-type=\"container\">\n\t\t\t\t<div class=\"elementor-element elementor-element-9cdf856 elementor-widget elementor-widget-shortcode\" data-id=\"9cdf856\" data-element_type=\"widget\" data-e-type=\"widget\" data-widget_type=\"shortcode.default\">\n\t\t\t\t\t\t\t<div class=\"elementor-shortcode\"><\/div>\n\t\t\t\t\t\t<\/div>\n\t\t\t\t<\/div>\n\t\t<div class=\"elementor-element elementor-element-dabf2d1 e-con-full e-flex e-con e-child\" data-id=\"dabf2d1\" data-element_type=\"container\" data-e-type=\"container\">\n\t\t\t\t<div class=\"elementor-element elementor-element-f3cb945 elementor-widget elementor-widget-text-editor\" data-id=\"f3cb945\" data-element_type=\"widget\" data-e-type=\"widget\" data-widget_type=\"text-editor.default\">\n\t\t\t\t\t\t\t\t\t<div class=\"greeting\"><h4><span style=\"color: #e5007d;\"><strong>T\u00fcz\u00fck<\/strong><\/span><\/h4><\/div>\t\t\t\t\t\t\t\t<\/div>\n\t\t\t\t<div class=\"elementor-element elementor-element-4ab3654 elementor-widget elementor-widget-html\" data-id=\"4ab3654\" data-element_type=\"widget\" data-e-type=\"widget\" data-widget_type=\"html.default\">\n\t\t\t\t\t<div class=\"pdf-wrapper\">\n    <object \n        data=\"https:\/\/koruncuk.org\/dosyalar\/koruncuk-tuzuk-2023.pdf\" \n        type=\"application\/pdf\" \n        width=\"100%\" \n        height=\"800px\">\n        <iframe \n            src=\"https:\/\/koruncuk.org\/dosyalar\/koruncuk-tuzuk-2023.pdf\" \n            width=\"100%\" \n            height=\"100%\" \n            style=\"border:none;\">\n            Bu taray\u0131c\u0131 PDF g\u00f6r\u00fcnt\u00fclemeyi desteklemiyor. L\u00fctfen dosyay\u0131 indirin.\n        <\/iframe>\n    <\/object>\n<\/div>\n\n\t\t\t\t<\/div>\n\t\t\t\t<\/div>\n\t\t\t\t\t<\/div>\n\t\t\t\t<\/div>\n\t\t\t\t<\/div>\n\t\t","protected":false},"excerpt":{"rendered":"<p>T\u00fcz\u00fck Ana Sayfa Sayfa T\u00fcz\u00fck Bu taray\u0131c\u0131 PDF g\u00f6r\u00fcnt\u00fclemeyi desteklemiyor. L\u00fctfen dosyay\u0131 indirin.<\/p>","protected":false},"author":1,"featured_media":0,"parent":5439,"menu_order":0,"comment_status":"closed","ping_status":"closed","template":"","meta":{"footnotes":""},"class_list":["post-1279","page","type-page","status-publish","hentry"],"_links":{"self":[{"href":"https:\/\/koruncuk.org\/en\/wp-json\/wp\/v2\/pages\/1279","targetHints":{"allow":["GET"]}}],"collection":[{"href":"https:\/\/koruncuk.org\/en\/wp-json\/wp\/v2\/pages"}],"about":[{"href":"https:\/\/koruncuk.org\/en\/wp-json\/wp\/v2\/types\/page"}],"author":[{"embeddable":true,"href":"https:\/\/koruncuk.org\/en\/wp-json\/wp\/v2\/users\/1"}],"replies":[{"embeddable":true,"href":"https:\/\/koruncuk.org\/en\/wp-json\/wp\/v2\/comments?post=1279"}],"version-history":[{"count":40,"href":"https:\/\/koruncuk.org\/en\/wp-json\/wp\/v2\/pages\/1279\/revisions"}],"predecessor-version":[{"id":5757,"href":"https:\/\/koruncuk.org\/en\/wp-json\/wp\/v2\/pages\/1279\/revisions\/5757"}],"up":[{"embeddable":true,"href":"https:\/\/koruncuk.org\/en\/wp-json\/wp\/v2\/pages\/5439"}],"wp:attachment":[{"href":"https:\/\/koruncuk.org\/en\/wp-json\/wp\/v2\/media?parent=1279"}],"curies":[{"name":"wp","href":"https:\/\/api.w.org\/{rel}","templated":true}]}}