{"id":1295,"date":"2025-09-10T23:10:00","date_gmt":"2025-09-10T20:10:00","guid":{"rendered":"https:\/\/webseldonusum.net\/tema\/koruncuk\/?page_id=1295"},"modified":"2026-03-31T01:29:47","modified_gmt":"2026-03-30T22:29:47","slug":"onursal-baskanlarimiz","status":"publish","type":"page","link":"https:\/\/koruncuk.org\/en\/kurumsal\/hakkimizda\/onursal-baskanlarimiz\/","title":{"rendered":"Onursal Ba\u015fkanlar\u0131m\u0131z"},"content":{"rendered":"\t\t<div data-elementor-type=\"wp-page\" data-elementor-id=\"1295\" class=\"elementor elementor-1295\">\n\t\t\t\t<div class=\"elementor-element elementor-element-7a9356e e-con-full e-flex e-con e-parent\" data-id=\"7a9356e\" data-element_type=\"container\" data-e-type=\"container\" data-settings=\"{&quot;background_background&quot;:&quot;classic&quot;}\">\n\t\t<div class=\"elementor-element elementor-element-b1a621a e-con-full e-flex e-con e-child\" data-id=\"b1a621a\" data-element_type=\"container\" data-e-type=\"container\" data-settings=\"{&quot;background_background&quot;:&quot;slideshow&quot;,&quot;background_slideshow_gallery&quot;:[{&quot;id&quot;:2387,&quot;url&quot;:&quot;https:\\\/\\\/koruncuk.org\\\/wp-content\\\/uploads\\\/2025\\\/09\\\/koruncuk-Header_BG-3.webp&quot;},{&quot;id&quot;:2388,&quot;url&quot;:&quot;https:\\\/\\\/koruncuk.org\\\/wp-content\\\/uploads\\\/2025\\\/09\\\/koruncuk-Header_BG-4.webp&quot;}],&quot;background_slideshow_slide_duration&quot;:15000,&quot;background_slideshow_transition_duration&quot;:3000,&quot;background_slideshow_ken_burns&quot;:&quot;yes&quot;,&quot;background_slideshow_lazyload&quot;:&quot;yes&quot;,&quot;background_slideshow_loop&quot;:&quot;yes&quot;,&quot;background_slideshow_slide_transition&quot;:&quot;fade&quot;,&quot;background_slideshow_ken_burns_zoom_direction&quot;:&quot;in&quot;}\">\n\t\t<div class=\"elementor-element elementor-element-62546f5 e-flex e-con-boxed e-con e-child\" data-id=\"62546f5\" data-element_type=\"container\" data-e-type=\"container\" data-settings=\"{&quot;background_background&quot;:&quot;slideshow&quot;,&quot;background_slideshow_gallery&quot;:[{&quot;id&quot;:2396,&quot;url&quot;:&quot;https:\\\/\\\/koruncuk.org\\\/wp-content\\\/uploads\\\/2025\\\/09\\\/koruncuk-Banner_Edit_Gecis_3.webp&quot;},{&quot;id&quot;:2397,&quot;url&quot;:&quot;https:\\\/\\\/koruncuk.org\\\/wp-content\\\/uploads\\\/2025\\\/09\\\/koruncuk-Banner_Edit_Gecis_4.webp&quot;},{&quot;id&quot;:2398,&quot;url&quot;:&quot;https:\\\/\\\/koruncuk.org\\\/wp-content\\\/uploads\\\/2025\\\/09\\\/koruncuk-Banner_Edit_Gecis_5.webp&quot;}],&quot;background_slideshow_slide_duration&quot;:200,&quot;background_slideshow_transition_duration&quot;:1000,&quot;background_slideshow_loop&quot;:&quot;yes&quot;,&quot;background_slideshow_slide_transition&quot;:&quot;fade&quot;}\">\n\t\t\t\t\t<div class=\"e-con-inner\">\n\t\t<div class=\"elementor-element elementor-element-e1b43bf e-con-full e-flex e-con e-child\" data-id=\"e1b43bf\" data-element_type=\"container\" data-e-type=\"container\">\n\t\t\t\t<div class=\"elementor-element elementor-element-92adaef elementor-widget elementor-widget-gva-heading-block\" data-id=\"92adaef\" data-element_type=\"widget\" data-e-type=\"widget\" data-widget_type=\"gva-heading-block.default\">\n\t\t\t\t<div class=\"elementor-widget-container\">\n\t\t\t\t\t<div class=\"gva-element-gva-heading-block gva-element\">\r\n\r\n   <div class=\"align-center style-1 widget gsc-heading box-align-left auto-responsive\">\r\n      \r\n      <div class=\"content-inner\">\r\n                  \r\n           \r\n         \r\n                     <h2 class=\"title\">\r\n               <span>Onursal Ba\u015fkanlar\u0131m\u0131z<\/span>\r\n            <\/h2>\r\n                  \r\n         \r\n               <\/div>\r\n\r\n   <\/div>\r\n\r\n<\/div>\t\t\t\t<\/div>\n\t\t\t\t<\/div>\n\t\t\t\t<div class=\"elementor-element elementor-element-b11fb5e elementor-widget elementor-widget-gva_post_breadcrumb\" data-id=\"b11fb5e\" data-element_type=\"widget\" data-e-type=\"widget\" data-widget_type=\"gva_post_breadcrumb.default\">\n\t\t\t\t<div class=\"elementor-widget-container\">\n\t\t\t\t\t<div class=\"gva-element-gva_post_breadcrumb gva-element\">   \r\n<div class=\"post-breadcrumb\">\r\n   <div class=\"custom-breadcrumb \" >\r\n      <div class=\"breadcrumb-overlay\"><\/div>\r\n      <div class=\"breadcrumb-main\">\r\n        <div class=\"container\">\r\n          <div class=\"breadcrumb-container-inner\">\r\n            <ol class=\"breadcrumb\"><li><a href=\"https:\/\/koruncuk.org\/en\">Home<\/a> <\/li> <li class=\"active\">Page<\/li><\/ol>          <\/div>  \r\n        <\/div>   \r\n      <\/div>  \r\n   <\/div>\r\n<\/div>      \r\n\r\n<\/div>\t\t\t\t<\/div>\n\t\t\t\t<\/div>\n\t\t\t\t<\/div>\n\t\t\t\t\t<\/div>\n\t\t\t\t<\/div>\n\t\t\t\t<\/div>\n\t\t\t\t<\/div>\n\t\t<div class=\"elementor-element elementor-element-21e4cf0 e-flex e-con-boxed e-con e-parent\" data-id=\"21e4cf0\" data-element_type=\"container\" data-e-type=\"container\">\n\t\t\t\t\t<div class=\"e-con-inner\">\n\t\t<div class=\"wsdtk-sticky-enabled elementor-element elementor-element-2418a30 e-con-full e-flex e-con e-child\" data-lsc-sticky=\"yes\" data-lsc-sticky-devices=\"desktop,tablet\" data-lsc-sticky-container=\"viewport\" data-lsc-sticky-top=\"100\" data-id=\"2418a30\" data-element_type=\"container\" data-e-type=\"container\">\n\t\t\t\t<div class=\"elementor-element elementor-element-2d8a674 elementor-widget elementor-widget-shortcode\" data-id=\"2d8a674\" data-element_type=\"widget\" data-e-type=\"widget\" data-widget_type=\"shortcode.default\">\n\t\t\t\t\t\t\t<div class=\"elementor-shortcode\"><\/div>\n\t\t\t\t\t\t<\/div>\n\t\t\t\t<\/div>\n\t\t<div class=\"elementor-element elementor-element-dabf2d1 e-con-full e-flex e-con e-child\" data-id=\"dabf2d1\" data-element_type=\"container\" data-e-type=\"container\">\n\t\t\t\t<div class=\"elementor-element elementor-element-d5e895c elementor-widget elementor-widget-text-editor\" data-id=\"d5e895c\" data-element_type=\"widget\" data-e-type=\"widget\" data-widget_type=\"text-editor.default\">\n\t\t\t\t\t\t\t\t\t<div class=\"greeting\"><h4><span style=\"color: #e5007d;\"><strong>Onursal Ba\u015fkanlar\u0131m\u0131z<\/strong><\/span><\/h4><\/div>\t\t\t\t\t\t\t\t<\/div>\n\t\t\t\t<div class=\"elementor-element elementor-element-62cd6db elementor-widget elementor-widget-text-editor\" data-id=\"62cd6db\" data-element_type=\"widget\" data-e-type=\"widget\" data-widget_type=\"text-editor.default\">\n\t\t\t\t\t\t\t\t\t<p>\u00c7ocuklar\u0131n haklar\u0131na eri\u015fti\u011fi, sevgi ve g\u00fcvenle b\u00fcy\u00fcd\u00fc\u011f\u00fc, e\u011fitimlerine kesintisiz devam edebildi\u011fi bir topluma hizmet etmeyi ama\u00e7layan Vakf\u0131m\u0131z\u0131n Onursal Ba\u015fkanlar\u0131na sayg\u0131lar\u0131m\u0131zla&#8230;<\/p>\t\t\t\t\t\t\t\t<\/div>\n\t\t\t\t<div class=\"elementor-element elementor-element-25c329c elementor-widget elementor-widget-gva-team\" data-id=\"25c329c\" data-element_type=\"widget\" data-e-type=\"widget\" data-widget_type=\"gva-team.default\">\n\t\t\t\t<div class=\"elementor-widget-container\">\n\t\t\t\t\t<div class=\"gva-element-gva-team gva-element\">\r\n<div class=\"gsc-team layout-grid\">\r\n   <div class=\"lg-block-grid-2 md-block-grid-1 sm-block-grid-1 xs-block-grid-1 xx-block-grid-1\">\r\n               <div class=\"item-columns\">\r\n            \r\n\r\n\r\n\r\n\r\n   <div class=\"team-four__single\">\r\n               <div class=\"team-four__image\">\r\n            <img decoding=\"async\" src=\"https:\/\/koruncuk.org\/wp-content\/uploads\/2025\/09\/Timur-Erk.webp\" alt=\"\" \/>  \r\n            <div class=\"team-four__socials\">\r\n                              <span class=\"share-label\">Share<\/span>\r\n            <\/div>\r\n         <\/div>\r\n        \r\n      <div class=\"team-four__content\">\r\n                     <h3 class=\"team-four__name\">\r\n               Timur Erk   \r\n            <\/h3>\r\n                           \r\n               <\/div>\r\n   <\/div>      \r\n         <\/div>\r\n               <div class=\"item-columns\">\r\n            \r\n\r\n\r\n\r\n\r\n   <div class=\"team-four__single\">\r\n               <div class=\"team-four__image\">\r\n            <img decoding=\"async\" src=\"https:\/\/koruncuk.org\/wp-content\/uploads\/2025\/09\/Kemal-Guckan.webp\" alt=\"\" \/>  \r\n            <div class=\"team-four__socials\">\r\n                              <span class=\"share-label\">Share<\/span>\r\n            <\/div>\r\n         <\/div>\r\n        \r\n      <div class=\"team-four__content\">\r\n                     <h3 class=\"team-four__name\">\r\n               M. Kemal G\u00fc\u00e7kan ( Merhum )   \r\n            <\/h3>\r\n                           \r\n               <\/div>\r\n   <\/div>      \r\n         <\/div>\r\n               <div class=\"item-columns\">\r\n            \r\n\r\n\r\n\r\n\r\n   <div class=\"team-four__single\">\r\n               <div class=\"team-four__image\">\r\n            <img decoding=\"async\" src=\"https:\/\/koruncuk.org\/wp-content\/uploads\/2025\/09\/Mehmet-Pinar.webp\" alt=\"\" \/>  \r\n            <div class=\"team-four__socials\">\r\n                              <span class=\"share-label\">Share<\/span>\r\n            <\/div>\r\n         <\/div>\r\n        \r\n      <div class=\"team-four__content\">\r\n                     <h3 class=\"team-four__name\">\r\n               Mehmet P\u0131nar Aran ( Merhum )   \r\n            <\/h3>\r\n                           \r\n               <\/div>\r\n   <\/div>      \r\n         <\/div>\r\n               <div class=\"item-columns\">\r\n            \r\n\r\n\r\n\r\n\r\n   <div class=\"team-four__single\">\r\n               <div class=\"team-four__image\">\r\n            <img decoding=\"async\" src=\"https:\/\/koruncuk.org\/wp-content\/uploads\/2025\/09\/Figen-Ozbek.webp\" alt=\"\" \/>  \r\n            <div class=\"team-four__socials\">\r\n                              <span class=\"share-label\">Share<\/span>\r\n            <\/div>\r\n         <\/div>\r\n        \r\n      <div class=\"team-four__content\">\r\n                     <h3 class=\"team-four__name\">\r\n               Figen \u00d6zbek   \r\n            <\/h3>\r\n                           \r\n               <\/div>\r\n   <\/div>      \r\n         <\/div>\r\n         <\/div>   \r\n<\/div>\r\n<\/div>\t\t\t\t<\/div>\n\t\t\t\t<\/div>\n\t\t\t\t<\/div>\n\t\t\t\t\t<\/div>\n\t\t\t\t<\/div>\n\t\t\t\t<\/div>\n\t\t","protected":false},"excerpt":{"rendered":"<p>Onursal Ba\u015fkanlar\u0131m\u0131z Ana Sayfa Sayfa Onursal Ba\u015fkanlar\u0131m\u0131z \u00c7ocuklar\u0131n haklar\u0131na eri\u015fti\u011fi, sevgi ve g\u00fcvenle b\u00fcy\u00fcd\u00fc\u011f\u00fc, e\u011fitimlerine kesintisiz devam edebildi\u011fi bir topluma hizmet etmeyi ama\u00e7layan Vakf\u0131m\u0131z\u0131n Onursal Ba\u015fkanlar\u0131na sayg\u0131lar\u0131m\u0131zla&#8230; Payla\u015f Timur Erk Payla\u015f M. Kemal G\u00fc\u00e7kan ( Merhum ) Payla\u015f Mehmet P\u0131nar Aran ( Merhum ) Payla\u015f Figen \u00d6zbek<\/p>","protected":false},"author":1,"featured_media":0,"parent":5439,"menu_order":0,"comment_status":"closed","ping_status":"closed","template":"","meta":{"footnotes":""},"class_list":["post-1295","page","type-page","status-publish","hentry"],"_links":{"self":[{"href":"https:\/\/koruncuk.org\/en\/wp-json\/wp\/v2\/pages\/1295","targetHints":{"allow":["GET"]}}],"collection":[{"href":"https:\/\/koruncuk.org\/en\/wp-json\/wp\/v2\/pages"}],"about":[{"href":"https:\/\/koruncuk.org\/en\/wp-json\/wp\/v2\/types\/page"}],"author":[{"embeddable":true,"href":"https:\/\/koruncuk.org\/en\/wp-json\/wp\/v2\/users\/1"}],"replies":[{"embeddable":true,"href":"https:\/\/koruncuk.org\/en\/wp-json\/wp\/v2\/comments?post=1295"}],"version-history":[{"count":37,"href":"https:\/\/koruncuk.org\/en\/wp-json\/wp\/v2\/pages\/1295\/revisions"}],"predecessor-version":[{"id":5588,"href":"https:\/\/koruncuk.org\/en\/wp-json\/wp\/v2\/pages\/1295\/revisions\/5588"}],"up":[{"embeddable":true,"href":"https:\/\/koruncuk.org\/en\/wp-json\/wp\/v2\/pages\/5439"}],"wp:attachment":[{"href":"https:\/\/koruncuk.org\/en\/wp-json\/wp\/v2\/media?parent=1295"}],"curies":[{"name":"wp","href":"https:\/\/api.w.org\/{rel}","templated":true}]}}