{"id":1307,"date":"2025-09-10T21:30:00","date_gmt":"2025-09-10T18:30:00","guid":{"rendered":"https:\/\/webseldonusum.net\/tema\/koruncuk\/?page_id=1307"},"modified":"2026-04-29T15:33:36","modified_gmt":"2026-04-29T12:33:36","slug":"koruncuk-ekibimiz","status":"publish","type":"page","link":"https:\/\/koruncuk.org\/en\/kurumsal\/hakkimizda\/koruncuk-ekibimiz\/","title":{"rendered":"Koruncuk Ekibimiz"},"content":{"rendered":"\t\t<div data-elementor-type=\"wp-page\" data-elementor-id=\"1307\" class=\"elementor elementor-1307\">\n\t\t\t\t<div class=\"elementor-element elementor-element-9397625 e-con-full e-flex e-con e-parent\" data-id=\"9397625\" data-element_type=\"container\" data-e-type=\"container\" data-settings=\"{&quot;background_background&quot;:&quot;classic&quot;}\">\n\t\t<div class=\"elementor-element elementor-element-6f6cd8f e-con-full e-flex e-con e-child\" data-id=\"6f6cd8f\" data-element_type=\"container\" data-e-type=\"container\" data-settings=\"{&quot;background_background&quot;:&quot;slideshow&quot;,&quot;background_slideshow_gallery&quot;:[{&quot;id&quot;:2387,&quot;url&quot;:&quot;https:\\\/\\\/koruncuk.org\\\/wp-content\\\/uploads\\\/2025\\\/09\\\/koruncuk-Header_BG-3.webp&quot;},{&quot;id&quot;:2388,&quot;url&quot;:&quot;https:\\\/\\\/koruncuk.org\\\/wp-content\\\/uploads\\\/2025\\\/09\\\/koruncuk-Header_BG-4.webp&quot;}],&quot;background_slideshow_slide_duration&quot;:15000,&quot;background_slideshow_transition_duration&quot;:3000,&quot;background_slideshow_ken_burns&quot;:&quot;yes&quot;,&quot;background_slideshow_lazyload&quot;:&quot;yes&quot;,&quot;background_slideshow_loop&quot;:&quot;yes&quot;,&quot;background_slideshow_slide_transition&quot;:&quot;fade&quot;,&quot;background_slideshow_ken_burns_zoom_direction&quot;:&quot;in&quot;}\">\n\t\t<div class=\"elementor-element elementor-element-71e3f1c e-flex e-con-boxed e-con e-child\" data-id=\"71e3f1c\" data-element_type=\"container\" data-e-type=\"container\" data-settings=\"{&quot;background_background&quot;:&quot;slideshow&quot;,&quot;background_slideshow_gallery&quot;:[{&quot;id&quot;:2396,&quot;url&quot;:&quot;https:\\\/\\\/koruncuk.org\\\/wp-content\\\/uploads\\\/2025\\\/09\\\/koruncuk-Banner_Edit_Gecis_3.webp&quot;},{&quot;id&quot;:2397,&quot;url&quot;:&quot;https:\\\/\\\/koruncuk.org\\\/wp-content\\\/uploads\\\/2025\\\/09\\\/koruncuk-Banner_Edit_Gecis_4.webp&quot;},{&quot;id&quot;:2398,&quot;url&quot;:&quot;https:\\\/\\\/koruncuk.org\\\/wp-content\\\/uploads\\\/2025\\\/09\\\/koruncuk-Banner_Edit_Gecis_5.webp&quot;}],&quot;background_slideshow_slide_duration&quot;:200,&quot;background_slideshow_transition_duration&quot;:1000,&quot;background_slideshow_loop&quot;:&quot;yes&quot;,&quot;background_slideshow_slide_transition&quot;:&quot;fade&quot;}\">\n\t\t\t\t\t<div class=\"e-con-inner\">\n\t\t<div class=\"elementor-element elementor-element-6857d58 e-con-full e-flex e-con e-child\" data-id=\"6857d58\" data-element_type=\"container\" data-e-type=\"container\">\n\t\t\t\t<div class=\"elementor-element elementor-element-d821d08 elementor-widget elementor-widget-gva-heading-block\" data-id=\"d821d08\" data-element_type=\"widget\" data-e-type=\"widget\" data-widget_type=\"gva-heading-block.default\">\n\t\t\t\t<div class=\"elementor-widget-container\">\n\t\t\t\t\t<div class=\"gva-element-gva-heading-block gva-element\">\r\n\r\n   <div class=\"align-center style-1 widget gsc-heading box-align-left auto-responsive\">\r\n      \r\n      <div class=\"content-inner\">\r\n                  \r\n           \r\n         \r\n                     <h2 class=\"title\">\r\n               <span>Koruncuk Ekibimiz<\/span>\r\n            <\/h2>\r\n                  \r\n         \r\n               <\/div>\r\n\r\n   <\/div>\r\n\r\n<\/div>\t\t\t\t<\/div>\n\t\t\t\t<\/div>\n\t\t\t\t<div class=\"elementor-element elementor-element-aeca759 elementor-widget elementor-widget-gva_post_breadcrumb\" data-id=\"aeca759\" data-element_type=\"widget\" data-e-type=\"widget\" data-widget_type=\"gva_post_breadcrumb.default\">\n\t\t\t\t<div class=\"elementor-widget-container\">\n\t\t\t\t\t<div class=\"gva-element-gva_post_breadcrumb gva-element\">   \n<div class=\"post-breadcrumb\">\n   <div class=\"custom-breadcrumb \" >\n      <div class=\"breadcrumb-overlay\"><\/div>\n      <div class=\"breadcrumb-main\">\n        <div class=\"container\">\n          <div class=\"breadcrumb-container-inner\">\n            <ol class=\"breadcrumb\"><li><a href=\"https:\/\/koruncuk.org\/en\">Home<\/a> <\/li> <li class=\"active\">Page<\/li><\/ol>          <\/div>  \n        <\/div>   \n      <\/div>  \n   <\/div>\n<\/div>      \n\n<\/div>\t\t\t\t<\/div>\n\t\t\t\t<\/div>\n\t\t\t\t<\/div>\n\t\t\t\t\t<\/div>\n\t\t\t\t<\/div>\n\t\t\t\t<\/div>\n\t\t\t\t<\/div>\n\t\t<div class=\"elementor-element elementor-element-21e4cf0 e-flex e-con-boxed e-con e-parent\" data-id=\"21e4cf0\" data-element_type=\"container\" data-e-type=\"container\">\n\t\t\t\t\t<div class=\"e-con-inner\">\n\t\t<div class=\"wsdtk-sticky-enabled elementor-element elementor-element-7a0052f e-con-full e-flex e-con e-child\" data-lsc-sticky=\"yes\" data-lsc-sticky-devices=\"desktop,tablet\" data-lsc-sticky-container=\"viewport\" data-lsc-sticky-top=\"100\" data-id=\"7a0052f\" data-element_type=\"container\" data-e-type=\"container\">\n\t\t\t\t<div class=\"elementor-element elementor-element-060ebdb elementor-widget elementor-widget-shortcode\" data-id=\"060ebdb\" data-element_type=\"widget\" data-e-type=\"widget\" data-widget_type=\"shortcode.default\">\n\t\t\t\t\t\t\t<div class=\"elementor-shortcode\"><\/div>\n\t\t\t\t\t\t<\/div>\n\t\t\t\t<\/div>\n\t\t<div class=\"elementor-element elementor-element-dabf2d1 e-con-full e-flex e-con e-child\" data-id=\"dabf2d1\" data-element_type=\"container\" data-e-type=\"container\">\n\t\t\t\t<div class=\"elementor-element elementor-element-395a8c3 elementor-widget elementor-widget-text-editor\" data-id=\"395a8c3\" data-element_type=\"widget\" data-e-type=\"widget\" data-widget_type=\"text-editor.default\">\n\t\t\t\t\t\t\t\t\t<div class=\"greeting\"><h4><span style=\"color: #e5007d;\"><strong>Koruncuk Ekibimiz<\/strong><\/span><\/h4><\/div>\t\t\t\t\t\t\t\t<\/div>\n\t\t\t\t<div class=\"elementor-element elementor-element-9af81d8 elementor-widget elementor-widget-html\" data-id=\"9af81d8\" data-element_type=\"widget\" data-e-type=\"widget\" data-widget_type=\"html.default\">\n\t\t\t\t\t<style>\n  \/* Genel tipografi ve d\u00fczen *\/\n  #ekip {\n    font-family: system-ui, -apple-system, Segoe UI, Roboto, Arial, sans-serif;\n    line-height: 1.45;\n    color: #1f2a37;\n    max-width: 860px;\n  }\n  #ekip h2 {\n    margin: 0 0 12px;\n    font-size: 1.6rem;\n  }\n  #ekip ul {\n    list-style: none;\n    padding: 0;\n    margin: 0;\n    display: grid;\n    gap: 10px;\n  }\n  \/* Kart d\u00fczeni *\/\n  .member-item {\n    padding: 12px 14px;\n    border: 1px solid #e5e7eb;\n    border-radius: 10px;\n    background: #fff;\n    transition: box-shadow 0.2s ease, transform 0.08s ease;\n  }\n  .member-item:hover {\n    box-shadow: 0 6px 18px rgba(0,0,0,0.06);\n  }\n  .member-item:active {\n    transform: translateY(1px);\n  }\n  .member-block {\n    display: flex;\n    flex-direction: column;\n    gap: 4px;\n  }\n  .member-name {\n    font-weight: 700;\n    color: #111827;\n    font-size: 1rem;\n  }\n  .member-title {\n    font-weight: 500;\n    color: #475569;\n    font-size: 0.9rem;\n  }\n<\/style>\n<section id=\"ekip\">\n  <ul>\n    <li class=\"member-item\">\n      <div class=\"member-block\">\n        <span class=\"member-name\">\u00d6zge \u00d6z\u00e7i\u00e7ek Y\u0131lmaz<\/span>\n        <span class=\"member-title\">Aile Destek Birimi M\u00fcd\u00fcr\u00fc<\/span>\n      <\/div>\n    <\/li>\n    <li class=\"member-item\">\n      <div class=\"member-block\">\n        <span class=\"member-name\">H\u00fcseyin \u00c7\u0131tlak<\/span>\n        <span class=\"member-title\">\u0130dari \u0130\u015fler M\u00fcd\u00fcr\u00fc<\/span>\n      <\/div>\n    <\/li>\n    <li class=\"member-item\">\n      <div class=\"member-block\">\n        <span class=\"member-name\">Bayram Bi\u00e7er<\/span>\n        <span class=\"member-title\">\u0130dari \u0130\u015fler M\u00fcd\u00fcr Yard\u0131mc\u0131s\u0131<\/span>\n      <\/div>\n    <\/li>\n    <li class=\"member-item\">\n      <div class=\"member-block\">\n        <span class=\"member-name\">Hacer Y\u0131ld\u0131r\u0131m G\u00fcnd\u00fcz<\/span>\n        <span class=\"member-title\">Kaynak Geli\u015ftirme ve Kurumsal \u0130leti\u015fim M\u00fcd\u00fcr\u00fc<\/span>\n      <\/div>\n    <\/li>\n    <li class=\"member-item\">\n      <div class=\"member-block\">\n        <span class=\"member-name\">Ecem Ar\u0131g\u00fcm\u00fc\u015f<\/span>\n        <span class=\"member-title\">Kaynak Geli\u015ftirme ve Kurumsal \u0130leti\u015fim M\u00fcd\u00fcr Yard\u0131mc\u0131s\u0131<\/span>\n      <\/div>\n    <\/li>\n    <li class=\"member-item\">\n      <div class=\"member-block\">\n        <span class=\"member-name\">Neslihan A\u00e7\u0131kg\u00f6z<\/span>\n        <span class=\"member-title\">Mali \u0130\u015fler ve \u0130nsan Kaynaklar\u0131 M\u00fcd\u00fcr\u00fc<\/span>\n      <\/div>\n    <\/li>\n    <li class=\"member-item\">\n      <div class=\"member-block\">\n        <span class=\"member-name\">Mehtap Y\u0131ld\u0131r\u0131m<\/span>\n        <span class=\"member-title\">Mali \u0130\u015fler ve \u0130nsan Kaynaklar\u0131 M\u00fcd\u00fcr Yard\u0131mc\u0131s\u0131<\/span>\n      <\/div>\n    <\/li>\n    <li class=\"member-item\">\n      <div class=\"member-block\">\n        <span class=\"member-name\">Duygu Bulut<\/span>\n        <span class=\"member-title\">Koruncukk\u00f6y Urla Yurt M\u00fcd\u00fcr\u00fc<\/span>\n      <\/div>\n    <\/li>\n    <li class=\"member-item\">\n      <div class=\"member-block\">\n        <span class=\"member-name\">Seda Akay<\/span>\n        <span class=\"member-title\">Koruncukk\u00f6y Bolluca Yurt M\u00fcd\u00fcr\u00fc<\/span>\n      <\/div>\n    <\/li>\n    <li class=\"member-item\">\n      <div class=\"member-block\">\n        <span class=\"member-name\">Elif \u015eent\u00fcrk<\/span>\n        <span class=\"member-title\">Koruncukk\u00f6y Bolluca Yurt M\u00fcd\u00fcr Yard\u0131mc\u0131s\u0131<\/span>\n      <\/div>\n    <\/li>\n    <li class=\"member-item\">\n      <div class=\"member-block\">\n        <span class=\"member-name\">Hatice Topta\u015f<\/span>\n        <span class=\"member-title\">Koruncukk\u00f6y Bolluca Yurt M\u00fcd\u00fcr Yard\u0131mc\u0131s\u0131<\/span>\n      <\/div>\n    <\/li>\n    <li class=\"member-item\">\n      <div class=\"member-block\">\n        <span class=\"member-name\">\u0130pek Elif Yahyao\u011flu<\/span>\n        <span class=\"member-title\">Koruncukk\u00f6y Bolluca Yurt M\u00fcd\u00fcr Yard\u0131mc\u0131s\u0131<\/span>\n      <\/div>\n    <\/li>\n    <li class=\"member-item\">\n      <div class=\"member-block\">\n        <span class=\"member-name\">Bet\u00fcl Toraman<\/span>\n        <span class=\"member-title\">\u00c7ocuk Koruma Politikalar\u0131 M\u00fcd\u00fcr\u00fc<\/span>\n      <\/div>\n    <\/li>\n    <li class=\"member-item\">\n      <div class=\"member-block\">\n        <span class=\"member-name\">Gizem Orhan<\/span>\n        <span class=\"member-title\">Kurumsal E\u011fitim M\u00fcd\u00fcr\u00fc<\/span>\n      <\/div>\n    <\/li>\n    <li class=\"member-item\">\n      <div class=\"member-block\">\n        <span class=\"member-name\">Serkan \u00c7\u0131tlak<\/span>\n        <span class=\"member-title\">Y\u00f6netim Kurulu Destek, Projeler ve Resmi \u0130\u015fler M\u00fcd\u00fcr\u00fc<\/span>\n      <\/div>\n    <\/li>\n    <li class=\"member-item\">\n      <div class=\"member-block\">\n        <span class=\"member-name\">Utku Akdere<\/span>\n        <span class=\"member-title\">Proje Koordinat\u00f6r Yard\u0131mc\u0131s\u0131<\/span>\n      <\/div>\n    <\/li>\n  <\/ul>\n<\/section>\t\t\t\t<\/div>\n\t\t\t\t<\/div>\n\t\t\t\t\t<\/div>\n\t\t\t\t<\/div>\n\t\t\t\t<\/div>\n\t\t","protected":false},"excerpt":{"rendered":"<p>Koruncuk Ekibimiz Ana Sayfa Sayfa Koruncuk Ekibimiz \u00d6zge \u00d6z\u00e7i\u00e7ek Y\u0131lmaz Aile Destek Birimi M\u00fcd\u00fcr\u00fc H\u00fcseyin \u00c7\u0131tlak \u0130dari \u0130\u015fler M\u00fcd\u00fcr\u00fc Bayram Bi\u00e7er \u0130dari \u0130\u015fler M\u00fcd\u00fcr Yard\u0131mc\u0131s\u0131 Hacer Y\u0131ld\u0131r\u0131m G\u00fcnd\u00fcz Kaynak Geli\u015ftirme ve Kurumsal \u0130leti\u015fim M\u00fcd\u00fcr\u00fc Ecem Ar\u0131g\u00fcm\u00fc\u015f Kaynak Geli\u015ftirme ve Kurumsal \u0130leti\u015fim M\u00fcd\u00fcr Yard\u0131mc\u0131s\u0131 Neslihan A\u00e7\u0131kg\u00f6z Mali \u0130\u015fler ve \u0130nsan Kaynaklar\u0131 M\u00fcd\u00fcr\u00fc Mehtap Y\u0131ld\u0131r\u0131m Mali \u0130\u015fler [&hellip;]<\/p>\n","protected":false},"author":1,"featured_media":0,"parent":5439,"menu_order":0,"comment_status":"closed","ping_status":"closed","template":"","meta":{"footnotes":""},"class_list":["post-1307","page","type-page","status-publish","hentry"],"_links":{"self":[{"href":"https:\/\/koruncuk.org\/en\/wp-json\/wp\/v2\/pages\/1307","targetHints":{"allow":["GET"]}}],"collection":[{"href":"https:\/\/koruncuk.org\/en\/wp-json\/wp\/v2\/pages"}],"about":[{"href":"https:\/\/koruncuk.org\/en\/wp-json\/wp\/v2\/types\/page"}],"author":[{"embeddable":true,"href":"https:\/\/koruncuk.org\/en\/wp-json\/wp\/v2\/users\/1"}],"replies":[{"embeddable":true,"href":"https:\/\/koruncuk.org\/en\/wp-json\/wp\/v2\/comments?post=1307"}],"version-history":[{"count":52,"href":"https:\/\/koruncuk.org\/en\/wp-json\/wp\/v2\/pages\/1307\/revisions"}],"predecessor-version":[{"id":6788,"href":"https:\/\/koruncuk.org\/en\/wp-json\/wp\/v2\/pages\/1307\/revisions\/6788"}],"up":[{"embeddable":true,"href":"https:\/\/koruncuk.org\/en\/wp-json\/wp\/v2\/pages\/5439"}],"wp:attachment":[{"href":"https:\/\/koruncuk.org\/en\/wp-json\/wp\/v2\/media?parent=1307"}],"curies":[{"name":"wp","href":"https:\/\/api.w.org\/{rel}","templated":true}]}}