{"id":1368,"date":"2025-09-10T18:53:00","date_gmt":"2025-09-10T15:53:00","guid":{"rendered":"https:\/\/webseldonusum.net\/tema\/koruncuk\/?page_id=1368"},"modified":"2026-03-31T00:52:27","modified_gmt":"2026-03-30T21:52:27","slug":"is-birligi-yapilan-kurumlar","status":"publish","type":"page","link":"https:\/\/koruncuk.org\/en\/kurumsal\/hakkimizda\/is-birligi-yapilan-kurumlar\/","title":{"rendered":"\u0130\u015f Birli\u011fi Yap\u0131lan Kurumlar"},"content":{"rendered":"\t\t<div data-elementor-type=\"wp-page\" data-elementor-id=\"1368\" class=\"elementor elementor-1368\">\n\t\t\t\t<div class=\"elementor-element elementor-element-0027af2 e-con-full e-flex e-con e-parent\" data-id=\"0027af2\" data-element_type=\"container\" data-e-type=\"container\" data-settings=\"{&quot;background_background&quot;:&quot;classic&quot;}\">\n\t\t<div class=\"elementor-element elementor-element-499482a e-con-full e-flex e-con e-child\" data-id=\"499482a\" data-element_type=\"container\" data-e-type=\"container\" data-settings=\"{&quot;background_background&quot;:&quot;slideshow&quot;,&quot;background_slideshow_gallery&quot;:[{&quot;id&quot;:2410,&quot;url&quot;:&quot;https:\\\/\\\/koruncuk.org\\\/wp-content\\\/uploads\\\/2025\\\/09\\\/koruncuk-Header-BG-5.webp&quot;},{&quot;id&quot;:2411,&quot;url&quot;:&quot;https:\\\/\\\/koruncuk.org\\\/wp-content\\\/uploads\\\/2025\\\/09\\\/koruncuk-Header-BG-6.webp&quot;}],&quot;background_slideshow_slide_duration&quot;:15000,&quot;background_slideshow_transition_duration&quot;:3000,&quot;background_slideshow_ken_burns&quot;:&quot;yes&quot;,&quot;background_slideshow_loop&quot;:&quot;yes&quot;,&quot;background_slideshow_slide_transition&quot;:&quot;fade&quot;,&quot;background_slideshow_ken_burns_zoom_direction&quot;:&quot;in&quot;}\">\n\t\t<div class=\"elementor-element elementor-element-dfdcc3e e-flex e-con-boxed e-con e-child\" data-id=\"dfdcc3e\" data-element_type=\"container\" data-e-type=\"container\" data-settings=\"{&quot;background_background&quot;:&quot;classic&quot;}\">\n\t\t\t\t\t<div class=\"e-con-inner\">\n\t\t<div class=\"elementor-element elementor-element-405ff76 e-con-full e-flex e-con e-child\" data-id=\"405ff76\" data-element_type=\"container\" data-e-type=\"container\">\n\t\t\t\t<div class=\"elementor-element elementor-element-eb18911 elementor-widget elementor-widget-gva-heading-block\" data-id=\"eb18911\" data-element_type=\"widget\" data-e-type=\"widget\" data-widget_type=\"gva-heading-block.default\">\n\t\t\t\t<div class=\"elementor-widget-container\">\n\t\t\t\t\t<div class=\"gva-element-gva-heading-block gva-element\">\r\n\r\n   <div class=\"align-center style-1 widget gsc-heading box-align-left auto-responsive\">\r\n      \r\n      <div class=\"content-inner\">\r\n                  \r\n           \r\n         \r\n                     <h2 class=\"title\">\r\n               <span>\u0130\u015f Birli\u011fi Yap\u0131lan Kurumlar<\/span>\r\n            <\/h2>\r\n                  \r\n         \r\n               <\/div>\r\n\r\n   <\/div>\r\n\r\n<\/div>\t\t\t\t<\/div>\n\t\t\t\t<\/div>\n\t\t\t\t<div class=\"elementor-element elementor-element-1a3a1ca elementor-widget elementor-widget-gva_post_breadcrumb\" data-id=\"1a3a1ca\" data-element_type=\"widget\" data-e-type=\"widget\" data-widget_type=\"gva_post_breadcrumb.default\">\n\t\t\t\t<div class=\"elementor-widget-container\">\n\t\t\t\t\t<div class=\"gva-element-gva_post_breadcrumb gva-element\">   \r\n<div class=\"post-breadcrumb\">\r\n   <div class=\"custom-breadcrumb \" >\r\n      <div class=\"breadcrumb-overlay\"><\/div>\r\n      <div class=\"breadcrumb-main\">\r\n        <div class=\"container\">\r\n          <div class=\"breadcrumb-container-inner\">\r\n            <ol class=\"breadcrumb\"><li><a href=\"https:\/\/koruncuk.org\/en\">Home<\/a> <\/li> <li class=\"active\">Page<\/li><\/ol>          <\/div>  \r\n        <\/div>   \r\n      <\/div>  \r\n   <\/div>\r\n<\/div>      \r\n\r\n<\/div>\t\t\t\t<\/div>\n\t\t\t\t<\/div>\n\t\t\t\t<\/div>\n\t\t\t\t\t<\/div>\n\t\t\t\t<\/div>\n\t\t\t\t<\/div>\n\t\t\t\t<\/div>\n\t\t<div class=\"elementor-element elementor-element-21e4cf0 e-flex e-con-boxed e-con e-parent\" data-id=\"21e4cf0\" data-element_type=\"container\" data-e-type=\"container\">\n\t\t\t\t\t<div class=\"e-con-inner\">\n\t\t<div class=\"wsdtk-sticky-enabled elementor-element elementor-element-d5449b0 e-con-full e-flex e-con e-child\" data-lsc-sticky=\"yes\" data-lsc-sticky-devices=\"desktop,tablet\" data-lsc-sticky-container=\"viewport\" data-lsc-sticky-top=\"100\" data-id=\"d5449b0\" data-element_type=\"container\" data-e-type=\"container\">\n\t\t\t\t<div class=\"elementor-element elementor-element-d8378c8 elementor-widget elementor-widget-shortcode\" data-id=\"d8378c8\" data-element_type=\"widget\" data-e-type=\"widget\" data-widget_type=\"shortcode.default\">\n\t\t\t\t\t\t\t<div class=\"elementor-shortcode\"><\/div>\n\t\t\t\t\t\t<\/div>\n\t\t\t\t<\/div>\n\t\t<div class=\"elementor-element elementor-element-dabf2d1 e-con-full e-flex e-con e-child\" data-id=\"dabf2d1\" data-element_type=\"container\" data-e-type=\"container\">\n\t\t\t\t<div class=\"elementor-element elementor-element-96e01a6 elementor-widget elementor-widget-text-editor\" data-id=\"96e01a6\" data-element_type=\"widget\" data-e-type=\"widget\" data-widget_type=\"text-editor.default\">\n\t\t\t\t\t\t\t\t\t<div class=\"greeting\">\n<h4><span style=\"color: #e5007d;\"><strong>\u0130\u015fbirli\u011fi Yap\u0131lan Kurumlar<\/strong><\/span><\/h4>\n<\/div>\t\t\t\t\t\t\t\t<\/div>\n\t\t\t\t<div class=\"elementor-element elementor-element-391a9ef elementor-widget elementor-widget-html\" data-id=\"391a9ef\" data-element_type=\"widget\" data-e-type=\"widget\" data-widget_type=\"html.default\">\n\t\t\t\t\t<style>\n  #is-birligi-kurumlar {\n    font-family: system-ui, -apple-system, Segoe UI, Roboto, Arial, sans-serif;\n    line-height: 1.45;\n    color: #1f2a37;\n    max-width: 860px;\n  }\n  #is-birligi-kurumlar h2 {\n    margin: 0 0 12px;\n    font-size: 1.6rem;\n  }\n  #is-birligi-kurumlar ul {\n    list-style: none;\n    padding: 0;\n    margin: 0;\n    display: grid;\n    gap: 10px;\n  }\n\n  .org-item {\n    padding: 12px 14px;\n    border: 1px solid #e5e7eb;\n    border-radius: 10px;\n    background: #fff;\n    transition: box-shadow 0.2s ease, transform 0.08s ease;\n  }\n  .org-item:hover {\n    box-shadow: 0 6px 18px rgba(0,0,0,0.06);\n  }\n  .org-item:active {\n    transform: translateY(1px);\n  }\n\n  .org-name {\n    font-weight: 700;\n    color: #111827;\n    font-size: 1rem;\n    margin-bottom: 4px;\n  }\n\n  .org-link a {\n    font-weight: 500;\n    color: #e5007d;\n    text-decoration: none;\n    word-break: break-word;\n  }\n  .org-link a:hover {\n    text-decoration: underline;\n  }\n<\/style>\n\n<section id=\"is-birligi-kurumlar\">\n  <ul>\n    <li class=\"org-item\">\n      <div class=\"org-name\">T\u00fcrkiye Cumhuriyeti Adalet Bakanl\u0131\u011f\u0131<\/div>\n      <div class=\"org-link\"><a href=\"https:\/\/www.adalet.gov.tr\/\" target=\"_blank\" rel=\"noopener\">https:\/\/www.adalet.gov.tr\/<\/a><\/div>\n    <\/li>\n\n    <li class=\"org-item\">\n      <div class=\"org-name\">Adalet Bakanl\u0131\u011f\u0131 Ceza ve Tevkifevleri Genel M\u00fcd\u00fcrl\u00fc\u011f\u00fc<\/div>\n      <div class=\"org-link\"><a href=\"https:\/\/cte.adalet.gov.tr\/\" target=\"_blank\" rel=\"noopener\">https:\/\/cte.adalet.gov.tr\/<\/a><\/div>\n    <\/li>\n\n    <li class=\"org-item\">\n      <div class=\"org-name\">T\u00fcrkiye Cumhuriyeti Milli E\u011fitim Bakanl\u0131\u011f\u0131<\/div>\n      <div class=\"org-link\"><a href=\"https:\/\/www.meb.gov.tr\" target=\"_blank\" rel=\"noopener\">https:\/\/www.meb.gov.tr<\/a><\/div>\n    <\/li>\n\n    <li class=\"org-item\">\n      <div class=\"org-name\">T\u00fcrkiye Cumhuriyeti Aile, \u00c7al\u0131\u015fma ve Sosyal Hizmetler Bakanl\u0131\u011f\u0131<\/div>\n      <div class=\"org-link\"><a href=\"https:\/\/www.ailevecalisma.gov.tr\/\" target=\"_blank\" rel=\"noopener\">https:\/\/www.ailevecalisma.gov.tr\/<\/a><\/div>\n    <\/li>\n\n    <li class=\"org-item\">\n      <div class=\"org-name\">Vak\u0131flar Genel M\u00fcd\u00fcrl\u00fc\u011f\u00fc<\/div>\n      <div class=\"org-link\"><a href=\"https:\/\/www.vgm.gov.tr\" target=\"_blank\" rel=\"noopener\">https:\/\/www.vgm.gov.tr<\/a><\/div>\n    <\/li>\n\n    <li class=\"org-item\">\n      <div class=\"org-name\">\u00c7ocuk ve Haklar\u0131n\u0131 Koruma Platformu<\/div>\n      <div class=\"org-link\"><a href=\"https:\/\/www.cocukhaklarinikorumaplatformu.org\" target=\"_blank\" rel=\"noopener\">https:\/\/www.cocukhaklarinikorumaplatformu.org<\/a><\/div>\n    <\/li>\n\n    <li class=\"org-item\">\n      <div class=\"org-name\">\u00c7ocu\u011fa Kar\u015f\u0131 \u015eiddeti \u00d6nleme Ortakl\u0131k A\u011f\u0131<\/div>\n      <div class=\"org-link\"><a href=\"https:\/\/www.cocugasiddetionluyoruz.net\" target=\"_blank\" rel=\"noopener\">https:\/\/www.cocugasiddetionluyoruz.net<\/a><\/div>\n    <\/li>\n\n    <li class=\"org-item\">\n      <div class=\"org-name\">K\u0131z\u0131lay<\/div>\n      <div class=\"org-link\"><a href=\"https:\/\/www.kizilay.org.tr\" target=\"_blank\" rel=\"noopener\">https:\/\/www.kizilay.org.tr<\/a><\/div>\n    <\/li>\n\n    <li class=\"org-item\">\n      <div class=\"org-name\">\u0130lk F\u0131rsat<\/div>\n      <div class=\"org-link\"><a href=\"https:\/\/www.ilkfirsat.org\" target=\"_blank\" rel=\"noopener\">https:\/\/www.ilkfirsat.org<\/a><\/div>\n    <\/li>\n\n    <li class=\"org-item\">\n      <div class=\"org-name\">Turkish Philanthropy Funds<\/div>\n      <div class=\"org-link\"><a href=\"https:\/\/www.tpfund.org\" target=\"_blank\" rel=\"noopener\">https:\/\/www.tpfund.org<\/a><\/div>\n    <\/li>\n\n    <li class=\"org-item\">\n      <div class=\"org-name\">Bridge to Turkiye Fund<\/div>\n      <div class=\"org-link\"><a href=\"https:\/\/www.bridgetoturkiye.org\" target=\"_blank\" rel=\"noopener\">https:\/\/www.bridgetoturkiye.org<\/a><\/div>\n    <\/li>\n  <\/ul>\n<\/section>\t\t\t\t<\/div>\n\t\t\t\t<\/div>\n\t\t\t\t\t<\/div>\n\t\t\t\t<\/div>\n\t\t\t\t<\/div>\n\t\t","protected":false},"excerpt":{"rendered":"<p>\u0130\u015f Birli\u011fi Yap\u0131lan Kurumlar Ana Sayfa Sayfa \u0130\u015fbirli\u011fi Yap\u0131lan Kurumlar T\u00fcrkiye Cumhuriyeti Adalet Bakanl\u0131\u011f\u0131 https:\/\/www.adalet.gov.tr\/ Adalet Bakanl\u0131\u011f\u0131 Ceza ve Tevkifevleri Genel M\u00fcd\u00fcrl\u00fc\u011f\u00fc https:\/\/cte.adalet.gov.tr\/ T\u00fcrkiye Cumhuriyeti Milli E\u011fitim Bakanl\u0131\u011f\u0131 https:\/\/www.meb.gov.tr T\u00fcrkiye Cumhuriyeti Aile, \u00c7al\u0131\u015fma ve Sosyal Hizmetler Bakanl\u0131\u011f\u0131 https:\/\/www.ailevecalisma.gov.tr\/ Vak\u0131flar Genel M\u00fcd\u00fcrl\u00fc\u011f\u00fc https:\/\/www.vgm.gov.tr \u00c7ocuk ve Haklar\u0131n\u0131 Koruma Platformu https:\/\/www.cocukhaklarinikorumaplatformu.org \u00c7ocu\u011fa Kar\u015f\u0131 \u015eiddeti \u00d6nleme Ortakl\u0131k A\u011f\u0131 https:\/\/www.cocugasiddetionluyoruz.net [&hellip;]<\/p>\n","protected":false},"author":1,"featured_media":0,"parent":5439,"menu_order":0,"comment_status":"closed","ping_status":"closed","template":"","meta":{"footnotes":""},"class_list":["post-1368","page","type-page","status-publish","hentry"],"_links":{"self":[{"href":"https:\/\/koruncuk.org\/en\/wp-json\/wp\/v2\/pages\/1368","targetHints":{"allow":["GET"]}}],"collection":[{"href":"https:\/\/koruncuk.org\/en\/wp-json\/wp\/v2\/pages"}],"about":[{"href":"https:\/\/koruncuk.org\/en\/wp-json\/wp\/v2\/types\/page"}],"author":[{"embeddable":true,"href":"https:\/\/koruncuk.org\/en\/wp-json\/wp\/v2\/users\/1"}],"replies":[{"embeddable":true,"href":"https:\/\/koruncuk.org\/en\/wp-json\/wp\/v2\/comments?post=1368"}],"version-history":[{"count":34,"href":"https:\/\/koruncuk.org\/en\/wp-json\/wp\/v2\/pages\/1368\/revisions"}],"predecessor-version":[{"id":5630,"href":"https:\/\/koruncuk.org\/en\/wp-json\/wp\/v2\/pages\/1368\/revisions\/5630"}],"up":[{"embeddable":true,"href":"https:\/\/koruncuk.org\/en\/wp-json\/wp\/v2\/pages\/5439"}],"wp:attachment":[{"href":"https:\/\/koruncuk.org\/en\/wp-json\/wp\/v2\/media?parent=1368"}],"curies":[{"name":"wp","href":"https:\/\/api.w.org\/{rel}","templated":true}]}}