{"id":1717,"date":"2025-09-10T18:23:00","date_gmt":"2025-09-10T15:23:00","guid":{"rendered":"https:\/\/webseldonusum.net\/tema\/koruncuk\/?page_id=1717"},"modified":"2026-02-04T17:32:59","modified_gmt":"2026-02-04T14:32:59","slug":"odullerimiz","status":"publish","type":"page","link":"https:\/\/koruncuk.org\/en\/kurumsal\/odullerimiz\/","title":{"rendered":"\u00d6d\u00fcllerimiz"},"content":{"rendered":"\t\t<div data-elementor-type=\"wp-page\" data-elementor-id=\"1717\" class=\"elementor elementor-1717\">\n\t\t\t\t<div class=\"elementor-element elementor-element-58a89de e-con-full e-flex e-con e-parent\" data-id=\"58a89de\" data-element_type=\"container\" data-e-type=\"container\" data-settings=\"{&quot;background_background&quot;:&quot;classic&quot;}\">\n\t\t<div class=\"elementor-element elementor-element-dbfc292 e-con-full e-flex e-con e-child\" data-id=\"dbfc292\" data-element_type=\"container\" data-e-type=\"container\" data-settings=\"{&quot;background_background&quot;:&quot;slideshow&quot;,&quot;background_slideshow_gallery&quot;:[{&quot;id&quot;:2387,&quot;url&quot;:&quot;https:\\\/\\\/koruncuk.org\\\/wp-content\\\/uploads\\\/2025\\\/09\\\/koruncuk-Header_BG-3.webp&quot;},{&quot;id&quot;:2388,&quot;url&quot;:&quot;https:\\\/\\\/koruncuk.org\\\/wp-content\\\/uploads\\\/2025\\\/09\\\/koruncuk-Header_BG-4.webp&quot;}],&quot;background_slideshow_slide_duration&quot;:15000,&quot;background_slideshow_transition_duration&quot;:3000,&quot;background_slideshow_ken_burns&quot;:&quot;yes&quot;,&quot;background_slideshow_lazyload&quot;:&quot;yes&quot;,&quot;background_slideshow_loop&quot;:&quot;yes&quot;,&quot;background_slideshow_slide_transition&quot;:&quot;fade&quot;,&quot;background_slideshow_ken_burns_zoom_direction&quot;:&quot;in&quot;}\">\n\t\t<div class=\"elementor-element elementor-element-7cee316 e-flex e-con-boxed e-con e-child\" data-id=\"7cee316\" data-element_type=\"container\" data-e-type=\"container\" data-settings=\"{&quot;background_background&quot;:&quot;slideshow&quot;,&quot;background_slideshow_gallery&quot;:[{&quot;id&quot;:2396,&quot;url&quot;:&quot;https:\\\/\\\/koruncuk.org\\\/wp-content\\\/uploads\\\/2025\\\/09\\\/koruncuk-Banner_Edit_Gecis_3.webp&quot;},{&quot;id&quot;:2397,&quot;url&quot;:&quot;https:\\\/\\\/koruncuk.org\\\/wp-content\\\/uploads\\\/2025\\\/09\\\/koruncuk-Banner_Edit_Gecis_4.webp&quot;},{&quot;id&quot;:2398,&quot;url&quot;:&quot;https:\\\/\\\/koruncuk.org\\\/wp-content\\\/uploads\\\/2025\\\/09\\\/koruncuk-Banner_Edit_Gecis_5.webp&quot;}],&quot;background_slideshow_slide_duration&quot;:200,&quot;background_slideshow_transition_duration&quot;:1000,&quot;background_slideshow_loop&quot;:&quot;yes&quot;,&quot;background_slideshow_slide_transition&quot;:&quot;fade&quot;}\">\n\t\t\t\t\t<div class=\"e-con-inner\">\n\t\t<div class=\"elementor-element elementor-element-1435ef9 e-con-full e-flex e-con e-child\" data-id=\"1435ef9\" data-element_type=\"container\" data-e-type=\"container\">\n\t\t\t\t<div class=\"elementor-element elementor-element-c9ad55e elementor-widget elementor-widget-gva-heading-block\" data-id=\"c9ad55e\" data-element_type=\"widget\" data-e-type=\"widget\" data-widget_type=\"gva-heading-block.default\">\n\t\t\t\t<div class=\"elementor-widget-container\">\n\t\t\t\t\t<div class=\"gva-element-gva-heading-block gva-element\">\r\n\r\n   <div class=\"align-center style-1 widget gsc-heading box-align-left auto-responsive\">\r\n      \r\n      <div class=\"content-inner\">\r\n                  \r\n           \r\n         \r\n                     <h2 class=\"title\">\r\n               <span>\u00d6d\u00fcllerimiz<\/span>\r\n            <\/h2>\r\n                  \r\n         \r\n               <\/div>\r\n\r\n   <\/div>\r\n\r\n<\/div>\t\t\t\t<\/div>\n\t\t\t\t<\/div>\n\t\t\t\t<div class=\"elementor-element elementor-element-68a8172 elementor-widget elementor-widget-gva_post_breadcrumb\" data-id=\"68a8172\" data-element_type=\"widget\" data-e-type=\"widget\" data-widget_type=\"gva_post_breadcrumb.default\">\n\t\t\t\t<div class=\"elementor-widget-container\">\n\t\t\t\t\t<div class=\"gva-element-gva_post_breadcrumb gva-element\">   \r\n<div class=\"post-breadcrumb\">\r\n   <div class=\"custom-breadcrumb \" >\r\n      <div class=\"breadcrumb-overlay\"><\/div>\r\n      <div class=\"breadcrumb-main\">\r\n        <div class=\"container\">\r\n          <div class=\"breadcrumb-container-inner\">\r\n            <ol class=\"breadcrumb\"><li><a href=\"https:\/\/koruncuk.org\/en\">Home<\/a> <\/li> <li class=\"active\">Page<\/li><\/ol>          <\/div>  \r\n        <\/div>   \r\n      <\/div>  \r\n   <\/div>\r\n<\/div>      \r\n\r\n<\/div>\t\t\t\t<\/div>\n\t\t\t\t<\/div>\n\t\t\t\t<\/div>\n\t\t\t\t\t<\/div>\n\t\t\t\t<\/div>\n\t\t\t\t<\/div>\n\t\t\t\t<\/div>\n\t\t<div class=\"elementor-element elementor-element-21e4cf0 e-flex e-con-boxed e-con e-parent\" data-id=\"21e4cf0\" data-element_type=\"container\" data-e-type=\"container\">\n\t\t\t\t\t<div class=\"e-con-inner\">\n\t\t<div class=\"wsdtk-sticky-enabled elementor-element elementor-element-6f7015e e-con-full e-flex e-con e-child\" data-lsc-sticky=\"yes\" data-lsc-sticky-devices=\"desktop,tablet\" data-lsc-sticky-container=\"viewport\" data-lsc-sticky-top=\"100\" data-id=\"6f7015e\" data-element_type=\"container\" data-e-type=\"container\">\n\t\t\t\t<div class=\"elementor-element elementor-element-137baf0 elementor-widget elementor-widget-shortcode\" data-id=\"137baf0\" data-element_type=\"widget\" data-e-type=\"widget\" data-widget_type=\"shortcode.default\">\n\t\t\t\t\t\t\t<div class=\"elementor-shortcode\"><\/div>\n\t\t\t\t\t\t<\/div>\n\t\t\t\t<div class=\"elementor-element elementor-element-0fb3ad5 elementor-widget elementor-widget-shortcode\" data-id=\"0fb3ad5\" data-element_type=\"widget\" data-e-type=\"widget\" data-widget_type=\"shortcode.default\">\n\t\t\t\t\t\t\t<div class=\"elementor-shortcode\">\t<div class=\"wsdtk-achor-subpages-block wsdtk-achor-toc \"\n     data-classes=\"odullerimiz\"\n     data-levels=\"4,5\"\n     data-offset=\"130\"\n     data-force-ids=\"0\">\n              <p class=\"wsdtk-achor-subpages-intro\"><strong>Y\u0131llara G\u00f6re<\/strong><\/p>\n            <ul class=\"wsdtk-achor-subpages-list\" role=\"list\"><\/ul>\n    <\/div>\n    <\/div>\n\t\t\t\t\t\t<\/div>\n\t\t\t\t<\/div>\n\t\t<div class=\"elementor-element elementor-element-dabf2d1 e-con-full odullerimiz e-flex e-con e-child\" data-id=\"dabf2d1\" data-element_type=\"container\" data-e-type=\"container\">\n\t\t\t\t<div class=\"elementor-element elementor-element-ae36333 elementor-widget elementor-widget-text-editor\" data-id=\"ae36333\" data-element_type=\"widget\" data-e-type=\"widget\" data-widget_type=\"text-editor.default\">\n\t\t\t\t\t\t\t\t\t<div class=\"greeting\">\n<h3><span style=\"color: #e5007d;\"><strong>\u00d6d\u00fcllerimiz<\/strong><\/span><\/h3>\n<\/div>\t\t\t\t\t\t\t\t<\/div>\n\t\t\t\t<div class=\"elementor-element elementor-element-66bd690 elementor-widget elementor-widget-html\" data-id=\"66bd690\" data-element_type=\"widget\" data-e-type=\"widget\" data-widget_type=\"html.default\">\n\t\t\t\t\t  <style>\n\n.year-section {\n\tmargin-bottom: 40px;\n}\n\n.year-title {\n\tfont-size: 24px;\n\tfont-weight: bold;\n\tcolor: #333;\n\tmargin-bottom: 20px;\n\tpadding-bottom: 10px;\n}\n\n.awards-grid {\n\tdisplay: grid;\n\tgrid-template-columns: repeat(auto-fit, minmax(300px, 1fr));\n\tgap: 20px;\n\tmargin-bottom: 30px;\n}\n\n.award-box {\n\tbackground: #fff;\n\tborder: 1px solid #e0e0e0;\n\tborder-radius: 8px;\n\tpadding: 20px;\n\tbox-shadow: 0 2px 4px rgba(0, 0, 0, 0.1);\n\ttransition: all 0.3s ease;\n\tposition: relative;\n}\n\n.award-box:hover {\n\tbox-shadow: 0 4px 12px rgba(0, 0, 0, 0.15);\n\ttransform: translateY(-2px);\n}\n\n.award-organization {\n\tfont-size: 16px;\n\tfont-weight: bold;\n\tcolor: #2c5aa0;\n\tmargin-bottom: 8px;\n\tline-height: 1.4;\n}\n\n.project-name {\n\tfont-size: 15px;\n\tfont-weight: 600;\n\tcolor: #444;\n\tmargin-bottom: 6px;\n\tfont-style: italic;\n}\n\n.award-description {\n\tfont-size: 14px;\n\tcolor: #666;\n\tline-height: 1.5;\n\tmargin: 0;\n}\n\n.award-box.gold {\n\tborder-left: 4px solid #d4a574;\n}\n\n.award-box.silver {\n\tborder-left: 4px solid #8a9ba8;\n}\n\n.award-box.bronze {\n\tborder-left: 4px solid #b08d57;\n}\n\n.award-box.special {\n\tborder-left: 4px solid #5a7a95;\n}\n\n@media (max-width: 768px) {\n\t.awards-grid {\n\t\tgrid-template-columns: 1fr;\n\t\tgap: 15px;\n\t}\n\n\t.award-box {\n\t\tpadding: 15px;\n\t}\n\n\t.year-title {\n\t\tfont-size: 20px;\n\t}\n\n\t.award-organization {\n\t\tfont-size: 15px;\n\t}\n\n\t.project-name {\n\t\tfont-size: 14px;\n\t}\n\n\t.award-description {\n\t\tfont-size: 13px;\n\t}\n}\n\n.award-box {\n\tanimation: fadeInUp 0.6s ease-out;\n}\n\n@keyframes fadeInUp {\n\tfrom {\n\t\topacity: 0;\n\t\ttransform: translateY(20px);\n\t}\n\n\tto {\n\t\topacity: 1;\n\t\ttransform: translateY(0);\n\t}\n}\n  <\/style>\n\n<div class=\"year-section\">\n<h4 class=\"year-title\">2025<\/h4>\n<div class=\"awards-grid\">\n<div class=\"award-box special\">\n<div class=\"award-organization\">Kristal Elma &Ouml;d&uuml;l T&ouml;reni<\/div>\n<div class=\"project-name\">\"Ba\u015far\u0131 \u015eart M\u0131?\" Reklam Filmi<\/div>\n<p class=\"award-description\">\"<strong>Kristal<\/strong>\" &ouml;d&uuml;l kazand\u0131!<\/p>\n<\/div>\n<div class=\"award-box gold\">\n<div class=\"award-organization\">Effie Awards T&uuml;rkiye 2025<\/div>\n<div class=\"project-name\">\"Ba\u015far\u0131 \u015eart M\u0131?\" Reklam Filmi<\/div>\n<p class=\"award-description\">11 Ekim D&uuml;nya K\u0131z &Ccedil;ocuklar\u0131 G&uuml;n&uuml;&rsquo;ne &ouml;zel haz\u0131rlad\u0131\u011f\u0131m\u0131z &ldquo;Ba\u015far\u0131 \u015eart m\u0131?&rdquo; reklam filmimiz \"<strong>&Ouml;zel G&uuml;nlerde Ba\u015faranlar<\/strong>\" kategorisinde <strong>Alt\u0131n Effie &Ouml;d&uuml;l&uuml;<\/strong> kazand\u0131!<\/p>\n<\/div>\n<div class=\"award-box gold\">\n<div class=\"award-organization\">Effie Awards T&uuml;rkiye 2025<\/div>\n<div class=\"project-name\">\"Ba\u015far\u0131 \u015eart M\u0131?\" Reklam Filmi<\/div>\n<p class=\"award-description\">11 Ekim D&uuml;nya K\u0131z &Ccedil;ocuklar\u0131 G&uuml;n&uuml;&rsquo;ne &ouml;zel haz\u0131rlad\u0131\u011f\u0131m\u0131z &ldquo;Ba\u015far\u0131 \u015eart m\u0131?&rdquo; reklam filmimiz \"<strong>Sivil Toplum Kurulu\u015flar\u0131<\/strong>\" kategorisinde <strong>Alt\u0131n Effie &Ouml;d&uuml;l&uuml;<\/strong> kazand\u0131!<\/p>\n<\/div>\n<\/div>\n<\/div>\n<div class=\"year-section\">\n<h4 class=\"year-title\">2024<\/h4>\n<div class=\"awards-grid\">\n<div class=\"award-box gold\">\n<div class=\"award-organization\">Brandverse Awards 2024<\/div>\n<div class=\"project-name\">\"Bu \u0130\u015f &Ccedil;ok Zor Yonca\"<\/div>\n<p class=\"award-description\">\"Animasyon Tasar\u0131m\u0131\" dal\u0131nda <strong>Alt\u0131n &Ouml;d&uuml;l&nbsp;<\/strong>kazand\u0131!<\/p>\n<\/div>\n<div class=\"award-box silver\">\n<div class=\"award-organization\">Effie Awards T&uuml;rkiye 2024<\/div>\n<div class=\"project-name\">\"Bu \u0130\u015f &Ccedil;ok Zor Yonca\"<\/div>\n<p class=\"award-description\">\"Sivil Toplum Kurulu\u015flar\u0131\" kategorisinde <strong>G&uuml;m&uuml;\u015f Effie<\/strong> kazand\u0131!<\/p>\n<\/div>\n<\/div>\n<\/div>\n\t\t\t\t<\/div>\n\t\t\t\t<\/div>\n\t\t\t\t\t<\/div>\n\t\t\t\t<\/div>\n\t\t\t\t<\/div>\n\t\t","protected":false},"excerpt":{"rendered":"<p>\u00d6d\u00fcllerimiz Ana Sayfa Sayfa \u00d6d\u00fcllerimiz 2025 Kristal Elma &Ouml;d&uuml;l T&ouml;reni &#8220;Ba\u015far\u0131 \u015eart M\u0131?&#8221; Reklam Filmi &#8220;Kristal&#8221; &ouml;d&uuml;l kazand\u0131! Effie Awards T&uuml;rkiye 2025 &#8220;Ba\u015far\u0131 \u015eart M\u0131?&#8221; Reklam Filmi 11 Ekim D&uuml;nya K\u0131z &Ccedil;ocuklar\u0131 G&uuml;n&uuml;&rsquo;ne &ouml;zel haz\u0131rlad\u0131\u011f\u0131m\u0131z &ldquo;Ba\u015far\u0131 \u015eart m\u0131?&rdquo; reklam filmimiz &#8220;&Ouml;zel G&uuml;nlerde Ba\u015faranlar&#8221; kategorisinde Alt\u0131n Effie &Ouml;d&uuml;l&uuml; kazand\u0131! Effie Awards T&uuml;rkiye 2025 &#8220;Ba\u015far\u0131 \u015eart M\u0131?&#8221; [&hellip;]<\/p>\n","protected":false},"author":1,"featured_media":0,"parent":5452,"menu_order":0,"comment_status":"closed","ping_status":"closed","template":"","meta":{"footnotes":""},"class_list":["post-1717","page","type-page","status-publish","hentry"],"_links":{"self":[{"href":"https:\/\/koruncuk.org\/en\/wp-json\/wp\/v2\/pages\/1717","targetHints":{"allow":["GET"]}}],"collection":[{"href":"https:\/\/koruncuk.org\/en\/wp-json\/wp\/v2\/pages"}],"about":[{"href":"https:\/\/koruncuk.org\/en\/wp-json\/wp\/v2\/types\/page"}],"author":[{"embeddable":true,"href":"https:\/\/koruncuk.org\/en\/wp-json\/wp\/v2\/users\/1"}],"replies":[{"embeddable":true,"href":"https:\/\/koruncuk.org\/en\/wp-json\/wp\/v2\/comments?post=1717"}],"version-history":[{"count":43,"href":"https:\/\/koruncuk.org\/en\/wp-json\/wp\/v2\/pages\/1717\/revisions"}],"predecessor-version":[{"id":5636,"href":"https:\/\/koruncuk.org\/en\/wp-json\/wp\/v2\/pages\/1717\/revisions\/5636"}],"up":[{"embeddable":true,"href":"https:\/\/koruncuk.org\/en\/wp-json\/wp\/v2\/pages\/5452"}],"wp:attachment":[{"href":"https:\/\/koruncuk.org\/en\/wp-json\/wp\/v2\/media?parent=1717"}],"curies":[{"name":"wp","href":"https:\/\/api.w.org\/{rel}","templated":true}]}}