{"id":1731,"date":"2025-09-16T22:00:00","date_gmt":"2025-09-16T19:00:00","guid":{"rendered":"https:\/\/webseldonusum.net\/tema\/koruncuk\/?page_id=1731"},"modified":"2026-03-31T01:22:36","modified_gmt":"2026-03-30T22:22:36","slug":"medya-politikamiz","status":"publish","type":"page","link":"https:\/\/koruncuk.org\/en\/kurumsal\/kurumsal-belgeler\/medya-politikamiz\/","title":{"rendered":"Medya Politikam\u0131z"},"content":{"rendered":"\t\t<div data-elementor-type=\"wp-page\" data-elementor-id=\"1731\" class=\"elementor elementor-1731\">\n\t\t\t\t<div class=\"elementor-element elementor-element-36290cd e-con-full e-flex e-con e-parent\" data-id=\"36290cd\" data-element_type=\"container\" data-e-type=\"container\" data-settings=\"{&quot;background_background&quot;:&quot;classic&quot;}\">\n\t\t<div class=\"elementor-element elementor-element-97c23d3 e-con-full e-flex e-con e-child\" data-id=\"97c23d3\" data-element_type=\"container\" data-e-type=\"container\" data-settings=\"{&quot;background_background&quot;:&quot;slideshow&quot;,&quot;background_slideshow_gallery&quot;:[{&quot;id&quot;:2410,&quot;url&quot;:&quot;https:\\\/\\\/koruncuk.org\\\/wp-content\\\/uploads\\\/2025\\\/09\\\/koruncuk-Header-BG-5.webp&quot;},{&quot;id&quot;:2411,&quot;url&quot;:&quot;https:\\\/\\\/koruncuk.org\\\/wp-content\\\/uploads\\\/2025\\\/09\\\/koruncuk-Header-BG-6.webp&quot;}],&quot;background_slideshow_slide_duration&quot;:15000,&quot;background_slideshow_transition_duration&quot;:3000,&quot;background_slideshow_ken_burns&quot;:&quot;yes&quot;,&quot;background_slideshow_loop&quot;:&quot;yes&quot;,&quot;background_slideshow_slide_transition&quot;:&quot;fade&quot;,&quot;background_slideshow_ken_burns_zoom_direction&quot;:&quot;in&quot;}\">\n\t\t<div class=\"elementor-element elementor-element-caa446f e-flex e-con-boxed e-con e-child\" data-id=\"caa446f\" data-element_type=\"container\" data-e-type=\"container\" data-settings=\"{&quot;background_background&quot;:&quot;classic&quot;}\">\n\t\t\t\t\t<div class=\"e-con-inner\">\n\t\t<div class=\"elementor-element elementor-element-941811a e-con-full e-flex e-con e-child\" data-id=\"941811a\" data-element_type=\"container\" data-e-type=\"container\">\n\t\t\t\t<div class=\"elementor-element elementor-element-5115ff4 elementor-widget elementor-widget-gva-heading-block\" data-id=\"5115ff4\" data-element_type=\"widget\" data-e-type=\"widget\" data-widget_type=\"gva-heading-block.default\">\n\t\t\t\t<div class=\"elementor-widget-container\">\n\t\t\t\t\t<div class=\"gva-element-gva-heading-block gva-element\">\r\n\r\n   <div class=\"align-center style-1 widget gsc-heading box-align-left auto-responsive\">\r\n      \r\n      <div class=\"content-inner\">\r\n                  \r\n           \r\n         \r\n                     <h2 class=\"title\">\r\n               <span>Medya Politikas\u0131<\/span>\r\n            <\/h2>\r\n                  \r\n         \r\n               <\/div>\r\n\r\n   <\/div>\r\n\r\n<\/div>\t\t\t\t<\/div>\n\t\t\t\t<\/div>\n\t\t\t\t<div class=\"elementor-element elementor-element-93438be elementor-widget elementor-widget-gva_post_breadcrumb\" data-id=\"93438be\" data-element_type=\"widget\" data-e-type=\"widget\" data-widget_type=\"gva_post_breadcrumb.default\">\n\t\t\t\t<div class=\"elementor-widget-container\">\n\t\t\t\t\t<div class=\"gva-element-gva_post_breadcrumb gva-element\">   \r\n<div class=\"post-breadcrumb\">\r\n   <div class=\"custom-breadcrumb \" >\r\n      <div class=\"breadcrumb-overlay\"><\/div>\r\n      <div class=\"breadcrumb-main\">\r\n        <div class=\"container\">\r\n          <div class=\"breadcrumb-container-inner\">\r\n            <ol class=\"breadcrumb\"><li><a href=\"https:\/\/koruncuk.org\/en\">Home<\/a> <\/li> <li class=\"active\">Page<\/li><\/ol>          <\/div>  \r\n        <\/div>   \r\n      <\/div>  \r\n   <\/div>\r\n<\/div>      \r\n\r\n<\/div>\t\t\t\t<\/div>\n\t\t\t\t<\/div>\n\t\t\t\t<\/div>\n\t\t\t\t\t<\/div>\n\t\t\t\t<\/div>\n\t\t\t\t<\/div>\n\t\t\t\t<\/div>\n\t\t<div class=\"elementor-element elementor-element-21e4cf0 e-flex e-con-boxed e-con e-parent\" data-id=\"21e4cf0\" data-element_type=\"container\" data-e-type=\"container\">\n\t\t\t\t\t<div class=\"e-con-inner\">\n\t\t<div class=\"wsdtk-sticky-enabled elementor-element elementor-element-e904a1d e-con-full e-flex e-con e-child\" data-lsc-sticky=\"yes\" data-lsc-sticky-devices=\"desktop,tablet\" data-lsc-sticky-container=\"viewport\" data-lsc-sticky-top=\"100\" data-id=\"e904a1d\" data-element_type=\"container\" data-e-type=\"container\">\n\t\t\t\t<div class=\"elementor-element elementor-element-24ad5d5 elementor-widget elementor-widget-shortcode\" data-id=\"24ad5d5\" data-element_type=\"widget\" data-e-type=\"widget\" data-widget_type=\"shortcode.default\">\n\t\t\t\t\t\t\t<div class=\"elementor-shortcode\"><\/div>\n\t\t\t\t\t\t<\/div>\n\t\t\t\t<\/div>\n\t\t<div class=\"elementor-element elementor-element-dabf2d1 e-con-full e-flex e-con e-child\" data-id=\"dabf2d1\" data-element_type=\"container\" data-e-type=\"container\">\n\t\t\t\t<div class=\"elementor-element elementor-element-4f43450 elementor-widget elementor-widget-text-editor\" data-id=\"4f43450\" data-element_type=\"widget\" data-e-type=\"widget\" data-widget_type=\"text-editor.default\">\n\t\t\t\t\t\t\t\t\t<div class=\"greeting\"><h4><span style=\"color: #e5007d;\"><strong>Medya Politikas\u0131<\/strong><\/span><\/h4><\/div><p class=\"message-text\">Koruncuk Vakf\u0131 \u00e7al\u0131\u015fmalar\u0131nda ulus \u00fcst\u00fc insan haklar\u0131 hukukuna ili\u015fkin s\u00f6zle\u015fmeler ve Birle\u015fmi\u015f Milletler \u00c7ocuk Haklar\u0131 S\u00f6zle\u015fmesi ile tan\u0131mlanan haklar\u0131n \u00e7ocuklara uygulan\u0131r olmas\u0131n\u0131 sa\u011flamay\u0131 ve bu uygulaman\u0131n Anayasam\u0131z, T\u00fcrk Medeni Kanunu ve \u00c7ocuk Koruma kanunu do\u011frultusunda yap\u0131lmas\u0131n\u0131 t\u00fcm m\u00fctevellileri ve profesyonel kadrosu ile ama\u00e7 edinmi\u015ftir. Bu hedef ve sorumlulukla, <strong>Koruncuk Vakf\u0131 medya politikalar\u0131n\u0131<\/strong> t\u00fcm bu s\u00f6zle\u015fmeler ve kanunlara uyumlu olacak \u015fekilde, vakf\u0131n \u00e7ocuk koruma politikas\u0131na ba\u011fl\u0131 kalarak belirler. Belirlenen t\u00fcm <strong>medya politikalar\u0131; Koruncuk Vakf\u0131 \u00e7al\u0131\u015fanlar\u0131, g\u00f6n\u00fcll\u00fcleri, payda\u015flar\u0131, ba\u011f\u0131\u015f\u00e7\u0131lar\u0131 ve ortak proje y\u00fcr\u00fct\u00fclen t\u00fcm ki\u015fi ve kurumlar i\u00e7in ge\u00e7erlidir.<br \/><br \/>\u00c7ocuk Koruma Politikas\u0131;<\/strong><\/p><ul><li>Koruncuk\u2019un sadece \u00e7ocuklarla \u00e7al\u0131\u015fmaya uygun ve \u00e7ocuk g\u00fcvenli\u011fi iyile\u015ftirme pratiklerini s\u0131k\u0131 \u015fekilde uygulayan ki\u015filerle \u00e7al\u0131\u015fmas\u0131n\u0131,<\/li><li>Vak\u0131fla ili\u015fkili olan herkesin y\u00fck\u00fcml\u00fcl\u00fcklerini fark\u0131nda olmas\u0131n\u0131 ve \u00e7ocuk istismar\u0131 konular\u0131na hukuksal ve etik bir \u015fekilde yakla\u015fmas\u0131n\u0131,<\/li><li>Vakf\u0131m\u0131z\u0131 temsil eden herkesin \u00e7ocuklara uygun \u015fekilde davranmas\u0131n\u0131 ve bu Vakf\u0131n bir \u00fcyesi olmalar\u0131ndan do\u011fan g\u00fcveni k\u00f6t\u00fcye kullanmamalar\u0131n\u0131,<\/li><li>Vakf\u0131m\u0131z\u0131 temsil eden herkesin, Vak\u0131fla temasa ge\u00e7en her \u00e7ocuk i\u00e7in g\u00fcvenli bir ortam yaratmas\u0131n\u0131,<\/li><li>Yap\u0131lan t\u00fcm aktivite ve programlar\u0131n \u00e7ocuklar i\u00e7in ta\u015f\u0131d\u0131\u011f\u0131 riskler a\u00e7\u0131s\u0131ndan \u00f6l\u00e7\u00fclmesini ve kontrol\u00fcm\u00fcz dahilinde olanlar\u0131n kesinlikle azalt\u0131lmas\u0131n\u0131 veya ortadan kald\u0131r\u0131lmas\u0131n\u0131 \u015fart ko\u015far.<\/li><\/ul><p class=\"message-text\">\u00c7ocuk koruma politikas\u0131 \u0131\u015f\u0131\u011f\u0131nda belirlenen medya politikalar\u0131; medyada yer alan her t\u00fcrl\u00fc s\u00f6ylem, temsil, ileti\u015fim stratejisi, g\u00f6rsel malzeme kullan\u0131m\u0131, sosyal medya payla\u015f\u0131m i\u00e7erikleri ve kurum i\u00e7i ileti\u015fimi kapsamaktad\u0131r.<\/p>\t\t\t\t\t\t\t\t<\/div>\n\t\t\t\t<div class=\"elementor-element elementor-element-17d1205 elementor-widget elementor-widget-text-editor\" data-id=\"17d1205\" data-element_type=\"widget\" data-e-type=\"widget\" data-widget_type=\"text-editor.default\">\n\t\t\t\t\t\t\t\t\t<div class=\"greeting\"><h4><span style=\"color: #e5007d;\"><strong>Logo ve \u0130sim Kullan\u0131m\u0131<\/strong><\/span><\/h4><\/div><ul><li>Koruncuk Vakf\u0131 logosu Vakf\u0131n yaz\u0131l\u0131 izni olmadan kullan\u0131lamaz.<\/li><li>Koruncuk Vakf\u0131 ad\u0131n\u0131 veya logosunu i\u00e7eren her t\u00fcrl\u00fc malzemenin nihai tasar\u0131mlar\u0131n\u0131n \u00e7evrimi\u00e7i veya \u00e7evrimd\u0131\u015f\u0131 \u00fcretimi veya yay\u0131nlamas\u0131 konusundaki son onay hakk\u0131 Koruncuk Vakf\u0131\u2019na aittir.<\/li><li>Koruncuk Vakf\u0131, gerekti\u011fi durumlarda ad\u0131n\u0131n \u00fc\u00e7\u00fcnc\u00fc partiler taraf\u0131ndan kullan\u0131m\u0131na yasal k\u0131s\u0131tlama getirebilir.<\/li><li>Kurum ve kurulu\u015flarla i\u015f birli\u011fi kapsam\u0131nda, taraflar\u0131n geleneksel veya sosyal medya \u00fczerinden s\u00f6zl\u00fc ve yaz\u0131l\u0131 yapaca\u011f\u0131 tan\u0131t\u0131mlar\u0131n kapsam\u0131 ve detaylar\u0131 yaz\u0131l\u0131 olarak kar\u015f\u0131l\u0131kl\u0131 anla\u015fmaya tabidir.<\/li><\/ul><p>\u00a0<\/p>\t\t\t\t\t\t\t\t<\/div>\n\t\t\t\t<\/div>\n\t\t\t\t\t<\/div>\n\t\t\t\t<\/div>\n\t\t\t\t<\/div>\n\t\t","protected":false},"excerpt":{"rendered":"<p>Medya Politikas\u0131 Ana Sayfa Sayfa Medya Politikas\u0131 Koruncuk Vakf\u0131 \u00e7al\u0131\u015fmalar\u0131nda ulus \u00fcst\u00fc insan haklar\u0131 hukukuna ili\u015fkin s\u00f6zle\u015fmeler ve Birle\u015fmi\u015f Milletler \u00c7ocuk Haklar\u0131 S\u00f6zle\u015fmesi ile tan\u0131mlanan haklar\u0131n \u00e7ocuklara uygulan\u0131r olmas\u0131n\u0131 sa\u011flamay\u0131 ve bu uygulaman\u0131n Anayasam\u0131z, T\u00fcrk Medeni Kanunu ve \u00c7ocuk Koruma kanunu do\u011frultusunda yap\u0131lmas\u0131n\u0131 t\u00fcm m\u00fctevellileri ve profesyonel kadrosu ile ama\u00e7 edinmi\u015ftir. Bu hedef ve sorumlulukla, [&hellip;]<\/p>\n","protected":false},"author":1,"featured_media":0,"parent":3185,"menu_order":0,"comment_status":"closed","ping_status":"closed","template":"","meta":{"footnotes":""},"class_list":["post-1731","page","type-page","status-publish","hentry"],"_links":{"self":[{"href":"https:\/\/koruncuk.org\/en\/wp-json\/wp\/v2\/pages\/1731","targetHints":{"allow":["GET"]}}],"collection":[{"href":"https:\/\/koruncuk.org\/en\/wp-json\/wp\/v2\/pages"}],"about":[{"href":"https:\/\/koruncuk.org\/en\/wp-json\/wp\/v2\/types\/page"}],"author":[{"embeddable":true,"href":"https:\/\/koruncuk.org\/en\/wp-json\/wp\/v2\/users\/1"}],"replies":[{"embeddable":true,"href":"https:\/\/koruncuk.org\/en\/wp-json\/wp\/v2\/comments?post=1731"}],"version-history":[{"count":25,"href":"https:\/\/koruncuk.org\/en\/wp-json\/wp\/v2\/pages\/1731\/revisions"}],"predecessor-version":[{"id":5615,"href":"https:\/\/koruncuk.org\/en\/wp-json\/wp\/v2\/pages\/1731\/revisions\/5615"}],"up":[{"embeddable":true,"href":"https:\/\/koruncuk.org\/en\/wp-json\/wp\/v2\/pages\/3185"}],"wp:attachment":[{"href":"https:\/\/koruncuk.org\/en\/wp-json\/wp\/v2\/media?parent=1731"}],"curies":[{"name":"wp","href":"https:\/\/api.w.org\/{rel}","templated":true}]}}