{"id":1736,"date":"2025-09-16T21:00:00","date_gmt":"2025-09-16T18:00:00","guid":{"rendered":"https:\/\/webseldonusum.net\/tema\/koruncuk\/?page_id=1736"},"modified":"2026-03-31T01:54:46","modified_gmt":"2026-03-30T22:54:46","slug":"savunuculuk","status":"publish","type":"page","link":"https:\/\/koruncuk.org\/en\/kurumsal\/kurumsal-belgeler\/savunuculuk\/","title":{"rendered":"Savunuculuk"},"content":{"rendered":"\t\t<div data-elementor-type=\"wp-page\" data-elementor-id=\"1736\" class=\"elementor elementor-1736\">\n\t\t\t\t<div class=\"elementor-element elementor-element-00aa197 e-con-full e-flex e-con e-parent\" data-id=\"00aa197\" data-element_type=\"container\" data-e-type=\"container\" data-settings=\"{&quot;background_background&quot;:&quot;classic&quot;}\">\n\t\t<div class=\"elementor-element elementor-element-b93335b e-con-full e-flex e-con e-child\" data-id=\"b93335b\" data-element_type=\"container\" data-e-type=\"container\" data-settings=\"{&quot;background_background&quot;:&quot;slideshow&quot;,&quot;background_slideshow_gallery&quot;:[{&quot;id&quot;:2410,&quot;url&quot;:&quot;https:\\\/\\\/koruncuk.org\\\/wp-content\\\/uploads\\\/2025\\\/09\\\/koruncuk-Header-BG-5.webp&quot;},{&quot;id&quot;:2411,&quot;url&quot;:&quot;https:\\\/\\\/koruncuk.org\\\/wp-content\\\/uploads\\\/2025\\\/09\\\/koruncuk-Header-BG-6.webp&quot;}],&quot;background_slideshow_slide_duration&quot;:15000,&quot;background_slideshow_transition_duration&quot;:3000,&quot;background_slideshow_ken_burns&quot;:&quot;yes&quot;,&quot;background_slideshow_loop&quot;:&quot;yes&quot;,&quot;background_slideshow_slide_transition&quot;:&quot;fade&quot;,&quot;background_slideshow_ken_burns_zoom_direction&quot;:&quot;in&quot;}\">\n\t\t<div class=\"elementor-element elementor-element-11bda6c e-flex e-con-boxed e-con e-child\" data-id=\"11bda6c\" data-element_type=\"container\" data-e-type=\"container\" data-settings=\"{&quot;background_background&quot;:&quot;classic&quot;}\">\n\t\t\t\t\t<div class=\"e-con-inner\">\n\t\t<div class=\"elementor-element elementor-element-1ce13be e-con-full e-flex e-con e-child\" data-id=\"1ce13be\" data-element_type=\"container\" data-e-type=\"container\">\n\t\t\t\t<div class=\"elementor-element elementor-element-63a8c07 elementor-widget elementor-widget-gva-heading-block\" data-id=\"63a8c07\" data-element_type=\"widget\" data-e-type=\"widget\" data-widget_type=\"gva-heading-block.default\">\n\t\t\t\t<div class=\"elementor-widget-container\">\n\t\t\t\t\t<div class=\"gva-element-gva-heading-block gva-element\">\r\n\r\n   <div class=\"align-center style-1 widget gsc-heading box-align-left auto-responsive\">\r\n      \r\n      <div class=\"content-inner\">\r\n                  \r\n           \r\n         \r\n                     <h2 class=\"title\">\r\n               <span>Savunuculuk<\/span>\r\n            <\/h2>\r\n                  \r\n         \r\n               <\/div>\r\n\r\n   <\/div>\r\n\r\n<\/div>\t\t\t\t<\/div>\n\t\t\t\t<\/div>\n\t\t\t\t<div class=\"elementor-element elementor-element-3e0563e elementor-widget elementor-widget-gva_post_breadcrumb\" data-id=\"3e0563e\" data-element_type=\"widget\" data-e-type=\"widget\" data-widget_type=\"gva_post_breadcrumb.default\">\n\t\t\t\t<div class=\"elementor-widget-container\">\n\t\t\t\t\t<div class=\"gva-element-gva_post_breadcrumb gva-element\">   \r\n<div class=\"post-breadcrumb\">\r\n   <div class=\"custom-breadcrumb \" >\r\n      <div class=\"breadcrumb-overlay\"><\/div>\r\n      <div class=\"breadcrumb-main\">\r\n        <div class=\"container\">\r\n          <div class=\"breadcrumb-container-inner\">\r\n            <ol class=\"breadcrumb\"><li><a href=\"https:\/\/koruncuk.org\/en\">Home<\/a> <\/li> <li class=\"active\">Page<\/li><\/ol>          <\/div>  \r\n        <\/div>   \r\n      <\/div>  \r\n   <\/div>\r\n<\/div>      \r\n\r\n<\/div>\t\t\t\t<\/div>\n\t\t\t\t<\/div>\n\t\t\t\t<\/div>\n\t\t\t\t\t<\/div>\n\t\t\t\t<\/div>\n\t\t\t\t<\/div>\n\t\t\t\t<\/div>\n\t\t<div class=\"elementor-element elementor-element-748514b e-flex e-con-boxed e-con e-parent\" data-id=\"748514b\" data-element_type=\"container\" data-e-type=\"container\">\n\t\t\t\t\t<div class=\"e-con-inner\">\n\t\t<div class=\"wsdtk-sticky-enabled elementor-element elementor-element-ca26e89 e-con-full e-flex e-con e-child\" data-lsc-sticky=\"yes\" data-lsc-sticky-devices=\"desktop,tablet\" data-lsc-sticky-container=\"viewport\" data-lsc-sticky-top=\"100\" data-id=\"ca26e89\" data-element_type=\"container\" data-e-type=\"container\">\n\t\t\t\t<div class=\"elementor-element elementor-element-b39e50e elementor-widget elementor-widget-shortcode\" data-id=\"b39e50e\" data-element_type=\"widget\" data-e-type=\"widget\" data-widget_type=\"shortcode.default\">\n\t\t\t\t\t\t\t<div class=\"elementor-shortcode\"><\/div>\n\t\t\t\t\t\t<\/div>\n\t\t\t\t<\/div>\n\t\t<div class=\"elementor-element elementor-element-7a7e783 e-con-full e-flex e-con e-child\" data-id=\"7a7e783\" data-element_type=\"container\" data-e-type=\"container\">\n\t\t\t\t<div class=\"elementor-element elementor-element-a203ea3 elementor-widget elementor-widget-text-editor\" data-id=\"a203ea3\" data-element_type=\"widget\" data-e-type=\"widget\" data-widget_type=\"text-editor.default\">\n\t\t\t\t\t\t\t\t\t<div class=\"greeting\"><h4><span style=\"color: #e5007d;\"><strong>Savunuculuk Faaliyetleri<\/strong><\/span><\/h4><\/div>\t\t\t\t\t\t\t\t<\/div>\n\t\t\t\t<div class=\"elementor-element elementor-element-c41313e elementor-widget elementor-widget-image\" data-id=\"c41313e\" data-element_type=\"widget\" data-e-type=\"widget\" data-widget_type=\"image.default\">\n\t\t\t\t\t\t\t\t\t\t\t\t\t\t\t<img fetchpriority=\"high\" decoding=\"async\" width=\"900\" height=\"514\" src=\"https:\/\/koruncuk.org\/wp-content\/uploads\/2025\/09\/savunuculuk-1024x585.webp\" class=\"attachment-large size-large wp-image-3511\" alt=\"\" srcset=\"https:\/\/koruncuk.org\/wp-content\/uploads\/2025\/09\/savunuculuk-1024x585.webp 1024w, https:\/\/koruncuk.org\/wp-content\/uploads\/2025\/09\/savunuculuk-768x439.webp 768w, https:\/\/koruncuk.org\/wp-content\/uploads\/2025\/09\/savunuculuk-600x343.webp 600w, https:\/\/koruncuk.org\/wp-content\/uploads\/2025\/09\/savunuculuk.webp 1344w\" sizes=\"(max-width: 900px) 100vw, 900px\" \/>\t\t\t\t\t\t\t\t\t\t\t\t\t\t\t<\/div>\n\t\t\t\t<div class=\"elementor-element elementor-element-f2deb3e elementor-widget elementor-widget-text-editor\" data-id=\"f2deb3e\" data-element_type=\"widget\" data-e-type=\"widget\" data-widget_type=\"text-editor.default\">\n\t\t\t\t\t\t\t\t\t<p>Koruncuk Vakf\u0131, kuruldu\u011fu y\u0131l olan 1979\u2019dan beri haklar\u0131 risk alt\u0131nda olan \u00e7ocuklar\u0131n kendilerine g\u00fcvenli bireyler olarak toplumda yer almalar\u0131 i\u00e7in \u00f6nleyici ve iyile\u015ftirici \u00e7al\u0131\u015fmalar y\u00fcr\u00fct\u00fcyor. Koruncuk Vakf\u0131, \u00fclkemizde \u00e7ocuklar\u0131n haklar\u0131na ula\u015fmadaki engelleri kald\u0131rmak, toplumda fark\u0131ndal\u0131k yaratmak ve kal\u0131c\u0131 \u00e7\u00f6z\u00fcmler \u00fcretmek i\u00e7in sivil toplum kurulu\u015flar\u0131 ve \u00fcniversiteler ile birlikte \u00e7al\u0131\u015f\u0131yor.<\/p><p>\u00a0<strong>\u00c7ocuk ve Haklar\u0131n\u0131 Koruma Platformu<\/strong><strong>:<\/strong><\/p><p>Koruncuk Vakf\u0131, Birle\u015fmi\u015f Milletlerin \u00c7ocuk Haklar\u0131 S\u00f6zle\u015fmesi\u2019nde belirtilen \u201c\u00e7ocu\u011fun \u00fcst\u00fcn yarar\u0131\u201d esas\u0131n\u0131 g\u00f6zeten Koruncuk Vakf\u0131, \u00e7ocuklar\u0131n haklar\u0131n\u0131n korunmas\u0131 ve bu haklara eri\u015fimlerindeki riskleri azaltmak konusunda \u00e7al\u0131\u015fan 20\u2019den fazla STK\u2019y\u0131 bir araya getirerek \u00c7ocuk ve Haklar\u0131n\u0131 Koruma Platformu\u2019nu kurmu\u015ftur. Platform, yapt\u0131\u011f\u0131 ara\u015ft\u0131rmalar\u0131n sonu\u00e7lar\u0131n\u0131 kamuoyuyla payla\u015farak, toplumda \u00e7ocuk haklar\u0131 konusunda fark\u0131ndal\u0131k yaratmay\u0131 ve kapasite geli\u015ftirmeyi ama\u00e7l\u0131yor. \u00a0<\/p><p><a href=\"http:\/\/cocukhaklarinikorumaplatformu.org\/\" target=\"_blank\" rel=\"noopener\">http:\/\/cocukhaklarinikorumaplatformu.org\/<\/a><\/p><p><strong>\u00c7ocu\u011fa Kar\u015f\u0131 \u015eiddeti \u00d6nleme Ortakl\u0131k A\u011f\u0131<\/strong>: \u00a0\u00a0<\/p><p>Koruncuk Vakf\u0131, sivil toplumun \u00e7ocu\u011fa kar\u015f\u0131 \u015fiddeti \u00f6nlemeye y\u00f6nelik izleme rol\u00fcn\u00fc g\u00fc\u00e7lendirmek amac\u0131yla kurulan Ortakl\u0131k A\u011f\u0131\u2019n\u0131n \u00fcyesidir. T\u00fcrkiye\u2019de \u00e7ocuklar\u0131n yarar\u0131na faaliyet g\u00f6steren ulusal veya yerel sivil toplum \u00f6rg\u00fctleri, \u00fcniversitelerin \u00e7ocuklarla ilgili \u00e7al\u0131\u015fan birimleri, meslek \u00f6rg\u00fctleri, barolar ve a\u011flardan olu\u015fan Ortakl\u0131k A\u011f\u0131, STK\u2019lara y\u00f6nelik e\u011fitim, bilgilendirme toplant\u0131lar\u0131, konferans ve sempozyum d\u00fczenliyor.<\/p><p><a href=\"http:\/\/www.cocugasiddetionluyoruz.net\/2020\" target=\"_blank\" rel=\"noopener\">http:\/\/www.cocugasiddetionluyoruz.net\/2020<\/a><\/p>\t\t\t\t\t\t\t\t<\/div>\n\t\t\t\t<\/div>\n\t\t\t\t\t<\/div>\n\t\t\t\t<\/div>\n\t\t\t\t<\/div>\n\t\t","protected":false},"excerpt":{"rendered":"<p>Savunuculuk Ana Sayfa Sayfa Savunuculuk Faaliyetleri Koruncuk Vakf\u0131, kuruldu\u011fu y\u0131l olan 1979\u2019dan beri haklar\u0131 risk alt\u0131nda olan \u00e7ocuklar\u0131n kendilerine g\u00fcvenli bireyler olarak toplumda yer almalar\u0131 i\u00e7in \u00f6nleyici ve iyile\u015ftirici \u00e7al\u0131\u015fmalar y\u00fcr\u00fct\u00fcyor. Koruncuk Vakf\u0131, \u00fclkemizde \u00e7ocuklar\u0131n haklar\u0131na ula\u015fmadaki engelleri kald\u0131rmak, toplumda fark\u0131ndal\u0131k yaratmak ve kal\u0131c\u0131 \u00e7\u00f6z\u00fcmler \u00fcretmek i\u00e7in sivil toplum kurulu\u015flar\u0131 ve \u00fcniversiteler ile birlikte \u00e7al\u0131\u015f\u0131yor. [&hellip;]<\/p>\n","protected":false},"author":1,"featured_media":0,"parent":3185,"menu_order":0,"comment_status":"closed","ping_status":"closed","template":"","meta":{"footnotes":""},"class_list":["post-1736","page","type-page","status-publish","hentry"],"_links":{"self":[{"href":"https:\/\/koruncuk.org\/en\/wp-json\/wp\/v2\/pages\/1736","targetHints":{"allow":["GET"]}}],"collection":[{"href":"https:\/\/koruncuk.org\/en\/wp-json\/wp\/v2\/pages"}],"about":[{"href":"https:\/\/koruncuk.org\/en\/wp-json\/wp\/v2\/types\/page"}],"author":[{"embeddable":true,"href":"https:\/\/koruncuk.org\/en\/wp-json\/wp\/v2\/users\/1"}],"replies":[{"embeddable":true,"href":"https:\/\/koruncuk.org\/en\/wp-json\/wp\/v2\/comments?post=1736"}],"version-history":[{"count":43,"href":"https:\/\/koruncuk.org\/en\/wp-json\/wp\/v2\/pages\/1736\/revisions"}],"predecessor-version":[{"id":5857,"href":"https:\/\/koruncuk.org\/en\/wp-json\/wp\/v2\/pages\/1736\/revisions\/5857"}],"up":[{"embeddable":true,"href":"https:\/\/koruncuk.org\/en\/wp-json\/wp\/v2\/pages\/3185"}],"wp:attachment":[{"href":"https:\/\/koruncuk.org\/en\/wp-json\/wp\/v2\/media?parent=1736"}],"curies":[{"name":"wp","href":"https:\/\/api.w.org\/{rel}","templated":true}]}}