{"id":1769,"date":"2025-09-09T19:57:58","date_gmt":"2025-09-09T16:57:58","guid":{"rendered":"https:\/\/webseldonusum.net\/tema\/koruncuk\/?page_id=1769"},"modified":"2026-03-31T02:03:28","modified_gmt":"2026-03-30T23:03:28","slug":"bagisci-ve-gonullu-kisisel-verilerinin-korunmasi-hakkinda-aydinlatma-metni","status":"publish","type":"page","link":"https:\/\/koruncuk.org\/en\/kurumsal\/kurumsal-belgeler\/bagisci-ve-gonullu-kisisel-verilerinin-korunmasi-hakkinda-aydinlatma-metni\/","title":{"rendered":"Ki\u015fisel Verilerin Korunmas\u0131"},"content":{"rendered":"\t\t<div data-elementor-type=\"wp-page\" data-elementor-id=\"1769\" class=\"elementor elementor-1769\">\n\t\t\t\t<div class=\"elementor-element elementor-element-1bff5a8 e-con-full e-flex e-con e-parent\" data-id=\"1bff5a8\" data-element_type=\"container\" data-e-type=\"container\" data-settings=\"{&quot;background_background&quot;:&quot;classic&quot;}\">\n\t\t<div class=\"elementor-element elementor-element-484f38d e-con-full e-flex e-con e-child\" data-id=\"484f38d\" data-element_type=\"container\" data-e-type=\"container\" data-settings=\"{&quot;background_background&quot;:&quot;slideshow&quot;,&quot;background_slideshow_gallery&quot;:[{&quot;id&quot;:2410,&quot;url&quot;:&quot;https:\\\/\\\/koruncuk.org\\\/wp-content\\\/uploads\\\/2025\\\/09\\\/koruncuk-Header-BG-5.webp&quot;},{&quot;id&quot;:2411,&quot;url&quot;:&quot;https:\\\/\\\/koruncuk.org\\\/wp-content\\\/uploads\\\/2025\\\/09\\\/koruncuk-Header-BG-6.webp&quot;}],&quot;background_slideshow_slide_duration&quot;:15000,&quot;background_slideshow_transition_duration&quot;:3000,&quot;background_slideshow_ken_burns&quot;:&quot;yes&quot;,&quot;background_slideshow_loop&quot;:&quot;yes&quot;,&quot;background_slideshow_slide_transition&quot;:&quot;fade&quot;,&quot;background_slideshow_ken_burns_zoom_direction&quot;:&quot;in&quot;}\">\n\t\t<div class=\"elementor-element elementor-element-76159ac e-flex e-con-boxed e-con e-child\" data-id=\"76159ac\" data-element_type=\"container\" data-e-type=\"container\" data-settings=\"{&quot;background_background&quot;:&quot;classic&quot;}\">\n\t\t\t\t\t<div class=\"e-con-inner\">\n\t\t<div class=\"elementor-element elementor-element-baeb894 e-con-full e-flex e-con e-child\" data-id=\"baeb894\" data-element_type=\"container\" data-e-type=\"container\">\n\t\t\t\t<div class=\"elementor-element elementor-element-e1ac78d elementor-widget elementor-widget-gva-heading-block\" data-id=\"e1ac78d\" data-element_type=\"widget\" data-e-type=\"widget\" data-widget_type=\"gva-heading-block.default\">\n\t\t\t\t<div class=\"elementor-widget-container\">\n\t\t\t\t\t<div class=\"gva-element-gva-heading-block gva-element\">\r\n\r\n   <div class=\"align-center style-1 widget gsc-heading box-align-left auto-responsive\">\r\n      \r\n      <div class=\"content-inner\">\r\n                  \r\n           \r\n         \r\n                     <h2 class=\"title\">\r\n               <span>Ayd\u0131nlatma Metni<\/span>\r\n            <\/h2>\r\n                  \r\n         \r\n               <\/div>\r\n\r\n   <\/div>\r\n\r\n<\/div>\t\t\t\t<\/div>\n\t\t\t\t<\/div>\n\t\t\t\t<div class=\"elementor-element elementor-element-c3be1de elementor-widget elementor-widget-gva_post_breadcrumb\" data-id=\"c3be1de\" data-element_type=\"widget\" data-e-type=\"widget\" data-widget_type=\"gva_post_breadcrumb.default\">\n\t\t\t\t<div class=\"elementor-widget-container\">\n\t\t\t\t\t<div class=\"gva-element-gva_post_breadcrumb gva-element\">   \r\n<div class=\"post-breadcrumb\">\r\n   <div class=\"custom-breadcrumb \" >\r\n      <div class=\"breadcrumb-overlay\"><\/div>\r\n      <div class=\"breadcrumb-main\">\r\n        <div class=\"container\">\r\n          <div class=\"breadcrumb-container-inner\">\r\n            <ol class=\"breadcrumb\"><li><a href=\"https:\/\/koruncuk.org\/en\">Home<\/a> <\/li> <li class=\"active\">Page<\/li><\/ol>          <\/div>  \r\n        <\/div>   \r\n      <\/div>  \r\n   <\/div>\r\n<\/div>      \r\n\r\n<\/div>\t\t\t\t<\/div>\n\t\t\t\t<\/div>\n\t\t\t\t<\/div>\n\t\t\t\t\t<\/div>\n\t\t\t\t<\/div>\n\t\t\t\t<\/div>\n\t\t\t\t<\/div>\n\t\t<div class=\"elementor-element elementor-element-21e4cf0 e-flex e-con-boxed e-con e-parent\" data-id=\"21e4cf0\" data-element_type=\"container\" data-e-type=\"container\">\n\t\t\t\t\t<div class=\"e-con-inner\">\n\t\t<div class=\"elementor-element elementor-element-dabf2d1 e-con-full e-flex e-con e-child\" data-id=\"dabf2d1\" data-element_type=\"container\" data-e-type=\"container\">\n\t\t\t\t<div class=\"elementor-element elementor-element-f1157c8 elementor-widget elementor-widget-text-editor\" data-id=\"f1157c8\" data-element_type=\"widget\" data-e-type=\"widget\" data-widget_type=\"text-editor.default\">\n\t\t\t\t\t\t\t\t\t<div class=\"greeting\">\n<h3><span style=\"color: #e5007d;\"><strong>T\u00dcRK\u0130YE KORUNMAYA MUHTA\u00c7 \u00c7OCUKLAR (KORUNCUK) VAKFI<\/strong><\/span><\/h3>\n<h4><strong>BA\u011eI\u015e\u00c7I VE G\u00d6N\u00dcLL\u00dc K\u0130\u015e\u0130SEL VER\u0130LER\u0130N\u0130N KORUNMASI HAKKINDA<\/strong><\/h4>\n<\/div>\t\t\t\t\t\t\t\t<\/div>\n\t\t\t\t<div class=\"elementor-element elementor-element-4f43450 elementor-widget elementor-widget-text-editor\" data-id=\"4f43450\" data-element_type=\"widget\" data-e-type=\"widget\" data-widget_type=\"text-editor.default\">\n\t\t\t\t\t\t\t\t\t<p><strong>Son g\u00fcncelleme tarihi : 29.06.2021<\/strong><\/p>\t\t\t\t\t\t\t\t<\/div>\n\t\t\t\t<div class=\"elementor-element elementor-element-3163327 elementor-widget elementor-widget-text-editor\" data-id=\"3163327\" data-element_type=\"widget\" data-e-type=\"widget\" data-widget_type=\"text-editor.default\">\n\t\t\t\t\t\t\t\t\t<p><strong>AYDINLATMA METN\u0130<\/strong><\/p><p>Biz, \u201cKoca Yusuf Cad. No: 100 Bolluca, Arnavutk\u00f6y &#8211; \u0130stanbul\u201d adresinde yer alan T\u00fcrkiye Korunmaya Muhta\u00e7 \u00c7ocuklar (Koruncuk) Vakf\u0131 olarak, Vakf\u0131m\u0131z ve iktisadi i\u015fletmemiz (T\u00fcrkiye Korunmaya Muhta\u00e7 \u00c7ocuklar (Koruncuk) Vakf\u0131 \u0130ktisadi \u0130\u015fletmesi) b\u00fcnyesinde ki\u015fisel verilerinizi ne ama\u00e7larla i\u015fleyece\u011fimizi size anlatmak i\u00e7in bu Ayd\u0131nlatma Metni\u2019ni haz\u0131rlad\u0131k. Veri sorumlusu s\u0131fat\u0131yla ki\u015fisel verilerinizi bu metinde belirtildi\u011fi \u015fekilde, temel hak ve \u00f6zg\u00fcrl\u00fcklerinize halel gelmeden, hukuka uygun \u015fekilde toplad\u0131\u011f\u0131m\u0131z\u0131 ve i\u015fledi\u011fimizi bildiririz.<\/p><p><strong>HANG\u0130 K\u0130\u015e\u0130SEL VER\u0130LER\u0130N\u0130Z\u0130 \u0130\u015eL\u0130YORUZ?<\/strong><\/p><p>T\u00fcrkiye Korunmaya Muhta\u00e7 \u00c7ocuklar (Koruncuk) Vakf\u0131; Koruncukk\u00f6y ile \u00e7ocuklara ve gen\u00e7lere bar\u0131nma, e\u011fitim ve sa\u011fl\u0131k deste\u011fi sunman\u0131n yan\u0131 s\u0131ra k\u00fclt\u00fcrel ve sanatsal aktivitelerle ki\u015fisel geli\u015fimlerini destekleyen ancak bununla s\u0131n\u0131rl\u0131 kalmadan haklar\u0131 risk alt\u0131nda olan \u00e7ocuklar\u0131n kar\u015f\u0131la\u015fabilece\u011fi olumsuz sosyal etkileri en aza indirmek i\u00e7in vak\u0131f ve iktisadi i\u015fletmesi olarak faaliyette bulunan, bu ama\u00e7la \u00f6nleyici, koruyucu ve iyile\u015ftirici \u00e7al\u0131\u015fmalar y\u00fcr\u00fcten kamu yarar\u0131na \u00e7al\u0131\u015fan bir vak\u0131ft\u0131r.<\/p><p>Vakf\u0131n amac\u0131 do\u011frultusunda Vak\u0131f t\u00fcz\u00fc\u011f\u00fcm\u00fcz gere\u011fi faaliyetlerimizi y\u00fcr\u00fctmek, projelerimize kaynak sa\u011flamak, yard\u0131mseverlik faaliyetlerini geli\u015ftirmek, desteklemek ve s\u00fcrd\u00fcr\u00fclebilirli\u011fini temin etmek, g\u00f6n\u00fcll\u00fc faaliyetlerini y\u00fcr\u00fctmek, bu faaliyetler i\u00e7in uygun ki\u015fileri belirlemek ve ba\u011f\u0131\u015f toplamak i\u00e7in, sizlerin ve duruma g\u00f6re ad\u0131n\u0131za ba\u011f\u0131\u015f yapanlar\u0131n ad\u0131, soyad\u0131, ya\u015f\u0131, TC kimlik numaras\u0131, imza, e\u011fitim, meslek, tecr\u00fcbe, sair g\u00f6n\u00fcll\u00fck faaliyetleri dair gibi kimlik verisi ve ki\u015fiyi tan\u0131mlayan ki\u015fisel verilerinizi, sizinle ileti\u015fim kurabilmek amac\u0131yla adres, telefon numaras\u0131, e-posta adresinizi gibi ileti\u015fim bilgilerinizi, ba\u011f\u0131\u015f \u00f6demesi i\u00e7in mali bilgilerinizi, bize yapm\u0131\u015f oldu\u011funuz nakti ve\/veya ayni ba\u011f\u0131\u015flara dair sair mali bilgilerinizi, etkinliklere kat\u0131lman\u0131z ya da bizi ziyaret etmeniz nedeniyle g\u00f6rsel verilerinizi, verilerinizi toplamakta ve i\u015flemekteyiz.<\/p><p><strong>K\u0130\u015e\u0130SEL VER\u0130LER\u0130N\u0130Z\u0130 HANG\u0130 AMA\u00c7LARLA \u0130\u015eL\u0130YORUZ?<\/strong><\/p><p>Vak\u0131f taraf\u0131ndan ki\u015fisel verileriniz a\u015fa\u011f\u0131da belirtilen ama\u00e7larla i\u015flenmektedir.<\/p><ul><li>Vakf\u0131n ama\u00e7lar\u0131 ve t\u00fcz\u00fc\u011f\u00fc \u00e7er\u00e7evesinde kamu yarar\u0131na faaliyetlerinin y\u00fcr\u00fct\u00fclmesi, denetlenmesi, organizasyonu, devaml\u0131l\u0131\u011f\u0131n\u0131n temini, Vak\u0131f senedi \u00e7er\u00e7evesinde y\u00fck\u00fcml\u00fcl\u00fcklerin yerine getirilmesi, Vak\u0131f hizmetlerinden yararlananlar\u0131n haklar\u0131n\u0131n korunmas\u0131<\/li><li>Ba\u011f\u0131\u015flar\u0131n toplanmas\u0131, kontrol\u00fc, d\u00fczenlenmesi, etkinliklerin ve kampanyalar\u0131n organize edilmesi, y\u00fcr\u00fct\u00fclmesi<\/li><li>Yard\u0131mseverlik faaliyetlerinin geli\u015ftirilmesi, desteklenmesi ve s\u00fcrd\u00fcr\u00fclebilirli\u011finin sa\u011flanmas\u0131<\/li><li>Ba\u011f\u0131\u015flar\u0131n kay\u0131t alt\u0131na al\u0131nmas\u0131, bunlara dair mali ve sair y\u00fck\u00fcml\u00fcl\u00fcklerin yerine getirilmesi<\/li><li>\u0130lgili mevzuat uyar\u0131nca kanuni, hukuki, mali ve sair y\u00fck\u00fcml\u00fcklerimizin yerine getirilmesi<\/li><li>Ba\u011f\u0131\u015f s\u00f6zle\u015fmelerinin kurulmas\u0131 ve ifas\u0131, ba\u011f\u0131\u015f\u00e7\u0131lar\u0131n vasiyetlerinin yerine getirilmesi<\/li><li>Vak\u0131f yard\u0131mlar\u0131n\u0131n s\u00fcreklili\u011finin sa\u011flanmas\u0131<\/li><li>G\u00f6n\u00fcll\u00fcl\u00fck faaliyetlerinin y\u00fcr\u00fct\u00fclmesi, g\u00f6n\u00fcll\u00fc \u00e7al\u0131\u015fmalar\u0131 i\u00e7in yeterli ve uygun altyap\u0131ya sahip ki\u015filerin tespiti ve g\u00f6n\u00fcll\u00fc faaliyetlerin organizasyonu ile s\u00fcrd\u00fcr\u00fclebilirli\u011finin sa\u011flanmas\u0131<\/li><li>Ba\u011f\u0131\u015f\u00e7\u0131 ve g\u00f6n\u00fcll\u00fclere ba\u011f\u0131\u015flar\u0131 ve yard\u0131m \u00e7al\u0131\u015fmalar\u0131 hakk\u0131nda bilgi verilmesi ve ba\u011f\u0131\u015f\u00e7\u0131 \/ g\u00f6n\u00fcll\u00fc memnuniyetinin sa\u011flanmas\u0131, ba\u011f\u0131\u015f\u00e7\u0131 ve g\u00f6n\u00fcll\u00fclerle ileti\u015fiminin s\u00fcrd\u00fcr\u00fclmesi, sorular\u0131na ve taleplerine cevap verilmesi<\/li><li>Maddi\/ayni yard\u0131mlar\u0131n kabul edilmesi, ba\u011f\u0131\u015flar\u0131n al\u0131nmas\u0131 i\u00e7in gerekli hukuki ve sair i\u015flemlerin y\u00fcr\u00fct\u00fclmesi<\/li><li>Makbuzun ve te\u015fekk\u00fcr mektubunun g\u00f6nderilmesi, makbuz ve fatura kesilmesi, sertifika haz\u0131rlanmas\u0131 ve hediye g\u00f6nderimi<\/li><li>Etkinlik ve organizasyonlar\u0131n d\u00fczenlenmesi, etkinlikler ile ilgili ba\u011f\u0131\u015f\u00e7\u0131lar\u0131m\u0131za (kat\u0131l\u0131mc\u0131lar, g\u00f6n\u00fcll\u00fcler, nakti ve sair ba\u011f\u0131\u015fta bulunanlar) bilgi verilmesi ve bu s\u00fcre\u00e7lerin y\u00fcr\u00fct\u00fclmesi ve ileti\u015fiminin yap\u0131lmas\u0131<\/li><li>Vakf\u0131m\u0131z \u00e7al\u0131\u015fmalar\u0131na kat\u0131lmak ve g\u00f6n\u00fcll\u00fc olmak istemeniz halinde g\u00f6n\u00fcll\u00fc bilginizin al\u0131nmas\u0131, de\u011ferlendirilmesi, uygunlu\u011fun tespiti, kabul\u00fc, g\u00f6n\u00fcll\u00fc listesine eklenilmesi<\/li><li>Ba\u011f\u0131\u015f i\u015flemleri tamamland\u0131ktan sonra Vak\u0131f duyurular\u0131ndan haberdar olmak istemeniz halinde, vermi\u015f oldu\u011funuz ileti\u015fim verinizin kullan\u0131lmas\u0131<\/li><li>Ba\u011f\u0131\u015f, vasiyet i\u015flemleri ve\/veya Vakf\u0131m\u0131z\u0131n \u00e7al\u0131\u015fmalar\u0131 ile ilgili bilgi almak ve sorular\u0131n\u0131z i\u00e7in Vakf\u0131m\u0131za posta, eposta g\u00f6ndererek ve\/veya telefonla ileti\u015fime ge\u00e7ti\u011finizde, talebinizin sonu\u00e7land\u0131r\u0131lmas\u0131<\/li><li>Vakf\u0131n, tesislerinin, altyap\u0131s\u0131n\u0131n, etkinliklerinin, ba\u011f\u0131\u015f\u00e7\u0131lar\u0131n\u0131n, g\u00f6n\u00fcll\u00fclerinin ve \u00e7ocuklar\u0131n her t\u00fcrl\u00fc g\u00fcvenli\u011finin sa\u011flanmas\u0131, haklar\u0131n\u0131n korunmas\u0131<\/li><li>Vakf\u0131m\u0131z\u0131n i\u00e7 ve d\u0131\u015f denetiminin yap\u0131lmas\u0131<\/li><li>Katk\u0131 duyurular\u0131nda bulunma<\/li><\/ul><p>ama\u00e7lar\u0131yla verilerinizi i\u015fliyoruz.<\/p><p><a name=\"_Hlk11839461\"><\/a><strong>K\u0130\u015e\u0130SEL VER\u0130LER\u0130N\u0130Z\u0130N \u00dc\u00c7\u00dcNC\u00dc K\u0130\u015e\u0130LERLE PAYLA\u015eILMASI <\/strong><\/p><ul><li>Hukuka ve usule uygun talep gelmesi durumunda verileriniz hukuki y\u00fck\u00fcml\u00fcl\u00fcklerimiz kapsam\u0131nda mahkemelere ve hukuka uygun talep ve kararlar \u00e7er\u00e7evesinde istenirse kamu kurum ve kurulu\u015flar\u0131na aktar\u0131labilmektedir.<\/li><li>Haklar\u0131n tesisi, hukuki y\u00fck\u00fcml\u00fcl\u00fcklerimizin yerine getirilebilmesi ve duruma g\u00f6re bir ihtilaf olmas\u0131 halinde ki\u015fisel verileriniz savunma hakk\u0131m\u0131z\u0131n kullan\u0131labilmesi i\u00e7in avukatlar\u0131m\u0131zla payla\u015f\u0131labilmektedir.<\/li><li>Kaynak yaratma faaliyetleri kapsam\u0131nda sanal \u00f6deme se\u00e7ene\u011fiyle tek seferlik veya d\u00fczenli ba\u011f\u0131\u015f yapman\u0131z halinde, altyap\u0131s\u0131n\u0131 kulland\u0131\u011f\u0131m\u0131z hizmet sa\u011flay\u0131c\u0131lar\u0131n ald\u0131\u011f\u0131 ba\u011f\u0131\u015f\u00e7\u0131 bilgileriniz Vakf\u0131m\u0131zla payla\u015f\u0131lmaktad\u0131r.<\/li><li>Sanal ba\u011f\u0131\u015f se\u00e7ene\u011fini kullanman\u0131z halinde Vakf\u0131m\u0131z\u0131n anla\u015fmal\u0131 oldu\u011fu lisansl\u0131 \u00f6deme hizmeti altyap\u0131s\u0131na y\u00f6nlendirilirsiniz. S\u00f6z konusu hizmet sa\u011flay\u0131c\u0131lar\u0131 kendi politikalar\u0131 ve faaliyetleri kapsam\u0131nda ki\u015fisel verilerinizi i\u015flemektedir. Mevcut \u00f6deme sa\u011flay\u0131c\u0131 ile ilgili bilgilere \u00f6deme yapt\u0131\u011f\u0131n\u0131z ekrandan ula\u015fabilirsiniz.<\/li><li>Ba\u011f\u0131\u015f toplama amac\u0131yla d\u00fczenlenen gezilerde organizasyonun yap\u0131lmas\u0131 amac\u0131yla organizat\u00f6r ve tur \u015firketleri ile payla\u015f\u0131lmaktad\u0131r.<\/li><li>Ba\u011f\u0131\u015fa dair evrak\u0131n g\u00f6nderimi i\u00e7in ileti\u015fim bilgileriniz posta\/kargo hizmeti veren \u015firketlerle; ba\u011f\u0131\u015f\u00e7\u0131 ileti\u015fimi i\u00e7in e-duyuru \/ SMS g\u00f6nderimi hizmeti veren hizmet sa\u011flay\u0131c\u0131lara aktar\u0131lmaktad\u0131r.<\/li><li>Etkinlik ve duyurular i\u00e7in ba\u011f\u0131\u015f\u00e7\u0131 kat\u0131l\u0131m\u0131n\u0131n sa\u011flanmas\u0131 ve\/veya ileti\u015fimin planlanmas\u0131 amac\u0131yla organizasyonu y\u00fcr\u00fcten \u00fc\u00e7\u00fcnc\u00fc \u015fah\u0131slara ve ili\u015fki y\u00f6netimi s\u00fcre\u00e7lerinin y\u00fcr\u00fct\u00fclmesini sa\u011flayan hizmet ve altyap\u0131 sa\u011flay\u0131c\u0131lara aktar\u0131m yap\u0131lmaktad\u0131r.<\/li><\/ul><p><strong>\u00a0<\/strong><\/p><p><strong>K\u0130\u015e\u0130SEL VER\u0130LER\u0130N\u0130Z\u0130 NE \u015eEK\u0130LDE VE HANG\u0130 SEBEPLERLE TOPLUYORUZ? <\/strong><\/p><ul><li>Vakf\u0131m\u0131za destek vermek i\u00e7in internet sitemizde yer alan formlar ve\/veya fiziki formlar\u0131 doldurman\u0131z, s\u00f6zl\u00fc ya da yaz\u0131l\u0131 sair yollarla bizimle ileti\u015fime ge\u00e7meniz ya da farkl\u0131 ba\u011f\u0131\u015f platformlar\u0131 veya ba\u011f\u0131\u015f kampanyalar\u0131 \u00fczerinden bize bilgilerinizi ula\u015ft\u0131rman\u0131z, ad\u0131n\u0131za ba\u011f\u0131\u015f yapan ki\u015filer taraf\u0131ndan bizimle payla\u015f\u0131lmas\u0131 ve iletilmesi yoluyla ki\u015fisel verilerinizi topluyoruz.<\/li><\/ul><ul><li>Ba\u011f\u0131\u015flar\u0131n\u0131z ile ilgili olarak, <a name=\"_Hlk41994338\"><\/a>ilgili mevzuat ve Vak\u0131f senedimiz \u00e7er\u00e7evesinde y\u00fck\u00fcml\u00fcl\u00fcklerimizi yerine getirmek, Vakf\u0131m\u0131z hizmetlerinden yararlananlar\u0131n haklar\u0131n\u0131 korumak ve ba\u011f\u0131\u015f\u00e7\u0131 \/ g\u00f6n\u00fcll\u00fc ili\u015fkisinin kurulmas\u0131 ve ifas\u0131 i\u00e7in gerekli olmas\u0131 sebebiyle ki\u015fisel verilerinizi i\u015fliyoruz.<\/li><\/ul><ul><li>\u00c7ocuklar\u0131n korunmas\u0131na ve \u00e7al\u0131\u015fanlar\u0131n i\u015f sa\u011fl\u0131\u011f\u0131 ve g\u00fcvenli\u011fine y\u00f6nelik hukuki y\u00fck\u00fcml\u00fcl\u00fcklerimiz ile vakf\u0131n, tesislerinin, altyap\u0131s\u0131n\u0131n, etkinliklerinin, ba\u011f\u0131\u015f\u00e7\u0131lar\u0131n\u0131n, her t\u00fcrl\u00fc g\u00fcvenli\u011finin sa\u011flanmas\u0131na y\u00f6nelik Vak\u0131f senedimiz \u00e7er\u00e7evesinde y\u00fck\u00fcml\u00fcl\u00fcklerimizi yerine getirmek ve Vakf\u0131m\u0131z hizmetlerinden yararlananlar\u0131n haklar\u0131n\u0131 korumak i\u00e7in zorunlu olmas\u0131 ve me\u015fru menfaatimiz sebebiyle al\u0131yoruz.<\/li><\/ul><ul><li>Ba\u011f\u0131\u015f yapma s\u00fcre\u00e7lerinde ba\u011f\u0131\u015f makbuzu kesmek gibi hukuki y\u00fck\u00fcml\u00fcl\u00fcklerimizi yerine getirmek i\u00e7in zorunlu olmas\u0131 sebebiyle ba\u011f\u0131\u015f yapan kurumunuzdan, ba\u011f\u0131\u015f altyap\u0131s\u0131 sa\u011flayan ya da \u00f6demenizin ger\u00e7ekle\u015fmesine arac\u0131l\u0131k eden \u00f6deme sistemi sa\u011flay\u0131c\u0131s\u0131 gibi \u00fc\u00e7\u00fcnc\u00fc ki\u015filerden topluyoruz.<\/li><\/ul><ul><li>Vakf\u0131m\u0131za sa\u011flam\u0131\u015f oldu\u011funuz ba\u011f\u0131\u015flar\u0131n\u0131z\u0131n, g\u00f6n\u00fcll\u00fcl\u00fck faaliyeti ve desteklerinizin yerine ula\u015ft\u0131\u011f\u0131na dair bilgilendirilmeniz ve Vakf\u0131n kaynaklar\u0131n\u0131n s\u00fcrd\u00fcr\u00fclebilirli\u011fini ve y\u00f6netimini sa\u011flamak, buna y\u00f6nelik vak\u0131flar mevzuat\u0131 ile vak\u0131f senedimizde d\u00fczenlenen s\u00fcre\u00e7lerin yerine getirilmesi i\u00e7in zorunlu olmas\u0131 hukuki sebebine istinaden i\u015fliyoruz.<\/li><\/ul><ul><li>Vakf\u0131m\u0131z \u00e7al\u0131\u015fmalar\u0131na kat\u0131lmak, destek vermek, ba\u011f\u0131\u015f yapmak ve g\u00f6n\u00fcll\u00fc olmak iste\u011finizi bildirmeniz halinde, sizleri bilgilendirmek, te\u015fekk\u00fcr etmek ve genel olarak yard\u0131mseverlik faaliyetlerinin s\u00fcrd\u00fcr\u00fclmesini temin etmek i\u00e7in talebinize istinaden i\u015fliyoruz.<\/li><\/ul><p><strong>HAKLARINIZ<\/strong><\/p><p>Ki\u015fisel Verileri Koruma Kanunu\u2019nun \u201cilgili ki\u015filerin haklar\u0131n\u0131 d\u00fczenleyen\u201d 11. Maddesi kapsam\u0131ndaki taleplerinizi \u201cVeri Sorumlusuna Ba\u015fvuru Usul ve Esaslar\u0131 Hakk\u0131nda Tebli\u011f\u2019e g\u00f6re Vakf\u0131m\u0131za iletebilirsiniz.<\/p><p>Vakf\u0131m\u0131z taraf\u0131ndan talebinizin niteli\u011fine ve ba\u015fvuru y\u00f6nteminize g\u00f6re ba\u015fvurunun size ait olup olmad\u0131\u011f\u0131n\u0131n belirlenmesi ve b\u00f6ylece haklar\u0131n\u0131z\u0131 koruyabilmek amac\u0131yla ek do\u011frulamalar (kay\u0131tl\u0131 telefonunuza mesaj g\u00f6nderilmesi, arama yap\u0131lmas\u0131 gibi) isteyebiliriz.<\/p><p><strong>\u00a0<\/strong><\/p><p><strong>\u0130LET\u0130\u015e\u0130M B\u0130LG\u0130LER\u0130<\/strong><\/p><p>T\u00dcRK\u0130YE KORUNMAYA MUHTA\u00c7 \u00c7OCUKLAR (KORUNCUK) VAKFI<br \/>Koca Yusuf Cad. No: 100 Bolluca , Arnavutk\u00f6y \u2013 \u0130stanbul<\/p><p><a href=\"mailto:info@koruncuk.org\">info@koruncuk.org<\/a><br \/>Telefon: +90 212 685 03 83<br \/>GSM: +90 532 300 29 95<br \/>Faks: +90 212 685 03 84<\/p>\t\t\t\t\t\t\t\t<\/div>\n\t\t\t\t<\/div>\n\t\t\t\t\t<\/div>\n\t\t\t\t<\/div>\n\t\t\t\t<\/div>\n\t\t","protected":false},"excerpt":{"rendered":"<p>Ayd\u0131nlatma Metni Ana Sayfa Sayfa T\u00dcRK\u0130YE KORUNMAYA MUHTA\u00c7 \u00c7OCUKLAR (KORUNCUK) VAKFI BA\u011eI\u015e\u00c7I VE G\u00d6N\u00dcLL\u00dc K\u0130\u015e\u0130SEL VER\u0130LER\u0130N\u0130N KORUNMASI HAKKINDA Son g\u00fcncelleme tarihi : 29.06.2021 AYDINLATMA METN\u0130 Biz, \u201cKoca Yusuf Cad. No: 100 Bolluca, Arnavutk\u00f6y &#8211; \u0130stanbul\u201d adresinde yer alan T\u00fcrkiye Korunmaya Muhta\u00e7 \u00c7ocuklar (Koruncuk) Vakf\u0131 olarak, Vakf\u0131m\u0131z ve iktisadi i\u015fletmemiz (T\u00fcrkiye Korunmaya Muhta\u00e7 \u00c7ocuklar (Koruncuk) Vakf\u0131 [&hellip;]<\/p>\n","protected":false},"author":1,"featured_media":0,"parent":3185,"menu_order":0,"comment_status":"closed","ping_status":"closed","template":"","meta":{"footnotes":""},"class_list":["post-1769","page","type-page","status-publish","hentry"],"_links":{"self":[{"href":"https:\/\/koruncuk.org\/en\/wp-json\/wp\/v2\/pages\/1769","targetHints":{"allow":["GET"]}}],"collection":[{"href":"https:\/\/koruncuk.org\/en\/wp-json\/wp\/v2\/pages"}],"about":[{"href":"https:\/\/koruncuk.org\/en\/wp-json\/wp\/v2\/types\/page"}],"author":[{"embeddable":true,"href":"https:\/\/koruncuk.org\/en\/wp-json\/wp\/v2\/users\/1"}],"replies":[{"embeddable":true,"href":"https:\/\/koruncuk.org\/en\/wp-json\/wp\/v2\/comments?post=1769"}],"version-history":[{"count":13,"href":"https:\/\/koruncuk.org\/en\/wp-json\/wp\/v2\/pages\/1769\/revisions"}],"predecessor-version":[{"id":5606,"href":"https:\/\/koruncuk.org\/en\/wp-json\/wp\/v2\/pages\/1769\/revisions\/5606"}],"up":[{"embeddable":true,"href":"https:\/\/koruncuk.org\/en\/wp-json\/wp\/v2\/pages\/3185"}],"wp:attachment":[{"href":"https:\/\/koruncuk.org\/en\/wp-json\/wp\/v2\/media?parent=1769"}],"curies":[{"name":"wp","href":"https:\/\/api.w.org\/{rel}","templated":true}]}}