{"id":1824,"date":"2025-09-10T14:30:59","date_gmt":"2025-09-10T11:30:59","guid":{"rendered":"https:\/\/webseldonusum.net\/tema\/koruncuk\/?page_id=1824"},"modified":"2026-03-31T01:24:47","modified_gmt":"2026-03-30T22:24:47","slug":"denetim-raporlari","status":"publish","type":"page","link":"https:\/\/koruncuk.org\/en\/kurumsal\/kurumsal-belgeler\/denetim-raporlari\/","title":{"rendered":"Denetim Raporlar\u0131"},"content":{"rendered":"\t\t<div data-elementor-type=\"wp-page\" data-elementor-id=\"1824\" class=\"elementor elementor-1824\">\n\t\t\t\t<div class=\"elementor-element elementor-element-d915511 e-con-full e-flex e-con e-parent\" data-id=\"d915511\" data-element_type=\"container\" data-e-type=\"container\" data-settings=\"{&quot;background_background&quot;:&quot;classic&quot;}\">\n\t\t<div class=\"elementor-element elementor-element-0215a98 e-con-full e-flex e-con e-child\" data-id=\"0215a98\" data-element_type=\"container\" data-e-type=\"container\" data-settings=\"{&quot;background_background&quot;:&quot;classic&quot;}\">\n\t\t<div class=\"elementor-element elementor-element-dc02bd6 e-con-full e-flex e-con e-child\" data-id=\"dc02bd6\" data-element_type=\"container\" data-e-type=\"container\" data-settings=\"{&quot;background_background&quot;:&quot;slideshow&quot;,&quot;background_slideshow_gallery&quot;:[{&quot;id&quot;:2410,&quot;url&quot;:&quot;https:\\\/\\\/koruncuk.org\\\/wp-content\\\/uploads\\\/2025\\\/09\\\/koruncuk-Header-BG-5.webp&quot;},{&quot;id&quot;:2411,&quot;url&quot;:&quot;https:\\\/\\\/koruncuk.org\\\/wp-content\\\/uploads\\\/2025\\\/09\\\/koruncuk-Header-BG-6.webp&quot;}],&quot;background_slideshow_slide_duration&quot;:15000,&quot;background_slideshow_transition_duration&quot;:3000,&quot;background_slideshow_ken_burns&quot;:&quot;yes&quot;,&quot;background_slideshow_loop&quot;:&quot;yes&quot;,&quot;background_slideshow_slide_transition&quot;:&quot;fade&quot;,&quot;background_slideshow_ken_burns_zoom_direction&quot;:&quot;in&quot;}\">\n\t\t<div class=\"elementor-element elementor-element-0cbcf39 e-flex e-con-boxed e-con e-child\" data-id=\"0cbcf39\" data-element_type=\"container\" data-e-type=\"container\">\n\t\t\t\t\t<div class=\"e-con-inner\">\n\t\t<div class=\"elementor-element elementor-element-52cdcdc e-con-full e-flex e-con e-child\" data-id=\"52cdcdc\" data-element_type=\"container\" data-e-type=\"container\">\n\t\t\t\t<div class=\"elementor-element elementor-element-0dd39b8 elementor-widget elementor-widget-gva-heading-block\" data-id=\"0dd39b8\" data-element_type=\"widget\" data-e-type=\"widget\" data-widget_type=\"gva-heading-block.default\">\n\t\t\t\t<div class=\"elementor-widget-container\">\n\t\t\t\t\t<div class=\"gva-element-gva-heading-block gva-element\">\r\n\r\n   <div class=\"align-center style-1 widget gsc-heading box-align-left auto-responsive\">\r\n      \r\n      <div class=\"content-inner\">\r\n                  \r\n           \r\n         \r\n                     <h2 class=\"title\">\r\n               <span>Denetim Raporlar\u0131m\u0131z<\/span>\r\n            <\/h2>\r\n                  \r\n         \r\n               <\/div>\r\n\r\n   <\/div>\r\n\r\n<\/div>\t\t\t\t<\/div>\n\t\t\t\t<\/div>\n\t\t\t\t<div class=\"elementor-element elementor-element-18b72ce elementor-widget elementor-widget-gva_post_breadcrumb\" data-id=\"18b72ce\" data-element_type=\"widget\" data-e-type=\"widget\" data-widget_type=\"gva_post_breadcrumb.default\">\n\t\t\t\t<div class=\"elementor-widget-container\">\n\t\t\t\t\t<div class=\"gva-element-gva_post_breadcrumb gva-element\">   \r\n<div class=\"post-breadcrumb\">\r\n   <div class=\"custom-breadcrumb \" >\r\n      <div class=\"breadcrumb-overlay\"><\/div>\r\n      <div class=\"breadcrumb-main\">\r\n        <div class=\"container\">\r\n          <div class=\"breadcrumb-container-inner\">\r\n            <ol class=\"breadcrumb\"><li><a href=\"https:\/\/koruncuk.org\/en\">Home<\/a> <\/li> <li class=\"active\">Page<\/li><\/ol>          <\/div>  \r\n        <\/div>   \r\n      <\/div>  \r\n   <\/div>\r\n<\/div>      \r\n\r\n<\/div>\t\t\t\t<\/div>\n\t\t\t\t<\/div>\n\t\t\t\t<\/div>\n\t\t\t\t\t<\/div>\n\t\t\t\t<\/div>\n\t\t\t\t<\/div>\n\t\t\t\t<\/div>\n\t\t\t\t<\/div>\n\t\t<div class=\"elementor-element elementor-element-b1973ab e-flex e-con-boxed e-con e-parent\" data-id=\"b1973ab\" data-element_type=\"container\" data-e-type=\"container\">\n\t\t\t\t\t<div class=\"e-con-inner\">\n\t\t<div class=\"wsdtk-sticky-enabled elementor-element elementor-element-6418426 e-con-full e-flex e-con e-child\" data-lsc-sticky=\"yes\" data-lsc-sticky-devices=\"desktop,tablet\" data-lsc-sticky-container=\"viewport\" data-lsc-sticky-top=\"100\" data-id=\"6418426\" data-element_type=\"container\" data-e-type=\"container\">\n\t\t\t\t<div class=\"elementor-element elementor-element-279506d elementor-widget elementor-widget-shortcode\" data-id=\"279506d\" data-element_type=\"widget\" data-e-type=\"widget\" data-widget_type=\"shortcode.default\">\n\t\t\t\t\t\t\t<div class=\"elementor-shortcode\"><\/div>\n\t\t\t\t\t\t<\/div>\n\t\t\t\t<\/div>\n\t\t<div class=\"elementor-element elementor-element-f283944 e-con-full e-flex e-con e-child\" data-id=\"f283944\" data-element_type=\"container\" data-e-type=\"container\">\n\t\t\t\t<div class=\"elementor-element elementor-element-59babc0 elementor-widget elementor-widget-text-editor\" data-id=\"59babc0\" data-element_type=\"widget\" data-e-type=\"widget\" data-widget_type=\"text-editor.default\">\n\t\t\t\t\t\t\t\t\t<div class=\"greeting\"><h4><span style=\"color: #e5007d;\"><strong>Denetim Raporlar\u0131m\u0131z<\/strong><\/span><\/h4><p>2018\u2019den 2024\u2019e kadar yay\u0131mlanan denetim raporlar\u0131m\u0131z\u0131 g\u00f6r\u00fcnt\u00fclemek i\u00e7in kartlara t\u0131klay\u0131n.<\/p><\/div>\t\t\t\t\t\t\t\t<\/div>\n\t\t\t\t<div class=\"elementor-element elementor-element-8a0e901 elementor-widget elementor-widget-html\" data-id=\"8a0e901\" data-element_type=\"widget\" data-e-type=\"widget\" data-widget_type=\"html.default\">\n\t\t\t\t\t<style>\n  :root{\n    --bg:#f7f9fc;\n    --card:#ffffff;\n    --text:#0f172a;\n    --muted:#5b6472;\n    --line:#e6ecf2;\n    --accent:#F42A92;\n    --radius:14px;\n    --shadow:0 8px 22px rgba(15,23,42,.06);\n  }\n  .wrap{ max-width:980px; margin:0 auto 64px; padding:0 18px; }\n\n  .reports{ display:grid; gap:14px; }\n\n  .report-line{\n    display:grid;\n    grid-template-columns:auto 1fr auto;\n    align-items:center;\n    gap:16px;\n    background:var(--card);\n    border:1px solid var(--line);\n    border-radius:var(--radius);\n    padding:12px 14px;\n    box-shadow:var(--shadow);\n  }\n\n  .year{\n    color:var(--accent);\n    font-weight:900;\n    letter-spacing:.2px;\n    font-size:1.6rem;\n    line-height:1;\n    min-width:72px;\n  }\n\n  .title{\n    font-weight:600;\n    color:#0f172a;\n    white-space:nowrap;\n    overflow:hidden;\n    text-overflow:ellipsis;\n  }\n\n  .view{\n    display:inline-flex; align-items:center; gap:8px;\n    background:#fff; color:#0f172a; text-decoration:none;\n    border:1px solid var(--line);\n    padding:8px 12px;\n    border-radius:10px;\n    font-weight:700;\n    white-space:nowrap;\n    transition:transform .08s ease, border-color .2s ease, box-shadow .2s ease, background .2s ease;\n  }\n  .view:hover{ transform:translateY(-1px); border-color:#d5dce6; background:#f8fafc; box-shadow:0 6px 16px rgba(15,23,42,.08); }\n  .view svg{ width:18px; height:18px; display:block; }\n\n  @media (max-width:420px){\n    .view span{ display:none; }\n  }\n  \n  .sr-only{\n  position:absolute !important;\n  width:1px; height:1px;\n  padding:0; margin:-1px;\n  overflow:hidden; clip:rect(0,0,0,0);\n  white-space:nowrap; border:0;\n}\n\n<\/style>\n\n<main class=\"wrap\">\n    <section class=\"reports\" aria-label=\"Denetim raporlar\u0131\">\n        \n      <article class=\"report-line\">\n        <div class=\"year\">2024<\/div>\n        <div class=\"title\"><span class=\"sr-only\">2024 <\/span>Ba\u011f\u0131ms\u0131z denetim bulgular\u0131 ve mali \u00f6zetler<\/div>\n        <a class=\"view\" href=\"https:\/\/koruncuk.org\/2024-denetim-raporu\/\" rel=\"noopener\" aria-label=\"2024 denetim raporunu g\u00f6r\u00fcnt\u00fcle\">\n          <svg viewBox=\"0 0 24 24\" fill=\"none\" stroke=\"currentColor\" stroke-width=\"2\">\n            <rect x=\"4\" y=\"3\" width=\"16\" height=\"18\" rx=\"2\"\/>\n            <path d=\"M8 7h8M8 11h8M8 15h5\"\/>\n          <\/svg><span>G\u00f6r\u00fcnt\u00fcle<\/span>\n        <\/a>\n      <\/article>\n\n      <article class=\"report-line\">\n        <div class=\"year\">2023<\/div>\n        <div class=\"title\"><span class=\"sr-only\">2023 <\/span>Ba\u011f\u0131ms\u0131z denetim bulgular\u0131 ve mali \u00f6zetler<\/div>\n        <a class=\"view\" href=\"https:\/\/koruncuk.org\/2023-denetim-raporu\/\" rel=\"noopener\">\n          <svg viewBox=\"0 0 24 24\" fill=\"none\" stroke=\"currentColor\" stroke-width=\"2\">\n            <rect x=\"4\" y=\"3\" width=\"16\" height=\"18\" rx=\"2\"\/>\n            <path d=\"M8 7h8M8 11h8M8 15h5\"\/>\n          <\/svg><span>G\u00f6r\u00fcnt\u00fcle<\/span>\n        <\/a>\n      <\/article>\n\n      <article class=\"report-line\">\n        <div class=\"year\">2022<\/div>\n        <div class=\"title\"><span class=\"sr-only\">2022 <\/span>Ba\u011f\u0131ms\u0131z denetim bulgular\u0131 ve mali \u00f6zetler<\/div>\n        <a class=\"view\" href=\"https:\/\/koruncuk.org\/2022-denetim-raporu\/\" rel=\"noopener\">\n          <svg viewBox=\"0 0 24 24\" fill=\"none\" stroke=\"currentColor\" stroke-width=\"2\">\n            <rect x=\"4\" y=\"3\" width=\"16\" height=\"18\" rx=\"2\"\/>\n            <path d=\"M8 7h8M8 11h8M8 15h5\"\/>\n          <\/svg><span>G\u00f6r\u00fcnt\u00fcle<\/span>\n        <\/a>\n      <\/article>\n\n      <article class=\"report-line\">\n        <div class=\"year\">2021<\/div>\n        <div class=\"title\"><span class=\"sr-only\">2021 <\/span>Ba\u011f\u0131ms\u0131z denetim bulgular\u0131 ve mali \u00f6zetler<\/div>\n        <a class=\"view\" href=\"https:\/\/koruncuk.org\/2021-denetim-raporu\/\" rel=\"noopener\">\n          <svg viewBox=\"0 0 24 24\" fill=\"none\" stroke=\"currentColor\" stroke-width=\"2\">\n            <rect x=\"4\" y=\"3\" width=\"16\" height=\"18\" rx=\"2\"\/>\n            <path d=\"M8 7h8M8 11h8M8 15h5\"\/>\n          <\/svg><span>G\u00f6r\u00fcnt\u00fcle<\/span>\n        <\/a>\n      <\/article>\n\n      <article class=\"report-line\">\n        <div class=\"year\">2020<\/div>\n        <div class=\"title\"><span class=\"sr-only\">2020 <\/span>Ba\u011f\u0131ms\u0131z denetim bulgular\u0131 ve mali \u00f6zetler<\/div>\n        <a class=\"view\" href=\"https:\/\/koruncuk.org\/2020-denetim-raporu\/\" rel=\"noopener\">\n          <svg viewBox=\"0 0 24 24\" fill=\"none\" stroke=\"currentColor\" stroke-width=\"2\">\n            <rect x=\"4\" y=\"3\" width=\"16\" height=\"18\" rx=\"2\"\/>\n            <path d=\"M8 7h8M8 11h8M8 15h5\"\/>\n          <\/svg><span>G\u00f6r\u00fcnt\u00fcle<\/span>\n        <\/a>\n      <\/article>\n      \n      <article class=\"report-line\">\n        <div class=\"year\">2019<\/div>\n        <div class=\"title\"><span class=\"sr-only\">2019 <\/span>Ba\u011f\u0131ms\u0131z denetim bulgular\u0131 ve mali \u00f6zetler<\/div>\n        <a class=\"view\" href=\"https:\/\/koruncuk.org\/2019-denetim-raporu\/\" rel=\"noopener\">\n          <svg viewBox=\"0 0 24 24\" fill=\"none\" stroke=\"currentColor\" stroke-width=\"2\">\n            <rect x=\"4\" y=\"3\" width=\"16\" height=\"18\" rx=\"2\"\/>\n            <path d=\"M8 7h8M8 11h8M8 15h5\"\/>\n          <\/svg><span>G\u00f6r\u00fcnt\u00fcle<\/span>\n        <\/a>\n      <\/article>\n      \n      <article class=\"report-line\">\n        <div class=\"year\">2018<\/div>\n        <div class=\"title\"><span class=\"sr-only\">2018 <\/span>Ba\u011f\u0131ms\u0131z denetim bulgular\u0131 ve mali \u00f6zetler<\/div>\n        <a class=\"view\" href=\"https:\/\/koruncuk.org\/2018-denetim-raporu\/\" rel=\"noopener\">\n          <svg viewBox=\"0 0 24 24\" fill=\"none\" stroke=\"currentColor\" stroke-width=\"2\">\n            <rect x=\"4\" y=\"3\" width=\"16\" height=\"18\" rx=\"2\"\/>\n            <path d=\"M8 7h8M8 11h8M8 15h5\"\/>\n          <\/svg><span>G\u00f6r\u00fcnt\u00fcle<\/span>\n        <\/a>\n      <\/article>\n    <\/section>\n  <\/main>\t\t\t\t<\/div>\n\t\t\t\t<\/div>\n\t\t\t\t\t<\/div>\n\t\t\t\t<\/div>\n\t\t\t\t<\/div>\n\t\t","protected":false},"excerpt":{"rendered":"<p>Denetim Raporlar\u0131m\u0131z Ana Sayfa Sayfa Denetim Raporlar\u0131m\u0131z 2018\u2019den 2024\u2019e kadar yay\u0131mlanan denetim raporlar\u0131m\u0131z\u0131 g\u00f6r\u00fcnt\u00fclemek i\u00e7in kartlara t\u0131klay\u0131n. 2024 2024 Ba\u011f\u0131ms\u0131z denetim bulgular\u0131 ve mali \u00f6zetler G\u00f6r\u00fcnt\u00fcle 2023 2023 Ba\u011f\u0131ms\u0131z denetim bulgular\u0131 ve mali \u00f6zetler G\u00f6r\u00fcnt\u00fcle 2022 2022 Ba\u011f\u0131ms\u0131z denetim bulgular\u0131 ve mali \u00f6zetler G\u00f6r\u00fcnt\u00fcle 2021 2021 Ba\u011f\u0131ms\u0131z denetim bulgular\u0131 ve mali \u00f6zetler G\u00f6r\u00fcnt\u00fcle 2020 2020 [&hellip;]<\/p>\n","protected":false},"author":1,"featured_media":0,"parent":3185,"menu_order":0,"comment_status":"closed","ping_status":"closed","template":"","meta":{"footnotes":""},"class_list":["post-1824","page","type-page","status-publish","hentry"],"_links":{"self":[{"href":"https:\/\/koruncuk.org\/en\/wp-json\/wp\/v2\/pages\/1824","targetHints":{"allow":["GET"]}}],"collection":[{"href":"https:\/\/koruncuk.org\/en\/wp-json\/wp\/v2\/pages"}],"about":[{"href":"https:\/\/koruncuk.org\/en\/wp-json\/wp\/v2\/types\/page"}],"author":[{"embeddable":true,"href":"https:\/\/koruncuk.org\/en\/wp-json\/wp\/v2\/users\/1"}],"replies":[{"embeddable":true,"href":"https:\/\/koruncuk.org\/en\/wp-json\/wp\/v2\/comments?post=1824"}],"version-history":[{"count":94,"href":"https:\/\/koruncuk.org\/en\/wp-json\/wp\/v2\/pages\/1824\/revisions"}],"predecessor-version":[{"id":3562,"href":"https:\/\/koruncuk.org\/en\/wp-json\/wp\/v2\/pages\/1824\/revisions\/3562"}],"up":[{"embeddable":true,"href":"https:\/\/koruncuk.org\/en\/wp-json\/wp\/v2\/pages\/3185"}],"wp:attachment":[{"href":"https:\/\/koruncuk.org\/en\/wp-json\/wp\/v2\/media?parent=1824"}],"curies":[{"name":"wp","href":"https:\/\/api.w.org\/{rel}","templated":true}]}}