{"id":1848,"date":"2025-09-10T21:48:59","date_gmt":"2025-09-10T18:48:59","guid":{"rendered":"https:\/\/webseldonusum.net\/tema\/koruncuk\/?page_id=1848"},"modified":"2026-03-31T00:27:20","modified_gmt":"2026-03-30T21:27:20","slug":"2021-denetim-raporu","status":"publish","type":"page","link":"https:\/\/koruncuk.org\/en\/kurumsal\/kurumsal-belgeler\/denetim-raporlari\/2021-denetim-raporu\/","title":{"rendered":"2021 Denetim Raporu"},"content":{"rendered":"\t\t<div data-elementor-type=\"wp-page\" data-elementor-id=\"1848\" class=\"elementor elementor-1848\">\n\t\t\t\t<div class=\"elementor-element elementor-element-1e4d7b8 e-con-full e-flex e-con e-parent\" data-id=\"1e4d7b8\" data-element_type=\"container\" data-e-type=\"container\" data-settings=\"{&quot;background_background&quot;:&quot;classic&quot;}\">\n\t\t<div class=\"elementor-element elementor-element-3157839 e-con-full e-flex e-con e-child\" data-id=\"3157839\" data-element_type=\"container\" data-e-type=\"container\" data-settings=\"{&quot;background_background&quot;:&quot;slideshow&quot;,&quot;background_slideshow_gallery&quot;:[{&quot;id&quot;:2410,&quot;url&quot;:&quot;https:\\\/\\\/koruncuk.org\\\/wp-content\\\/uploads\\\/2025\\\/09\\\/koruncuk-Header-BG-5.webp&quot;},{&quot;id&quot;:2411,&quot;url&quot;:&quot;https:\\\/\\\/koruncuk.org\\\/wp-content\\\/uploads\\\/2025\\\/09\\\/koruncuk-Header-BG-6.webp&quot;}],&quot;background_slideshow_slide_duration&quot;:15000,&quot;background_slideshow_transition_duration&quot;:3000,&quot;background_slideshow_ken_burns&quot;:&quot;yes&quot;,&quot;background_slideshow_loop&quot;:&quot;yes&quot;,&quot;background_slideshow_slide_transition&quot;:&quot;fade&quot;,&quot;background_slideshow_ken_burns_zoom_direction&quot;:&quot;in&quot;}\">\n\t\t<div class=\"elementor-element elementor-element-d3fcf88 e-flex e-con-boxed e-con e-child\" data-id=\"d3fcf88\" data-element_type=\"container\" data-e-type=\"container\" data-settings=\"{&quot;background_background&quot;:&quot;classic&quot;}\">\n\t\t\t\t\t<div class=\"e-con-inner\">\n\t\t<div class=\"elementor-element elementor-element-5a10232 e-con-full e-flex e-con e-child\" data-id=\"5a10232\" data-element_type=\"container\" data-e-type=\"container\">\n\t\t\t\t<div class=\"elementor-element elementor-element-cf7fed7 elementor-widget elementor-widget-gva-heading-block\" data-id=\"cf7fed7\" data-element_type=\"widget\" data-e-type=\"widget\" data-widget_type=\"gva-heading-block.default\">\n\t\t\t\t<div class=\"elementor-widget-container\">\n\t\t\t\t\t<div class=\"gva-element-gva-heading-block gva-element\">\r\n\r\n   <div class=\"align-center style-1 widget gsc-heading box-align-left auto-responsive\">\r\n      \r\n      <div class=\"content-inner\">\r\n                  \r\n           \r\n         \r\n                     <h2 class=\"title\">\r\n               <span>2021 Denetim Raporu<\/span>\r\n            <\/h2>\r\n                  \r\n         \r\n               <\/div>\r\n\r\n   <\/div>\r\n\r\n<\/div>\t\t\t\t<\/div>\n\t\t\t\t<\/div>\n\t\t\t\t<div class=\"elementor-element elementor-element-476b100 elementor-widget elementor-widget-gva_post_breadcrumb\" data-id=\"476b100\" data-element_type=\"widget\" data-e-type=\"widget\" data-widget_type=\"gva_post_breadcrumb.default\">\n\t\t\t\t<div class=\"elementor-widget-container\">\n\t\t\t\t\t<div class=\"gva-element-gva_post_breadcrumb gva-element\">   \r\n<div class=\"post-breadcrumb\">\r\n   <div class=\"custom-breadcrumb \" >\r\n      <div class=\"breadcrumb-overlay\"><\/div>\r\n      <div class=\"breadcrumb-main\">\r\n        <div class=\"container\">\r\n          <div class=\"breadcrumb-container-inner\">\r\n            <ol class=\"breadcrumb\"><li><a href=\"https:\/\/koruncuk.org\/en\">Home<\/a> <\/li> <li class=\"active\">Page<\/li><\/ol>          <\/div>  \r\n        <\/div>   \r\n      <\/div>  \r\n   <\/div>\r\n<\/div>      \r\n\r\n<\/div>\t\t\t\t<\/div>\n\t\t\t\t<\/div>\n\t\t\t\t<\/div>\n\t\t\t\t\t<\/div>\n\t\t\t\t<\/div>\n\t\t\t\t<\/div>\n\t\t\t\t<\/div>\n\t\t<div class=\"elementor-element elementor-element-0682149 e-flex e-con-boxed e-con e-parent\" data-id=\"0682149\" data-element_type=\"container\" data-e-type=\"container\">\n\t\t\t\t\t<div class=\"e-con-inner\">\n\t\t<div class=\"wsdtk-sticky-enabled elementor-element elementor-element-3e74745 e-con-full e-flex e-con e-child\" data-lsc-sticky=\"yes\" data-lsc-sticky-devices=\"desktop,tablet\" data-lsc-sticky-container=\"viewport\" data-lsc-sticky-top=\"100\" data-id=\"3e74745\" data-element_type=\"container\" data-e-type=\"container\">\n\t\t\t\t<div class=\"elementor-element elementor-element-e761f41 elementor-widget elementor-widget-shortcode\" data-id=\"e761f41\" data-element_type=\"widget\" data-e-type=\"widget\" data-widget_type=\"shortcode.default\">\n\t\t\t\t\t\t\t<div class=\"elementor-shortcode\"><\/div>\n\t\t\t\t\t\t<\/div>\n\t\t\t\t<\/div>\n\t\t<div class=\"elementor-element elementor-element-d0495a2 e-con-full e-flex e-con e-child\" data-id=\"d0495a2\" data-element_type=\"container\" data-e-type=\"container\">\n\t\t\t\t<div class=\"elementor-element elementor-element-dee6191 elementor-widget elementor-widget-text-editor\" data-id=\"dee6191\" data-element_type=\"widget\" data-e-type=\"widget\" data-widget_type=\"text-editor.default\">\n\t\t\t\t\t\t\t\t\t<div class=\"greeting\"><h4><span style=\"color: #e5007d;\"><strong>2021 Denetim Raporu<\/strong><\/span><\/h4><\/div>\t\t\t\t\t\t\t\t<\/div>\n\t\t\t\t<div class=\"elementor-element elementor-element-cb806bf elementor-widget elementor-widget-html\" data-id=\"cb806bf\" data-element_type=\"widget\" data-e-type=\"widget\" data-widget_type=\"html.default\">\n\t\t\t\t\t<div class=\"pdf-wrapper\">\n    <object \n        data=\"https:\/\/koruncuk.org\/dosyalar\/denetimraporlari\/Koruncuk-Vakfi-Denetim-Raporu-2021.pdf\" \n        type=\"application\/pdf\" \n        width=\"100%\" \n        height=\"800px\">\n        <iframe \n            src=\"https:\/\/koruncuk.org\/dosyalar\/denetimraporlari\/Koruncuk-Vakfi-Denetim-Raporu-2021.pdf\" \n            width=\"100%\" \n            height=\"100%\" \n            style=\"border:none;\">\n            Bu taray\u0131c\u0131 PDF g\u00f6r\u00fcnt\u00fclemeyi desteklemiyor. L\u00fctfen dosyay\u0131 indirin.\n        <\/iframe>\n    <\/object>\n<\/div>\n\n\t\t\t\t<\/div>\n\t\t\t\t<\/div>\n\t\t\t\t\t<\/div>\n\t\t\t\t<\/div>\n\t\t\t\t<\/div>\n\t\t","protected":false},"excerpt":{"rendered":"<p>2021 Denetim Raporu Ana Sayfa Sayfa 2021 Denetim Raporu Bu taray\u0131c\u0131 PDF g\u00f6r\u00fcnt\u00fclemeyi desteklemiyor. L\u00fctfen dosyay\u0131 indirin.<\/p>","protected":false},"author":1,"featured_media":0,"parent":1824,"menu_order":0,"comment_status":"closed","ping_status":"closed","template":"","meta":{"footnotes":""},"class_list":["post-1848","page","type-page","status-publish","hentry"],"_links":{"self":[{"href":"https:\/\/koruncuk.org\/en\/wp-json\/wp\/v2\/pages\/1848","targetHints":{"allow":["GET"]}}],"collection":[{"href":"https:\/\/koruncuk.org\/en\/wp-json\/wp\/v2\/pages"}],"about":[{"href":"https:\/\/koruncuk.org\/en\/wp-json\/wp\/v2\/types\/page"}],"author":[{"embeddable":true,"href":"https:\/\/koruncuk.org\/en\/wp-json\/wp\/v2\/users\/1"}],"replies":[{"embeddable":true,"href":"https:\/\/koruncuk.org\/en\/wp-json\/wp\/v2\/comments?post=1848"}],"version-history":[{"count":16,"href":"https:\/\/koruncuk.org\/en\/wp-json\/wp\/v2\/pages\/1848\/revisions"}],"predecessor-version":[{"id":5769,"href":"https:\/\/koruncuk.org\/en\/wp-json\/wp\/v2\/pages\/1848\/revisions\/5769"}],"up":[{"embeddable":true,"href":"https:\/\/koruncuk.org\/en\/wp-json\/wp\/v2\/pages\/1824"}],"wp:attachment":[{"href":"https:\/\/koruncuk.org\/en\/wp-json\/wp\/v2\/media?parent=1848"}],"curies":[{"name":"wp","href":"https:\/\/api.w.org\/{rel}","templated":true}]}}