{"id":2023,"date":"2025-09-15T23:50:00","date_gmt":"2025-09-15T20:50:00","guid":{"rendered":"https:\/\/webseldonusum.net\/tema\/koruncuk\/?page_id=2023"},"modified":"2026-04-01T07:51:02","modified_gmt":"2026-04-01T04:51:02","slug":"zekat-bagisi","status":"publish","type":"page","link":"https:\/\/koruncuk.org\/en\/nasil-destek-olabilirsiniz\/zekat-bagisi\/","title":{"rendered":"Zekat Ba\u011f\u0131\u015f\u0131"},"content":{"rendered":"\t\t<div data-elementor-type=\"wp-page\" data-elementor-id=\"2023\" class=\"elementor elementor-2023\">\n\t\t\t\t<div class=\"elementor-element elementor-element-e94b352 e-con-full e-flex e-con e-parent\" data-id=\"e94b352\" data-element_type=\"container\" data-e-type=\"container\" data-settings=\"{&quot;background_background&quot;:&quot;classic&quot;}\">\n\t\t<div class=\"elementor-element elementor-element-1a342ee e-con-full e-flex e-con e-child\" data-id=\"1a342ee\" data-element_type=\"container\" data-e-type=\"container\" data-settings=\"{&quot;background_background&quot;:&quot;slideshow&quot;,&quot;background_slideshow_gallery&quot;:[{&quot;id&quot;:2387,&quot;url&quot;:&quot;https:\\\/\\\/koruncuk.org\\\/wp-content\\\/uploads\\\/2025\\\/09\\\/koruncuk-Header_BG-3.webp&quot;},{&quot;id&quot;:2388,&quot;url&quot;:&quot;https:\\\/\\\/koruncuk.org\\\/wp-content\\\/uploads\\\/2025\\\/09\\\/koruncuk-Header_BG-4.webp&quot;}],&quot;background_slideshow_slide_duration&quot;:15000,&quot;background_slideshow_transition_duration&quot;:3000,&quot;background_slideshow_ken_burns&quot;:&quot;yes&quot;,&quot;background_slideshow_lazyload&quot;:&quot;yes&quot;,&quot;background_slideshow_loop&quot;:&quot;yes&quot;,&quot;background_slideshow_slide_transition&quot;:&quot;fade&quot;,&quot;background_slideshow_ken_burns_zoom_direction&quot;:&quot;in&quot;}\">\n\t\t<div class=\"elementor-element elementor-element-c8c31f8 e-flex e-con-boxed e-con e-child\" data-id=\"c8c31f8\" data-element_type=\"container\" data-e-type=\"container\" data-settings=\"{&quot;background_background&quot;:&quot;slideshow&quot;,&quot;background_slideshow_gallery&quot;:[{&quot;id&quot;:2396,&quot;url&quot;:&quot;https:\\\/\\\/koruncuk.org\\\/wp-content\\\/uploads\\\/2025\\\/09\\\/koruncuk-Banner_Edit_Gecis_3.webp&quot;},{&quot;id&quot;:2397,&quot;url&quot;:&quot;https:\\\/\\\/koruncuk.org\\\/wp-content\\\/uploads\\\/2025\\\/09\\\/koruncuk-Banner_Edit_Gecis_4.webp&quot;},{&quot;id&quot;:2398,&quot;url&quot;:&quot;https:\\\/\\\/koruncuk.org\\\/wp-content\\\/uploads\\\/2025\\\/09\\\/koruncuk-Banner_Edit_Gecis_5.webp&quot;}],&quot;background_slideshow_slide_duration&quot;:200,&quot;background_slideshow_transition_duration&quot;:1000,&quot;background_slideshow_loop&quot;:&quot;yes&quot;,&quot;background_slideshow_slide_transition&quot;:&quot;fade&quot;}\">\n\t\t\t\t\t<div class=\"e-con-inner\">\n\t\t<div class=\"elementor-element elementor-element-211d87d e-con-full e-flex e-con e-child\" data-id=\"211d87d\" data-element_type=\"container\" data-e-type=\"container\">\n\t\t\t\t<div class=\"elementor-element elementor-element-140a158 elementor-widget elementor-widget-gva-heading-block\" data-id=\"140a158\" data-element_type=\"widget\" data-e-type=\"widget\" data-widget_type=\"gva-heading-block.default\">\n\t\t\t\t<div class=\"elementor-widget-container\">\n\t\t\t\t\t<div class=\"gva-element-gva-heading-block gva-element\">\r\n\r\n   <div class=\"align-center style-1 widget gsc-heading box-align-left auto-responsive\">\r\n      \r\n      <div class=\"content-inner\">\r\n                  \r\n           \r\n         \r\n                     <h2 class=\"title\">\r\n               <span>Zek\u00e2t Ba\u011f\u0131\u015f\u0131<\/span>\r\n            <\/h2>\r\n                  \r\n         \r\n               <\/div>\r\n\r\n   <\/div>\r\n\r\n<\/div>\t\t\t\t<\/div>\n\t\t\t\t<\/div>\n\t\t\t\t<div class=\"elementor-element elementor-element-0ccc210 elementor-widget elementor-widget-gva_post_breadcrumb\" data-id=\"0ccc210\" data-element_type=\"widget\" data-e-type=\"widget\" data-widget_type=\"gva_post_breadcrumb.default\">\n\t\t\t\t<div class=\"elementor-widget-container\">\n\t\t\t\t\t<div class=\"gva-element-gva_post_breadcrumb gva-element\">   \r\n<div class=\"post-breadcrumb\">\r\n   <div class=\"custom-breadcrumb \" >\r\n      <div class=\"breadcrumb-overlay\"><\/div>\r\n      <div class=\"breadcrumb-main\">\r\n        <div class=\"container\">\r\n          <div class=\"breadcrumb-container-inner\">\r\n            <ol class=\"breadcrumb\"><li><a href=\"https:\/\/koruncuk.org\/en\">Home<\/a> <\/li> <li class=\"active\">Page<\/li><\/ol>          <\/div>  \r\n        <\/div>   \r\n      <\/div>  \r\n   <\/div>\r\n<\/div>      \r\n\r\n<\/div>\t\t\t\t<\/div>\n\t\t\t\t<\/div>\n\t\t\t\t<\/div>\n\t\t\t\t\t<\/div>\n\t\t\t\t<\/div>\n\t\t\t\t<\/div>\n\t\t\t\t<\/div>\n\t\t<div class=\"elementor-element elementor-element-115dbdc e-flex e-con-boxed e-con e-parent\" data-id=\"115dbdc\" data-element_type=\"container\" data-e-type=\"container\">\n\t\t\t\t\t<div class=\"e-con-inner\">\n\t\t<div class=\"wsdtk-sticky-enabled elementor-element elementor-element-d3b6232 e-con-full e-flex e-con e-child\" data-lsc-sticky=\"yes\" data-lsc-sticky-devices=\"desktop,tablet\" data-lsc-sticky-container=\"viewport\" data-lsc-sticky-top=\"100\" data-id=\"d3b6232\" data-element_type=\"container\" data-e-type=\"container\">\n\t\t\t\t<div class=\"elementor-element elementor-element-b365f92 elementor-widget elementor-widget-shortcode\" data-id=\"b365f92\" data-element_type=\"widget\" data-e-type=\"widget\" data-widget_type=\"shortcode.default\">\n\t\t\t\t\t\t\t<div class=\"elementor-shortcode\"><\/div>\n\t\t\t\t\t\t<\/div>\n\t\t\t\t<div class=\"elementor-element elementor-element-75b486c elementor-widget elementor-widget-shortcode\" data-id=\"75b486c\" data-element_type=\"widget\" data-e-type=\"widget\" data-widget_type=\"shortcode.default\">\n\t\t\t\t\t\t\t<div class=\"elementor-shortcode\">\t<div class=\"wsdtk-achor-subpages-block wsdtk-achor-toc \"\n     data-classes=\"bagis\"\n     data-levels=\"2,3,4\"\n     data-offset=\"130\"\n     data-force-ids=\"0\">\n            <ul class=\"wsdtk-achor-subpages-list\" role=\"list\"><\/ul>\n    <\/div>\n    <\/div>\n\t\t\t\t\t\t<\/div>\n\t\t\t\t<\/div>\n\t\t<div class=\"elementor-element elementor-element-622a2e3 e-con-full bagis e-flex e-con e-child\" data-id=\"622a2e3\" data-element_type=\"container\" data-e-type=\"container\">\n\t\t\t\t<div class=\"elementor-element elementor-element-93f6bd0 elementor-widget elementor-widget-shortcode\" data-id=\"93f6bd0\" data-element_type=\"widget\" data-e-type=\"widget\" data-widget_type=\"shortcode.default\">\n\t\t\t\t\t\t\t<div class=\"elementor-shortcode\">        <div class=\"fonzip-wrapper \">\n            \n                            <div id=\"fonzip-container\"><\/div>\n                    <\/div>\n        <\/div>\n\t\t\t\t\t\t<\/div>\n\t\t\t\t<div class=\"elementor-element elementor-element-b08716c elementor-widget elementor-widget-text-editor\" data-id=\"b08716c\" data-element_type=\"widget\" data-e-type=\"widget\" data-widget_type=\"text-editor.default\">\n\t\t\t\t\t\t\t\t\t<h3><span style=\"color: #e5007d;\"><strong>Zek\u00e2t Ba\u011f\u0131\u015f\u0131\n<\/strong><\/span><\/h3>\t\t\t\t\t\t\t\t<\/div>\n\t\t\t\t<div class=\"elementor-element elementor-element-b87299c elementor-widget elementor-widget-html\" data-id=\"b87299c\" data-element_type=\"widget\" data-e-type=\"widget\" data-widget_type=\"html.default\">\n\t\t\t\t\t<div style=\"width:100%;max-width:640px;margin:48px auto 48px;padding:24px;background:#fff;border:1px solid #edf0f4;border-radius:14px;box-shadow:0 10px 28px rgba(15,23,42,.08);font-family:system-ui,-apple-system,Segoe UI,Roboto,Arial,sans-serif;color:#0f172a;line-height:1.5;box-sizing:border-box\">\n  <div style=\"font-weight:700;margin:4px 0 12px;color:#111827\">Destek Miktar\u0131 ve Para Birimi<\/div>\n\n  <!-- \u00d6nerilen miktar chip'leri (data-amount + data-curr) -->\n  <div style=\"display:flex;gap:12px;flex-wrap:wrap;margin:0 0 12px\">\n    <button type=\"button\" class=\"don-chip\" data-amount=\"500\"  data-curr=\"TRY\"\n      style=\"flex:1;min-width:110px;padding:12px 14px;border:1px solid #e6eaf0;border-radius:10px;background:#fff;cursor:pointer;font-weight:600;color:#374151\">500 \u20ba<\/button>\n    <button type=\"button\" class=\"don-chip\" data-amount=\"750\" data-curr=\"TRY\"\n      style=\"flex:1;min-width:110px;padding:12px 14px;border:1px solid #e6eaf0;border-radius:10px;background:#fff;cursor:pointer;font-weight:600;color:#374151\">750 \u20ba<\/button>\n    <button type=\"button\" class=\"don-chip\" data-amount=\"1000\" data-curr=\"TRY\"\n      style=\"flex:1;min-width:110px;padding:12px 14px;border:1px solid #e6eaf0;border-radius:10px;background:#fff;cursor:pointer;font-weight:600;color:#374151\">1.000 \u20ba<\/button>\n    <button type=\"button\" class=\"don-chip\" data-amount=\"1500\" data-curr=\"TRY\"\n      style=\"flex:1;min-width:110px;padding:12px 14px;border:1px solid #e6eaf0;border-radius:10px;background:#fff;cursor:pointer;font-weight:600;color:#374151\">1.500 \u20ba<\/button>\n  <\/div>\n\n  <!-- Di\u011fer miktar + Para birimi (responsive) -->\n    <div style=\"display:flex;gap:12px;flex-wrap:wrap;margin:0 0 14px\">\n      <!-- Miktar -->\n      <div style=\"position:relative;flex:1 1 260px;min-width:220px\">\n        <span id=\"curr-symbol\" style=\"position:absolute;left:12px;top:50%;transform:translateY(-50%);color:#6b7280\">\u20ba<\/span>\n        <input id=\"don-amount\" type=\"number\" inputmode=\"numeric\" pattern=\"[0-9]*\" step=\"1\" min=\"1\"\n               placeholder=\"Di\u011fer Miktar\"\n               style=\"width:100%;padding:12px 14px 12px 32px;border:1px solid #e6eaf0;border-radius:10px;background:#f8fafc;font-size:16px;font-weight:600;outline:none\"\n               onfocus=\"this.style.borderColor='#e4007d'\" onblur=\"this.style.borderColor='#e6eaf0'\">\n      <\/div>\n    \n      <!-- Para birimi -->\n      <select id=\"don-currency\" aria-label=\"Para birimi\"\n              style=\"flex:1 1 140px;min-width:140px;padding:12px 14px;border:1px solid #e6eaf0;border-radius:10px;background:#f8fafc;font-size:16px;font-weight:600;color:#374151;outline:none\"\n              onfocus=\"this.style.borderColor='#e4007d'\" onblur=\"this.style.borderColor='#e6eaf0'\">\n        <option value=\"TRY\" selected>TRY \u20ba<\/option>\n        <option value=\"USD\">USD $<\/option>\n        <option value=\"EUR\">EUR \u20ac<\/option>\n      <\/select>\n    <\/div>\n\n  <!-- Ba\u011f\u0131\u015f butonu (\u015fimdilik i\u015flem yok) -->\n  <div style=\"margin:10px 0 12px\">\n    <button type=\"button\"\n            style=\"width:100%;padding:13px 18px;background:#e4007d;color:#fff;border:none;border-radius:10px;font-weight:700;letter-spacing:.01em;cursor:pointer;box-shadow:0 8px 18px rgba(228,0,125,.22)\">\n      Ba\u011f\u0131\u015f Yap\n    <\/button>\n  <\/div>\n\n  <ul style=\"margin:30px 0 6px 18px;padding:0;color:#374151;font-size:13px;list-style:none;text-align:center;\"> <li style=\"margin:8px 0\"> Online ba\u011f\u0131\u015f hizmet s\u00f6zle\u015fmesini ve iptal ve iade ko\u015fullar\u0131n\u0131 okumak i\u00e7in l\u00fctfen <a href=\"https:\/\/koruncuk.org\/hizmet-sozlesmesi-iptal-iade-kosullari\/\" target=\"_blank\" style=\"color:#e4007d;text-decoration:none\">t\u0131klay\u0131n\u0131z<\/a>. <\/li> <li style=\"margin:8px 0\"> Ba\u011f\u0131\u015f Taahh\u00fctnamesini okumak i\u00e7in l\u00fctfen <a href=\"https:\/\/koruncuk.org\/koruncuk-vakfi-bagis-taahhutnamesi\/\" target=\"_blank\" style=\"color:#e4007d;text-decoration:none\">t\u0131klay\u0131n\u0131z<\/a>. <\/li> \n  <\/ul>\n\n  <p style=\"margin:0 0 12px;font-size:13px;color:#6b7280;text-align:center\">\n    Ba\u011f\u0131\u015f\u00e7\u0131lar, ba\u011f\u0131\u015f\u0131 yapt\u0131klar\u0131 tarihten itibaren 30 g\u00fcn i\u00e7inde yap\u0131lan ba\u011f\u0131\u015f\u0131n iptali ve iade edilmesini talep edebilirler.\n  <\/p>\n\n  <!-- \u00d6deme rozetleri -->\n  <div style=\"display:flex;justify-content:center;align-items:center;gap:10px;flex-wrap:wrap;color:#6b7280\">\n    <svg width=\"22\" height=\"16\" viewBox=\"0 0 22 16\" style=\"display:block\"><rect x=\"1\" y=\"2\" width=\"20\" height=\"12\" rx=\"2\" fill=\"#e6eaf0\"\/><\/svg>\n    <svg width=\"22\" height=\"16\" viewBox=\"0 0 22 16\" style=\"display:block\"><rect x=\"1\" y=\"2\" width=\"20\" height=\"12\" rx=\"2\" fill=\"#e6eaf0\"\/><\/svg>\n    <svg width=\"22\" height=\"16\" viewBox=\"0 0 22 16\" style=\"display:block\"><rect x=\"1\" y=\"2\" width=\"20\" height=\"12\" rx=\"2\" fill=\"#e6eaf0\"\/><\/svg>\n    <svg width=\"16\" height=\"16\" viewBox=\"0 0 24 24\" style=\"display:block\"><path d=\"M6 10h12v10H6zM8 10V7a4 4 0 1 1 8 0v3\" fill=\"none\" stroke=\"#9aa4b2\" stroke-width=\"2\" stroke-linecap=\"round\" stroke-linejoin=\"round\"\/><\/svg>\n    <span style=\"font-size:13px\">SSL SECURED<\/span>\n  <\/div>\n<\/div>\n\n<script>\n(function () {\n  var map = { TRY: '\u20ba', USD: '$', EUR: '\u20ac' };\n  var sel = document.getElementById('don-currency');\n  var sym = document.getElementById('curr-symbol');\n  var input = document.getElementById('don-amount');\n\n  if (!sel || !sym || !input) return;\n\n  var wrapper = input.closest('div[style*=\"max-width:640px\"]');\n  var donateBtn = wrapper ? wrapper.querySelector('button[type=\"button\"]:not(.don-chip)') : null;\n\n  function updateSymbol() {\n    sym.textContent = map[sel.value] || '\u20ba';\n  }\n\n  function setCurrency(curr) {\n    if (!curr) return;\n    sel.value = curr;\n    updateSymbol();\n  }\n\n  document.querySelectorAll('.don-chip').forEach(function (btn) {\n    btn.addEventListener('click', function () {\n      var amt = this.getAttribute('data-amount');\n      var cur = this.getAttribute('data-curr');\n\n      if (amt) input.value = amt;\n      if (cur) setCurrency(cur);\n    });\n  });\n\n  sel.addEventListener('change', updateSymbol);\n  updateSymbol();\n\n  function startFonzip() {\n    var amount = parseFloat(String(input.value || '').replace(',', '.'));\n    var currency = sel.value;\n\n    if (!amount || isNaN(amount) || amount <= 0) {\n      alert('L\u00fctfen ge\u00e7erli bir ba\u011f\u0131\u015f tutar\u0131 giriniz.');\n      input.focus();\n      return;\n    }\n\n    if (typeof window.fz === 'undefined' || typeof window.fz.bagis !== 'function') {\n      alert('Ba\u011f\u0131\u015f altyap\u0131s\u0131 y\u00fcklenemedi. L\u00fctfen sayfay\u0131 yenileyip tekrar deneyin.');\n      return;\n    }\n\n    window.fz.bagis({\n      api_key: \"NdjSnsCrGrLEBo6WWajTGdb5O6e+wPe2MS+jSI7JleY=\",\n      campaign: \"9qOAGAtLSSaztd794XYMO6ps8ISlVeWjpp4Wxa+Yq\/k\",\n      amount: amount,\n      recurring: false,\n      currency: currency,\n      lang: \"tr\",\n      onload: function (data) {},\n      success: function (data) {},\n      error: function (data) {\n        alert('Ba\u011f\u0131\u015f\u0131n\u0131z ger\u00e7ekle\u015fmedi.');\n      },\n      close: function (result) {\n        if (result) {\n          window.location.href = \"https:\/\/koruncuk.org\/destekleriniz-icin-tesekkur-ederiz\/\";\n        }\n      }\n    });\n  }\n\n  if (donateBtn) {\n    donateBtn.addEventListener('click', function (e) {\n      e.preventDefault();\n      startFonzip();\n    });\n  }\n})();\n<\/script>\t\t\t\t<\/div>\n\t\t\t\t<div class=\"elementor-element elementor-element-5aac5b9 elementor-widget elementor-widget-text-editor\" data-id=\"5aac5b9\" data-element_type=\"widget\" data-e-type=\"widget\" data-widget_type=\"text-editor.default\">\n\t\t\t\t\t\t\t\t\t<h5 style=\"font-weight: 500;\">Zek\u00e2t ba\u011f\u0131\u015f\u0131n\u0131z Koruncuklara umut oluyor!<\/h5>\t\t\t\t\t\t\t\t<\/div>\n\t\t\t\t<div class=\"elementor-element elementor-element-d0eb6b6 elementor-widget elementor-widget-text-editor\" data-id=\"d0eb6b6\" data-element_type=\"widget\" data-e-type=\"widget\" data-widget_type=\"text-editor.default\">\n\t\t\t\t\t\t\t\t\t<p>Siz de ramazan ay\u0131nda zek\u00e2t ba\u011f\u0131\u015f\u0131n\u0131z\u0131 Koruncuk Vakf\u0131&#8217;na yaparak temel ihtiya\u00e7lar\u0131 ve e\u011fitime eri\u015fimleri risk alt\u0131ndaki \u00e7ocuklar\u0131n sevgi ve g\u00fcven i\u00e7inde yeti\u015fmeleri, haklar\u0131n\u0131n bilincinde sa\u011fl\u0131kl\u0131, g\u00fc\u00e7l\u00fc, \u00f6zg\u00fcvenli, \u00fcreten, de\u011fer yaratan sorumlu bireyler olarak toplumda yer almalar\u0131na katk\u0131 sa\u011flayabilirsiniz.<\/p>\t\t\t\t\t\t\t\t<\/div>\n\t\t\t\t<div class=\"elementor-element elementor-element-415af2c elementor-widget elementor-widget-text-editor\" data-id=\"415af2c\" data-element_type=\"widget\" data-e-type=\"widget\" data-widget_type=\"text-editor.default\">\n\t\t\t\t\t\t\t\t\t<h4><strong>Zek\u00e2t nedir?<\/strong><\/h4>\t\t\t\t\t\t\t\t<\/div>\n\t\t\t\t<div class=\"elementor-element elementor-element-b8953b7 elementor-widget elementor-widget-text-editor\" data-id=\"b8953b7\" data-element_type=\"widget\" data-e-type=\"widget\" data-widget_type=\"text-editor.default\">\n\t\t\t\t\t\t\t\t\t<p>\u0130slamiyet&#8217;in \u015fartlar\u0131ndan biri olan zek\u00e2t, dini a\u00e7\u0131dan zenginlik \u00f6l\u00e7\u00fcs\u00fc kabul edilen miktarda (nisap) mal sahibi ki\u015filerin, ihtiya\u00e7 sahibi ki\u015filere vermesi gereken miktar\u0131 ifade etmektedir.<\/p>\t\t\t\t\t\t\t\t<\/div>\n\t\t\t\t<div class=\"elementor-element elementor-element-fb425df elementor-widget elementor-widget-text-editor\" data-id=\"fb425df\" data-element_type=\"widget\" data-e-type=\"widget\" data-widget_type=\"text-editor.default\">\n\t\t\t\t\t\t\t\t\t<h4><strong>Kimler zek\u00e2t verebilir?\n<\/strong><\/h4>\t\t\t\t\t\t\t\t<\/div>\n\t\t\t\t<div class=\"elementor-element elementor-element-92d7611 elementor-widget elementor-widget-text-editor\" data-id=\"92d7611\" data-element_type=\"widget\" data-e-type=\"widget\" data-widget_type=\"text-editor.default\">\n\t\t\t\t\t\t\t\t\t<p>Zek\u00e2t\u0131 verilecek mal\u0131n \u00fczerinden bir y\u0131l ge\u00e7mi\u015f olmas\u0131 ve zek\u00e2t\u0131 verilecek mal\u0131n bir y\u0131ll\u0131k bor\u00e7tan ve asl\u00ee ihtiya\u00e7lardan fazla olmas\u0131 durumunda zek\u00e2t, ergenlik \u00e7a\u011f\u0131na eri\u015fmi\u015f, h\u00fcr ve akl\u0131 ba\u015f\u0131ndaki M\u00fcsl\u00fcmanlara farzd\u0131r.<\/p>\t\t\t\t\t\t\t\t<\/div>\n\t\t\t\t<div class=\"elementor-element elementor-element-da78a39 elementor-widget elementor-widget-text-editor\" data-id=\"da78a39\" data-element_type=\"widget\" data-e-type=\"widget\" data-widget_type=\"text-editor.default\">\n\t\t\t\t\t\t\t\t\t<h4><strong>Zek\u00e2t nas\u0131l hesaplan\u0131r?\n<\/strong><\/h4>\t\t\t\t\t\t\t\t<\/div>\n\t\t\t\t<div class=\"elementor-element elementor-element-56d5443 elementor-widget elementor-widget-text-editor\" data-id=\"56d5443\" data-element_type=\"widget\" data-e-type=\"widget\" data-widget_type=\"text-editor.default\">\n\t\t\t\t\t\t\t\t\t<p>Zek\u00e2t hesaplamas\u0131 yaparken mevcut bor\u00e7lar d\u00fc\u015f\u00fcld\u00fckten sonra kalan mal \u00fczerinden zek\u00e2t oran\u0131 hesaplanmaktad\u0131r. Zek\u00e2t miktar\u0131n\u0131z\u0131 a\u015fa\u011f\u0131daki zek\u00e2t oranlar\u0131na g\u00f6re hesaplayabilirsiniz: Alt\u0131n, g\u00fcm\u00fc\u015f, para, ticaret mallar\u0131 ile koyun ve ke\u00e7iden 1\/40 oran\u0131nda, \u0130nek, manda ve benzeri b\u00fcy\u00fckba\u015f hayvanlardan 1\/30 oran\u0131nda, Tar\u0131m \u00fcr\u00fcnlerinden 1\/10 oran\u0131nda (a\u015far) zek\u00e2t verilir. E\u011fer bir kimse bu \u00fcr\u00fcnleri yeti\u015ftirirken para harcayarak sulama yap\u0131yorsa 1\/20 oran\u0131nda zek\u00e2t verir. Kira geliri getiren ev, d\u00fckk\u00e2n, fabrika, motorlu ara\u00e7lar, makine gibi mallar\u0131n net gelirlerinden 1\/10 veya br\u00fct gelirden 1\/20 oran\u0131nda zek\u00e2t vermek gerekir.<\/p>\t\t\t\t\t\t\t\t<\/div>\n\t\t\t\t<div class=\"elementor-element elementor-element-c95430c elementor-widget elementor-widget-text-editor\" data-id=\"c95430c\" data-element_type=\"widget\" data-e-type=\"widget\" data-widget_type=\"text-editor.default\">\n\t\t\t\t\t\t\t\t\t<h4><strong>Zek\u00e2t ne zaman verilir?\n<\/strong><\/h4>\t\t\t\t\t\t\t\t<\/div>\n\t\t\t\t<div class=\"elementor-element elementor-element-d6ffccc elementor-widget elementor-widget-text-editor\" data-id=\"d6ffccc\" data-element_type=\"widget\" data-e-type=\"widget\" data-widget_type=\"text-editor.default\">\n\t\t\t\t\t\t\t\t\t<p>Zek\u00e2t y\u0131l boyunca istenilen zamanda verilebilir.<\/p>\t\t\t\t\t\t\t\t<\/div>\n\t\t\t\t<div class=\"elementor-element elementor-element-9b8c0ad elementor-widget elementor-widget-text-editor\" data-id=\"9b8c0ad\" data-element_type=\"widget\" data-e-type=\"widget\" data-widget_type=\"text-editor.default\">\n\t\t\t\t\t\t\t\t\t<h4><strong>Zek\u00e2t ba\u011f\u0131\u015f\u0131m\u0131 Koruncuk Vakf\u0131\u2019na nas\u0131l yapabilirim?<\/strong><\/h4>\t\t\t\t\t\t\t\t<\/div>\n\t\t\t\t<div class=\"elementor-element elementor-element-fb8d651 elementor-widget elementor-widget-text-editor\" data-id=\"fb8d651\" data-element_type=\"widget\" data-e-type=\"widget\" data-widget_type=\"text-editor.default\">\n\t\t\t\t\t\t\t\t\t<p>Sayfada bulunan BA\u011eI\u015e YAP butonunu kullanarak kredi kart\u0131n\u0131zla ayl\u0131k d\u00fczenli veya tek seferlik ba\u011f\u0131\u015f yapabilirsiniz. Dilerseniz tek seferlik ba\u011f\u0131\u015f\u0131, banka kart\u0131n\u0131zla veya a\u015fa\u011f\u0131daki hesap bilgilerimizden yapabilirsiniz.<\/p>\t\t\t\t\t\t\t\t<\/div>\n\t\t\t\t<div class=\"elementor-element elementor-element-bef39f7 elementor-widget elementor-widget-text-editor\" data-id=\"bef39f7\" data-element_type=\"widget\" data-e-type=\"widget\" data-widget_type=\"text-editor.default\">\n\t\t\t\t\t\t\t\t\t<p><strong><span style=\"color: #e5007d;\">Garanti BBVA<\/span><\/strong><br \/>Metro Mecidiyek\u00f6y \u015eubesi (723) \u2014 IBAN No: <strong>TR28 0006 2000 7230 0006 2996 62<\/strong><\/p>\t\t\t\t\t\t\t\t<\/div>\n\t\t\t\t<div class=\"elementor-element elementor-element-96b9abf elementor-widget elementor-widget-text-editor\" data-id=\"96b9abf\" data-element_type=\"widget\" data-e-type=\"widget\" data-widget_type=\"text-editor.default\">\n\t\t\t\t\t\t\t\t\t<h4><strong>Yurt d\u0131\u015f\u0131ndan zek\u00e2t ba\u011f\u0131\u015f\u0131m\u0131 nas\u0131l yapabilirim?<\/strong><\/h4>\t\t\t\t\t\t\t\t<\/div>\n\t\t\t\t<div class=\"elementor-element elementor-element-424f3f2 elementor-widget elementor-widget-text-editor\" data-id=\"424f3f2\" data-element_type=\"widget\" data-e-type=\"widget\" data-widget_type=\"text-editor.default\">\n\t\t\t\t\t\t\t\t\t<p>Yurt d\u0131\u015f\u0131nda ya\u015fayan ve zek\u00e2t ba\u011f\u0131\u015flar\u0131n\u0131 yabanc\u0131 bir bankan\u0131n kredi kart\u0131yla ger\u00e7ekle\u015ftirmek isteyen destek\u00e7ilerimiz web sitesinde yer alan ba\u011f\u0131\u015f sayfam\u0131zdan taleplerini ger\u00e7ekle\u015ftirebilirler. Uluslararas\u0131 para transferi yapmak i\u00e7in d\u00f6viz cinsi hesap numaralar\u0131m\u0131za ula\u015fabilirsiniz.<\/p>\t\t\t\t\t\t\t\t<\/div>\n\t\t\t\t<\/div>\n\t\t\t\t\t<\/div>\n\t\t\t\t<\/div>\n\t\t\t\t<\/div>\n\t\t","protected":false},"excerpt":{"rendered":"<p>Zek\u00e2t Ba\u011f\u0131\u015f\u0131 Ana Sayfa Sayfa Zek\u00e2t Ba\u011f\u0131\u015f\u0131 Destek Miktar\u0131 ve Para Birimi 500 \u20ba 750 \u20ba 1.000 \u20ba 1.500 \u20ba \u20ba TRY \u20baUSD $EUR \u20ac Ba\u011f\u0131\u015f Yap Online ba\u011f\u0131\u015f hizmet s\u00f6zle\u015fmesini ve iptal ve iade ko\u015fullar\u0131n\u0131 okumak i\u00e7in l\u00fctfen t\u0131klay\u0131n\u0131z. Ba\u011f\u0131\u015f Taahh\u00fctnamesini okumak i\u00e7in l\u00fctfen t\u0131klay\u0131n\u0131z. Ba\u011f\u0131\u015f\u00e7\u0131lar, ba\u011f\u0131\u015f\u0131 yapt\u0131klar\u0131 tarihten itibaren 30 g\u00fcn i\u00e7inde yap\u0131lan [&hellip;]<\/p>\n","protected":false},"author":1,"featured_media":0,"parent":3980,"menu_order":0,"comment_status":"closed","ping_status":"closed","template":"","meta":{"footnotes":""},"class_list":["post-2023","page","type-page","status-publish","hentry"],"_links":{"self":[{"href":"https:\/\/koruncuk.org\/en\/wp-json\/wp\/v2\/pages\/2023","targetHints":{"allow":["GET"]}}],"collection":[{"href":"https:\/\/koruncuk.org\/en\/wp-json\/wp\/v2\/pages"}],"about":[{"href":"https:\/\/koruncuk.org\/en\/wp-json\/wp\/v2\/types\/page"}],"author":[{"embeddable":true,"href":"https:\/\/koruncuk.org\/en\/wp-json\/wp\/v2\/users\/1"}],"replies":[{"embeddable":true,"href":"https:\/\/koruncuk.org\/en\/wp-json\/wp\/v2\/comments?post=2023"}],"version-history":[{"count":133,"href":"https:\/\/koruncuk.org\/en\/wp-json\/wp\/v2\/pages\/2023\/revisions"}],"predecessor-version":[{"id":6313,"href":"https:\/\/koruncuk.org\/en\/wp-json\/wp\/v2\/pages\/2023\/revisions\/6313"}],"up":[{"embeddable":true,"href":"https:\/\/koruncuk.org\/en\/wp-json\/wp\/v2\/pages\/3980"}],"wp:attachment":[{"href":"https:\/\/koruncuk.org\/en\/wp-json\/wp\/v2\/media?parent=2023"}],"curies":[{"name":"wp","href":"https:\/\/api.w.org\/{rel}","templated":true}]}}