{"id":2032,"date":"2025-09-15T23:20:00","date_gmt":"2025-09-15T20:20:00","guid":{"rendered":"https:\/\/webseldonusum.net\/tema\/koruncuk\/?page_id=2032"},"modified":"2026-03-31T07:26:30","modified_gmt":"2026-03-31T04:26:30","slug":"banka-havalesi","status":"publish","type":"page","link":"https:\/\/koruncuk.org\/en\/nasil-destek-olabilirsiniz\/banka-havalesi\/","title":{"rendered":"Banka Havalesi"},"content":{"rendered":"\t\t<div data-elementor-type=\"wp-page\" data-elementor-id=\"2032\" class=\"elementor elementor-2032\">\n\t\t\t\t<div class=\"elementor-element elementor-element-ee64796 e-con-full e-flex e-con e-parent\" data-id=\"ee64796\" data-element_type=\"container\" data-e-type=\"container\" data-settings=\"{&quot;background_background&quot;:&quot;classic&quot;}\">\n\t\t<div class=\"elementor-element elementor-element-e1e981f e-con-full e-flex e-con e-child\" data-id=\"e1e981f\" data-element_type=\"container\" data-e-type=\"container\" data-settings=\"{&quot;background_background&quot;:&quot;slideshow&quot;,&quot;background_slideshow_gallery&quot;:[{&quot;id&quot;:2387,&quot;url&quot;:&quot;https:\\\/\\\/koruncuk.org\\\/wp-content\\\/uploads\\\/2025\\\/09\\\/koruncuk-Header_BG-3.webp&quot;},{&quot;id&quot;:2388,&quot;url&quot;:&quot;https:\\\/\\\/koruncuk.org\\\/wp-content\\\/uploads\\\/2025\\\/09\\\/koruncuk-Header_BG-4.webp&quot;}],&quot;background_slideshow_slide_duration&quot;:15000,&quot;background_slideshow_transition_duration&quot;:3000,&quot;background_slideshow_ken_burns&quot;:&quot;yes&quot;,&quot;background_slideshow_lazyload&quot;:&quot;yes&quot;,&quot;background_slideshow_loop&quot;:&quot;yes&quot;,&quot;background_slideshow_slide_transition&quot;:&quot;fade&quot;,&quot;background_slideshow_ken_burns_zoom_direction&quot;:&quot;in&quot;}\">\n\t\t<div class=\"elementor-element elementor-element-a95b6f4 e-flex e-con-boxed e-con e-child\" data-id=\"a95b6f4\" data-element_type=\"container\" data-e-type=\"container\" data-settings=\"{&quot;background_background&quot;:&quot;slideshow&quot;,&quot;background_slideshow_gallery&quot;:[{&quot;id&quot;:2396,&quot;url&quot;:&quot;https:\\\/\\\/koruncuk.org\\\/wp-content\\\/uploads\\\/2025\\\/09\\\/koruncuk-Banner_Edit_Gecis_3.webp&quot;},{&quot;id&quot;:2397,&quot;url&quot;:&quot;https:\\\/\\\/koruncuk.org\\\/wp-content\\\/uploads\\\/2025\\\/09\\\/koruncuk-Banner_Edit_Gecis_4.webp&quot;},{&quot;id&quot;:2398,&quot;url&quot;:&quot;https:\\\/\\\/koruncuk.org\\\/wp-content\\\/uploads\\\/2025\\\/09\\\/koruncuk-Banner_Edit_Gecis_5.webp&quot;}],&quot;background_slideshow_slide_duration&quot;:200,&quot;background_slideshow_transition_duration&quot;:1000,&quot;background_slideshow_loop&quot;:&quot;yes&quot;,&quot;background_slideshow_slide_transition&quot;:&quot;fade&quot;}\">\n\t\t\t\t\t<div class=\"e-con-inner\">\n\t\t<div class=\"elementor-element elementor-element-d12deeb e-con-full e-flex e-con e-child\" data-id=\"d12deeb\" data-element_type=\"container\" data-e-type=\"container\">\n\t\t\t\t<div class=\"elementor-element elementor-element-024e524 elementor-widget elementor-widget-gva-heading-block\" data-id=\"024e524\" data-element_type=\"widget\" data-e-type=\"widget\" data-widget_type=\"gva-heading-block.default\">\n\t\t\t\t<div class=\"elementor-widget-container\">\n\t\t\t\t\t<div class=\"gva-element-gva-heading-block gva-element\">\r\n\r\n   <div class=\"align-center style-1 widget gsc-heading box-align-left auto-responsive\">\r\n      \r\n      <div class=\"content-inner\">\r\n                  \r\n           \r\n         \r\n                     <h2 class=\"title\">\r\n               <span>Banka Havalesi<\/span>\r\n            <\/h2>\r\n                  \r\n         \r\n               <\/div>\r\n\r\n   <\/div>\r\n\r\n<\/div>\t\t\t\t<\/div>\n\t\t\t\t<\/div>\n\t\t\t\t<div class=\"elementor-element elementor-element-d3f0e84 elementor-widget elementor-widget-gva_post_breadcrumb\" data-id=\"d3f0e84\" data-element_type=\"widget\" data-e-type=\"widget\" data-widget_type=\"gva_post_breadcrumb.default\">\n\t\t\t\t<div class=\"elementor-widget-container\">\n\t\t\t\t\t<div class=\"gva-element-gva_post_breadcrumb gva-element\">   \r\n<div class=\"post-breadcrumb\">\r\n   <div class=\"custom-breadcrumb \" >\r\n      <div class=\"breadcrumb-overlay\"><\/div>\r\n      <div class=\"breadcrumb-main\">\r\n        <div class=\"container\">\r\n          <div class=\"breadcrumb-container-inner\">\r\n            <ol class=\"breadcrumb\"><li><a href=\"https:\/\/koruncuk.org\/en\">Home<\/a> <\/li> <li class=\"active\">Page<\/li><\/ol>          <\/div>  \r\n        <\/div>   \r\n      <\/div>  \r\n   <\/div>\r\n<\/div>      \r\n\r\n<\/div>\t\t\t\t<\/div>\n\t\t\t\t<\/div>\n\t\t\t\t<\/div>\n\t\t\t\t\t<\/div>\n\t\t\t\t<\/div>\n\t\t\t\t<\/div>\n\t\t\t\t<\/div>\n\t\t<div class=\"elementor-element elementor-element-b0506aa e-flex e-con-boxed e-con e-parent\" data-id=\"b0506aa\" data-element_type=\"container\" data-e-type=\"container\">\n\t\t\t\t\t<div class=\"e-con-inner\">\n\t\t<div class=\"wsdtk-sticky-enabled elementor-element elementor-element-bcde4cb e-con-full e-flex e-con e-child\" data-lsc-sticky=\"yes\" data-lsc-sticky-devices=\"desktop,tablet\" data-lsc-sticky-container=\"viewport\" data-lsc-sticky-top=\"100\" data-id=\"bcde4cb\" data-element_type=\"container\" data-e-type=\"container\">\n\t\t\t\t<div class=\"elementor-element elementor-element-b7f30c4 elementor-widget elementor-widget-shortcode\" data-id=\"b7f30c4\" data-element_type=\"widget\" data-e-type=\"widget\" data-widget_type=\"shortcode.default\">\n\t\t\t\t\t\t\t<div class=\"elementor-shortcode\"><\/div>\n\t\t\t\t\t\t<\/div>\n\t\t\t\t<div class=\"elementor-element elementor-element-abfe657 elementor-widget elementor-widget-shortcode\" data-id=\"abfe657\" data-element_type=\"widget\" data-e-type=\"widget\" data-widget_type=\"shortcode.default\">\n\t\t\t\t\t\t\t<div class=\"elementor-shortcode\">\t<div class=\"wsdtk-achor-subpages-block wsdtk-achor-toc \"\n     data-classes=\"bagis\"\n     data-levels=\"3,4\"\n     data-offset=\"130\"\n     data-force-ids=\"0\">\n            <ul class=\"wsdtk-achor-subpages-list\" role=\"list\"><\/ul>\n    <\/div>\n    <\/div>\n\t\t\t\t\t\t<\/div>\n\t\t\t\t<\/div>\n\t\t<div class=\"elementor-element elementor-element-97258fb e-con-full bagis e-flex e-con e-child\" data-id=\"97258fb\" data-element_type=\"container\" data-e-type=\"container\">\n\t\t\t\t<div class=\"elementor-element elementor-element-f03e29a elementor-widget elementor-widget-heading\" data-id=\"f03e29a\" data-element_type=\"widget\" data-e-type=\"widget\" data-widget_type=\"heading.default\">\n\t\t\t\t\t<h3 class=\"elementor-heading-title elementor-size-default\"> BANKA HAVALES\u0130 \u0130LE BA\u011eI\u015e <\/h3>\t\t\t\t<\/div>\n\t\t\t\t<div class=\"elementor-element elementor-element-3f12708 elementor-widget elementor-widget-text-editor\" data-id=\"3f12708\" data-element_type=\"widget\" data-e-type=\"widget\" data-widget_type=\"text-editor.default\">\n\t\t\t\t\t\t\t\t\t<h6 style=\"font-weight: 500;\">BANKA HAVALES\u0130 \u0130LE BA\u011eI\u015e <strong>&#8220;T\u00fcrkiye Korunmaya Muhta\u00e7 \u00c7ocuklar Vakf\u0131&#8221;<\/strong> ad\u0131na yap\u0131lmal\u0131d\u0131r.<\/h6>\t\t\t\t\t\t\t\t<\/div>\n\t\t\t\t<div class=\"elementor-element elementor-element-b3b31e0 e-n-tabs-mobile elementor-widget elementor-widget-n-tabs\" data-id=\"b3b31e0\" data-element_type=\"widget\" data-e-type=\"widget\" data-settings=\"{&quot;horizontal_scroll&quot;:&quot;enable&quot;,&quot;tabs_justify_horizontal&quot;:&quot;center&quot;,&quot;horizontal_scroll_mobile&quot;:&quot;enable&quot;}\" data-widget_type=\"nested-tabs.default\">\n\t\t\t\t\t\t\t<div class=\"e-n-tabs\" data-widget-number=\"188428768\" aria-label=\"Sekmeler. Enter ve Space ile \u00f6geleri a\u00e7abilir, Escape ile \u00f6geleri kapatabilir ve Y\u00f6n tu\u015flar\u0131 ile \u00f6geler aras\u0131nda gezinebilirsiniz.\">\n\t\t\t<div class=\"e-n-tabs-heading\" role=\"tablist\">\n\t\t\t\t\t<button id=\"e-n-tab-title-1884287681\" data-tab-title-id=\"e-n-tab-title-1884287681\" class=\"e-n-tab-title\" aria-selected=\"true\" data-tab-index=\"1\" role=\"tab\" tabindex=\"0\" aria-controls=\"e-n-tab-content-1884287681\" style=\"--n-tabs-title-order: 1;\">\n\t\t\t\t\t\t<span class=\"e-n-tab-title-text\">\n\t\t\t\tKORUNCUKK\u00d6Y \u0130STANBUL\t\t\t<\/span>\n\t\t<\/button>\n\t\t\t\t<button id=\"e-n-tab-title-1884287682\" data-tab-title-id=\"e-n-tab-title-1884287682\" class=\"e-n-tab-title\" aria-selected=\"false\" data-tab-index=\"2\" role=\"tab\" tabindex=\"-1\" aria-controls=\"e-n-tab-content-1884287682\" style=\"--n-tabs-title-order: 2;\">\n\t\t\t\t\t\t<span class=\"e-n-tab-title-text\">\n\t\t\t\t KORUNCUKK\u00d6Y \u0130ZM\u0130R\t\t\t<\/span>\n\t\t<\/button>\n\t\t\t\t<button id=\"e-n-tab-title-1884287683\" data-tab-title-id=\"e-n-tab-title-1884287683\" class=\"e-n-tab-title\" aria-selected=\"false\" data-tab-index=\"3\" role=\"tab\" tabindex=\"-1\" aria-controls=\"e-n-tab-content-1884287683\" style=\"--n-tabs-title-order: 3;\">\n\t\t\t\t\t\t<span class=\"e-n-tab-title-text\">\n\t\t\t\tYURTDI\u015eINDAN BA\u011eI\u015e\t\t\t<\/span>\n\t\t<\/button>\n\t\t\t\t\t<\/div>\n\t\t\t<div class=\"e-n-tabs-content\">\n\t\t\t\t<div id=\"e-n-tab-content-1884287681\" role=\"tabpanel\" aria-labelledby=\"e-n-tab-title-1884287681\" data-tab-index=\"1\" style=\"--n-tabs-title-order: 1;\" class=\"e-active elementor-element elementor-element-35cd0b4 e-con-full e-flex e-con e-child\" data-id=\"35cd0b4\" data-element_type=\"container\" data-e-type=\"container\">\n\t\t<div class=\"elementor-element elementor-element-8063fcb e-con-full e-flex e-con e-child\" data-id=\"8063fcb\" data-element_type=\"container\" data-e-type=\"container\">\n\t\t\t\t<div class=\"elementor-element elementor-element-af7b21d elementor-widget elementor-widget-text-editor\" data-id=\"af7b21d\" data-element_type=\"widget\" data-e-type=\"widget\" data-widget_type=\"text-editor.default\">\n\t\t\t\t\t\t\t\t\t<p><strong>Garanti<\/strong><br \/>Metro Mecidiyek\u00f6y \u015eubesi (723)<br \/>Iban No: <strong>TR28 0006 2000 7230 0006 2996 62<br \/><\/strong><\/p><p><strong>Vak\u0131fbank<\/strong><br \/>Mecidiyek\u00f6y \u015eubesi (153)<br \/>Iban No: <strong>TR14 0001 5001 5800 7287 9275 59<\/strong><\/p><p><strong>Yap\u0131 Kredi Bankas\u0131<\/strong><br \/>Mecidiyek\u00f6y \u015eb (82)<br \/>Iban No: <strong>TR53 0006 7010 0000 0081 3472 24<\/strong><\/p><p><strong>\u0130\u015f Bankas\u0131<\/strong><br \/>Gayrettepe \u015eb (1080)<br \/>Iban No: <strong>TR29 0006 4000 0011 0800 6920 98<\/strong><\/p><p><strong>Akbank<\/strong><br \/>Gayrettepe \u015eubesi (287)<br \/>Iban No: <strong>TR49 0004 6002 8788 8000 1497 11<\/strong><\/p>\t\t\t\t\t\t\t\t<\/div>\n\t\t\t\t<\/div>\n\t\t<div class=\"elementor-element elementor-element-7709f86 e-con-full e-flex e-con e-child\" data-id=\"7709f86\" data-element_type=\"container\" data-e-type=\"container\">\n\t\t\t\t<div class=\"elementor-element elementor-element-afe69fc elementor-widget elementor-widget-text-editor\" data-id=\"afe69fc\" data-element_type=\"widget\" data-e-type=\"widget\" data-widget_type=\"text-editor.default\">\n\t\t\t\t\t\t\t\t\t<p><strong>Finansbank<\/strong><br \/>Mecidiyek\u00f6y \u015eubesi (341)\u00a0<br \/>Iban No: <strong>TR77 0011 1000 0000 0028 7391 55<\/strong><\/p><p><strong>ING BANK<\/strong><br \/>Mecidiyek\u00f6y \u015eubesi (107)\u00a0<br \/>Iban No:\u00a0<strong>TR58 0009 9011 3397 9600 1000 06\u00a0<\/strong><\/p><p><strong>Denizbank<br \/><\/strong>Mecidiyek\u00f6y \u015eubesi\u00a0<br \/>Iban\u00a0No : <strong>TR87 0013 4000 0148 0035 6000 01<\/strong><\/p><p><strong>T.Ekonomi Bankas\u0131<\/strong><br \/>Mecidiyek\u00f6y \u015eubesi\u00a0<br \/>Iban No: <strong>TR96 0003 2000 0000 0019 5566 91<\/strong><\/p><p><strong>Halk Bankas\u0131<\/strong><br \/>Arnavutk\u00f6y \u015eubesi (1280)\u00a0<br \/>Iban No: <strong>TR33 0001 2001 2800 0016 1001 49<\/strong><\/p>\t\t\t\t\t\t\t\t<\/div>\n\t\t\t\t<\/div>\n\t\t\t\t<\/div>\n\t\t<div id=\"e-n-tab-content-1884287682\" role=\"tabpanel\" aria-labelledby=\"e-n-tab-title-1884287682\" data-tab-index=\"2\" style=\"--n-tabs-title-order: 2;\" class=\" elementor-element elementor-element-854eaec e-con-full e-flex e-con e-child\" data-id=\"854eaec\" data-element_type=\"container\" data-e-type=\"container\">\n\t\t\t\t<div class=\"elementor-element elementor-element-e48d2ec elementor-widget elementor-widget-text-editor\" data-id=\"e48d2ec\" data-element_type=\"widget\" data-e-type=\"widget\" data-widget_type=\"text-editor.default\">\n\t\t\t\t\t\t\t\t\t<p><strong>Akbank<br \/><\/strong>Alsancak \u015eubesi 0102\u00a0<br \/>Iban No:<strong> TR09 0004 6001 0288 8000 1090 47<br \/><br \/>T\u00fcrk Ekonomi Bankas\u0131 (TEB)<\/strong><br \/>\u0130zmir G\u00fcndo\u011fdu \u015eubesi ( 69)\u00a0<br \/>Iban No: <strong>TR95 0003 2000 0000 0014 4224 99<\/strong><\/p>\t\t\t\t\t\t\t\t<\/div>\n\t\t\t\t<\/div>\n\t\t<div id=\"e-n-tab-content-1884287683\" role=\"tabpanel\" aria-labelledby=\"e-n-tab-title-1884287683\" data-tab-index=\"3\" style=\"--n-tabs-title-order: 3;\" class=\" elementor-element elementor-element-f030eaf e-con-full e-flex e-con e-child\" data-id=\"f030eaf\" data-element_type=\"container\" data-e-type=\"container\">\n\t\t\t\t<div class=\"elementor-element elementor-element-69a785c elementor-widget elementor-widget-text-editor\" data-id=\"69a785c\" data-element_type=\"widget\" data-e-type=\"widget\" data-widget_type=\"text-editor.default\">\n\t\t\t\t\t\t\t\t\t<p><strong>EURO HESAPLAR<\/strong><br \/><strong>Garanti Bankas\u0131<br \/><\/strong>SWIFT kodu: TGBATRISXXX \u2014 Metro\/M.k\u00f6y &#8211; 723<br \/>Iban No\u00a0<strong>TR34 0006 2000 7230 0009 0869 46<\/strong><\/p><p><strong>\u0130\u015f Bankas\u0131<br \/><\/strong>SWIFT kodu:\u00a0ISBKTRIS<strong> \u2014 <\/strong>Gayrettepe &#8211; 1080\u00a0<br \/>Iban No <strong>TR87 0006 4000 0021 0801 4593 86<\/strong><\/p><p><strong>USD HESAPLAR<\/strong><br \/><strong>Garanti Bankas\u0131<br \/><\/strong>SWIFT kodu: TGBATRISXXX \u2014 Metro\/M.k\u00f6y &#8211; 723<br \/>Iban No <strong>TR07 0006 2000 7230 0009 0869 47<\/strong><\/p>\t\t\t\t\t\t\t\t<\/div>\n\t\t\t\t<\/div>\n\t\t\t\t\t<\/div>\n\t\t<\/div>\n\t\t\t\t\t\t<\/div>\n\t\t\t\t<div class=\"elementor-element elementor-element-cbe7dd4 elementor-widget elementor-widget-heading\" data-id=\"cbe7dd4\" data-element_type=\"widget\" data-e-type=\"widget\" data-widget_type=\"heading.default\">\n\t\t\t\t\t<h4 class=\"elementor-heading-title elementor-size-default\">A\u00c7IKLAMALAR<\/h4>\t\t\t\t<\/div>\n\t\t\t\t<div class=\"elementor-element elementor-element-85dd53d elementor-widget elementor-widget-text-editor\" data-id=\"85dd53d\" data-element_type=\"widget\" data-e-type=\"widget\" data-widget_type=\"text-editor.default\">\n\t\t\t\t\t\t\t\t\t<p>Yukar\u0131da belirtilen bankalar\u0131n internet ba\u011f\u0131\u015f men\u00fclerini kullanarak havale maliyeti olmadan da ba\u011f\u0131\u015f yapabilirsiniz.<br \/><br \/><strong>Vak\u0131f merkezi :<\/strong>\u00a00 (212) 685 03 83<br \/><strong>\u0130zmir \u015eube :<\/strong> 0 (232) 239 14 45<\/p><p>Vakf\u0131m\u0131za 17.12.1989 tarih ve 1989\/14827 say\u0131l\u0131 Bakanlar Kurulu karar\u0131 ile Vergi Muafiyeti hakk\u0131 tan\u0131nm\u0131\u015ft\u0131r.<\/p><p>Ba\u011f\u0131\u015f\u00e7\u0131lar, ba\u011f\u0131\u015f\u0131 yapt\u0131klar\u0131 tarihten itibaren 30 g\u00fcn i\u00e7inde yap\u0131lan ba\u011f\u0131\u015f\u0131n iptal ve iade edilmesini talep edebilirler.<\/p><p>Online ba\u011f\u0131\u015f hizmet s\u00f6zle\u015fmesini okumak i\u00e7in l\u00fctfen <a href=\"https:\/\/koruncuk.org\/hizmet-sozlesmesi-iptal-iade-kosullari\/\" target=\"_blank\" rel=\"noopener\">t\u0131klay\u0131n\u0131z<\/a>.<\/p><p>Ba\u011f\u0131\u015f Taahh\u00fctnamesini okumak i\u00e7in l\u00fctfen <a href=\"https:\/\/koruncuk.org\/koruncuk-vakfi-bagis-taahhutnamesi\/\" target=\"_blank\" rel=\"noopener\">t\u0131klay\u0131n\u0131z<\/a>.<\/p>\t\t\t\t\t\t\t\t<\/div>\n\t\t\t\t<\/div>\n\t\t\t\t\t<\/div>\n\t\t\t\t<\/div>\n\t\t\t\t<\/div>\n\t\t","protected":false},"excerpt":{"rendered":"<p>Banka Havalesi Ana Sayfa Sayfa BANKA HAVALES\u0130 \u0130LE BA\u011eI\u015e BANKA HAVALES\u0130 \u0130LE BA\u011eI\u015e &#8220;T\u00fcrkiye Korunmaya Muhta\u00e7 \u00c7ocuklar Vakf\u0131&#8221; ad\u0131na yap\u0131lmal\u0131d\u0131r. KORUNCUKK\u00d6Y \u0130STANBUL KORUNCUKK\u00d6Y \u0130ZM\u0130R YURTDI\u015eINDAN BA\u011eI\u015e GarantiMetro Mecidiyek\u00f6y \u015eubesi (723)Iban No: TR28 0006 2000 7230 0006 2996 62 Vak\u0131fbankMecidiyek\u00f6y \u015eubesi (153)Iban No: TR14 0001 5001 5800 7287 9275 59 Yap\u0131 Kredi Bankas\u0131Mecidiyek\u00f6y \u015eb (82)Iban No: [&hellip;]<\/p>\n","protected":false},"author":1,"featured_media":0,"parent":3980,"menu_order":0,"comment_status":"closed","ping_status":"closed","template":"","meta":{"footnotes":""},"class_list":["post-2032","page","type-page","status-publish","hentry"],"_links":{"self":[{"href":"https:\/\/koruncuk.org\/en\/wp-json\/wp\/v2\/pages\/2032","targetHints":{"allow":["GET"]}}],"collection":[{"href":"https:\/\/koruncuk.org\/en\/wp-json\/wp\/v2\/pages"}],"about":[{"href":"https:\/\/koruncuk.org\/en\/wp-json\/wp\/v2\/types\/page"}],"author":[{"embeddable":true,"href":"https:\/\/koruncuk.org\/en\/wp-json\/wp\/v2\/users\/1"}],"replies":[{"embeddable":true,"href":"https:\/\/koruncuk.org\/en\/wp-json\/wp\/v2\/comments?post=2032"}],"version-history":[{"count":52,"href":"https:\/\/koruncuk.org\/en\/wp-json\/wp\/v2\/pages\/2032\/revisions"}],"predecessor-version":[{"id":6092,"href":"https:\/\/koruncuk.org\/en\/wp-json\/wp\/v2\/pages\/2032\/revisions\/6092"}],"up":[{"embeddable":true,"href":"https:\/\/koruncuk.org\/en\/wp-json\/wp\/v2\/pages\/3980"}],"wp:attachment":[{"href":"https:\/\/koruncuk.org\/en\/wp-json\/wp\/v2\/media?parent=2032"}],"curies":[{"name":"wp","href":"https:\/\/api.w.org\/{rel}","templated":true}]}}