{"id":2037,"date":"2025-09-09T00:00:00","date_gmt":"2025-09-08T21:00:00","guid":{"rendered":"https:\/\/webseldonusum.net\/tema\/koruncuk\/?page_id=2037"},"modified":"2025-09-16T18:54:25","modified_gmt":"2025-09-16T15:54:25","slug":"hizmet-sozlesmesi-iptal-iade-kosullari","status":"publish","type":"page","link":"https:\/\/koruncuk.org\/en\/kurumsal\/kurumsal-belgeler\/hizmet-sozlesmesi-iptal-iade-kosullari\/","title":{"rendered":"Hizmet S\u00f6zle\u015fmesi &#8211; \u0130ptal \u0130ade Ko\u015fullar\u0131"},"content":{"rendered":"\t\t<div data-elementor-type=\"wp-page\" data-elementor-id=\"2037\" class=\"elementor elementor-2037\">\n\t\t\t\t<div class=\"elementor-element elementor-element-f9b90e9 e-con-full e-flex e-con e-parent\" data-id=\"f9b90e9\" data-element_type=\"container\" data-e-type=\"container\" data-settings=\"{&quot;background_background&quot;:&quot;classic&quot;}\">\n\t\t<div class=\"elementor-element elementor-element-2b83733 e-con-full e-flex e-con e-child\" data-id=\"2b83733\" data-element_type=\"container\" data-e-type=\"container\" data-settings=\"{&quot;background_background&quot;:&quot;slideshow&quot;,&quot;background_slideshow_gallery&quot;:[{&quot;id&quot;:2410,&quot;url&quot;:&quot;https:\\\/\\\/koruncuk.org\\\/wp-content\\\/uploads\\\/2025\\\/09\\\/koruncuk-Header-BG-5.webp&quot;},{&quot;id&quot;:2411,&quot;url&quot;:&quot;https:\\\/\\\/koruncuk.org\\\/wp-content\\\/uploads\\\/2025\\\/09\\\/koruncuk-Header-BG-6.webp&quot;}],&quot;background_slideshow_slide_duration&quot;:15000,&quot;background_slideshow_transition_duration&quot;:3000,&quot;background_slideshow_ken_burns&quot;:&quot;yes&quot;,&quot;background_slideshow_loop&quot;:&quot;yes&quot;,&quot;background_slideshow_slide_transition&quot;:&quot;fade&quot;,&quot;background_slideshow_ken_burns_zoom_direction&quot;:&quot;in&quot;}\">\n\t\t<div class=\"elementor-element elementor-element-7d86bb9 e-flex e-con-boxed e-con e-child\" data-id=\"7d86bb9\" data-element_type=\"container\" data-e-type=\"container\">\n\t\t\t\t\t<div class=\"e-con-inner\">\n\t\t<div class=\"elementor-element elementor-element-682b59e e-con-full e-flex e-con e-child\" data-id=\"682b59e\" data-element_type=\"container\" data-e-type=\"container\">\n\t\t\t\t<div class=\"elementor-element elementor-element-d921113 elementor-widget elementor-widget-gva-heading-block\" data-id=\"d921113\" data-element_type=\"widget\" data-e-type=\"widget\" data-widget_type=\"gva-heading-block.default\">\n\t\t\t\t<div class=\"elementor-widget-container\">\n\t\t\t\t\t<div class=\"gva-element-gva-heading-block gva-element\">\r\n\r\n   <div class=\"align-center style-1 widget gsc-heading box-align-left auto-responsive\">\r\n      \r\n      <div class=\"content-inner\">\r\n                  \r\n           \r\n         \r\n                     <h2 class=\"title\">\r\n               <span>Hizmet S\u00f6zle\u015fmesi \u2013 \u0130ptal \u0130ade Ko\u015fullar\u0131<\/span>\r\n            <\/h2>\r\n                  \r\n         \r\n               <\/div>\r\n\r\n   <\/div>\r\n\r\n<\/div>\t\t\t\t<\/div>\n\t\t\t\t<\/div>\n\t\t\t\t<div class=\"elementor-element elementor-element-83775df elementor-widget elementor-widget-gva_post_breadcrumb\" data-id=\"83775df\" data-element_type=\"widget\" data-e-type=\"widget\" data-widget_type=\"gva_post_breadcrumb.default\">\n\t\t\t\t<div class=\"elementor-widget-container\">\n\t\t\t\t\t<div class=\"gva-element-gva_post_breadcrumb gva-element\">   \r\n<div class=\"post-breadcrumb\">\r\n   <div class=\"custom-breadcrumb \" >\r\n      <div class=\"breadcrumb-overlay\"><\/div>\r\n      <div class=\"breadcrumb-main\">\r\n        <div class=\"container\">\r\n          <div class=\"breadcrumb-container-inner\">\r\n            <ol class=\"breadcrumb\"><li><a href=\"https:\/\/koruncuk.org\/en\">Home<\/a> <\/li> <li class=\"active\">Page<\/li><\/ol>          <\/div>  \r\n        <\/div>   \r\n      <\/div>  \r\n   <\/div>\r\n<\/div>      \r\n\r\n<\/div>\t\t\t\t<\/div>\n\t\t\t\t<\/div>\n\t\t\t\t<\/div>\n\t\t\t\t\t<\/div>\n\t\t\t\t<\/div>\n\t\t\t\t<\/div>\n\t\t\t\t<\/div>\n\t\t<div class=\"elementor-element elementor-element-21e4cf0 e-flex e-con-boxed e-con e-parent\" data-id=\"21e4cf0\" data-element_type=\"container\" data-e-type=\"container\">\n\t\t\t\t\t<div class=\"e-con-inner\">\n\t\t<div class=\"elementor-element elementor-element-dabf2d1 e-con-full e-flex e-con e-child\" data-id=\"dabf2d1\" data-element_type=\"container\" data-e-type=\"container\">\n\t\t\t\t<div class=\"elementor-element elementor-element-4f43450 elementor-widget elementor-widget-text-editor\" data-id=\"4f43450\" data-element_type=\"widget\" data-e-type=\"widget\" data-widget_type=\"text-editor.default\">\n\t\t\t\t\t\t\t\t\t<p><strong>MADDE 1: TARAFLAR<\/strong><\/p><p>1.1 T\u00fcrkiye Korunmaya Muhta\u00e7 \u00c7ocuklar Vakf\u0131<br \/>Bolluca, Koca Yusuf Cd. No:100, 34287 Arnavutk\u00f6y\/\u0130stanbul<br \/>Tel: +90 212 685 03 83 \u00a0Faks:+90 212 685 03 84<br \/>E-mail:\u00a0info@koruncuk.org<br \/>Web:\u00a0<a href=\"http:\/\/www.koruncuk.org\">www.koruncuk.org<\/a><\/p><p>1.2 Ba\u011f\u0131\u015f\u00e7\u0131<br \/>T\u00fcrkiye Korunmaya Muhta\u00e7 \u00c7ocuklar Vakf\u0131\u2019na ba\u011f\u0131\u015f yapan ger\u00e7ek veya t\u00fczel ki\u015fi<\/p><p><strong>MADDE 2: TANIMLAR<\/strong><\/p><p><strong>\u00a0\u00a0\u00a0\u00a0\u00a0\u00a0\u00a0\u00a0 Site\u00a0\u00a0\u00a0<\/strong>: T\u00fcrkiye Korunmaya Muhta\u00e7 \u00c7ocuklar Vakf\u0131\u2019na ait\u00a0<a href=\"http:\/\/www.koruncuk.org\">www.koruncuk.org<\/a><br \/><strong>\u00a0\u00a0\u00a0\u00a0\u00a0\u00a0\u00a0\u00a0 Vak\u0131f<\/strong>: T\u00fcrkiye Korunmaya Muhta\u00e7 \u00c7ocuklar Vakf\u0131<br \/><strong>\u00a0\u00a0\u00a0\u00a0\u00a0\u00a0\u00a0\u00a0 Banka<\/strong>: Garanti Bankas\u0131<br \/><strong>\u00a0\u00a0\u00a0\u00a0\u00a0\u00a0\u00a0\u00a0 Ba\u011f\u0131\u015f\u00e7\u0131<\/strong>: Ba\u011f\u0131\u015f\u0131 yapan ger\u00e7ek veya t\u00fczel ki\u015fi<\/p><p><strong>MADDE 3: S\u00d6ZLE\u015eMEN\u0130N KONUSU<\/strong><\/p><p>\u0130\u015fbu s\u00f6zle\u015fmenin konusu www.koruncuk.org \u00a0internet sitesi \u00fczerinden online olarak yap\u0131lacak ba\u011f\u0131\u015flarla ilgili \u00a0vak\u0131f, banka, ba\u011f\u0131\u015flayan\u0131n hak ve y\u00fck\u00fcml\u00fcl\u00fcklerinin tespitine ili\u015fkindir.<\/p><p><strong>MADDE 4: GENEL H\u00dcK\u00dcMLER<\/strong><\/p><p>4.1 \u0130\u015fbu s\u00f6zle\u015fmenin t\u00fcm maddeleri ba\u011f\u0131\u015f\u00e7\u0131 taraf\u0131ndan okunmu\u015f ve vak\u0131f ile kar\u015f\u0131l\u0131kl\u0131 olarak kabul edilmi\u015ftir.<\/p><p>4.2 \u0130\u015fbu s\u00f6zle\u015fme ba\u011f\u0131\u015f\u00e7\u0131 taraf\u0131ndan internet ortam\u0131nda onay verildi\u011fi tarih itibariyle y\u00fcr\u00fcrl\u00fc\u011fe girmektedir.<\/p><p>4.3 Ba\u011f\u0131\u015f\u00e7\u0131 i\u015fbu s\u00f6zle\u015fme kapsam\u0131nda www.koruncuk.org internet sitesi \u00fczerinden bankan\u0131n sa\u011flad\u0131\u011f\u0131 sanal pos hizmetini kullanarak vakfa diledi\u011fi miktarda ba\u011f\u0131\u015f yapabilecektir.<\/p><p>4.4 Ba\u011f\u0131\u015f\u00e7\u0131 yukar\u0131daki maddede belirtildi\u011fi \u015fekilde i\u015fbu s\u00f6zle\u015fmeyi kabul edip internet \u00fczerinden ba\u011f\u0131\u015f yapt\u0131\u011f\u0131 tarihten itibaren 7 g\u00fcn i\u00e7erisinde s\u00f6zle\u015fmeden d\u00f6nerek vakfa yapt\u0131\u011f\u0131 ba\u011f\u0131\u015f\u0131n iadesini isteyebilir.<\/p><p>4.5 Ba\u011f\u0131\u015f\u00e7\u0131; s\u00f6zle\u015fmeden d\u00f6nerek yapt\u0131\u011f\u0131 ba\u011f\u0131\u015f\u0131n iadesini istedi\u011fi takdirde bu hususa ili\u015fkin bildirimini, iadesini istedi\u011fi s\u00f6z konusu ba\u011f\u0131\u015f\u0131 a\u00e7\u0131k ve anla\u015f\u0131l\u0131r bir \u015fekilde, tarih, ba\u011f\u0131\u015f miktar\u0131, isim ve di\u011fer bilgileri belirterek, ba\u011f\u0131\u015f\u0131 yapt\u0131\u011f\u0131 tarihten itibaren 7 g\u00fcn i\u00e7erisinde T\u00fcrkiye Korunmaya Muhta\u00e7 \u00c7ocuklar Vakf\u0131\u2019n\u0131n info@koruncuk.org elektronik posta adresine ayr\u0131ca g\u00f6ndermelidir. Aksi takdirde yani 7 g\u00fcn i\u00e7erisinde vakf\u0131n bilgisine ( elektronik posta adresine) ula\u015fmayan cayma bildiriminin herhangi bir ge\u00e7erlili\u011fi olmayacakt\u0131r ve ba\u011f\u0131\u015f\u0131n iadesi ger\u00e7ekle\u015fmeyecektir.<\/p><p>4.6 Ba\u011f\u0131\u015f\u00e7\u0131 yukar\u0131daki maddelerde belirtildi\u011fi \u015fekilde 7 g\u00fcn i\u00e7erisinde s\u00f6zle\u015fmeden d\u00f6nerek yapt\u0131\u011f\u0131 ba\u011f\u0131\u015f\u0131 geri almak istemezse, Bor\u00e7lar Kanununun 295. \u00a0ve ilgili di\u011fer maddelerindeki geri almaya ili\u015fkin \u015fartlar olu\u015fmu\u015f olsa bile art\u0131k hi\u00e7bir \u015fekilde yapt\u0131\u011f\u0131 ba\u011f\u0131\u015f\u0131 geri alamaz ve iadesini isteyemez. Bu husus ba\u011f\u0131\u015f\u00e7\u0131 taraf\u0131ndan herhangi bir teredd\u00fcde yer b\u0131rakmayacak \u015fekilde kabul ve taahh\u00fct edilmi\u015ftir.<\/p><p>4.7 Yukar\u0131daki maddelerde belirtildi\u011fi \u00fczere 7 g\u00fcn i\u00e7erisinde iadesi talep edilmeyen ba\u011f\u0131\u015flarla ilgili olarak vakf\u0131n herhangi bir sorumlulu\u011fu bulunmad\u0131\u011f\u0131 gibi sanal pos hizmeti sunan bankan\u0131n da herhangi bir sorumlulu\u011fu bulunmamaktad\u0131r.<\/p><p><strong>MADDE 5: G\u00dcVENL\u0130K<\/strong><\/p><p>5.1 Web sitesi \u00a0\u00fczerinden ba\u011f\u0131\u015f yapmak i\u00e7in ba\u011f\u0131\u015f\u00e7\u0131n\u0131n kaydetmi\u015f oldu\u011fu t\u00fcm bilgiler, vak\u0131f taraf\u0131ndan hi\u00e7bir \u015fekilde kurum, kurulu\u015f ve ki\u015filerle payla\u015f\u0131lmayacakt\u0131r.<\/p><p>5.2 Vak\u0131f baz\u0131 d\u00f6nemlerde elektronik posta veya sms arac\u0131l\u0131\u011f\u0131 ile, \u00fcyelerine, g\u00f6n\u00fcll\u00fclerine ve ba\u011f\u0131\u015f\u00e7\u0131lar\u0131na yeni proje ve faaliyetler hakk\u0131nda bilgiler, kutlama ve bilgilendirme mesajlar\u0131 g\u00f6nderebilir. Ba\u011f\u0131\u015f\u00e7\u0131 bu gibi bilgileri almak istemez ise, bu durumunda vak\u0131f sekreterya@koruncuk.org adresine mesaj g\u00f6ndererek aboneliklerini iptal edebilir.<\/p><p>5.3 Vak\u0131f, siteden online ba\u011f\u0131\u015f yapan ba\u011f\u0131\u015f\u00e7\u0131lar\u0131n\u0131n g\u00fcvenli\u011fini ilk planda tutmaktad\u0131r. Kredi kart\u0131 bilgilerini hi\u00e7bir \u015fekilde sisteminde saklamaz. Online olarak kredi kart\u0131 ile yap\u0131lan ba\u011f\u0131\u015flar\u0131n g\u00fcvenilirli\u011fi vakf\u0131n \u00e7al\u0131\u015ft\u0131\u011f\u0131 \u00a0banka taraf\u0131ndan denetlenmekte ve sa\u011flanmaktad\u0131r.<\/p><p>5.4 Vakf\u0131n telefon numaralar\u0131 ve elektronik posta adreslerine, herhangi bir i\u015flemle ilgili olarak ba\u011f\u0131\u015f\u00e7\u0131n\u0131n g\u00f6nderece\u011fi mesajlarda kesinlikle kredi kart\u0131 numaras\u0131 veya \u015fifresi yaz\u0131lmamal\u0131d\u0131r. Elektronik postalarda yer alan bilgiler \u00fc\u00e7\u00fcnc\u00fc \u015fah\u0131slar taraf\u0131ndan g\u00f6r\u00fclebilir. Vak\u0131f elektronik postalardan \u00a0aktar\u0131lan bilgilerin g\u00fcvenli\u011fini hi\u00e7bir ko\u015fulda garanti edemez.<\/p><p><strong>MADDE 6: YETK\u0130L\u0130 MAHKEMELER<\/strong><\/p><p>\u0130\u015fbu s\u00f6zle\u015fmenin uygulanmas\u0131ndan kaynaklanacak t\u00fcm ihtilaflarda \u0130stanbul mahkemeleri yetkilidir.<\/p>\t\t\t\t\t\t\t\t<\/div>\n\t\t\t\t<\/div>\n\t\t\t\t\t<\/div>\n\t\t\t\t<\/div>\n\t\t\t\t<\/div>\n\t\t","protected":false},"excerpt":{"rendered":"<p>Hizmet S\u00f6zle\u015fmesi \u2013 \u0130ptal \u0130ade Ko\u015fullar\u0131 Ana Sayfa Sayfa MADDE 1: TARAFLAR 1.1 T\u00fcrkiye Korunmaya Muhta\u00e7 \u00c7ocuklar Vakf\u0131Bolluca, Koca Yusuf Cd. No:100, 34287 Arnavutk\u00f6y\/\u0130stanbulTel: +90 212 685 03 83 \u00a0Faks:+90 212 685 03 84E-mail:\u00a0info@koruncuk.orgWeb:\u00a0www.koruncuk.org 1.2 Ba\u011f\u0131\u015f\u00e7\u0131T\u00fcrkiye Korunmaya Muhta\u00e7 \u00c7ocuklar Vakf\u0131\u2019na ba\u011f\u0131\u015f yapan ger\u00e7ek veya t\u00fczel ki\u015fi MADDE 2: TANIMLAR \u00a0\u00a0\u00a0\u00a0\u00a0\u00a0\u00a0\u00a0 Site\u00a0\u00a0\u00a0: T\u00fcrkiye Korunmaya Muhta\u00e7 \u00c7ocuklar [&hellip;]<\/p>\n","protected":false},"author":1,"featured_media":0,"parent":3185,"menu_order":0,"comment_status":"closed","ping_status":"closed","template":"","meta":{"footnotes":""},"class_list":["post-2037","page","type-page","status-publish","hentry"],"_links":{"self":[{"href":"https:\/\/koruncuk.org\/en\/wp-json\/wp\/v2\/pages\/2037","targetHints":{"allow":["GET"]}}],"collection":[{"href":"https:\/\/koruncuk.org\/en\/wp-json\/wp\/v2\/pages"}],"about":[{"href":"https:\/\/koruncuk.org\/en\/wp-json\/wp\/v2\/types\/page"}],"author":[{"embeddable":true,"href":"https:\/\/koruncuk.org\/en\/wp-json\/wp\/v2\/users\/1"}],"replies":[{"embeddable":true,"href":"https:\/\/koruncuk.org\/en\/wp-json\/wp\/v2\/comments?post=2037"}],"version-history":[{"count":22,"href":"https:\/\/koruncuk.org\/en\/wp-json\/wp\/v2\/pages\/2037\/revisions"}],"predecessor-version":[{"id":4238,"href":"https:\/\/koruncuk.org\/en\/wp-json\/wp\/v2\/pages\/2037\/revisions\/4238"}],"up":[{"embeddable":true,"href":"https:\/\/koruncuk.org\/en\/wp-json\/wp\/v2\/pages\/3185"}],"wp:attachment":[{"href":"https:\/\/koruncuk.org\/en\/wp-json\/wp\/v2\/media?parent=2037"}],"curies":[{"name":"wp","href":"https:\/\/api.w.org\/{rel}","templated":true}]}}