{"id":2042,"date":"2025-09-09T00:02:00","date_gmt":"2025-09-08T21:02:00","guid":{"rendered":"https:\/\/webseldonusum.net\/tema\/koruncuk\/?page_id=2042"},"modified":"2025-09-16T18:53:14","modified_gmt":"2025-09-16T15:53:14","slug":"koruncuk-vakfi-bagis-taahhutnamesi","status":"publish","type":"page","link":"https:\/\/koruncuk.org\/en\/kurumsal\/kurumsal-belgeler\/koruncuk-vakfi-bagis-taahhutnamesi\/","title":{"rendered":"Koruncuk Vakf\u0131 Ba\u011f\u0131\u015f Taahh\u00fctnamesi"},"content":{"rendered":"\t\t<div data-elementor-type=\"wp-page\" data-elementor-id=\"2042\" class=\"elementor elementor-2042\">\n\t\t\t\t<div class=\"elementor-element elementor-element-bf7a657 e-con-full e-flex e-con e-parent\" data-id=\"bf7a657\" data-element_type=\"container\" data-e-type=\"container\" data-settings=\"{&quot;background_background&quot;:&quot;classic&quot;}\">\n\t\t<div class=\"elementor-element elementor-element-ae15427 e-con-full e-flex e-con e-child\" data-id=\"ae15427\" data-element_type=\"container\" data-e-type=\"container\" data-settings=\"{&quot;background_background&quot;:&quot;slideshow&quot;,&quot;background_slideshow_gallery&quot;:[{&quot;id&quot;:2410,&quot;url&quot;:&quot;https:\\\/\\\/koruncuk.org\\\/wp-content\\\/uploads\\\/2025\\\/09\\\/koruncuk-Header-BG-5.webp&quot;},{&quot;id&quot;:2411,&quot;url&quot;:&quot;https:\\\/\\\/koruncuk.org\\\/wp-content\\\/uploads\\\/2025\\\/09\\\/koruncuk-Header-BG-6.webp&quot;}],&quot;background_slideshow_slide_duration&quot;:15000,&quot;background_slideshow_transition_duration&quot;:3000,&quot;background_slideshow_ken_burns&quot;:&quot;yes&quot;,&quot;background_slideshow_loop&quot;:&quot;yes&quot;,&quot;background_slideshow_slide_transition&quot;:&quot;fade&quot;,&quot;background_slideshow_ken_burns_zoom_direction&quot;:&quot;in&quot;}\">\n\t\t<div class=\"elementor-element elementor-element-d1f66b3 e-flex e-con-boxed e-con e-child\" data-id=\"d1f66b3\" data-element_type=\"container\" data-e-type=\"container\">\n\t\t\t\t\t<div class=\"e-con-inner\">\n\t\t<div class=\"elementor-element elementor-element-3fa0d4c e-con-full e-flex e-con e-child\" data-id=\"3fa0d4c\" data-element_type=\"container\" data-e-type=\"container\">\n\t\t\t\t<div class=\"elementor-element elementor-element-d156be6 elementor-widget elementor-widget-gva-heading-block\" data-id=\"d156be6\" data-element_type=\"widget\" data-e-type=\"widget\" data-widget_type=\"gva-heading-block.default\">\n\t\t\t\t<div class=\"elementor-widget-container\">\n\t\t\t\t\t<div class=\"gva-element-gva-heading-block gva-element\">\r\n\r\n   <div class=\"align-center style-1 widget gsc-heading box-align-left auto-responsive\">\r\n      \r\n      <div class=\"content-inner\">\r\n                  \r\n           \r\n         \r\n                     <h2 class=\"title\">\r\n               <span>Koruncuk Vakf\u0131 Ba\u011f\u0131\u015f Taahh\u00fctnamesi<\/span>\r\n            <\/h2>\r\n                  \r\n         \r\n               <\/div>\r\n\r\n   <\/div>\r\n\r\n<\/div>\t\t\t\t<\/div>\n\t\t\t\t<\/div>\n\t\t\t\t<div class=\"elementor-element elementor-element-6de7918 elementor-widget elementor-widget-gva_post_breadcrumb\" data-id=\"6de7918\" data-element_type=\"widget\" data-e-type=\"widget\" data-widget_type=\"gva_post_breadcrumb.default\">\n\t\t\t\t<div class=\"elementor-widget-container\">\n\t\t\t\t\t<div class=\"gva-element-gva_post_breadcrumb gva-element\">   \r\n<div class=\"post-breadcrumb\">\r\n   <div class=\"custom-breadcrumb \" >\r\n      <div class=\"breadcrumb-overlay\"><\/div>\r\n      <div class=\"breadcrumb-main\">\r\n        <div class=\"container\">\r\n          <div class=\"breadcrumb-container-inner\">\r\n            <ol class=\"breadcrumb\"><li><a href=\"https:\/\/koruncuk.org\/en\">Home<\/a> <\/li> <li class=\"active\">Page<\/li><\/ol>          <\/div>  \r\n        <\/div>   \r\n      <\/div>  \r\n   <\/div>\r\n<\/div>      \r\n\r\n<\/div>\t\t\t\t<\/div>\n\t\t\t\t<\/div>\n\t\t\t\t<\/div>\n\t\t\t\t\t<\/div>\n\t\t\t\t<\/div>\n\t\t\t\t<\/div>\n\t\t\t\t<\/div>\n\t\t<div class=\"elementor-element elementor-element-21e4cf0 e-flex e-con-boxed e-con e-parent\" data-id=\"21e4cf0\" data-element_type=\"container\" data-e-type=\"container\">\n\t\t\t\t\t<div class=\"e-con-inner\">\n\t\t<div class=\"elementor-element elementor-element-dabf2d1 e-con-full e-flex e-con e-child\" data-id=\"dabf2d1\" data-element_type=\"container\" data-e-type=\"container\">\n\t\t\t\t<div class=\"elementor-element elementor-element-4f43450 elementor-widget elementor-widget-text-editor\" data-id=\"4f43450\" data-element_type=\"widget\" data-e-type=\"widget\" data-widget_type=\"text-editor.default\">\n\t\t\t\t\t\t\t\t\t<p>T\u00fcrkiye Korunmaya Muhta\u00e7 \u00c7o\u00e7uklar Vakf\u0131 olarak temel ihtiya\u00e7lar\u0131n\u0131n kar\u015f\u0131lanmas\u0131 bak\u0131m\u0131ndan olanaklar\u0131 k\u0131s\u0131tl\u0131 ortaokul ve orta\u00f6\u011fretim (lise) seviyesindeki k\u0131z \u00f6\u011frencilere e\u011fitimde f\u0131rsat e\u015fitli\u011fi sa\u011flamak i\u00e7in Koruncukk\u00f6ylerde g\u00fcvenli bir ya\u015fam ortam\u0131 sunuyor. Sa\u011fl\u0131kl\u0131 ki\u015fisel, psikolojik ve sosyal geli\u015fimi i\u00e7in gereken ihtiya\u00e7lar\u0131 e\u011fitim hayat\u0131 boyunca Koruncuk Vakf\u0131 taraf\u0131ndan bedelsiz kar\u015f\u0131lanan \u00e7ocuklar, sevgi ve g\u00fcvenle hayata haz\u0131rlan\u0131yor.<br \/><br \/>Verdi\u011fimiz hizmetin\u00a0 temel ta\u015f\u0131 olan siz ba\u011f\u0131\u015f\u00e7\u0131lar\u0131m\u0131z taraf\u0131ndan Vakf\u0131m\u0131za yap\u0131lan ayni yada nakdi t\u00fcm ba\u011f\u0131\u015flar\u0131n\u0131z\u0131n sorumlulu\u011fu olarak ;<\/p><ul><li>\u00a0\u00a0\u00a0 Her ba\u011f\u0131\u015f\u00e7\u0131 Yapt\u0131\u011f\u0131 ba\u011f\u0131\u015f\u0131n nas\u0131l kullan\u0131ld\u0131\u011f\u0131na bilme hakk\u0131na sahiptir.<\/li><li>\u00a0\u00a0\u00a0 Ba\u011f\u0131\u015f\u00e7\u0131n\u0131n ba\u011f\u0131\u015f\u0131 ile bilgi edinme hakk\u0131na \u00f6zenle uyulur.<\/li><li>\u00a0\u00a0\u00a0 Koruncuk Vakf\u0131 \u00d6\u011frencilerini her durum kar\u015f\u0131s\u0131nda hassasiyetle iyi halini g\u00f6zetir.<\/li><li>\u00a0\u00a0\u00a0 Koruncuk Vakf\u0131 ba\u011f\u0131\u015f kampanyalar\u0131 i\u00e7in gerekli zorunlu her resmi i\u015flemi \u2013 izni alm\u0131\u015f olmay\u0131<\/li><li>\u00a0\u00a0\u00a0 T\u00fcm \u00e7ocuklar\u0131n \u0130yi halininin devaml\u0131l\u0131\u011f\u0131 i\u00e7in Koruncuk Vakf\u0131 \u00e7al\u0131\u015fmalar\u0131n\u0131 \u00f6zenle ger\u00e7ekle\u015ftirece\u011fini<\/li><\/ul><p><br \/>Taahh\u00fct eder.<\/p>\t\t\t\t\t\t\t\t<\/div>\n\t\t\t\t<\/div>\n\t\t\t\t\t<\/div>\n\t\t\t\t<\/div>\n\t\t\t\t<\/div>\n\t\t","protected":false},"excerpt":{"rendered":"<p>Koruncuk Vakf\u0131 Ba\u011f\u0131\u015f Taahh\u00fctnamesi Ana Sayfa Sayfa T\u00fcrkiye Korunmaya Muhta\u00e7 \u00c7o\u00e7uklar Vakf\u0131 olarak temel ihtiya\u00e7lar\u0131n\u0131n kar\u015f\u0131lanmas\u0131 bak\u0131m\u0131ndan olanaklar\u0131 k\u0131s\u0131tl\u0131 ortaokul ve orta\u00f6\u011fretim (lise) seviyesindeki k\u0131z \u00f6\u011frencilere e\u011fitimde f\u0131rsat e\u015fitli\u011fi sa\u011flamak i\u00e7in Koruncukk\u00f6ylerde g\u00fcvenli bir ya\u015fam ortam\u0131 sunuyor. Sa\u011fl\u0131kl\u0131 ki\u015fisel, psikolojik ve sosyal geli\u015fimi i\u00e7in gereken ihtiya\u00e7lar\u0131 e\u011fitim hayat\u0131 boyunca Koruncuk Vakf\u0131 taraf\u0131ndan bedelsiz kar\u015f\u0131lanan \u00e7ocuklar, [&hellip;]<\/p>\n","protected":false},"author":1,"featured_media":0,"parent":3185,"menu_order":0,"comment_status":"closed","ping_status":"closed","template":"","meta":{"footnotes":""},"class_list":["post-2042","page","type-page","status-publish","hentry"],"_links":{"self":[{"href":"https:\/\/koruncuk.org\/en\/wp-json\/wp\/v2\/pages\/2042","targetHints":{"allow":["GET"]}}],"collection":[{"href":"https:\/\/koruncuk.org\/en\/wp-json\/wp\/v2\/pages"}],"about":[{"href":"https:\/\/koruncuk.org\/en\/wp-json\/wp\/v2\/types\/page"}],"author":[{"embeddable":true,"href":"https:\/\/koruncuk.org\/en\/wp-json\/wp\/v2\/users\/1"}],"replies":[{"embeddable":true,"href":"https:\/\/koruncuk.org\/en\/wp-json\/wp\/v2\/comments?post=2042"}],"version-history":[{"count":16,"href":"https:\/\/koruncuk.org\/en\/wp-json\/wp\/v2\/pages\/2042\/revisions"}],"predecessor-version":[{"id":4232,"href":"https:\/\/koruncuk.org\/en\/wp-json\/wp\/v2\/pages\/2042\/revisions\/4232"}],"up":[{"embeddable":true,"href":"https:\/\/koruncuk.org\/en\/wp-json\/wp\/v2\/pages\/3185"}],"wp:attachment":[{"href":"https:\/\/koruncuk.org\/en\/wp-json\/wp\/v2\/media?parent=2042"}],"curies":[{"name":"wp","href":"https:\/\/api.w.org\/{rel}","templated":true}]}}