{"id":2060,"date":"2025-09-15T00:20:00","date_gmt":"2025-09-14T21:20:00","guid":{"rendered":"https:\/\/webseldonusum.net\/tema\/koruncuk\/?page_id=2060"},"modified":"2026-03-31T06:26:27","modified_gmt":"2026-03-31T03:26:27","slug":"ayni-ihtiyac-bagislari","status":"publish","type":"page","link":"https:\/\/koruncuk.org\/en\/nasil-destek-olabilirsiniz\/ayni-ihtiyac-bagislari\/","title":{"rendered":"Ayni \u0130htiya\u00e7 Ba\u011f\u0131\u015flar\u0131"},"content":{"rendered":"\t\t<div data-elementor-type=\"wp-page\" data-elementor-id=\"2060\" class=\"elementor elementor-2060\">\n\t\t\t\t<div class=\"elementor-element elementor-element-54bd20d e-con-full e-flex e-con e-parent\" data-id=\"54bd20d\" data-element_type=\"container\" data-e-type=\"container\" data-settings=\"{&quot;background_background&quot;:&quot;classic&quot;}\">\n\t\t<div class=\"elementor-element elementor-element-d079faf e-con-full e-flex e-con e-child\" data-id=\"d079faf\" data-element_type=\"container\" data-e-type=\"container\" data-settings=\"{&quot;background_background&quot;:&quot;slideshow&quot;,&quot;background_slideshow_gallery&quot;:[{&quot;id&quot;:2387,&quot;url&quot;:&quot;https:\\\/\\\/koruncuk.org\\\/wp-content\\\/uploads\\\/2025\\\/09\\\/koruncuk-Header_BG-3.webp&quot;},{&quot;id&quot;:2388,&quot;url&quot;:&quot;https:\\\/\\\/koruncuk.org\\\/wp-content\\\/uploads\\\/2025\\\/09\\\/koruncuk-Header_BG-4.webp&quot;}],&quot;background_slideshow_slide_duration&quot;:15000,&quot;background_slideshow_transition_duration&quot;:3000,&quot;background_slideshow_ken_burns&quot;:&quot;yes&quot;,&quot;background_slideshow_lazyload&quot;:&quot;yes&quot;,&quot;background_slideshow_loop&quot;:&quot;yes&quot;,&quot;background_slideshow_slide_transition&quot;:&quot;fade&quot;,&quot;background_slideshow_ken_burns_zoom_direction&quot;:&quot;in&quot;}\">\n\t\t<div class=\"elementor-element elementor-element-923c3da e-flex e-con-boxed e-con e-child\" data-id=\"923c3da\" data-element_type=\"container\" data-e-type=\"container\" data-settings=\"{&quot;background_background&quot;:&quot;slideshow&quot;,&quot;background_slideshow_gallery&quot;:[{&quot;id&quot;:2396,&quot;url&quot;:&quot;https:\\\/\\\/koruncuk.org\\\/wp-content\\\/uploads\\\/2025\\\/09\\\/koruncuk-Banner_Edit_Gecis_3.webp&quot;},{&quot;id&quot;:2397,&quot;url&quot;:&quot;https:\\\/\\\/koruncuk.org\\\/wp-content\\\/uploads\\\/2025\\\/09\\\/koruncuk-Banner_Edit_Gecis_4.webp&quot;},{&quot;id&quot;:2398,&quot;url&quot;:&quot;https:\\\/\\\/koruncuk.org\\\/wp-content\\\/uploads\\\/2025\\\/09\\\/koruncuk-Banner_Edit_Gecis_5.webp&quot;}],&quot;background_slideshow_slide_duration&quot;:200,&quot;background_slideshow_transition_duration&quot;:1000,&quot;background_slideshow_loop&quot;:&quot;yes&quot;,&quot;background_slideshow_slide_transition&quot;:&quot;fade&quot;}\">\n\t\t\t\t\t<div class=\"e-con-inner\">\n\t\t<div class=\"elementor-element elementor-element-5f764d4 e-con-full e-flex e-con e-child\" data-id=\"5f764d4\" data-element_type=\"container\" data-e-type=\"container\">\n\t\t\t\t<div class=\"elementor-element elementor-element-bb30b8a elementor-widget elementor-widget-gva-heading-block\" data-id=\"bb30b8a\" data-element_type=\"widget\" data-e-type=\"widget\" data-widget_type=\"gva-heading-block.default\">\n\t\t\t\t<div class=\"elementor-widget-container\">\n\t\t\t\t\t<div class=\"gva-element-gva-heading-block gva-element\">\r\n\r\n   <div class=\"align-center style-1 widget gsc-heading box-align-left auto-responsive\">\r\n      \r\n      <div class=\"content-inner\">\r\n                  \r\n           \r\n         \r\n                     <h2 class=\"title\">\r\n               <span>Ayni \u0130htiya\u00e7 Ba\u011f\u0131\u015flar\u0131<\/span>\r\n            <\/h2>\r\n                  \r\n         \r\n               <\/div>\r\n\r\n   <\/div>\r\n\r\n<\/div>\t\t\t\t<\/div>\n\t\t\t\t<\/div>\n\t\t\t\t<div class=\"elementor-element elementor-element-ff55204 elementor-widget elementor-widget-gva_post_breadcrumb\" data-id=\"ff55204\" data-element_type=\"widget\" data-e-type=\"widget\" data-widget_type=\"gva_post_breadcrumb.default\">\n\t\t\t\t<div class=\"elementor-widget-container\">\n\t\t\t\t\t<div class=\"gva-element-gva_post_breadcrumb gva-element\">   \r\n<div class=\"post-breadcrumb\">\r\n   <div class=\"custom-breadcrumb \" >\r\n      <div class=\"breadcrumb-overlay\"><\/div>\r\n      <div class=\"breadcrumb-main\">\r\n        <div class=\"container\">\r\n          <div class=\"breadcrumb-container-inner\">\r\n            <ol class=\"breadcrumb\"><li><a href=\"https:\/\/koruncuk.org\/en\">Home<\/a> <\/li> <li class=\"active\">Page<\/li><\/ol>          <\/div>  \r\n        <\/div>   \r\n      <\/div>  \r\n   <\/div>\r\n<\/div>      \r\n\r\n<\/div>\t\t\t\t<\/div>\n\t\t\t\t<\/div>\n\t\t\t\t<\/div>\n\t\t\t\t\t<\/div>\n\t\t\t\t<\/div>\n\t\t\t\t<\/div>\n\t\t\t\t<\/div>\n\t\t<div class=\"elementor-element elementor-element-b410907 e-flex e-con-boxed e-con e-parent\" data-id=\"b410907\" data-element_type=\"container\" data-e-type=\"container\">\n\t\t\t\t\t<div class=\"e-con-inner\">\n\t\t<div class=\"wsdtk-sticky-enabled elementor-element elementor-element-b89a8b7 e-con-full e-flex e-con e-child\" data-lsc-sticky=\"yes\" data-lsc-sticky-devices=\"desktop,tablet\" data-lsc-sticky-container=\"viewport\" data-lsc-sticky-top=\"100\" data-id=\"b89a8b7\" data-element_type=\"container\" data-e-type=\"container\">\n\t\t\t\t<div class=\"elementor-element elementor-element-ccdf581 elementor-widget elementor-widget-shortcode\" data-id=\"ccdf581\" data-element_type=\"widget\" data-e-type=\"widget\" data-widget_type=\"shortcode.default\">\n\t\t\t\t\t\t\t<div class=\"elementor-shortcode\"><\/div>\n\t\t\t\t\t\t<\/div>\n\t\t\t\t<div class=\"elementor-element elementor-element-5313e11 elementor-widget elementor-widget-shortcode\" data-id=\"5313e11\" data-element_type=\"widget\" data-e-type=\"widget\" data-widget_type=\"shortcode.default\">\n\t\t\t\t\t\t\t<div class=\"elementor-shortcode\">\t<div class=\"wsdtk-achor-subpages-block wsdtk-achor-toc \"\n     data-classes=\"bagis\"\n     data-levels=\"3,4\"\n     data-offset=\"130\"\n     data-force-ids=\"0\">\n            <ul class=\"wsdtk-achor-subpages-list\" role=\"list\"><\/ul>\n    <\/div>\n    <\/div>\n\t\t\t\t\t\t<\/div>\n\t\t\t\t<\/div>\n\t\t<div class=\"elementor-element elementor-element-14fb790 e-con-full bagis e-flex e-con e-child\" data-id=\"14fb790\" data-element_type=\"container\" data-e-type=\"container\">\n\t\t\t\t<div class=\"elementor-element elementor-element-4e5e36e elementor-widget elementor-widget-heading\" data-id=\"4e5e36e\" data-element_type=\"widget\" data-e-type=\"widget\" data-widget_type=\"heading.default\">\n\t\t\t\t\t<h3 class=\"elementor-heading-title elementor-size-default\">Ayni \u0130htiya\u00e7 Ba\u011f\u0131\u015flar\u0131<\/h3>\t\t\t\t<\/div>\n\t\t\t\t<div class=\"elementor-element elementor-element-104ae57 elementor-widget elementor-widget-text-editor\" data-id=\"104ae57\" data-element_type=\"widget\" data-e-type=\"widget\" data-widget_type=\"text-editor.default\">\n\t\t\t\t\t\t\t\t\t<p>Koruncukk\u00f6ylerimizde belirlenen ihtiya\u00e7lar do\u011frultusunda olu\u015fturdu\u011fumuz ayni ihtiya\u00e7 listelerine destek sa\u011flamak isterseniz <a href=\"mailto:info@koruncuk.org\">info@koruncuk.org<\/a> adresimize mail g\u00f6nderebilir veya <a href=\"tel:02126850383\">0212 685 03 83<\/a> numaral\u0131 telefonumuzdan bize ula\u015fabilirsiniz.<\/p>\t\t\t\t\t\t\t\t<\/div>\n\t\t\t\t<div class=\"elementor-element elementor-element-512a810 elementor-widget elementor-widget-text-editor\" data-id=\"512a810\" data-element_type=\"widget\" data-e-type=\"widget\" data-widget_type=\"text-editor.default\">\n\t\t\t\t\t\t\t\t\t<h6 style=\"font-weight: 500;\">Vakf\u0131m\u0131za 17.12.1989 tarih ve 1989\/14827 say\u0131l\u0131 Bakanlar Kurulu karar\u0131 ile Vergi Muafiyeti hakk\u0131 tan\u0131nm\u0131\u015ft\u0131r.<\/h6>\t\t\t\t\t\t\t\t<\/div>\n\t\t\t\t<div class=\"elementor-element elementor-element-2c066a4 elementor-widget elementor-widget-text-editor\" data-id=\"2c066a4\" data-element_type=\"widget\" data-e-type=\"widget\" data-widget_type=\"text-editor.default\">\n\t\t\t\t\t\t\t\t\t<blockquote style=\"padding: 0; margin: 0;\"><p><em>K\u0131z \u00e7ocuklar\u0131m\u0131z\u0131n e\u011fitim, sa\u011fl\u0131k ve g\u0131da giderlerine katk\u0131da bulunmak i\u00e7in ba\u011f\u0131\u015f yapabilirsiniz. Daha \u00e7ok k\u0131z \u00e7ocu\u011fun y\u00fcz\u00fcn\u00fc g\u00fcld\u00fcrmek, onlara ayd\u0131nl\u0131k bir gelecek sa\u011flamak i\u00e7in\u2026<br \/><\/em><\/p><\/blockquote>\t\t\t\t\t\t\t\t<\/div>\n\t\t\t\t<div class=\"elementor-element elementor-element-1f57428 elementor-widget elementor-widget-html\" data-id=\"1f57428\" data-element_type=\"widget\" data-e-type=\"widget\" data-widget_type=\"html.default\">\n\t\t\t\t\t<div class=\"hr-heart\" aria-hidden=\"true\">\n  <svg viewBox=\"0 0 24 24\">\n    <path d=\"M20.84 4.61a5.5 5.5 0 0 0-7.78 0L12 5.67l-1.06-1.06a5.5 5.5 0 1 0-7.78 7.78L12 21.23l8.84-8.84a5.5 5.5 0 0 0 0-7.78z\"\/>\n  <\/svg>\n<\/div>\t\t\t\t<\/div>\n\t\t\t\t<div class=\"elementor-element elementor-element-3f989c6 elementor-widget elementor-widget-html\" data-id=\"3f989c6\" data-element_type=\"widget\" data-e-type=\"widget\" data-widget_type=\"html.default\">\n\t\t\t\t\t<div style=\"width:100%;max-width:640px;margin:48px auto 48px;padding:24px;background:#fff;border:1px solid #edf0f4;border-radius:14px;box-shadow:0 10px 28px rgba(15,23,42,.08);font-family:system-ui,-apple-system,Segoe UI,Roboto,Arial,sans-serif;color:#0f172a;line-height:1.5;box-sizing:border-box\">\n  <div class='fluentform ff-default fluentform_wrapper_1 ffs_default_wrap'><form data-form_id=\"1\" id=\"fluentform_1\" class=\"frm-fluent-form fluent_form_1 ff-el-form-top ff_form_instance_1_1 ff-form-loading ffs_default\" data-form_instance=\"ff_form_instance_1_1\" method=\"POST\" ><fieldset  style=\"border: none!important;margin: 0!important;padding: 0!important;background-color: transparent!important;box-shadow: none!important;outline: none!important; min-inline-size: 100%;\">\n                    <legend class=\"ff_screen_reader_title\" style=\"display: block; margin: 0!important;padding: 0!important;height: 0!important;text-indent: -999999px;width: 0!important;overflow:hidden;\">Koruncukk\u00f6ylerimiz \u0130\u00e7in Ayni Ba\u011f\u0131\u015f Deste\u011fi Formu<\/legend><input type='hidden' name='__fluent_form_embded_post_id' value='2060' \/><input type=\"hidden\" id=\"_fluentform_1_fluentformnonce\" name=\"_fluentform_1_fluentformnonce\" value=\"1e6df3fdde\" \/><input type=\"hidden\" name=\"_wp_http_referer\" value=\"\/en\/wp-json\/wp\/v2\/pages\/2060\" \/><div class='ff-el-group  ff-custom_html' tabindex='-1' data-name=\"custom_html-1_1\" ><h4><span style=\"color: #e5007d\"><strong>Koruncukk\u00f6ylerimiz \u0130\u00e7in Ayni Ba\u011f\u0131\u015f Deste\u011fi<\/strong><\/span><\/h4>\n<p>Koruncuk Vakf\u0131\u2019na ayni ba\u011f\u0131\u015f yaparak destek olmak isterseniz a\u015fa\u011f\u0131daki formu doldurabilirsiniz.<\/p><\/div><div data-type=\"name-element\" data-name=\"names\" class=\" ff-field_container ff-name-field-wrapper\" ><div class='ff-t-container'><div class='ff-t-cell '><div class='ff-el-group'><div class=\"ff-el-input--label ff-el-is-required asterisk-right\"><label for='ff_1_names_first_name_' id='label_ff_1_names_first_name_' >Ad\u0131n\u0131z<\/label><\/div><div class='ff-el-input--content'><input type=\"text\" name=\"names[first_name]\" id=\"ff_1_names_first_name_\" class=\"ff-el-form-control\" aria-invalid=\"false\" aria-required=true><\/div><\/div><\/div><div class='ff-t-cell '><div class='ff-el-group'><div class=\"ff-el-input--label ff-el-is-required asterisk-right\"><label for='ff_1_names_last_name_' id='label_ff_1_names_last_name_' >Soyad\u0131n\u0131z<\/label><\/div><div class='ff-el-input--content'><input type=\"text\" name=\"names[last_name]\" id=\"ff_1_names_last_name_\" class=\"ff-el-form-control\" aria-invalid=\"false\" aria-required=true><\/div><\/div><\/div><\/div><\/div><div class='ff-el-group'><div class=\"ff-el-input--label ff-el-is-required asterisk-right\"><label for='ff_1_email' id='label_ff_1_email' aria-label=\"Email Adresiniz\">Email Adresiniz<\/label><\/div><div class='ff-el-input--content'><input type=\"email\" name=\"email\" id=\"ff_1_email\" class=\"ff-el-form-control\" data-name=\"email\"  aria-invalid=\"false\" aria-required=true><\/div><\/div><div class='ff-el-group'><div class=\"ff-el-input--label ff-el-is-required asterisk-right\"><label for='ff_1_message' id='label_ff_1_message' aria-label=\"Mesaj\u0131n\u0131z\">Mesaj\u0131n\u0131z<\/label><\/div><div class='ff-el-input--content'><textarea aria-required=\"true\" aria-labelledby=\"label_ff_1_message\" name=\"message\" id=\"ff_1_message\" class=\"ff-el-form-control\" rows=\"4\" cols=\"2\" data-name=\"message\" ><\/textarea><\/div><\/div><div class='ff-el-group'><div class=\"ff-el-input--label ff-el-is-required asterisk-right\"><label   aria-label=\"Koruncuk Vakf\u0131 ve \u0130ktisadi \u0130\u015fletmesi (birlikte \u2018Vak\u0131f\u2019) taraf\u0131ndan Vak\u0131f ile ilgili etkinlikler, faaliyetler, proje ve ba\u011f\u0131\u015f kampanyalar\u0131 hakk\u0131nda bilgilendirilmeye ve bu kapsamda taraf\u0131ma Vakf\u0131n elektronik ileti g\u00f6ndermesine*\">Koruncuk Vakf\u0131 ve \u0130ktisadi \u0130\u015fletmesi (birlikte \u2018Vak\u0131f\u2019) taraf\u0131ndan Vak\u0131f ile ilgili etkinlikler, faaliyetler, proje ve ba\u011f\u0131\u015f kampanyalar\u0131 hakk\u0131nda bilgilendirilmeye ve bu kapsamda taraf\u0131ma Vakf\u0131n elektronik ileti g\u00f6ndermesine*<\/label><\/div><div class='ff-el-input--content'><div class='ff-el-form-check ff-el-form-check-'><label class='ff-el-form-check-label' for='input_radio_7bd8814283ecce2a2871ea75ceff2e15'><input  type=\"radio\" name=\"input_radio\" data-name=\"input_radio\" class=\"ff-el-form-check-input ff-el-form-check-radio\" value=\"Onay veriyorum\"  id='input_radio_7bd8814283ecce2a2871ea75ceff2e15' aria-label='Onay veriyorum' aria-invalid='false' aria-required=true> <span>Onay veriyorum<\/span><\/label><\/div><div class='ff-el-form-check ff-el-form-check-'><label class='ff-el-form-check-label' for='input_radio_970a255455257bf2841cb43372119cc4'><input  type=\"radio\" name=\"input_radio\" data-name=\"input_radio\" class=\"ff-el-form-check-input ff-el-form-check-radio\" value=\"Onay vermiyorum\"  id='input_radio_970a255455257bf2841cb43372119cc4' aria-label='Onay vermiyorum' aria-invalid='false' aria-required=true> <span>Onay vermiyorum<\/span><\/label><\/div><\/div><\/div><div class='ff-el-group    ff-el-input--content'><div class='ff-el-form-check ff-el-tc'><label aria-label='Terms and Conditions: Ki\u015fisel verilerinizin toplanmas\u0131 ve onay\u0131n\u0131z ile ilgili olarak ayd\u0131nlatma metnine buradan ula\u015fabilirsiniz. Contains 1 link. Use tab navigation to review.' class='ff-el-form-check-label ff_tc_label' for=gdpr-agreement_81a7bdc32d4372e39e20d8a7806cee93><span class='ff_tc_checkbox'><input type=\"checkbox\" name=\"gdpr-agreement\" class=\"ff-el-form-check-input ff_gdpr_field\" data-name=\"gdpr-agreement\" id=\"gdpr-agreement_81a7bdc32d4372e39e20d8a7806cee93\"  value='on' aria-invalid='false' aria-required=true><\/span> <div class='ff_t_c'>Ki\u015fisel verilerinizin toplanmas\u0131 ve onay\u0131n\u0131z ile ilgili olarak ayd\u0131nlatma metnine <a href=\"https:\/\/koruncuk.org\/bagisci-ve-gonullu-kisisel-verilerinin-korunmasi-hakkinda-aydinlatma-metni\/\" target=\"_blank\" rel=\"noopener\">buradan<\/a> ula\u015fabilirsiniz.<\/div><\/label><\/div><\/div><div class='ff-el-group ff-text-left ff_submit_btn_wrapper'><button type=\"submit\" class=\"ff-btn ff-btn-submit ff-btn-md ff_btn_style\"  aria-label=\"KAYDET VE G\u00d6NDER\">KAYDET VE G\u00d6NDER<\/button><\/div><\/fieldset><\/form><div id='fluentform_1_errors' class='ff-errors-in-stack ff_form_instance_1_1 ff-form-loading_errors ff_form_instance_1_1_errors'><\/div><\/div>            <script type=\"text\/javascript\">\n                window.fluent_form_ff_form_instance_1_1 = {\"id\":\"1\",\"settings\":{\"layout\":{\"labelPlacement\":\"top\",\"helpMessagePlacement\":\"with_label\",\"errorMessagePlacement\":\"inline\",\"cssClassName\":\"\",\"asteriskPlacement\":\"asterisk-right\"},\"restrictions\":{\"denyEmptySubmission\":{\"enabled\":false}}},\"form_instance\":\"ff_form_instance_1_1\",\"form_id_selector\":\"fluentform_1\",\"rules\":{\"names[first_name]\":{\"required\":{\"value\":true,\"message\":\"Bu alan gereklidir!\",\"global\":false,\"global_message\":\"This field is required\"}},\"names[middle_name]\":{\"required\":{\"value\":false,\"message\":\"This field is required\",\"global\":false,\"global_message\":\"This field is required\"}},\"names[last_name]\":{\"required\":{\"value\":true,\"message\":\"Bu alan gereklidir!\",\"global\":false,\"global_message\":\"This field is required\"}},\"email\":{\"required\":{\"value\":true,\"message\":\"Bu alan gereklidir!\",\"global\":false,\"global_message\":\"This field is required\"},\"email\":{\"value\":true,\"message\":\"L\\u00fctfen ge\\u00e7erli bir mail giriniz!\",\"global\":false,\"global_message\":\"This field must contain a valid email\"}},\"message\":{\"required\":{\"value\":true,\"message\":\"This field is required\",\"global\":false,\"global_message\":\"This field is required\"}},\"input_radio\":{\"required\":{\"value\":true,\"message\":\"Bu alan gereklidir!\",\"global_message\":\"This field is required\",\"global\":false}},\"gdpr-agreement\":{\"required\":{\"value\":true,\"message\":\"Bu alan gereklidir\",\"global_message\":\"This field is required\",\"global\":true}}},\"debounce_time\":300};\n                            <\/script>\n            \n<\/div>\t\t\t\t<\/div>\n\t\t\t\t<\/div>\n\t\t\t\t\t<\/div>\n\t\t\t\t<\/div>\n\t\t\t\t<\/div>\n\t\t","protected":false},"excerpt":{"rendered":"<p>Ayni \u0130htiya\u00e7 Ba\u011f\u0131\u015flar\u0131 Ana Sayfa Sayfa Ayni \u0130htiya\u00e7 Ba\u011f\u0131\u015flar\u0131 Koruncukk\u00f6ylerimizde belirlenen ihtiya\u00e7lar do\u011frultusunda olu\u015fturdu\u011fumuz ayni ihtiya\u00e7 listelerine destek sa\u011flamak isterseniz info@koruncuk.org adresimize mail g\u00f6nderebilir veya 0212 685 03 83 numaral\u0131 telefonumuzdan bize ula\u015fabilirsiniz. Vakf\u0131m\u0131za 17.12.1989 tarih ve 1989\/14827 say\u0131l\u0131 Bakanlar Kurulu karar\u0131 ile Vergi Muafiyeti hakk\u0131 tan\u0131nm\u0131\u015ft\u0131r. K\u0131z \u00e7ocuklar\u0131m\u0131z\u0131n e\u011fitim, sa\u011fl\u0131k ve g\u0131da giderlerine katk\u0131da [&hellip;]<\/p>\n","protected":false},"author":1,"featured_media":0,"parent":3980,"menu_order":0,"comment_status":"closed","ping_status":"closed","template":"","meta":{"footnotes":""},"class_list":["post-2060","page","type-page","status-publish","hentry"],"_links":{"self":[{"href":"https:\/\/koruncuk.org\/en\/wp-json\/wp\/v2\/pages\/2060","targetHints":{"allow":["GET"]}}],"collection":[{"href":"https:\/\/koruncuk.org\/en\/wp-json\/wp\/v2\/pages"}],"about":[{"href":"https:\/\/koruncuk.org\/en\/wp-json\/wp\/v2\/types\/page"}],"author":[{"embeddable":true,"href":"https:\/\/koruncuk.org\/en\/wp-json\/wp\/v2\/users\/1"}],"replies":[{"embeddable":true,"href":"https:\/\/koruncuk.org\/en\/wp-json\/wp\/v2\/comments?post=2060"}],"version-history":[{"count":40,"href":"https:\/\/koruncuk.org\/en\/wp-json\/wp\/v2\/pages\/2060\/revisions"}],"predecessor-version":[{"id":6026,"href":"https:\/\/koruncuk.org\/en\/wp-json\/wp\/v2\/pages\/2060\/revisions\/6026"}],"up":[{"embeddable":true,"href":"https:\/\/koruncuk.org\/en\/wp-json\/wp\/v2\/pages\/3980"}],"wp:attachment":[{"href":"https:\/\/koruncuk.org\/en\/wp-json\/wp\/v2\/media?parent=2060"}],"curies":[{"name":"wp","href":"https:\/\/api.w.org\/{rel}","templated":true}]}}