{"id":2070,"date":"2025-09-11T09:40:00","date_gmt":"2025-09-11T06:40:00","guid":{"rendered":"https:\/\/webseldonusum.net\/tema\/koruncuk\/?page_id=2070"},"modified":"2026-03-31T06:33:23","modified_gmt":"2026-03-31T03:33:23","slug":"kendi-bagis-kampanyani-yarat","status":"publish","type":"page","link":"https:\/\/koruncuk.org\/en\/nasil-destek-olabilirsiniz\/kendi-bagis-kampanyani-yarat\/","title":{"rendered":"Kendi Ba\u011f\u0131\u015f Kampanyan\u0131 Yarat"},"content":{"rendered":"\t\t<div data-elementor-type=\"wp-page\" data-elementor-id=\"2070\" class=\"elementor elementor-2070\">\n\t\t\t\t<div class=\"elementor-element elementor-element-e3a347c e-con-full e-flex e-con e-parent\" data-id=\"e3a347c\" data-element_type=\"container\" data-e-type=\"container\" data-settings=\"{&quot;background_background&quot;:&quot;classic&quot;}\">\n\t\t<div class=\"elementor-element elementor-element-e7ccf02 e-con-full e-flex e-con e-child\" data-id=\"e7ccf02\" data-element_type=\"container\" data-e-type=\"container\" data-settings=\"{&quot;background_background&quot;:&quot;slideshow&quot;,&quot;background_slideshow_gallery&quot;:[{&quot;id&quot;:2387,&quot;url&quot;:&quot;https:\\\/\\\/koruncuk.org\\\/wp-content\\\/uploads\\\/2025\\\/09\\\/koruncuk-Header_BG-3.webp&quot;},{&quot;id&quot;:2388,&quot;url&quot;:&quot;https:\\\/\\\/koruncuk.org\\\/wp-content\\\/uploads\\\/2025\\\/09\\\/koruncuk-Header_BG-4.webp&quot;}],&quot;background_slideshow_slide_duration&quot;:15000,&quot;background_slideshow_transition_duration&quot;:3000,&quot;background_slideshow_ken_burns&quot;:&quot;yes&quot;,&quot;background_slideshow_lazyload&quot;:&quot;yes&quot;,&quot;background_slideshow_loop&quot;:&quot;yes&quot;,&quot;background_slideshow_slide_transition&quot;:&quot;fade&quot;,&quot;background_slideshow_ken_burns_zoom_direction&quot;:&quot;in&quot;}\">\n\t\t<div class=\"elementor-element elementor-element-e72254e e-flex e-con-boxed e-con e-child\" data-id=\"e72254e\" data-element_type=\"container\" data-e-type=\"container\" data-settings=\"{&quot;background_background&quot;:&quot;slideshow&quot;,&quot;background_slideshow_gallery&quot;:[{&quot;id&quot;:2396,&quot;url&quot;:&quot;https:\\\/\\\/koruncuk.org\\\/wp-content\\\/uploads\\\/2025\\\/09\\\/koruncuk-Banner_Edit_Gecis_3.webp&quot;},{&quot;id&quot;:2397,&quot;url&quot;:&quot;https:\\\/\\\/koruncuk.org\\\/wp-content\\\/uploads\\\/2025\\\/09\\\/koruncuk-Banner_Edit_Gecis_4.webp&quot;},{&quot;id&quot;:2398,&quot;url&quot;:&quot;https:\\\/\\\/koruncuk.org\\\/wp-content\\\/uploads\\\/2025\\\/09\\\/koruncuk-Banner_Edit_Gecis_5.webp&quot;}],&quot;background_slideshow_slide_duration&quot;:200,&quot;background_slideshow_transition_duration&quot;:1000,&quot;background_slideshow_loop&quot;:&quot;yes&quot;,&quot;background_slideshow_slide_transition&quot;:&quot;fade&quot;}\">\n\t\t\t\t\t<div class=\"e-con-inner\">\n\t\t<div class=\"elementor-element elementor-element-1775257 e-con-full e-flex e-con e-child\" data-id=\"1775257\" data-element_type=\"container\" data-e-type=\"container\">\n\t\t\t\t<div class=\"elementor-element elementor-element-aa20740 elementor-widget elementor-widget-gva-heading-block\" data-id=\"aa20740\" data-element_type=\"widget\" data-e-type=\"widget\" data-widget_type=\"gva-heading-block.default\">\n\t\t\t\t<div class=\"elementor-widget-container\">\n\t\t\t\t\t<div class=\"gva-element-gva-heading-block gva-element\">\r\n\r\n   <div class=\"align-center style-1 widget gsc-heading box-align-left auto-responsive\">\r\n      \r\n      <div class=\"content-inner\">\r\n                  \r\n         <div class=\"sub-title\"><span class=\"tagline\">Koruncuk<\/span><\/div>  \r\n         \r\n                     <h2 class=\"title\">\r\n               <span>Kendi Ba\u011f\u0131\u015f Kampanyan\u0131 Olu\u015ftur<\/span>\r\n            <\/h2>\r\n                  \r\n         \r\n               <\/div>\r\n\r\n   <\/div>\r\n\r\n<\/div>\t\t\t\t<\/div>\n\t\t\t\t<\/div>\n\t\t\t\t<div class=\"elementor-element elementor-element-5579a84 elementor-widget elementor-widget-gva_post_breadcrumb\" data-id=\"5579a84\" data-element_type=\"widget\" data-e-type=\"widget\" data-widget_type=\"gva_post_breadcrumb.default\">\n\t\t\t\t<div class=\"elementor-widget-container\">\n\t\t\t\t\t<div class=\"gva-element-gva_post_breadcrumb gva-element\">   \r\n<div class=\"post-breadcrumb\">\r\n   <div class=\"custom-breadcrumb \" >\r\n      <div class=\"breadcrumb-overlay\"><\/div>\r\n      <div class=\"breadcrumb-main\">\r\n        <div class=\"container\">\r\n          <div class=\"breadcrumb-container-inner\">\r\n            <ol class=\"breadcrumb\"><li><a href=\"https:\/\/koruncuk.org\/en\">Home<\/a> <\/li> <li class=\"active\">Page<\/li><\/ol>          <\/div>  \r\n        <\/div>   \r\n      <\/div>  \r\n   <\/div>\r\n<\/div>      \r\n\r\n<\/div>\t\t\t\t<\/div>\n\t\t\t\t<\/div>\n\t\t\t\t<\/div>\n\t\t\t\t\t<\/div>\n\t\t\t\t<\/div>\n\t\t\t\t<\/div>\n\t\t\t\t<\/div>\n\t\t<div class=\"elementor-element elementor-element-e41e783 e-flex e-con-boxed e-con e-parent\" data-id=\"e41e783\" data-element_type=\"container\" data-e-type=\"container\">\n\t\t\t\t\t<div class=\"e-con-inner\">\n\t\t<div class=\"wsdtk-sticky-enabled elementor-element elementor-element-a7fe699 e-con-full e-flex e-con e-child\" data-lsc-sticky=\"yes\" data-lsc-sticky-devices=\"desktop,tablet\" data-lsc-sticky-container=\"viewport\" data-lsc-sticky-top=\"100\" data-id=\"a7fe699\" data-element_type=\"container\" data-e-type=\"container\">\n\t\t\t\t<div class=\"elementor-element elementor-element-e89d6fa elementor-widget elementor-widget-shortcode\" data-id=\"e89d6fa\" data-element_type=\"widget\" data-e-type=\"widget\" data-widget_type=\"shortcode.default\">\n\t\t\t\t\t\t\t<div class=\"elementor-shortcode\"><\/div>\n\t\t\t\t\t\t<\/div>\n\t\t\t\t<div class=\"elementor-element elementor-element-9418cad elementor-widget elementor-widget-shortcode\" data-id=\"9418cad\" data-element_type=\"widget\" data-e-type=\"widget\" data-widget_type=\"shortcode.default\">\n\t\t\t\t\t\t\t<div class=\"elementor-shortcode\">\t<div class=\"wsdtk-achor-subpages-block wsdtk-achor-toc \"\n     data-classes=\"bagis\"\n     data-levels=\"3,4\"\n     data-offset=\"130\"\n     data-force-ids=\"0\">\n            <ul class=\"wsdtk-achor-subpages-list\" role=\"list\"><\/ul>\n    <\/div>\n    <\/div>\n\t\t\t\t\t\t<\/div>\n\t\t\t\t<\/div>\n\t\t<div class=\"elementor-element elementor-element-feda042 e-con-full bagis e-flex e-con e-child\" data-id=\"feda042\" data-element_type=\"container\" data-e-type=\"container\">\n\t\t\t\t<div class=\"elementor-element elementor-element-d75c2ac elementor-widget elementor-widget-heading\" data-id=\"d75c2ac\" data-element_type=\"widget\" data-e-type=\"widget\" data-widget_type=\"heading.default\">\n\t\t\t\t\t<h3 class=\"elementor-heading-title elementor-size-default\">Kendi Ba\u011f\u0131\u015f Kampanyan\u0131 Olu\u015ftur<\/h3>\t\t\t\t<\/div>\n\t\t\t\t<div class=\"elementor-element elementor-element-69594fd elementor-widget elementor-widget-text-editor\" data-id=\"69594fd\" data-element_type=\"widget\" data-e-type=\"widget\" data-widget_type=\"text-editor.default\">\n\t\t\t\t\t\t\t\t\t<p>Do\u011fum g\u00fcn\u00fc, y\u0131l d\u00f6n\u00fcm\u00fc, mezuniyet gibi bir\u00e7ok \u00f6zel g\u00fcnde kurumsal veya bireysel ba\u011f\u0131\u015f kampanyan\u0131z\u0131 olu\u015fturarak Koruncuklar\u0131n e\u011fitime eri\u015fimini destekleyebilirsiniz.\u00a0<\/p><p>Ba\u011f\u0131\u015f kampanyan\u0131z\u0131\u00a0a\u015fa\u011f\u0131daki platformlardan birini se\u00e7erek ba\u015flatabilir, hedefledi\u011finiz ba\u011f\u0131\u015fa ula\u015fmak i\u00e7in kampanyan\u0131z\u0131 \u00e7evrenizle payla\u015fabilirsiniz.<\/p>\t\t\t\t\t\t\t\t<\/div>\n\t\t<div class=\"elementor-element elementor-element-ff8d0b0 e-con-full e-flex e-con e-child\" data-id=\"ff8d0b0\" data-element_type=\"container\" data-e-type=\"container\">\n\t\t<div class=\"elementor-element elementor-element-2b7d687 e-con-full e-flex e-con e-child\" data-id=\"2b7d687\" data-element_type=\"container\" data-e-type=\"container\">\n\t\t\t\t<div class=\"elementor-element elementor-element-cd52bcb elementor-button-success elementor-align-center elementor-widget elementor-widget-button\" data-id=\"cd52bcb\" data-element_type=\"widget\" data-e-type=\"widget\" data-widget_type=\"button.default\">\n\t\t\t\t\t\t\t\t\t\t<a class=\"elementor-button elementor-button-link elementor-size-sm\" href=\"https:\/\/iyilikpaylas.org\/\" target=\"_blank\" rel=\"nofollow\">\n\t\t\t\t\t\t<span class=\"elementor-button-content-wrapper\">\n\t\t\t\t\t\t\t\t\t<span class=\"elementor-button-text\">iyilikpaylas.org<\/span>\n\t\t\t\t\t<\/span>\n\t\t\t\t\t<\/a>\n\t\t\t\t\t\t\t\t<\/div>\n\t\t\t\t<\/div>\n\t\t<div class=\"elementor-element elementor-element-2ba1b78 e-con-full e-flex e-con e-child\" data-id=\"2ba1b78\" data-element_type=\"container\" data-e-type=\"container\">\n\t\t\t\t<div class=\"elementor-element elementor-element-cb10b32 elementor-button-success elementor-align-center elementor-widget elementor-widget-button\" data-id=\"cb10b32\" data-element_type=\"widget\" data-e-type=\"widget\" data-widget_type=\"button.default\">\n\t\t\t\t\t\t\t\t\t\t<a class=\"elementor-button elementor-button-link elementor-size-sm\" href=\"https:\/\/bagis.koruncuk.org\/kampanya\" target=\"_blank\">\n\t\t\t\t\t\t<span class=\"elementor-button-content-wrapper\">\n\t\t\t\t\t\t\t\t\t<span class=\"elementor-button-text\">Kampanyan\u0131 ba\u015flat ve destek ol!<\/span>\n\t\t\t\t\t<\/span>\n\t\t\t\t\t<\/a>\n\t\t\t\t\t\t\t\t<\/div>\n\t\t\t\t<\/div>\n\t\t\t\t<\/div>\n\t\t\t\t<div class=\"elementor-element elementor-element-7780e98 elementor-widget elementor-widget-image\" data-id=\"7780e98\" data-element_type=\"widget\" data-e-type=\"widget\" data-widget_type=\"image.default\">\n\t\t\t\t\t\t\t\t\t\t\t\t\t\t\t<img fetchpriority=\"high\" decoding=\"async\" width=\"900\" height=\"480\" src=\"https:\/\/koruncuk.org\/wp-content\/uploads\/2025\/09\/2025-09-11_00h14_54.png\" class=\"attachment-large size-large wp-image-2072\" alt=\"\" srcset=\"https:\/\/koruncuk.org\/wp-content\/uploads\/2025\/09\/2025-09-11_00h14_54.png 967w, https:\/\/koruncuk.org\/wp-content\/uploads\/2025\/09\/2025-09-11_00h14_54-768x410.png 768w, https:\/\/koruncuk.org\/wp-content\/uploads\/2025\/09\/2025-09-11_00h14_54-600x320.png 600w\" sizes=\"(max-width: 900px) 100vw, 900px\" \/>\t\t\t\t\t\t\t\t\t\t\t\t\t\t\t<\/div>\n\t\t\t\t<div class=\"elementor-element elementor-element-3995caf elementor-widget elementor-widget-text-editor\" data-id=\"3995caf\" data-element_type=\"widget\" data-e-type=\"widget\" data-widget_type=\"text-editor.default\">\n\t\t\t\t\t\t\t\t\t<p>Ba\u011f\u0131\u015f\u00e7\u0131lar, ba\u011f\u0131\u015f\u0131 yapt\u0131klar\u0131 tarihten itibaren 30 g\u00fcn i\u00e7inde yap\u0131lan ba\u011f\u0131\u015f\u0131n iptal ve iade edilmesini talep edebilirler.<\/p><p>Online ba\u011f\u0131\u015f hizmet s\u00f6zle\u015fmesini, iptal ve iade ko\u015fullar\u0131n\u0131 okumak i\u00e7in l\u00fctfen\u00a0<a href=\"https:\/\/koruncuk.org\/hizmet-sozlesmesi-iptal-iade-kosullari\/\" target=\"_blank\" rel=\"noopener\">t\u0131klay\u0131n\u0131z<\/a>.<\/p><p>Ba\u011f\u0131\u015f Taahh\u00fctnamesini okumak i\u00e7in l\u00fctfen <a href=\"https:\/\/koruncuk.org\/koruncuk-vakfi-bagis-taahhutnamesi\/\" target=\"_blank\" rel=\"noopener\">t\u0131klay\u0131n\u0131z<\/a>.<\/p>\t\t\t\t\t\t\t\t<\/div>\n\t\t\t\t<\/div>\n\t\t\t\t\t<\/div>\n\t\t\t\t<\/div>\n\t\t\t\t<\/div>\n\t\t","protected":false},"excerpt":{"rendered":"<p>Koruncuk Kendi Ba\u011f\u0131\u015f Kampanyan\u0131 Olu\u015ftur Ana Sayfa Sayfa Kendi Ba\u011f\u0131\u015f Kampanyan\u0131 Olu\u015ftur Do\u011fum g\u00fcn\u00fc, y\u0131l d\u00f6n\u00fcm\u00fc, mezuniyet gibi bir\u00e7ok \u00f6zel g\u00fcnde kurumsal veya bireysel ba\u011f\u0131\u015f kampanyan\u0131z\u0131 olu\u015fturarak Koruncuklar\u0131n e\u011fitime eri\u015fimini destekleyebilirsiniz.\u00a0 Ba\u011f\u0131\u015f kampanyan\u0131z\u0131\u00a0a\u015fa\u011f\u0131daki platformlardan birini se\u00e7erek ba\u015flatabilir, hedefledi\u011finiz ba\u011f\u0131\u015fa ula\u015fmak i\u00e7in kampanyan\u0131z\u0131 \u00e7evrenizle payla\u015fabilirsiniz. iyilikpaylas.org Kampanyan\u0131 ba\u015flat ve destek ol! Ba\u011f\u0131\u015f\u00e7\u0131lar, ba\u011f\u0131\u015f\u0131 yapt\u0131klar\u0131 tarihten itibaren [&hellip;]<\/p>\n","protected":false},"author":1,"featured_media":0,"parent":3980,"menu_order":0,"comment_status":"closed","ping_status":"closed","template":"","meta":{"footnotes":""},"class_list":["post-2070","page","type-page","status-publish","hentry"],"_links":{"self":[{"href":"https:\/\/koruncuk.org\/en\/wp-json\/wp\/v2\/pages\/2070","targetHints":{"allow":["GET"]}}],"collection":[{"href":"https:\/\/koruncuk.org\/en\/wp-json\/wp\/v2\/pages"}],"about":[{"href":"https:\/\/koruncuk.org\/en\/wp-json\/wp\/v2\/types\/page"}],"author":[{"embeddable":true,"href":"https:\/\/koruncuk.org\/en\/wp-json\/wp\/v2\/users\/1"}],"replies":[{"embeddable":true,"href":"https:\/\/koruncuk.org\/en\/wp-json\/wp\/v2\/comments?post=2070"}],"version-history":[{"count":31,"href":"https:\/\/koruncuk.org\/en\/wp-json\/wp\/v2\/pages\/2070\/revisions"}],"predecessor-version":[{"id":6035,"href":"https:\/\/koruncuk.org\/en\/wp-json\/wp\/v2\/pages\/2070\/revisions\/6035"}],"up":[{"embeddable":true,"href":"https:\/\/koruncuk.org\/en\/wp-json\/wp\/v2\/pages\/3980"}],"wp:attachment":[{"href":"https:\/\/koruncuk.org\/en\/wp-json\/wp\/v2\/media?parent=2070"}],"curies":[{"name":"wp","href":"https:\/\/api.w.org\/{rel}","templated":true}]}}