{"id":2121,"date":"2025-09-11T09:31:41","date_gmt":"2025-09-11T06:31:41","guid":{"rendered":"https:\/\/webseldonusum.net\/tema\/koruncuk\/?page_id=2121"},"modified":"2026-04-01T00:46:35","modified_gmt":"2026-03-31T21:46:35","slug":"iyilik-pesinde-kos","status":"publish","type":"page","link":"https:\/\/koruncuk.org\/en\/nasil-destek-olabilirsiniz\/iyilik-pesinde-kos\/","title":{"rendered":"\u0130yilik Pe\u015finde Ko\u015f"},"content":{"rendered":"\t\t<div data-elementor-type=\"wp-page\" data-elementor-id=\"2121\" class=\"elementor elementor-2121\">\n\t\t\t\t<div class=\"elementor-element elementor-element-bdc41c7 e-con-full e-flex e-con e-parent\" data-id=\"bdc41c7\" data-element_type=\"container\" data-e-type=\"container\" data-settings=\"{&quot;background_background&quot;:&quot;classic&quot;}\">\n\t\t<div class=\"elementor-element elementor-element-158eba8 e-con-full e-flex e-con e-child\" data-id=\"158eba8\" data-element_type=\"container\" data-e-type=\"container\" data-settings=\"{&quot;background_background&quot;:&quot;slideshow&quot;,&quot;background_slideshow_gallery&quot;:[{&quot;id&quot;:2387,&quot;url&quot;:&quot;https:\\\/\\\/koruncuk.org\\\/wp-content\\\/uploads\\\/2025\\\/09\\\/koruncuk-Header_BG-3.webp&quot;},{&quot;id&quot;:2388,&quot;url&quot;:&quot;https:\\\/\\\/koruncuk.org\\\/wp-content\\\/uploads\\\/2025\\\/09\\\/koruncuk-Header_BG-4.webp&quot;}],&quot;background_slideshow_slide_duration&quot;:15000,&quot;background_slideshow_transition_duration&quot;:3000,&quot;background_slideshow_ken_burns&quot;:&quot;yes&quot;,&quot;background_slideshow_lazyload&quot;:&quot;yes&quot;,&quot;background_slideshow_loop&quot;:&quot;yes&quot;,&quot;background_slideshow_slide_transition&quot;:&quot;fade&quot;,&quot;background_slideshow_ken_burns_zoom_direction&quot;:&quot;in&quot;}\">\n\t\t<div class=\"elementor-element elementor-element-8e2aca1 e-flex e-con-boxed e-con e-child\" data-id=\"8e2aca1\" data-element_type=\"container\" data-e-type=\"container\" data-settings=\"{&quot;background_background&quot;:&quot;slideshow&quot;,&quot;background_slideshow_gallery&quot;:[{&quot;id&quot;:2396,&quot;url&quot;:&quot;https:\\\/\\\/koruncuk.org\\\/wp-content\\\/uploads\\\/2025\\\/09\\\/koruncuk-Banner_Edit_Gecis_3.webp&quot;},{&quot;id&quot;:2397,&quot;url&quot;:&quot;https:\\\/\\\/koruncuk.org\\\/wp-content\\\/uploads\\\/2025\\\/09\\\/koruncuk-Banner_Edit_Gecis_4.webp&quot;},{&quot;id&quot;:2398,&quot;url&quot;:&quot;https:\\\/\\\/koruncuk.org\\\/wp-content\\\/uploads\\\/2025\\\/09\\\/koruncuk-Banner_Edit_Gecis_5.webp&quot;}],&quot;background_slideshow_slide_duration&quot;:200,&quot;background_slideshow_transition_duration&quot;:1000,&quot;background_slideshow_loop&quot;:&quot;yes&quot;,&quot;background_slideshow_slide_transition&quot;:&quot;fade&quot;}\">\n\t\t\t\t\t<div class=\"e-con-inner\">\n\t\t<div class=\"elementor-element elementor-element-b8d5ec3 e-con-full e-flex e-con e-child\" data-id=\"b8d5ec3\" data-element_type=\"container\" data-e-type=\"container\">\n\t\t\t\t<div class=\"elementor-element elementor-element-1cd7313 elementor-widget elementor-widget-gva-heading-block\" data-id=\"1cd7313\" data-element_type=\"widget\" data-e-type=\"widget\" data-widget_type=\"gva-heading-block.default\">\n\t\t\t\t<div class=\"elementor-widget-container\">\n\t\t\t\t\t<div class=\"gva-element-gva-heading-block gva-element\">\r\n\r\n   <div class=\"align-center style-1 widget gsc-heading box-align-left auto-responsive\">\r\n      \r\n      <div class=\"content-inner\">\r\n                  \r\n           \r\n         \r\n                     <h2 class=\"title\">\r\n               <span>\u0130yilik Pe\u015finde Ko\u015f<\/span>\r\n            <\/h2>\r\n                  \r\n         \r\n               <\/div>\r\n\r\n   <\/div>\r\n\r\n<\/div>\t\t\t\t<\/div>\n\t\t\t\t<\/div>\n\t\t\t\t<div class=\"elementor-element elementor-element-fedd0b4 elementor-widget elementor-widget-gva_post_breadcrumb\" data-id=\"fedd0b4\" data-element_type=\"widget\" data-e-type=\"widget\" data-widget_type=\"gva_post_breadcrumb.default\">\n\t\t\t\t<div class=\"elementor-widget-container\">\n\t\t\t\t\t<div class=\"gva-element-gva_post_breadcrumb gva-element\">   \r\n<div class=\"post-breadcrumb\">\r\n   <div class=\"custom-breadcrumb \" >\r\n      <div class=\"breadcrumb-overlay\"><\/div>\r\n      <div class=\"breadcrumb-main\">\r\n        <div class=\"container\">\r\n          <div class=\"breadcrumb-container-inner\">\r\n            <ol class=\"breadcrumb\"><li><a href=\"https:\/\/koruncuk.org\/en\">Home<\/a> <\/li> <li class=\"active\">Page<\/li><\/ol>          <\/div>  \r\n        <\/div>   \r\n      <\/div>  \r\n   <\/div>\r\n<\/div>      \r\n\r\n<\/div>\t\t\t\t<\/div>\n\t\t\t\t<\/div>\n\t\t\t\t<\/div>\n\t\t\t\t\t<\/div>\n\t\t\t\t<\/div>\n\t\t\t\t<\/div>\n\t\t\t\t<\/div>\n\t\t<div class=\"elementor-element elementor-element-c7af9bd e-flex e-con-boxed e-con e-parent\" data-id=\"c7af9bd\" data-element_type=\"container\" data-e-type=\"container\">\n\t\t\t\t\t<div class=\"e-con-inner\">\n\t\t<div class=\"wsdtk-sticky-enabled elementor-element elementor-element-d71ee49 e-con-full e-flex e-con e-child\" data-lsc-sticky=\"yes\" data-lsc-sticky-devices=\"desktop,tablet\" data-lsc-sticky-container=\"viewport\" data-lsc-sticky-top=\"100\" data-id=\"d71ee49\" data-element_type=\"container\" data-e-type=\"container\">\n\t\t\t\t<div class=\"elementor-element elementor-element-e54dd57 elementor-widget elementor-widget-shortcode\" data-id=\"e54dd57\" data-element_type=\"widget\" data-e-type=\"widget\" data-widget_type=\"shortcode.default\">\n\t\t\t\t\t\t\t<div class=\"elementor-shortcode\"><\/div>\n\t\t\t\t\t\t<\/div>\n\t\t\t\t<div class=\"elementor-element elementor-element-367cfc5 elementor-widget elementor-widget-shortcode\" data-id=\"367cfc5\" data-element_type=\"widget\" data-e-type=\"widget\" data-widget_type=\"shortcode.default\">\n\t\t\t\t\t\t\t<div class=\"elementor-shortcode\">\t<div class=\"wsdtk-achor-subpages-block wsdtk-achor-toc \"\n     data-classes=\"bagis\"\n     data-levels=\"3,4\"\n     data-offset=\"130\"\n     data-force-ids=\"0\">\n            <ul class=\"wsdtk-achor-subpages-list\" role=\"list\"><\/ul>\n    <\/div>\n    <\/div>\n\t\t\t\t\t\t<\/div>\n\t\t\t\t<\/div>\n\t\t<div class=\"elementor-element elementor-element-fbc66df e-con-full bagis e-flex e-con e-child\" data-id=\"fbc66df\" data-element_type=\"container\" data-e-type=\"container\">\n\t\t\t\t<div class=\"elementor-element elementor-element-ad75bb8 elementor-widget elementor-widget-heading\" data-id=\"ad75bb8\" data-element_type=\"widget\" data-e-type=\"widget\" data-widget_type=\"heading.default\">\n\t\t\t\t\t<h3 class=\"elementor-heading-title elementor-size-default\">\u0130yilik Pe\u015finde Ko\u015f<\/h3>\t\t\t\t<\/div>\n\t\t\t\t<div class=\"elementor-element elementor-element-997b012 elementor-widget elementor-widget-image\" data-id=\"997b012\" data-element_type=\"widget\" data-e-type=\"widget\" data-widget_type=\"image.default\">\n\t\t\t\t\t\t\t\t\t\t\t\t\t\t\t<img fetchpriority=\"high\" decoding=\"async\" width=\"900\" height=\"596\" src=\"https:\/\/koruncuk.org\/wp-content\/uploads\/2026\/03\/Koruncuk-Yardimseverlik-Kosulari-2026-1024x678.jpeg\" class=\"attachment-large size-large wp-image-6005\" alt=\"\" srcset=\"https:\/\/koruncuk.org\/wp-content\/uploads\/2026\/03\/Koruncuk-Yardimseverlik-Kosulari-2026-1024x678.jpeg 1024w, https:\/\/koruncuk.org\/wp-content\/uploads\/2026\/03\/Koruncuk-Yardimseverlik-Kosulari-2026-768x508.jpeg 768w, https:\/\/koruncuk.org\/wp-content\/uploads\/2026\/03\/Koruncuk-Yardimseverlik-Kosulari-2026-560x370.jpeg 560w, https:\/\/koruncuk.org\/wp-content\/uploads\/2026\/03\/Koruncuk-Yardimseverlik-Kosulari-2026-600x397.jpeg 600w, https:\/\/koruncuk.org\/wp-content\/uploads\/2026\/03\/Koruncuk-Yardimseverlik-Kosulari-2026.jpeg 1600w\" sizes=\"(max-width: 900px) 100vw, 900px\" \/>\t\t\t\t\t\t\t\t\t\t\t\t\t\t\t<\/div>\n\t\t\t\t<div class=\"elementor-element elementor-element-29a2164 elementor-widget elementor-widget-heading\" data-id=\"29a2164\" data-element_type=\"widget\" data-e-type=\"widget\" data-widget_type=\"heading.default\">\n\t\t\t\t\t<h4 class=\"elementor-heading-title elementor-size-default\">Yard\u0131mseverlik Yar\u0131\u015flar\u0131<\/h4>\t\t\t\t<\/div>\n\t\t\t\t<div class=\"elementor-element elementor-element-9cdf6b0 elementor-widget elementor-widget-text-editor\" data-id=\"9cdf6b0\" data-element_type=\"widget\" data-e-type=\"widget\" data-widget_type=\"text-editor.default\">\n\t\t\t\t\t\t\t\t\t<p>Bireysel kat\u0131l\u0131mc\u0131lar, sportif faaliyetler arac\u0131l\u0131\u011f\u0131yla sivil toplum kurulu\u015flar\u0131 i\u00e7in kaynak yaratmak amac\u0131yla ba\u011f\u0131\u015f kampanyalar\u0131 d\u00fczenleyebilirler. Bu t\u00fcr faaliyetler, ulusal veya uluslararas\u0131 spor etkinliklerine kat\u0131lmadan \u00f6nce g\u00f6n\u00fcll\u00fc ko\u015fucular ve y\u00fcz\u00fcc\u00fcler gibi bireylerin kat\u0131l\u0131m\u0131n\u0131 i\u00e7erebilir.<\/p><p>\u00d6rne\u011fin, g\u00f6n\u00fcll\u00fc ko\u015fucular veya y\u00fcz\u00fcc\u00fcler, aileleri, arkada\u015flar\u0131 ve tan\u0131d\u0131klar\u0131yla ileti\u015fim kurarak mail yoluyla duyurular yapabilirler. Bu duyurularda, destekledikleri sivil toplum kurulu\u015flar\u0131n\u0131n projelerine yap\u0131lan ba\u011f\u0131\u015flar\u0131 art\u0131rmak i\u00e7in \u00e7a\u011fr\u0131larda bulunabilirler.<\/p><p>Kat\u0131l\u0131mc\u0131lar, destek verdikleri sivil toplum kurulu\u015flar\u0131n\u0131n belirledi\u011fi resmi banka hesaplar\u0131na do\u011frudan ba\u011f\u0131\u015f yap\u0131lmas\u0131n\u0131 te\u015fvik edebilirler. Bu \u015fekilde, ba\u011f\u0131\u015flar ilgili sivil toplum kurulu\u015funun se\u00e7ilen projesine aktar\u0131labilir ve kaynaklar\u0131n do\u011frudan ihtiya\u00e7 duyulan alanlara y\u00f6nlendirilmesi sa\u011flanabilir.<\/p><p>B\u00f6ylelikle, bireysel kat\u0131l\u0131mc\u0131lar spor etkinlikleri arac\u0131l\u0131\u011f\u0131yla topluluklar\u0131na ve sivil toplum kurulu\u015flar\u0131na destek sa\u011flayarak olumlu bir etki yaratabilirler.<\/p><p>\u201cBen de Koruncuk Kahraman\u0131 olmal\u0131y\u0131m!\u201d diyorsan a\u015fa\u011f\u0131daki <a href=\"https:\/\/bagis.koruncuk.org\/form\/yardimseverlik-yarislari-bilgi-formu\" target=\"_blank\" rel=\"noopener\">formu<\/a> doldurarak sana ula\u015fmam\u0131z\u0131 sa\u011flayabilirsin. Koruncuk Kahramanlar\u0131m\u0131za \u00f6zel haz\u0131rlad\u0131\u011f\u0131m\u0131z hediyeleri sana ula\u015ft\u0131rmam\u0131z i\u00e7in bu bilgilere ihtiyac\u0131m\u0131z olacak. \ud83d\udc96<\/p>\t\t\t\t\t\t\t\t<\/div>\n\t\t\t\t<div class=\"elementor-element elementor-element-9d9cb02 elementor-button-success elementor-align-center elementor-widget elementor-widget-button\" data-id=\"9d9cb02\" data-element_type=\"widget\" data-e-type=\"widget\" data-widget_type=\"button.default\">\n\t\t\t\t\t\t\t\t\t\t<a class=\"elementor-button elementor-button-link elementor-size-sm\" href=\"https:\/\/bagis.koruncuk.org\/form\/yardimseverlik-yarislari-bilgi-formu\" target=\"_blank\">\n\t\t\t\t\t\t<span class=\"elementor-button-content-wrapper\">\n\t\t\t\t\t\t\t\t\t<span class=\"elementor-button-text\">Yard\u0131mseverlik Yar\u0131\u015flar\u0131 Bilgi Formu<\/span>\n\t\t\t\t\t<\/span>\n\t\t\t\t\t<\/a>\n\t\t\t\t\t\t\t\t<\/div>\n\t\t\t\t<div class=\"elementor-element elementor-element-92ee2af elementor-widget elementor-widget-html\" data-id=\"92ee2af\" data-element_type=\"widget\" data-e-type=\"widget\" data-widget_type=\"html.default\">\n\t\t\t\t\t<div class=\"hr-heart\" aria-hidden=\"true\">\n  <svg viewBox=\"0 0 24 24\">\n    <path d=\"M20.84 4.61a5.5 5.5 0 0 0-7.78 0L12 5.67l-1.06-1.06a5.5 5.5 0 1 0-7.78 7.78L12 21.23l8.84-8.84a5.5 5.5 0 0 0 0-7.78z\"\/>\n  <\/svg>\n<\/div>\t\t\t\t<\/div>\n\t\t\t\t<div class=\"elementor-element elementor-element-4f43450 elementor-widget elementor-widget-text-editor\" data-id=\"4f43450\" data-element_type=\"widget\" data-e-type=\"widget\" data-widget_type=\"text-editor.default\">\n\t\t\t\t\t\t\t\t\t<table class=\"g-table\" border=\"1\" cellspacing=\"0\" cellpadding=\"8\"><thead><tr><th>Etkinlik Ad\u0131<\/th><th>Yar\u0131\u015f Tarihi<\/th><th>Ba\u011f\u0131\u015f Kamp. Ba\u015flatma<\/th><th>Ba\u011f\u0131\u015f Ba\u015flang\u0131\u00e7<\/th><th>Ba\u011f\u0131\u015f Biti\u015f<\/th><\/tr><\/thead><tbody><tr><td><strong>Antalya-2026<\/strong><\/td><td style=\"text-align: center;\">05 Nisan 2026<br \/>Pazar<\/td><td style=\"text-align: center;\">09 Mart 2026<br \/>Pazartesi<\/td><td style=\"text-align: center;\">23 Mart 2026<br \/>Pazartesi<\/td><td style=\"text-align: center;\">20 Nisan 2026<br \/>Pazartesi<\/td><\/tr><tr><td><strong>\u0130stanbul Yar\u0131 Maraton-2026<\/strong><\/td><td style=\"text-align: center;\">19 Nisan 2026<br \/>Pazar<\/td><td style=\"text-align: center;\">23 Mart 2026<br \/>Pazartesi<\/td><td style=\"text-align: center;\">06 Nisan 2026<br \/>Pazartesi<\/td><td style=\"text-align: center;\">04 May\u0131s 2026<br \/>Pazartesi<\/td><\/tr><tr><td><strong>Eker I Run-2026<\/strong><\/td><td style=\"text-align: center;\">04 Ekim 2026<br \/>Pazar<\/td><td style=\"text-align: center;\">07 Eyl\u00fcl 2026<br \/>Pazartesi<\/td><td style=\"text-align: center;\">21 Eyl\u00fcl 2026<br \/>Pazartesi<\/td><td style=\"text-align: center;\">19 Ekim 2026<br \/>Pazartesi<\/td><\/tr><tr><td><strong>\u0130stanbul Maratonu-2026<\/strong><\/td><td style=\"text-align: center;\">01 Kas\u0131m 2026<br \/>Pazar<\/td><td style=\"text-align: center;\">05 Ekim 2026<br \/>Pazartesi<\/td><td style=\"text-align: center;\">19 Ekim 2026<br \/>Pazartesi<\/td><td style=\"text-align: center;\">16 Kas\u0131m 2026<br \/>Pazartesi<\/td><\/tr><\/tbody><\/table>\t\t\t\t\t\t\t\t<\/div>\n\t\t\t\t<\/div>\n\t\t\t\t\t<\/div>\n\t\t\t\t<\/div>\n\t\t\t\t<\/div>\n\t\t","protected":false},"excerpt":{"rendered":"<p>\u0130yilik Pe\u015finde Ko\u015f Ana Sayfa Sayfa \u0130yilik Pe\u015finde Ko\u015f Yard\u0131mseverlik Yar\u0131\u015flar\u0131 Bireysel kat\u0131l\u0131mc\u0131lar, sportif faaliyetler arac\u0131l\u0131\u011f\u0131yla sivil toplum kurulu\u015flar\u0131 i\u00e7in kaynak yaratmak amac\u0131yla ba\u011f\u0131\u015f kampanyalar\u0131 d\u00fczenleyebilirler. Bu t\u00fcr faaliyetler, ulusal veya uluslararas\u0131 spor etkinliklerine kat\u0131lmadan \u00f6nce g\u00f6n\u00fcll\u00fc ko\u015fucular ve y\u00fcz\u00fcc\u00fcler gibi bireylerin kat\u0131l\u0131m\u0131n\u0131 i\u00e7erebilir. \u00d6rne\u011fin, g\u00f6n\u00fcll\u00fc ko\u015fucular veya y\u00fcz\u00fcc\u00fcler, aileleri, arkada\u015flar\u0131 ve tan\u0131d\u0131klar\u0131yla ileti\u015fim kurarak [&hellip;]<\/p>\n","protected":false},"author":1,"featured_media":0,"parent":3980,"menu_order":0,"comment_status":"closed","ping_status":"closed","template":"","meta":{"footnotes":""},"class_list":["post-2121","page","type-page","status-publish","hentry"],"_links":{"self":[{"href":"https:\/\/koruncuk.org\/en\/wp-json\/wp\/v2\/pages\/2121","targetHints":{"allow":["GET"]}}],"collection":[{"href":"https:\/\/koruncuk.org\/en\/wp-json\/wp\/v2\/pages"}],"about":[{"href":"https:\/\/koruncuk.org\/en\/wp-json\/wp\/v2\/types\/page"}],"author":[{"embeddable":true,"href":"https:\/\/koruncuk.org\/en\/wp-json\/wp\/v2\/users\/1"}],"replies":[{"embeddable":true,"href":"https:\/\/koruncuk.org\/en\/wp-json\/wp\/v2\/comments?post=2121"}],"version-history":[{"count":301,"href":"https:\/\/koruncuk.org\/en\/wp-json\/wp\/v2\/pages\/2121\/revisions"}],"predecessor-version":[{"id":6184,"href":"https:\/\/koruncuk.org\/en\/wp-json\/wp\/v2\/pages\/2121\/revisions\/6184"}],"up":[{"embeddable":true,"href":"https:\/\/koruncuk.org\/en\/wp-json\/wp\/v2\/pages\/3980"}],"wp:attachment":[{"href":"https:\/\/koruncuk.org\/en\/wp-json\/wp\/v2\/media?parent=2121"}],"curies":[{"name":"wp","href":"https:\/\/api.w.org\/{rel}","templated":true}]}}