{"id":23,"date":"2024-11-04T04:29:14","date_gmt":"2024-11-04T04:29:14","guid":{"rendered":"https:\/\/themegavias.com\/wp\/donatm\/?page_id=23"},"modified":"2026-04-01T12:12:54","modified_gmt":"2026-04-01T09:12:54","slug":"haberler","status":"publish","type":"page","link":"https:\/\/koruncuk.org\/en\/haberler\/","title":{"rendered":"Haberler"},"content":{"rendered":"\t\t<div data-elementor-type=\"wp-page\" data-elementor-id=\"23\" class=\"elementor elementor-23\">\n\t\t\t\t<div class=\"elementor-element elementor-element-3e7ea38 e-con-full e-flex e-con e-parent\" data-id=\"3e7ea38\" data-element_type=\"container\" data-e-type=\"container\" data-settings=\"{&quot;background_background&quot;:&quot;classic&quot;}\">\n\t\t<div class=\"elementor-element elementor-element-2dfb7ac e-con-full e-flex e-con e-child\" data-id=\"2dfb7ac\" data-element_type=\"container\" data-e-type=\"container\" data-settings=\"{&quot;background_background&quot;:&quot;slideshow&quot;,&quot;background_slideshow_gallery&quot;:[{&quot;id&quot;:2387,&quot;url&quot;:&quot;https:\\\/\\\/koruncuk.org\\\/wp-content\\\/uploads\\\/2025\\\/09\\\/koruncuk-Header_BG-3.webp&quot;},{&quot;id&quot;:2388,&quot;url&quot;:&quot;https:\\\/\\\/koruncuk.org\\\/wp-content\\\/uploads\\\/2025\\\/09\\\/koruncuk-Header_BG-4.webp&quot;}],&quot;background_slideshow_slide_duration&quot;:15000,&quot;background_slideshow_transition_duration&quot;:3000,&quot;background_slideshow_ken_burns&quot;:&quot;yes&quot;,&quot;background_slideshow_loop&quot;:&quot;yes&quot;,&quot;background_slideshow_slide_transition&quot;:&quot;fade&quot;,&quot;background_slideshow_ken_burns_zoom_direction&quot;:&quot;in&quot;}\">\n\t\t<div class=\"elementor-element elementor-element-afe7b37 e-flex e-con-boxed e-con e-child\" data-id=\"afe7b37\" data-element_type=\"container\" data-e-type=\"container\" data-settings=\"{&quot;background_background&quot;:&quot;slideshow&quot;,&quot;background_slideshow_gallery&quot;:[{&quot;id&quot;:2395,&quot;url&quot;:&quot;https:\\\/\\\/koruncuk.org\\\/wp-content\\\/uploads\\\/2025\\\/09\\\/koruncuk-Banner_Edit_Gecis_2.webp&quot;},{&quot;id&quot;:2396,&quot;url&quot;:&quot;https:\\\/\\\/koruncuk.org\\\/wp-content\\\/uploads\\\/2025\\\/09\\\/koruncuk-Banner_Edit_Gecis_3.webp&quot;},{&quot;id&quot;:2397,&quot;url&quot;:&quot;https:\\\/\\\/koruncuk.org\\\/wp-content\\\/uploads\\\/2025\\\/09\\\/koruncuk-Banner_Edit_Gecis_4.webp&quot;},{&quot;id&quot;:2398,&quot;url&quot;:&quot;https:\\\/\\\/koruncuk.org\\\/wp-content\\\/uploads\\\/2025\\\/09\\\/koruncuk-Banner_Edit_Gecis_5.webp&quot;}],&quot;background_slideshow_slide_duration&quot;:200,&quot;background_slideshow_transition_duration&quot;:1000,&quot;background_slideshow_loop&quot;:&quot;yes&quot;,&quot;background_slideshow_slide_transition&quot;:&quot;fade&quot;}\">\n\t\t\t\t\t<div class=\"e-con-inner\">\n\t\t<div class=\"elementor-element elementor-element-6d12172 e-con-full e-flex e-con e-child\" data-id=\"6d12172\" data-element_type=\"container\" data-e-type=\"container\">\n\t\t\t\t<div class=\"elementor-element elementor-element-d999ee3 elementor-widget elementor-widget-gva-heading-block\" data-id=\"d999ee3\" data-element_type=\"widget\" data-e-type=\"widget\" data-widget_type=\"gva-heading-block.default\">\n\t\t\t\t<div class=\"elementor-widget-container\">\n\t\t\t\t\t<div class=\"gva-element-gva-heading-block gva-element\">\r\n\r\n   <div class=\"align-center style-1 widget gsc-heading box-align-left auto-responsive\">\r\n      \r\n      <div class=\"content-inner\">\r\n                  \r\n           \r\n         \r\n                     <h2 class=\"title\">\r\n               <span>Haberler<\/span>\r\n            <\/h2>\r\n                  \r\n         \r\n               <\/div>\r\n\r\n   <\/div>\r\n\r\n<\/div>\t\t\t\t<\/div>\n\t\t\t\t<\/div>\n\t\t\t\t<div class=\"elementor-element elementor-element-76893e0 elementor-widget elementor-widget-gva_post_breadcrumb\" data-id=\"76893e0\" data-element_type=\"widget\" data-e-type=\"widget\" data-widget_type=\"gva_post_breadcrumb.default\">\n\t\t\t\t<div class=\"elementor-widget-container\">\n\t\t\t\t\t<div class=\"gva-element-gva_post_breadcrumb gva-element\">   \r\n<div class=\"post-breadcrumb\">\r\n   <div class=\"custom-breadcrumb \" >\r\n      <div class=\"breadcrumb-overlay\"><\/div>\r\n      <div class=\"breadcrumb-main\">\r\n        <div class=\"container\">\r\n          <div class=\"breadcrumb-container-inner\">\r\n            <ol class=\"breadcrumb\"><li><a href=\"https:\/\/koruncuk.org\/en\">Home<\/a> <\/li> <li class=\"active\">Page<\/li><\/ol>          <\/div>  \r\n        <\/div>   \r\n      <\/div>  \r\n   <\/div>\r\n<\/div>      \r\n\r\n<\/div>\t\t\t\t<\/div>\n\t\t\t\t<\/div>\n\t\t\t\t<\/div>\n\t\t\t\t\t<\/div>\n\t\t\t\t<\/div>\n\t\t\t\t<\/div>\n\t\t\t\t<\/div>\n\t\t<div class=\"elementor-element elementor-element-01d7d84 e-flex e-con-boxed e-con e-parent\" data-id=\"01d7d84\" data-element_type=\"container\" data-e-type=\"container\">\n\t\t\t\t\t<div class=\"e-con-inner\">\n\t\t<div class=\"elementor-element elementor-element-e3ecb47 e-con-full e-flex e-con e-child\" data-id=\"e3ecb47\" data-element_type=\"container\" data-e-type=\"container\">\n\t\t\t\t<div class=\"elementor-element elementor-element-4eb23f5 elementor-widget elementor-widget-gva-posts\" data-id=\"4eb23f5\" data-element_type=\"widget\" data-e-type=\"widget\" data-widget_type=\"gva-posts.default\">\n\t\t\t\t<div class=\"elementor-widget-container\">\n\t\t\t\t\t<div class=\"gva-element-gva-posts gva-element\">  \r\n<div class=\"gva-posts-standard clearfix gva-posts\">\r\n\t\t\r\n\t<div class=\"gva-content-items cleafix\"> \r\n\t\t\t<div class=\"item-post\">\r\n   <article id=\"post-6449\" class=\"post post-standard__single post-6449 type-post status-publish format-standard has-post-thumbnail hentry category-bizden-haberler category-mansetler\">\r\n      \r\n               <div class=\"post-standard__thumbnail\">\r\n            <a href=\"https:\/\/koruncuk.org\/en\/neo-portfoy-ve-koruncuk-ile-egitime-surdurulebilir-destek\/\">\r\n               <img fetchpriority=\"high\" decoding=\"async\" width=\"900\" height=\"506\" src=\"https:\/\/koruncuk.org\/wp-content\/uploads\/2026\/04\/neo-portfoy-ve-koruncuk-ile-egitime-surdurulebilir-destek-1024x576.webp\" class=\"attachment-large size-large wp-post-image\" alt=\"Neo Portf\u00f6y ve Koruncuk ile E\u011fitime S\u00fcrd\u00fcr\u00fclebilir Destek\" srcset=\"https:\/\/koruncuk.org\/wp-content\/uploads\/2026\/04\/neo-portfoy-ve-koruncuk-ile-egitime-surdurulebilir-destek-1024x576.webp 1024w, https:\/\/koruncuk.org\/wp-content\/uploads\/2026\/04\/neo-portfoy-ve-koruncuk-ile-egitime-surdurulebilir-destek-768x432.webp 768w, https:\/\/koruncuk.org\/wp-content\/uploads\/2026\/04\/neo-portfoy-ve-koruncuk-ile-egitime-surdurulebilir-destek-600x338.webp 600w, https:\/\/koruncuk.org\/wp-content\/uploads\/2026\/04\/neo-portfoy-ve-koruncuk-ile-egitime-surdurulebilir-destek.webp 1920w\" sizes=\"(max-width: 900px) 100vw, 900px\" \/>            <\/a>\r\n         <\/div>   \r\n         \r\n\r\n      <div class=\"post-standard__content has-thumbnail\">\r\n         <div class=\"post-standard__content-inner\">\r\n            <div class=\"post-standard__meta\">\r\n               <div class=\"clearfix meta-inline post-meta-2\"><span class=\"entry-date\"><i class=\"far fa-calendar-alt\"><\/i>2 April 2026<\/span><\/div>            <\/div> \r\n            <h3 class=\"post-standard__title\"><a href=\"https:\/\/koruncuk.org\/en\/neo-portfoy-ve-koruncuk-ile-egitime-surdurulebilir-destek\/\" rel=\"bookmark\">Neo Portf\u00f6y ve Koruncuk ile E\u011fitime S\u00fcrd\u00fcr\u00fclebilir Destek<\/a><\/h3>\r\n                           <div class=\"post-standard__desc\">\r\n                  K\u0131z \u00e7ocuklar\u0131n\u0131n g\u00fcvenli bir ortamda b\u00fcy\u00fcmesi ve e\u011fitim haklar\u0131na kesintisiz eri\u015febilmesi i\u00e7in y\u00fcr\u00fctt\u00fc\u011f\u00fcm\u00fcz \u00e7al\u0131\u015fmalara g\u00fc\u00e7l\u00fc               <\/div>   \r\n                        <div class=\"post-standard__read-more\">\r\n               <a class=\"btn-border\" href=\"https:\/\/koruncuk.org\/en\/neo-portfoy-ve-koruncuk-ile-egitime-surdurulebilir-destek\/\">Read more<\/a>\r\n            <\/div>\r\n         <\/div>\r\n\r\n      <\/div>\r\n   <\/article>   \r\n\r\n  <\/div><div class=\"item-post\">\r\n   <article id=\"post-6388\" class=\"post post-standard__single post-6388 type-post status-publish format-standard has-post-thumbnail hentry category-bizden-haberler category-mansetler\">\r\n      \r\n               <div class=\"post-standard__thumbnail\">\r\n            <a href=\"https:\/\/koruncuk.org\/en\/koruncuk-vakfi-olagan-mutevelliler-kurulu-toplantisi-31-mart-sali-gunu-gerceklesti\/\">\r\n               <img decoding=\"async\" width=\"900\" height=\"505\" src=\"https:\/\/koruncuk.org\/wp-content\/uploads\/2026\/04\/koruncuk-vakfi-olagan-mutevelliler-kurulu-2026-43-1024x575.webp\" class=\"attachment-large size-large wp-post-image\" alt=\"Koruncuk Vakf\u0131 Ola\u011fan M\u00fctevelliler Kurulu Toplant\u0131s\u0131 31 Mart Sal\u0131 G\u00fcn\u00fc Ger\u00e7ekle\u015fti\" srcset=\"https:\/\/koruncuk.org\/wp-content\/uploads\/2026\/04\/koruncuk-vakfi-olagan-mutevelliler-kurulu-2026-43-1024x575.webp 1024w, https:\/\/koruncuk.org\/wp-content\/uploads\/2026\/04\/koruncuk-vakfi-olagan-mutevelliler-kurulu-2026-43-768x432.webp 768w, https:\/\/koruncuk.org\/wp-content\/uploads\/2026\/04\/koruncuk-vakfi-olagan-mutevelliler-kurulu-2026-43-600x337.webp 600w, https:\/\/koruncuk.org\/wp-content\/uploads\/2026\/04\/koruncuk-vakfi-olagan-mutevelliler-kurulu-2026-43.webp 1600w\" sizes=\"(max-width: 900px) 100vw, 900px\" \/>            <\/a>\r\n         <\/div>   \r\n         \r\n\r\n      <div class=\"post-standard__content has-thumbnail\">\r\n         <div class=\"post-standard__content-inner\">\r\n            <div class=\"post-standard__meta\">\r\n               <div class=\"clearfix meta-inline post-meta-2\"><span class=\"entry-date\"><i class=\"far fa-calendar-alt\"><\/i>2 April 2026<\/span><\/div>            <\/div> \r\n            <h3 class=\"post-standard__title\"><a href=\"https:\/\/koruncuk.org\/en\/koruncuk-vakfi-olagan-mutevelliler-kurulu-toplantisi-31-mart-sali-gunu-gerceklesti\/\" rel=\"bookmark\">Koruncuk Vakf\u0131 Ola\u011fan M\u00fctevelliler Kurulu Toplant\u0131s\u0131 31 Mart Sal\u0131 G\u00fcn\u00fc Ger\u00e7ekle\u015fti<\/a><\/h3>\r\n                           <div class=\"post-standard__desc\">\r\n                  Vakf\u0131m\u0131z\u0131n Ola\u011fan M\u00fctevelliler Toplant\u0131s\u0131, 31 Mart Sal\u0131 g\u00fcn\u00fc ger\u00e7ekle\u015ftirildi. Toplant\u0131da, 2025 y\u0131l\u0131 faaliyetleri, mali tablolar               <\/div>   \r\n                        <div class=\"post-standard__read-more\">\r\n               <a class=\"btn-border\" href=\"https:\/\/koruncuk.org\/en\/koruncuk-vakfi-olagan-mutevelliler-kurulu-toplantisi-31-mart-sali-gunu-gerceklesti\/\">Read more<\/a>\r\n            <\/div>\r\n         <\/div>\r\n\r\n      <\/div>\r\n   <\/article>   \r\n\r\n  <\/div><div class=\"item-post\">\r\n   <article id=\"post-5719\" class=\"post post-standard__single post-5719 type-post status-publish format-standard has-post-thumbnail hentry category-bizden-haberler category-mansetler\">\r\n      \r\n               <div class=\"post-standard__thumbnail\">\r\n            <a href=\"https:\/\/koruncuk.org\/en\/koruncuk-vakfi-olagan-mutevelliler-kurulu-toplantisi-31-martta-gerceklesecek\/\">\r\n               <img decoding=\"async\" width=\"900\" height=\"506\" src=\"https:\/\/koruncuk.org\/wp-content\/uploads\/2026\/03\/koruncuk-vakfi-olagan-mutevelliler-kurulu-toplantisi-31-martta-gerceklesecek-1-1024x576.webp\" class=\"attachment-large size-large wp-post-image\" alt=\"Koruncuk Vakf\u0131 Ola\u011fan M\u00fctevelliler Kurulu Toplant\u0131s\u0131 31 Mart\u2019ta Ger\u00e7ekle\u015fecek\" srcset=\"https:\/\/koruncuk.org\/wp-content\/uploads\/2026\/03\/koruncuk-vakfi-olagan-mutevelliler-kurulu-toplantisi-31-martta-gerceklesecek-1-1024x576.webp 1024w, https:\/\/koruncuk.org\/wp-content\/uploads\/2026\/03\/koruncuk-vakfi-olagan-mutevelliler-kurulu-toplantisi-31-martta-gerceklesecek-1-768x432.webp 768w, https:\/\/koruncuk.org\/wp-content\/uploads\/2026\/03\/koruncuk-vakfi-olagan-mutevelliler-kurulu-toplantisi-31-martta-gerceklesecek-1-600x338.webp 600w, https:\/\/koruncuk.org\/wp-content\/uploads\/2026\/03\/koruncuk-vakfi-olagan-mutevelliler-kurulu-toplantisi-31-martta-gerceklesecek-1.webp 1920w\" sizes=\"(max-width: 900px) 100vw, 900px\" \/>            <\/a>\r\n         <\/div>   \r\n         \r\n\r\n      <div class=\"post-standard__content has-thumbnail\">\r\n         <div class=\"post-standard__content-inner\">\r\n            <div class=\"post-standard__meta\">\r\n               <div class=\"clearfix meta-inline post-meta-2\"><span class=\"entry-date\"><i class=\"far fa-calendar-alt\"><\/i>14 March 2026<\/span><\/div>            <\/div> \r\n            <h3 class=\"post-standard__title\"><a href=\"https:\/\/koruncuk.org\/en\/koruncuk-vakfi-olagan-mutevelliler-kurulu-toplantisi-31-martta-gerceklesecek\/\" rel=\"bookmark\">Koruncuk Vakf\u0131 Ola\u011fan M\u00fctevelliler Kurulu Toplant\u0131s\u0131 31 Mart\u2019ta Ger\u00e7ekle\u015fecek<\/a><\/h3>\r\n                           <div class=\"post-standard__desc\">\r\n                  Koruncuk Vakf\u0131 Ola\u011fan M\u00fctevelliler Kurulu Toplant\u0131s\u0131, 31 Mart 2026 Sal\u0131 g\u00fcn\u00fc10.00\u201313.00 saatleri aras\u0131nda Swissotel\u2019de bulunan               <\/div>   \r\n                        <div class=\"post-standard__read-more\">\r\n               <a class=\"btn-border\" href=\"https:\/\/koruncuk.org\/en\/koruncuk-vakfi-olagan-mutevelliler-kurulu-toplantisi-31-martta-gerceklesecek\/\">Read more<\/a>\r\n            <\/div>\r\n         <\/div>\r\n\r\n      <\/div>\r\n   <\/article>   \r\n\r\n  <\/div><div class=\"item-post\">\r\n   <article id=\"post-5715\" class=\"post post-standard__single post-5715 type-post status-publish format-standard has-post-thumbnail hentry category-bizden-haberler\">\r\n      \r\n               <div class=\"post-standard__thumbnail\">\r\n            <a href=\"https:\/\/koruncuk.org\/en\/koruncukkoy-bolluca-iftar-programimiz-11-03\/\">\r\n               <img loading=\"lazy\" decoding=\"async\" width=\"900\" height=\"506\" src=\"https:\/\/koruncuk.org\/wp-content\/uploads\/2026\/03\/koruncukkoy-bolluca-iftar-programimiz-11-03-1-1024x576.webp\" class=\"attachment-large size-large wp-post-image\" alt=\"Koruncukk\u00f6y Bolluca \u0130ftar Program\u0131m\u0131z (11.03)\" srcset=\"https:\/\/koruncuk.org\/wp-content\/uploads\/2026\/03\/koruncukkoy-bolluca-iftar-programimiz-11-03-1-1024x576.webp 1024w, https:\/\/koruncuk.org\/wp-content\/uploads\/2026\/03\/koruncukkoy-bolluca-iftar-programimiz-11-03-1-768x432.webp 768w, https:\/\/koruncuk.org\/wp-content\/uploads\/2026\/03\/koruncukkoy-bolluca-iftar-programimiz-11-03-1-600x338.webp 600w, https:\/\/koruncuk.org\/wp-content\/uploads\/2026\/03\/koruncukkoy-bolluca-iftar-programimiz-11-03-1.webp 1600w\" sizes=\"(max-width: 900px) 100vw, 900px\" \/>            <\/a>\r\n         <\/div>   \r\n         \r\n\r\n      <div class=\"post-standard__content has-thumbnail\">\r\n         <div class=\"post-standard__content-inner\">\r\n            <div class=\"post-standard__meta\">\r\n               <div class=\"clearfix meta-inline post-meta-2\"><span class=\"entry-date\"><i class=\"far fa-calendar-alt\"><\/i>13 March 2026<\/span><\/div>            <\/div> \r\n            <h3 class=\"post-standard__title\"><a href=\"https:\/\/koruncuk.org\/en\/koruncukkoy-bolluca-iftar-programimiz-11-03\/\" rel=\"bookmark\">Koruncukk\u00f6y Bolluca \u0130ftar Program\u0131m\u0131z (11.03)<\/a><\/h3>\r\n                           <div class=\"post-standard__desc\">\r\n                  Arnavutk\u00f6y Belediye Ba\u015fkan Yard\u0131mc\u0131s\u0131 Say\u0131n G\u00f6khan Kurt, Arnavutk\u00f6y \u0130l\u00e7e Milli E\u011fitim \u015eube M\u00fcd\u00fcr\u00fc Say\u0131n Mustafa               <\/div>   \r\n                        <div class=\"post-standard__read-more\">\r\n               <a class=\"btn-border\" href=\"https:\/\/koruncuk.org\/en\/koruncukkoy-bolluca-iftar-programimiz-11-03\/\">Read more<\/a>\r\n            <\/div>\r\n         <\/div>\r\n\r\n      <\/div>\r\n   <\/article>   \r\n\r\n  <\/div><div class=\"item-post\">\r\n   <article id=\"post-5710\" class=\"post post-standard__single post-5710 type-post status-publish format-standard has-post-thumbnail hentry category-bizden-haberler category-mansetler\">\r\n      \r\n               <div class=\"post-standard__thumbnail\">\r\n            <a href=\"https:\/\/koruncuk.org\/en\/koruncuk-vakfi-dergisi-roportaji\/\">\r\n               <img loading=\"lazy\" decoding=\"async\" width=\"900\" height=\"506\" src=\"https:\/\/koruncuk.org\/wp-content\/uploads\/2026\/03\/koruncuk-vakfi-dergisi-roportaji-Esas-sosyal-1024x576.webp\" class=\"attachment-large size-large wp-post-image\" alt=\"Koruncuk Vakf\u0131 Dergisi R\u00f6portaj\u0131\" srcset=\"https:\/\/koruncuk.org\/wp-content\/uploads\/2026\/03\/koruncuk-vakfi-dergisi-roportaji-Esas-sosyal-1024x576.webp 1024w, https:\/\/koruncuk.org\/wp-content\/uploads\/2026\/03\/koruncuk-vakfi-dergisi-roportaji-Esas-sosyal-768x432.webp 768w, https:\/\/koruncuk.org\/wp-content\/uploads\/2026\/03\/koruncuk-vakfi-dergisi-roportaji-Esas-sosyal-600x338.webp 600w, https:\/\/koruncuk.org\/wp-content\/uploads\/2026\/03\/koruncuk-vakfi-dergisi-roportaji-Esas-sosyal.webp 1920w\" sizes=\"(max-width: 900px) 100vw, 900px\" \/>            <\/a>\r\n         <\/div>   \r\n         \r\n\r\n      <div class=\"post-standard__content has-thumbnail\">\r\n         <div class=\"post-standard__content-inner\">\r\n            <div class=\"post-standard__meta\">\r\n               <div class=\"clearfix meta-inline post-meta-2\"><span class=\"entry-date\"><i class=\"far fa-calendar-alt\"><\/i>26 January 2026<\/span><\/div>            <\/div> \r\n            <h3 class=\"post-standard__title\"><a href=\"https:\/\/koruncuk.org\/en\/koruncuk-vakfi-dergisi-roportaji\/\" rel=\"bookmark\">Koruncuk Vakf\u0131 Dergisi R\u00f6portaj\u0131<\/a><\/h3>\r\n                           <div class=\"post-standard__desc\">\r\n                  Koruncuk Vakf\u0131 ile Esas Sosyal&#8217;in uzun soluklu ve de\u011fer odakl\u0131 bir i\u015f birli\u011fini Esas Holding               <\/div>   \r\n                        <div class=\"post-standard__read-more\">\r\n               <a class=\"btn-border\" href=\"https:\/\/koruncuk.org\/en\/koruncuk-vakfi-dergisi-roportaji\/\">Read more<\/a>\r\n            <\/div>\r\n         <\/div>\r\n\r\n      <\/div>\r\n   <\/article>   \r\n\r\n  <\/div><div class=\"item-post\">\r\n   <article id=\"post-5706\" class=\"post post-standard__single post-5706 type-post status-publish format-standard has-post-thumbnail hentry category-bizden-haberler category-mansetler\">\r\n      \r\n               <div class=\"post-standard__thumbnail\">\r\n            <a href=\"https:\/\/koruncuk.org\/en\/arnavutkoy-kaymakamimizdan-vakfimiza-ziyaret\/\">\r\n               <img loading=\"lazy\" decoding=\"async\" width=\"900\" height=\"675\" src=\"https:\/\/koruncuk.org\/wp-content\/uploads\/2026\/03\/arnavutkoy-kaymakamimizdan-vakfimiza-ziyaret-1-1024x768.webp\" class=\"attachment-large size-large wp-post-image\" alt=\"Arnavutk\u00f6y Kaymakam\u0131m\u0131zdan Vakf\u0131m\u0131za Ziyaret\" srcset=\"https:\/\/koruncuk.org\/wp-content\/uploads\/2026\/03\/arnavutkoy-kaymakamimizdan-vakfimiza-ziyaret-1-1024x768.webp 1024w, https:\/\/koruncuk.org\/wp-content\/uploads\/2026\/03\/arnavutkoy-kaymakamimizdan-vakfimiza-ziyaret-1-768x576.webp 768w, https:\/\/koruncuk.org\/wp-content\/uploads\/2026\/03\/arnavutkoy-kaymakamimizdan-vakfimiza-ziyaret-1-600x450.webp 600w, https:\/\/koruncuk.org\/wp-content\/uploads\/2026\/03\/arnavutkoy-kaymakamimizdan-vakfimiza-ziyaret-1.webp 1600w\" sizes=\"(max-width: 900px) 100vw, 900px\" \/>            <\/a>\r\n         <\/div>   \r\n         \r\n\r\n      <div class=\"post-standard__content has-thumbnail\">\r\n         <div class=\"post-standard__content-inner\">\r\n            <div class=\"post-standard__meta\">\r\n               <div class=\"clearfix meta-inline post-meta-2\"><span class=\"entry-date\"><i class=\"far fa-calendar-alt\"><\/i>16 January 2026<\/span><\/div>            <\/div> \r\n            <h3 class=\"post-standard__title\"><a href=\"https:\/\/koruncuk.org\/en\/arnavutkoy-kaymakamimizdan-vakfimiza-ziyaret\/\" rel=\"bookmark\">Arnavutk\u00f6y Kaymakam\u0131m\u0131zdan Vakf\u0131m\u0131za Ziyaret<\/a><\/h3>\r\n                           <div class=\"post-standard__desc\">\r\n                  Arnavutk\u00f6y Kaymakam\u0131 Say\u0131n Mahmut Hersanl\u0131o\u011flu ve k\u0131ymetli e\u015fi Say\u0131n Sibel Hersanl\u0131o\u011flu, Vakf\u0131m\u0131za iade-i ziyarette bulundu.               <\/div>   \r\n                        <div class=\"post-standard__read-more\">\r\n               <a class=\"btn-border\" href=\"https:\/\/koruncuk.org\/en\/arnavutkoy-kaymakamimizdan-vakfimiza-ziyaret\/\">Read more<\/a>\r\n            <\/div>\r\n         <\/div>\r\n\r\n      <\/div>\r\n   <\/article>   \r\n\r\n  <\/div>\r\n\t\t\t\t\t<div class=\"pagination\">\r\n\t\t\t\t<div class=\"column one pager_wrapper\"><div class=\"pager\"><div class=\"paginations\"><a href=\"https:\/\/koruncuk.org\/en\/wp-json\/wp\/v2\/pages\/23\/\" class=\"page-item active\">1<\/a><a href=\"https:\/\/koruncuk.org\/en\/wp-json\/wp\/v2\/pages\/23\/sayfa\/2\/\" class=\"page-item\">2<\/a><a href=\"https:\/\/koruncuk.org\/en\/wp-json\/wp\/v2\/pages\/23\/sayfa\/3\/\" class=\"page-item\">3<\/a><span class=\"page-item\">... <\/span><a href=\"https:\/\/koruncuk.org\/en\/wp-json\/wp\/v2\/pages\/23\/sayfa\/13\/\" class=\"page-item\">13<\/a><a class=\"next_page\" href=\"https:\/\/koruncuk.org\/en\/wp-json\/wp\/v2\/pages\/23\/sayfa\/2\/\"><i class=\"fas fa-chevron-right\"><\/i><\/a><\/div><\/div><\/div>\n\t\t\t<\/div>\r\n\t\t\t<\/div>\r\n\r\n<\/div>\r\n\r\n<\/div>\t\t\t\t<\/div>\n\t\t\t\t<\/div>\n\t\t\t\t<\/div>\n\t\t<div class=\"elementor-element elementor-element-8e4ba07 e-con-full e-flex e-con e-child\" data-id=\"8e4ba07\" data-element_type=\"container\" data-e-type=\"container\">\n\t\t\t\t<div class=\"wsdtk-sticky-enabled elementor-element elementor-element-53a5041 elementor-widget elementor-widget-sidebar\" data-lsc-sticky=\"yes\" data-lsc-sticky-devices=\"desktop,tablet\" data-lsc-sticky-container=\"viewport\" data-lsc-sticky-top=\"60\" data-id=\"53a5041\" data-element_type=\"widget\" data-e-type=\"widget\" data-widget_type=\"sidebar.default\">\n\t\t\t\t\t<aside id=\"search-3\" class=\"widget clearfix widget_search\"><form method=\"get\" class=\"searchform gva-main-search\" action=\"https:\/\/koruncuk.org\/en\/\">\r\n\t<div class=\"gva-search\">\r\n\t\t<input name=\"s\" maxlength=\"40\" class=\"form-control input-large input-search\" type=\"text\" size=\"20\" placeholder=\"Search...\">\r\n      <span class=\"input-group-addon input-large btn-search\">\r\n\t\t\t<input type=\"submit\" class=\"fa\" value=\"&#xf002;\" \/>\r\n\t\t<\/span>\r\n\t<\/div>\r\n<\/form>\r\n\r\n\r\n<\/aside><aside id=\"categories-3\" class=\"widget clearfix widget_categories\"><h3 class=\"widget-title\"><span>Categories<\/span><\/h3>\n\t\t\t<ul>\n\t\t\t\t\t<li class=\"cat-item cat-item-48\"><a href=\"https:\/\/koruncuk.org\/en\/category\/basinda-biz\/\">Bas\u0131nda Biz<\/a>\n<\/li>\n\t<li class=\"cat-item cat-item-1\"><a href=\"https:\/\/koruncuk.org\/en\/category\/bizden-haberler\/\">Bizden Haberler<\/a>\n<\/li>\n\t<li class=\"cat-item cat-item-47\"><a href=\"https:\/\/koruncuk.org\/en\/category\/bultenler\/\">B\u00fcltenler<\/a>\n<\/li>\n\t<li class=\"cat-item cat-item-46\"><a href=\"https:\/\/koruncuk.org\/en\/category\/mansetler\/\">Man\u015fetler<\/a>\n<\/li>\n\t<li class=\"cat-item cat-item-49\"><a href=\"https:\/\/koruncuk.org\/en\/category\/projelerimiz\/\">Projelerimiz<\/a>\n<\/li>\n\t\t\t<\/ul>\n\n\t\t\t<\/aside><aside id=\"block-3\" class=\"widget clearfix widget_block\"><div class=\"wp-block-group\"><div class=\"wp-block-group__inner-container is-layout-flow wp-block-group-is-layout-flow\"><h2 class=\"wp-block-heading\">Son Yaz\u0131lar<\/h2><ul class=\"wp-block-latest-posts__list wp-block-latest-posts\"><li><a class=\"wp-block-latest-posts__post-title\" href=\"https:\/\/koruncuk.org\/en\/neo-portfoy-ve-koruncuk-ile-egitime-surdurulebilir-destek\/\">Neo Portf\u00f6y ve Koruncuk ile E\u011fitime S\u00fcrd\u00fcr\u00fclebilir Destek<\/a><\/li>\n<li><a class=\"wp-block-latest-posts__post-title\" href=\"https:\/\/koruncuk.org\/en\/koruncuk-vakfi-olagan-mutevelliler-kurulu-toplantisi-31-mart-sali-gunu-gerceklesti\/\">Koruncuk Vakf\u0131 Ola\u011fan M\u00fctevelliler Kurulu Toplant\u0131s\u0131 31 Mart Sal\u0131 G\u00fcn\u00fc Ger\u00e7ekle\u015fti<\/a><\/li>\n<li><a class=\"wp-block-latest-posts__post-title\" href=\"https:\/\/koruncuk.org\/en\/koruncuk-vakfi-olagan-mutevelliler-kurulu-toplantisi-31-martta-gerceklesecek\/\">Koruncuk Vakf\u0131 Ola\u011fan M\u00fctevelliler Kurulu Toplant\u0131s\u0131 31 Mart\u2019ta Ger\u00e7ekle\u015fecek<\/a><\/li>\n<li><a class=\"wp-block-latest-posts__post-title\" href=\"https:\/\/koruncuk.org\/en\/koruncukkoy-bolluca-iftar-programimiz-11-03\/\">Koruncukk\u00f6y Bolluca \u0130ftar Program\u0131m\u0131z (11.03)<\/a><\/li>\n<li><a class=\"wp-block-latest-posts__post-title\" href=\"https:\/\/koruncuk.org\/en\/koruncuk-vakfi-dergisi-roportaji\/\">Koruncuk Vakf\u0131 Dergisi R\u00f6portaj\u0131<\/a><\/li>\n<\/ul><\/div><\/div><\/aside>\t\t\t\t<\/div>\n\t\t\t\t<\/div>\n\t\t\t\t\t<\/div>\n\t\t\t\t<\/div>\n\t\t\t\t<\/div>\n\t\t","protected":false},"excerpt":{"rendered":"<p>Haberler Ana Sayfa 14 Mart 2026 Koruncuk Vakf\u0131 Ola\u011fan M\u00fctevelliler Kurulu Toplant\u0131s\u0131 31 Mart\u2019ta Ger\u00e7ekle\u015fecek Koruncuk Vakf\u0131 Ola\u011fan M\u00fctevelliler Kurulu Toplant\u0131s\u0131, 31 Mart 2026 Sal\u0131 g\u00fcn\u00fc10.00\u201313.00 saatleri aras\u0131nda Swissotel\u2019de bulunan Detay 13 Mart 2026 Koruncukk\u00f6y Bolluca \u0130ftar Program\u0131m\u0131z (11.03) Arnavutk\u00f6y Belediye Ba\u015fkan Yard\u0131mc\u0131s\u0131 Say\u0131n G\u00f6khan Kurt, Arnavutk\u00f6y \u0130l\u00e7e Milli E\u011fitim \u015eube M\u00fcd\u00fcr\u00fc Say\u0131n Mustafa Detay [&hellip;]<\/p>\n","protected":false},"author":1,"featured_media":0,"parent":0,"menu_order":0,"comment_status":"closed","ping_status":"closed","template":"","meta":{"footnotes":""},"class_list":["post-23","page","type-page","status-publish","hentry"],"_links":{"self":[{"href":"https:\/\/koruncuk.org\/en\/wp-json\/wp\/v2\/pages\/23","targetHints":{"allow":["GET"]}}],"collection":[{"href":"https:\/\/koruncuk.org\/en\/wp-json\/wp\/v2\/pages"}],"about":[{"href":"https:\/\/koruncuk.org\/en\/wp-json\/wp\/v2\/types\/page"}],"author":[{"embeddable":true,"href":"https:\/\/koruncuk.org\/en\/wp-json\/wp\/v2\/users\/1"}],"replies":[{"embeddable":true,"href":"https:\/\/koruncuk.org\/en\/wp-json\/wp\/v2\/comments?post=23"}],"version-history":[{"count":25,"href":"https:\/\/koruncuk.org\/en\/wp-json\/wp\/v2\/pages\/23\/revisions"}],"predecessor-version":[{"id":6374,"href":"https:\/\/koruncuk.org\/en\/wp-json\/wp\/v2\/pages\/23\/revisions\/6374"}],"wp:attachment":[{"href":"https:\/\/koruncuk.org\/en\/wp-json\/wp\/v2\/media?parent=23"}],"curies":[{"name":"wp","href":"https:\/\/api.w.org\/{rel}","templated":true}]}}