{"id":2486,"date":"2025-09-11T23:05:54","date_gmt":"2025-09-11T20:05:54","guid":{"rendered":"https:\/\/webseldonusum.net\/tema\/koruncuk\/?page_id=2486"},"modified":"2026-03-31T00:26:50","modified_gmt":"2026-03-30T21:26:50","slug":"2024-denetim-raporu","status":"publish","type":"page","link":"https:\/\/koruncuk.org\/en\/kurumsal\/kurumsal-belgeler\/denetim-raporlari\/2024-denetim-raporu\/","title":{"rendered":"2024 Denetim Raporu"},"content":{"rendered":"\t\t<div data-elementor-type=\"wp-page\" data-elementor-id=\"2486\" class=\"elementor elementor-2486\">\n\t\t\t\t<div class=\"elementor-element elementor-element-9ffe9a7 e-con-full e-flex e-con e-parent\" data-id=\"9ffe9a7\" data-element_type=\"container\" data-e-type=\"container\" data-settings=\"{&quot;background_background&quot;:&quot;classic&quot;}\">\n\t\t<div class=\"elementor-element elementor-element-724e69e e-con-full e-flex e-con e-child\" data-id=\"724e69e\" data-element_type=\"container\" data-e-type=\"container\" data-settings=\"{&quot;background_background&quot;:&quot;slideshow&quot;,&quot;background_slideshow_gallery&quot;:[{&quot;id&quot;:2410,&quot;url&quot;:&quot;https:\\\/\\\/koruncuk.org\\\/wp-content\\\/uploads\\\/2025\\\/09\\\/koruncuk-Header-BG-5.webp&quot;},{&quot;id&quot;:2411,&quot;url&quot;:&quot;https:\\\/\\\/koruncuk.org\\\/wp-content\\\/uploads\\\/2025\\\/09\\\/koruncuk-Header-BG-6.webp&quot;}],&quot;background_slideshow_slide_duration&quot;:15000,&quot;background_slideshow_transition_duration&quot;:3000,&quot;background_slideshow_ken_burns&quot;:&quot;yes&quot;,&quot;background_slideshow_loop&quot;:&quot;yes&quot;,&quot;background_slideshow_slide_transition&quot;:&quot;fade&quot;,&quot;background_slideshow_ken_burns_zoom_direction&quot;:&quot;in&quot;}\">\n\t\t<div class=\"elementor-element elementor-element-9043e71 e-flex e-con-boxed e-con e-child\" data-id=\"9043e71\" data-element_type=\"container\" data-e-type=\"container\" data-settings=\"{&quot;background_background&quot;:&quot;classic&quot;}\">\n\t\t\t\t\t<div class=\"e-con-inner\">\n\t\t<div class=\"elementor-element elementor-element-0c1a43d e-con-full e-flex e-con e-child\" data-id=\"0c1a43d\" data-element_type=\"container\" data-e-type=\"container\">\n\t\t\t\t<div class=\"elementor-element elementor-element-f916963 elementor-widget elementor-widget-gva-heading-block\" data-id=\"f916963\" data-element_type=\"widget\" data-e-type=\"widget\" data-widget_type=\"gva-heading-block.default\">\n\t\t\t\t<div class=\"elementor-widget-container\">\n\t\t\t\t\t<div class=\"gva-element-gva-heading-block gva-element\">\r\n\r\n   <div class=\"align-center style-1 widget gsc-heading box-align-left auto-responsive\">\r\n      \r\n      <div class=\"content-inner\">\r\n                  \r\n           \r\n         \r\n                     <h2 class=\"title\">\r\n               <span>2024 Denetim Raporu<\/span>\r\n            <\/h2>\r\n                  \r\n         \r\n               <\/div>\r\n\r\n   <\/div>\r\n\r\n<\/div>\t\t\t\t<\/div>\n\t\t\t\t<\/div>\n\t\t\t\t<div class=\"elementor-element elementor-element-1405301 elementor-widget elementor-widget-gva_post_breadcrumb\" data-id=\"1405301\" data-element_type=\"widget\" data-e-type=\"widget\" data-widget_type=\"gva_post_breadcrumb.default\">\n\t\t\t\t<div class=\"elementor-widget-container\">\n\t\t\t\t\t<div class=\"gva-element-gva_post_breadcrumb gva-element\">   \r\n<div class=\"post-breadcrumb\">\r\n   <div class=\"custom-breadcrumb \" >\r\n      <div class=\"breadcrumb-overlay\"><\/div>\r\n      <div class=\"breadcrumb-main\">\r\n        <div class=\"container\">\r\n          <div class=\"breadcrumb-container-inner\">\r\n            <ol class=\"breadcrumb\"><li><a href=\"https:\/\/koruncuk.org\/en\">Home<\/a> <\/li> <li class=\"active\">Page<\/li><\/ol>          <\/div>  \r\n        <\/div>   \r\n      <\/div>  \r\n   <\/div>\r\n<\/div>      \r\n\r\n<\/div>\t\t\t\t<\/div>\n\t\t\t\t<\/div>\n\t\t\t\t<\/div>\n\t\t\t\t\t<\/div>\n\t\t\t\t<\/div>\n\t\t\t\t<\/div>\n\t\t\t\t<\/div>\n\t\t<div class=\"elementor-element elementor-element-a1e7cd5 e-flex e-con-boxed e-con e-parent\" data-id=\"a1e7cd5\" data-element_type=\"container\" data-e-type=\"container\">\n\t\t\t\t\t<div class=\"e-con-inner\">\n\t\t<div class=\"wsdtk-sticky-enabled elementor-element elementor-element-7bf9b02 e-con-full e-flex e-con e-child\" data-lsc-sticky=\"yes\" data-lsc-sticky-devices=\"desktop,tablet\" data-lsc-sticky-container=\"viewport\" data-lsc-sticky-top=\"100\" data-id=\"7bf9b02\" data-element_type=\"container\" data-e-type=\"container\">\n\t\t\t\t<div class=\"elementor-element elementor-element-27a5de9 elementor-widget elementor-widget-shortcode\" data-id=\"27a5de9\" data-element_type=\"widget\" data-e-type=\"widget\" data-widget_type=\"shortcode.default\">\n\t\t\t\t\t\t\t<div class=\"elementor-shortcode\"><\/div>\n\t\t\t\t\t\t<\/div>\n\t\t\t\t<\/div>\n\t\t<div class=\"elementor-element elementor-element-87f017e e-con-full e-flex e-con e-child\" data-id=\"87f017e\" data-element_type=\"container\" data-e-type=\"container\">\n\t\t\t\t<div class=\"elementor-element elementor-element-b567a24 elementor-widget elementor-widget-text-editor\" data-id=\"b567a24\" data-element_type=\"widget\" data-e-type=\"widget\" data-widget_type=\"text-editor.default\">\n\t\t\t\t\t\t\t\t\t<div class=\"greeting\"><h4><span style=\"color: #e5007d;\"><strong>2024 Denetim Raporu<\/strong><\/span><\/h4><\/div>\t\t\t\t\t\t\t\t<\/div>\n\t\t\t\t<div class=\"elementor-element elementor-element-33a7fde elementor-widget elementor-widget-html\" data-id=\"33a7fde\" data-element_type=\"widget\" data-e-type=\"widget\" data-widget_type=\"html.default\">\n\t\t\t\t\t<div class=\"pdf-wrapper\">\n    <object \n        data=\"https:\/\/koruncuk.org\/dosyalar\/denetimraporlari\/Koruncuk-Vakfi-Denetim-Raporu-2024.pdf\" \n        type=\"application\/pdf\" \n        width=\"100%\" \n        height=\"800px\">\n        <iframe \n            src=\"https:\/\/koruncuk.org\/dosyalar\/denetimraporlari\/Koruncuk-Vakfi-Denetim-Raporu-2024.pdf\" \n            width=\"100%\" \n            height=\"100%\" \n            style=\"border:none;\">\n            Bu taray\u0131c\u0131 PDF g\u00f6r\u00fcnt\u00fclemeyi desteklemiyor. L\u00fctfen dosyay\u0131 indirin.\n        <\/iframe>\n    <\/object>\n<\/div>\n\n\t\t\t\t<\/div>\n\t\t\t\t<\/div>\n\t\t\t\t\t<\/div>\n\t\t\t\t<\/div>\n\t\t\t\t<\/div>\n\t\t","protected":false},"excerpt":{"rendered":"<p>2024 Denetim Raporu Ana Sayfa Sayfa 2024 Denetim Raporu Bu taray\u0131c\u0131 PDF g\u00f6r\u00fcnt\u00fclemeyi desteklemiyor. L\u00fctfen dosyay\u0131 indirin.<\/p>","protected":false},"author":1,"featured_media":0,"parent":1824,"menu_order":0,"comment_status":"closed","ping_status":"closed","template":"","meta":{"footnotes":""},"class_list":["post-2486","page","type-page","status-publish","hentry"],"_links":{"self":[{"href":"https:\/\/koruncuk.org\/en\/wp-json\/wp\/v2\/pages\/2486","targetHints":{"allow":["GET"]}}],"collection":[{"href":"https:\/\/koruncuk.org\/en\/wp-json\/wp\/v2\/pages"}],"about":[{"href":"https:\/\/koruncuk.org\/en\/wp-json\/wp\/v2\/types\/page"}],"author":[{"embeddable":true,"href":"https:\/\/koruncuk.org\/en\/wp-json\/wp\/v2\/users\/1"}],"replies":[{"embeddable":true,"href":"https:\/\/koruncuk.org\/en\/wp-json\/wp\/v2\/comments?post=2486"}],"version-history":[{"count":19,"href":"https:\/\/koruncuk.org\/en\/wp-json\/wp\/v2\/pages\/2486\/revisions"}],"predecessor-version":[{"id":5763,"href":"https:\/\/koruncuk.org\/en\/wp-json\/wp\/v2\/pages\/2486\/revisions\/5763"}],"up":[{"embeddable":true,"href":"https:\/\/koruncuk.org\/en\/wp-json\/wp\/v2\/pages\/1824"}],"wp:attachment":[{"href":"https:\/\/koruncuk.org\/en\/wp-json\/wp\/v2\/media?parent=2486"}],"curies":[{"name":"wp","href":"https:\/\/api.w.org\/{rel}","templated":true}]}}