{"id":2494,"date":"2025-09-11T23:31:50","date_gmt":"2025-09-11T20:31:50","guid":{"rendered":"https:\/\/webseldonusum.net\/tema\/koruncuk\/?page_id=2494"},"modified":"2026-02-04T17:18:12","modified_gmt":"2026-02-04T14:18:12","slug":"aileyi-destekleyerek-cocugu-guclendiriyoruz","status":"publish","type":"page","link":"https:\/\/koruncuk.org\/en\/projelerimiz\/aileyi-destekleyerek-cocugu-guclendiriyoruz\/","title":{"rendered":"Aileyi Destekleyerek \u00c7ocu\u011fu G\u00fc\u00e7lendiriyoruz"},"content":{"rendered":"\t\t<div data-elementor-type=\"wp-page\" data-elementor-id=\"2494\" class=\"elementor elementor-2494\">\n\t\t\t\t<div class=\"elementor-element elementor-element-c905175 e-con-full e-flex e-con e-parent\" data-id=\"c905175\" data-element_type=\"container\" data-e-type=\"container\" data-settings=\"{&quot;background_background&quot;:&quot;classic&quot;}\">\n\t\t<div class=\"elementor-element elementor-element-48fbfd3 e-con-full e-flex e-con e-child\" data-id=\"48fbfd3\" data-element_type=\"container\" data-e-type=\"container\" data-settings=\"{&quot;background_background&quot;:&quot;classic&quot;}\">\n\t\t<div class=\"elementor-element elementor-element-4f9e412 e-con-full e-flex e-con e-child\" data-id=\"4f9e412\" data-element_type=\"container\" data-e-type=\"container\" data-settings=\"{&quot;background_background&quot;:&quot;slideshow&quot;,&quot;background_slideshow_gallery&quot;:[{&quot;id&quot;:2415,&quot;url&quot;:&quot;https:\\\/\\\/koruncuk.org\\\/wp-content\\\/uploads\\\/2025\\\/09\\\/koruncuk-Header-BG-9.webp&quot;},{&quot;id&quot;:2416,&quot;url&quot;:&quot;https:\\\/\\\/koruncuk.org\\\/wp-content\\\/uploads\\\/2025\\\/09\\\/koruncuk-Header-BG-10.webp&quot;}],&quot;background_slideshow_slide_duration&quot;:15000,&quot;background_slideshow_transition_duration&quot;:3000,&quot;background_slideshow_ken_burns&quot;:&quot;yes&quot;,&quot;background_slideshow_loop&quot;:&quot;yes&quot;,&quot;background_slideshow_slide_transition&quot;:&quot;fade&quot;,&quot;background_slideshow_ken_burns_zoom_direction&quot;:&quot;in&quot;}\">\n\t\t<div class=\"elementor-element elementor-element-69c19c2 e-con-full e-flex e-con e-child\" data-id=\"69c19c2\" data-element_type=\"container\" data-e-type=\"container\">\n\t\t<div class=\"elementor-element elementor-element-b084df3 e-con-full e-flex e-con e-child\" data-id=\"b084df3\" data-element_type=\"container\" data-e-type=\"container\">\n\t\t\t\t<div class=\"elementor-element elementor-element-4e01dc9 elementor-widget elementor-widget-gva-heading-block\" data-id=\"4e01dc9\" data-element_type=\"widget\" data-e-type=\"widget\" data-widget_type=\"gva-heading-block.default\">\n\t\t\t\t<div class=\"elementor-widget-container\">\n\t\t\t\t\t<div class=\"gva-element-gva-heading-block gva-element\">\r\n\r\n   <div class=\"align-center style-1 widget gsc-heading box-align-left auto-responsive\">\r\n      \r\n      <div class=\"content-inner\">\r\n                  \r\n           \r\n         \r\n                     <h2 class=\"title\">\r\n               <span>Aileyi Destekleyerek \u00c7ocu\u011fu G\u00fc\u00e7lendiriyoruz<\/span>\r\n            <\/h2>\r\n                  \r\n         \r\n               <\/div>\r\n\r\n   <\/div>\r\n\r\n<\/div>\t\t\t\t<\/div>\n\t\t\t\t<\/div>\n\t\t\t\t<div class=\"elementor-element elementor-element-fc5b153 elementor-widget elementor-widget-gva_post_breadcrumb\" data-id=\"fc5b153\" data-element_type=\"widget\" data-e-type=\"widget\" data-widget_type=\"gva_post_breadcrumb.default\">\n\t\t\t\t<div class=\"elementor-widget-container\">\n\t\t\t\t\t<div class=\"gva-element-gva_post_breadcrumb gva-element\">   \r\n<div class=\"post-breadcrumb\">\r\n   <div class=\"custom-breadcrumb \" >\r\n      <div class=\"breadcrumb-overlay\"><\/div>\r\n      <div class=\"breadcrumb-main\">\r\n        <div class=\"container\">\r\n          <div class=\"breadcrumb-container-inner\">\r\n            <ol class=\"breadcrumb\"><li><a href=\"https:\/\/koruncuk.org\/en\">Home<\/a> <\/li> <li class=\"active\">Page<\/li><\/ol>          <\/div>  \r\n        <\/div>   \r\n      <\/div>  \r\n   <\/div>\r\n<\/div>      \r\n\r\n<\/div>\t\t\t\t<\/div>\n\t\t\t\t<\/div>\n\t\t\t\t<\/div>\n\t\t\t\t<\/div>\n\t\t\t\t<\/div>\n\t\t\t\t<\/div>\n\t\t\t\t<\/div>\n\t\t<div class=\"elementor-element elementor-element-f8de9c7 e-flex e-con-boxed e-con e-parent\" data-id=\"f8de9c7\" data-element_type=\"container\" data-e-type=\"container\">\n\t\t\t\t\t<div class=\"e-con-inner\">\n\t\t<div class=\"elementor-element elementor-element-4985e40 e-con-full e-flex e-con e-child\" data-id=\"4985e40\" data-element_type=\"container\" data-e-type=\"container\" data-settings=\"{&quot;background_background&quot;:&quot;classic&quot;}\">\n\t\t\t\t<div class=\"elementor-element elementor-element-20c3612 elementor-widget elementor-widget-image\" data-id=\"20c3612\" data-element_type=\"widget\" data-e-type=\"widget\" data-widget_type=\"image.default\">\n\t\t\t\t\t\t\t\t\t\t\t\t\t\t\t<img fetchpriority=\"high\" decoding=\"async\" width=\"1600\" height=\"901\" src=\"https:\/\/koruncuk.org\/wp-content\/uploads\/2025\/09\/Aileyi-Destekleyerek-Cocugu-Guclendiriyoruz-Projesi.webp\" class=\"attachment-full size-full wp-image-3393\" alt=\"\" srcset=\"https:\/\/koruncuk.org\/wp-content\/uploads\/2025\/09\/Aileyi-Destekleyerek-Cocugu-Guclendiriyoruz-Projesi.webp 1600w, https:\/\/koruncuk.org\/wp-content\/uploads\/2025\/09\/Aileyi-Destekleyerek-Cocugu-Guclendiriyoruz-Projesi-1024x577.webp 1024w, https:\/\/koruncuk.org\/wp-content\/uploads\/2025\/09\/Aileyi-Destekleyerek-Cocugu-Guclendiriyoruz-Projesi-768x432.webp 768w, https:\/\/koruncuk.org\/wp-content\/uploads\/2025\/09\/Aileyi-Destekleyerek-Cocugu-Guclendiriyoruz-Projesi-600x338.webp 600w\" sizes=\"(max-width: 1600px) 100vw, 1600px\" \/>\t\t\t\t\t\t\t\t\t\t\t\t\t\t\t<\/div>\n\t\t\t\t<\/div>\n\t\t\t\t\t<\/div>\n\t\t\t\t<\/div>\n\t\t<div class=\"elementor-element elementor-element-15b7fbb e-flex e-con-boxed e-con e-parent\" data-id=\"15b7fbb\" data-element_type=\"container\" data-e-type=\"container\">\n\t\t\t\t\t<div class=\"e-con-inner\">\n\t\t<div class=\"wsdtk-sticky-enabled elementor-element elementor-element-8ae8506 e-con-full e-flex e-con e-child\" data-lsc-sticky=\"yes\" data-lsc-sticky-devices=\"desktop,tablet\" data-lsc-sticky-container=\"viewport\" data-lsc-sticky-top=\"100\" data-id=\"8ae8506\" data-element_type=\"container\" data-e-type=\"container\">\n\t\t\t\t<div class=\"elementor-element elementor-element-978eff0 elementor-widget elementor-widget-shortcode\" data-id=\"978eff0\" data-element_type=\"widget\" data-e-type=\"widget\" data-widget_type=\"shortcode.default\">\n\t\t\t\t\t\t\t<div class=\"elementor-shortcode\">\t<div class=\"wsdtk-achor-subpages-block wsdtk-achor-toc \"\n     data-classes=\"projelerimiz\"\n     data-levels=\"3,4,5\"\n     data-offset=\"130\"\n     data-force-ids=\"0\">\n            <ul class=\"wsdtk-achor-subpages-list\" role=\"list\"><\/ul>\n    <\/div>\n    <\/div>\n\t\t\t\t\t\t<\/div>\n\t\t\t\t<\/div>\n\t\t<div class=\"elementor-element elementor-element-4111af0 e-con-full projelerimiz e-flex e-con e-child\" data-id=\"4111af0\" data-element_type=\"container\" data-e-type=\"container\">\n\t\t\t\t<div class=\"elementor-element elementor-element-2947708 elementor-widget elementor-widget-text-editor\" data-id=\"2947708\" data-element_type=\"widget\" data-e-type=\"widget\" data-widget_type=\"text-editor.default\">\n\t\t\t\t\t\t\t\t\t<div class=\"greeting\"><h4><span style=\"color: #e5007d;\"><strong>Aileyi Destekleyerek \u00c7ocu\u011fu G\u00fc\u00e7lendiriyoruz<\/strong><\/span><\/h4><\/div>\t\t\t\t\t\t\t\t<\/div>\n\t\t\t\t<div class=\"elementor-element elementor-element-d0f6ae6 elementor-widget elementor-widget-text-editor\" data-id=\"d0f6ae6\" data-element_type=\"widget\" data-e-type=\"widget\" data-widget_type=\"text-editor.default\">\n\t\t\t\t\t\t\t\t\t<p>AB Ba\u015fkanl\u0131\u011f\u0131 Sivil Toplum Destek Program\u0131 III kapsam\u0131ndan hayata ge\u00e7irilen \u201cAileyi Destekleyerek \u00c7ocu\u011fu G\u00fc\u00e7lendiriyoruz\u201d projesi ile koruma alt\u0131ndaki \u00e7ocuklar\u0131n ailelerine d\u00f6n\u00fc\u015f s\u00fcrecini iyile\u015ftirilmesini ama\u00e7l\u0131yor.<\/p><p>Proje bu kapsamda ilgili t\u00fcm payda\u015flarla bir araya gelerek, veriye dayal\u0131 ve b\u00fct\u00fcnc\u00fcl bir sistemin politika ve uygulamalara yans\u0131t\u0131lmas\u0131 ve sistemin i\u015flevsel hale gelmesi i\u00e7in katk\u0131da bulunmay\u0131 hedefliyor. \u0130stanbul Koruyucu Aile Derne\u011fi ve Bizim \u00c7ocuklar Gen\u00e7lik Akademisi\u2019nin i\u015f birli\u011fiyle y\u00fcr\u00fct\u00fclen projede, alanda faaliyet g\u00f6steren sivil toplum kurulu\u015flar\u0131n\u0131n politika ve karar alma s\u00fcre\u00e7lerine aktif kat\u0131l\u0131mlar\u0131n\u0131 te\u015fvik etmek amac\u0131yla savunuculuk, lobi ve ileti\u015fim \u00e7al\u0131\u015fmalar\u0131n\u0131n desteklenmesi i\u00e7in kapasite geli\u015ftirme faaliyetleri yap\u0131lacak.<\/p><p>Birle\u015fmi\u015f Milletlerin \u00c7ocuk Haklar\u0131 S\u00f6zle\u015fmesi, her \u00e7ocu\u011fun bir aileye sahip olma ve ailesi ile ya\u015fama hakk\u0131 oldu\u011funu belirtiyor. G\u00fcn\u00fcm\u00fczde daha \u00e7ok \u00fclke, \u00e7ocuk bak\u0131m yakla\u015f\u0131m\u0131nda aile odakl\u0131 modelleri benimserken, s\u00fcrecin \u00e7ocuk odakl\u0131 tasarlanmas\u0131 i\u00e7in her zaman geli\u015fim alan\u0131 bulunuyor.<\/p><p>\u00c7e\u015fitli sebeplerden koruma alt\u0131na al\u0131nan bir \u00e7ocu\u011fun biyolojik ailesine d\u00f6n\u00fc\u015f s\u00fcreci devlet, sivil toplum kurulu\u015flar\u0131 ve uzmanlar\u0131n birlikte planl\u0131 \u00e7al\u0131\u015fmas\u0131n\u0131 gerektiren hassas bir d\u00f6nemdir. \u00c7ocuk ve ailenin uyumunu sa\u011flamak i\u00e7in s\u00fcrecin b\u00fct\u00fcnc\u00fcl bir bak\u0131\u015f a\u00e7\u0131s\u0131yla planlanmas\u0131, \u00f6nleyici ve koruyucu uygulamalar\u0131n zaman\u0131nda uygulanmas\u0131 kritiktir.<\/p><p>Son y\u0131llarda T\u00fcrkiye\u2019de de benimsenen aile temelli \u00e7ocuk koruma yakla\u015f\u0131m\u0131n\u0131 \u00f6nceleyerek faaliyetlerini bu y\u00f6nde d\u00f6n\u00fc\u015ft\u00fcren Koruncuk Vakf\u0131, 1992-2019 y\u0131llar\u0131 aras\u0131nda koruma alt\u0131ndaki \u00e7ocuklarla birebir \u00e7al\u0131\u015fm\u0131\u015f, \u00e7ocuklar\u0131n aileye d\u00f6n\u00fc\u015f s\u00fcre\u00e7lerinde uyumu sa\u011flamak ve takip etmek amac\u0131yla pilot projeler ger\u00e7ekle\u015ftirmi\u015ftir. Bu \u00e7al\u0131\u015fmalardan elde edilen bilgileri, Avrupa Birli\u011fi hibe programlar\u0131 ile zenginle\u015ftiren Koruncuk Vakf\u0131, T\u00fcrkiye\u2019nin aileye d\u00f6n\u00fc\u015f sisteminin g\u00fc\u00e7lendirilmesi ve \u00fclkemize \u00f6zg\u00fc bir destek modelin geli\u015ftirilmesi i\u00e7in \u00e7al\u0131\u015fmalar\u0131na devam etmektedir.<\/p>\t\t\t\t\t\t\t\t<\/div>\n\t\t\t\t<div class=\"elementor-element elementor-element-e68b9eb elementor-widget elementor-widget-text-editor\" data-id=\"e68b9eb\" data-element_type=\"widget\" data-e-type=\"widget\" data-widget_type=\"text-editor.default\">\n\t\t\t\t\t\t\t\t\t<p>Projemizin tan\u0131t\u0131m bro\u015f\u00fcr\u00fcne a\u015fa\u011f\u0131daki linkten ula\u015fabilirsiniz.<\/p>\t\t\t\t\t\t\t\t<\/div>\n\t\t\t\t<div class=\"elementor-element elementor-element-aded399 elementor-align-left elementor-widget elementor-widget-button\" data-id=\"aded399\" data-element_type=\"widget\" data-e-type=\"widget\" data-widget_type=\"button.default\">\n\t\t\t\t\t\t\t\t\t\t<a class=\"elementor-button elementor-button-link elementor-size-sm\" href=\"https:\/\/koruncuk.org\/wp-content\/uploads\/2025\/09\/aileye-destek-proje_brosuru.pdf\" target=\"_blank\">\n\t\t\t\t\t\t<span class=\"elementor-button-content-wrapper\">\n\t\t\t\t\t\t\t\t\t<span class=\"elementor-button-text\">Proje Bro\u015f\u00fcr\u00fc<\/span>\n\t\t\t\t\t<\/span>\n\t\t\t\t\t<\/a>\n\t\t\t\t\t\t\t\t<\/div>\n\t\t\t\t<div class=\"elementor-element elementor-element-8b13974 elementor-widget elementor-widget-text-editor\" data-id=\"8b13974\" data-element_type=\"widget\" data-e-type=\"widget\" data-widget_type=\"text-editor.default\">\n\t\t\t\t\t\t\t\t\t<div class=\"greeting\">\n<h4 style=\"font-weight: 500;\">Proje Faaliyetleri ve \u00c7\u0131kt\u0131lar\u0131<\/h4>\n<\/div>\t\t\t\t\t\t\t\t<\/div>\n\t\t\t\t<div class=\"elementor-element elementor-element-1c1783d elementor-widget elementor-widget-text-editor\" data-id=\"1c1783d\" data-element_type=\"widget\" data-e-type=\"widget\" data-widget_type=\"text-editor.default\">\n\t\t\t\t\t\t\t\t\t<div class=\"greeting\">\n<h5><span style=\"color: #e5007d;\"><strong>Sivil Toplum G\u00f6r\u00fc\u015fmeleri<\/strong><\/span><\/h5>\n<\/div>\t\t\t\t\t\t\t\t<\/div>\n\t\t\t\t<div class=\"elementor-element elementor-element-e81e565 elementor-widget elementor-widget-text-editor\" data-id=\"e81e565\" data-element_type=\"widget\" data-e-type=\"widget\" data-widget_type=\"text-editor.default\">\n\t\t\t\t\t\t\t\t\t<p>Projemiz kapsam\u0131nda \u00e7ocuk alan\u0131nda \u00e7al\u0131\u015fan 17 sivil toplum kurulu\u015fu ile g\u00f6r\u00fc\u015fmeler yap\u0131lm\u0131\u015f, koruma alt\u0131ndaki \u00e7ocuklar\u0131n biyolojik ailelerine d\u00f6nd\u00fcr\u00fclme s\u00fcre\u00e7lerine dair bilgi sahibi olup olmad\u0131klar\u0131, alanda g\u00f6rd\u00fckleri sorunlar ve yerelde \u00e7al\u0131\u015fan sivil toplum kurulu\u015flar\u0131n\u0131n ileti\u015fim kapasiteleri hakk\u0131nda sorular y\u00f6neltilmi\u015ftir.<\/p>\t\t\t\t\t\t\t\t<\/div>\n\t\t\t\t<div class=\"elementor-element elementor-element-2fb8131 elementor-widget elementor-widget-text-editor\" data-id=\"2fb8131\" data-element_type=\"widget\" data-e-type=\"widget\" data-widget_type=\"text-editor.default\">\n\t\t\t\t\t\t\t\t\t<p>G\u00f6r\u00fc\u015fme \u00f6zet raporumuza a\u015fa\u011f\u0131daki linkten ula\u015fabilirsiniz.<\/p>\t\t\t\t\t\t\t\t<\/div>\n\t\t\t\t<div class=\"elementor-element elementor-element-f11ae22 elementor-align-left elementor-widget elementor-widget-button\" data-id=\"f11ae22\" data-element_type=\"widget\" data-e-type=\"widget\" data-widget_type=\"button.default\">\n\t\t\t\t\t\t\t\t\t\t<a class=\"elementor-button elementor-button-link elementor-size-sm\" href=\"https:\/\/koruncuk.org\/wp-content\/uploads\/2025\/09\/stk_gorusmeleri_saha_raporu.pdf\" target=\"_blank\">\n\t\t\t\t\t\t<span class=\"elementor-button-content-wrapper\">\n\t\t\t\t\t\t\t\t\t<span class=\"elementor-button-text\">STK G\u00f6r\u00fc\u015fmeleri Saha Raporu<\/span>\n\t\t\t\t\t<\/span>\n\t\t\t\t\t<\/a>\n\t\t\t\t\t\t\t\t<\/div>\n\t\t\t\t<div class=\"elementor-element elementor-element-7ef981a elementor-widget elementor-widget-text-editor\" data-id=\"7ef981a\" data-element_type=\"widget\" data-e-type=\"widget\" data-widget_type=\"text-editor.default\">\n\t\t\t\t\t\t\t\t\t<div class=\"greeting\">\n<h5><span style=\"color: #e5007d;\"><strong>#G\u00fc\u00e7l\u00fcAileMutlu\u00c7ocuk \u0130leti\u015fim Kampanyas\u0131 &#8211; Ortak Beyan<\/strong><\/span><\/h5>\n<\/div>\t\t\t\t\t\t\t\t<\/div>\n\t\t\t\t<div class=\"elementor-element elementor-element-db5abce elementor-widget elementor-widget-text-editor\" data-id=\"db5abce\" data-element_type=\"widget\" data-e-type=\"widget\" data-widget_type=\"text-editor.default\">\n\t\t\t\t\t\t\t\t\t<p><strong>Ortak Taleplerimiz ve Beyan\u0131m\u0131zd\u0131r!<\/strong><\/p><p>Koruncuk Vakf\u0131 olarak STK\u2019larla i\u015f birli\u011fi i\u00e7inde \u201cAileyi Destekleyerek \u00c7ocu\u011fu G\u00fc\u00e7lendiriyoruz\u201d Projesi kapsam\u0131nda, Aile ve Sosyal Hizmetler Bakanl\u0131\u011f\u0131\u2019n\u0131n y\u00fcr\u00fctt\u00fc\u011f\u00fc \u201caileye d\u00f6n\u00fc\u015f\u201d uygulamas\u0131n\u0131n daha sistemli, sa\u011fl\u0131kl\u0131 ve takipli bir \u015fekilde y\u00fcr\u00fct\u00fclmesine y\u00f6nelik taleplerini dile getirdi\u011fi bir ileti\u015fim kampanyas\u0131 ba\u015flatt\u0131k.<\/p><p>\u0130leti\u015fim kampanyas\u0131n\u0131 olu\u015fturan ve destek veren sivil toplum kurulu\u015flar\u0131;<\/p><p><em>\u0130stanbul Koruyucu Aile Derne\u011fi, \u00c7ift Aile Terapileri Derne\u011fi, Bebek Ruh Sa\u011fl\u0131\u011f\u0131 Derne\u011fi, Bizim \u00c7ocuklar Gen\u00e7lik Akademisi, \u0130zmir Koruyucu Aile Derne\u011fi, Denizli Koruyucu Aile Derne\u011fi, Mara\u015f Koruyucu Aile Derne\u011fi, Maya Vakf\u0131, Kalben Derne\u011fi, Malatya Yurtlardan Ayr\u0131lanlar Derne\u011fi, Hayat Sende Derne\u011fi, K\u0131rm\u0131z\u0131 \u00c7ocuklar Derne\u011fi, Benim Yuvam Derne\u011fi<\/em><\/p>\t\t\t\t\t\t\t\t<\/div>\n\t\t\t\t<div class=\"elementor-element elementor-element-415e291 elementor-widget elementor-widget-text-editor\" data-id=\"415e291\" data-element_type=\"widget\" data-e-type=\"widget\" data-widget_type=\"text-editor.default\">\n\t\t\t\t\t\t\t\t\t<p>Aileyi Destekleyerek \u00c7ocu\u011fu G\u00fc\u00e7lendiriyoruz projesinin odak grup toplant\u0131s\u0131 ve kampanya olu\u015fturma e\u011fitimlerinde ortaya \u00e7\u0131kan ortak s\u00f6ylemimize a\u015fa\u011f\u0131daki linkten ula\u015fabilirsiniz.<\/p>\t\t\t\t\t\t\t\t<\/div>\n\t\t\t\t<div class=\"elementor-element elementor-element-7ad7848 elementor-align-left elementor-widget elementor-widget-button\" data-id=\"7ad7848\" data-element_type=\"widget\" data-e-type=\"widget\" data-widget_type=\"button.default\">\n\t\t\t\t\t\t\t\t\t\t<a class=\"elementor-button elementor-button-link elementor-size-sm\" href=\"https:\/\/koruncuk.org\/wp-content\/uploads\/2025\/09\/guclu_aile_mutlu_cocuk_ortak_beyan.pdf\" target=\"_blank\">\n\t\t\t\t\t\t<span class=\"elementor-button-content-wrapper\">\n\t\t\t\t\t\t\t\t\t<span class=\"elementor-button-text\">G\u00fc\u00e7l\u00fc Aile Mutlu \u00c7ocuk Ortak Beyan<\/span>\n\t\t\t\t\t<\/span>\n\t\t\t\t\t<\/a>\n\t\t\t\t\t\t\t\t<\/div>\n\t\t\t\t<div class=\"elementor-element elementor-element-f425435 elementor-widget elementor-widget-text-editor\" data-id=\"f425435\" data-element_type=\"widget\" data-e-type=\"widget\" data-widget_type=\"text-editor.default\">\n\t\t\t\t\t\t\t\t\t<div class=\"greeting\"><h5><span style=\"color: #e5007d;\"><strong>Aileyi Destekleyerek \u00c7ocu\u011fu G\u00fc\u00e7lendiriyoruz Projesi Tamamland\u0131<\/strong><\/span><\/h5><\/div>\t\t\t\t\t\t\t\t<\/div>\n\t\t\t\t<div class=\"elementor-element elementor-element-f15bd95 elementor-widget elementor-widget-text-editor\" data-id=\"f15bd95\" data-element_type=\"widget\" data-e-type=\"widget\" data-widget_type=\"text-editor.default\">\n\t\t\t\t\t\t\t\t\t<p>Projemizin Kapan\u0131\u015f Toplant\u0131s\u0131 16 May\u0131s 2022 tarihinde \u0130stanbul Dedeman Otel\u2019de Sivil Toplum Kurulu\u015flar\u0131 ve Kamu Kurumlar\u0131 temsilcilerinin kat\u0131l\u0131m\u0131 ile ger\u00e7ekle\u015fti.\u00a0<\/p>\t\t\t\t\t\t\t\t<\/div>\n\t\t\t\t<div class=\"elementor-element elementor-element-5dcdfb6 elementor-widget elementor-widget-text-editor\" data-id=\"5dcdfb6\" data-element_type=\"widget\" data-e-type=\"widget\" data-widget_type=\"text-editor.default\">\n\t\t\t\t\t\t\t\t\t<p>Proje sonu\u00e7 kitap\u00e7\u0131\u011f\u0131m\u0131za a\u015fa\u011f\u0131daki linkten ula\u015fabilirsiniz.<\/p>\t\t\t\t\t\t\t\t<\/div>\n\t\t\t\t<div class=\"elementor-element elementor-element-0bb938b elementor-align-left elementor-widget elementor-widget-button\" data-id=\"0bb938b\" data-element_type=\"widget\" data-e-type=\"widget\" data-widget_type=\"button.default\">\n\t\t\t\t\t\t\t\t\t\t<a class=\"elementor-button elementor-button-link elementor-size-sm\" href=\"https:\/\/koruncuk.org\/wp-content\/uploads\/2025\/09\/proje_sonuc_kitapcigi.pdf\" target=\"_blank\">\n\t\t\t\t\t\t<span class=\"elementor-button-content-wrapper\">\n\t\t\t\t\t\t\t\t\t<span class=\"elementor-button-text\">Proje Sonu\u00e7 Kitap\u00e7\u0131\u011f\u0131<\/span>\n\t\t\t\t\t<\/span>\n\t\t\t\t\t<\/a>\n\t\t\t\t\t\t\t\t<\/div>\n\t\t\t\t<div class=\"elementor-element elementor-element-092fa97 elementor-widget elementor-widget-image\" data-id=\"092fa97\" data-element_type=\"widget\" data-e-type=\"widget\" data-widget_type=\"image.default\">\n\t\t\t\t\t\t\t\t\t\t\t\t<figure class=\"wp-caption\">\n\t\t\t\t\t\t\t\t\t\t\t<a href=\"https:\/\/koruncuk.org\/wp-content\/uploads\/2025\/09\/Aileyi-Destekleyerek-Cocugu-Guclendiriyoruz-Projesi-2.webp\" data-elementor-open-lightbox=\"yes\" data-elementor-lightbox-title=\"Aileyi Destekleyerek \u00c7ocu\u011fu G\u00fc\u00e7lendiriyoruz\" data-e-action-hash=\"#elementor-action%3Aaction%3Dlightbox%26settings%3DeyJpZCI6MzQwOSwidXJsIjoiaHR0cHM6XC9cL2tvcnVuY3VrLm9yZ1wvd3AtY29udGVudFwvdXBsb2Fkc1wvMjAyNVwvMDlcL0FpbGV5aS1EZXN0ZWtsZXllcmVrLUNvY3VndS1HdWNsZW5kaXJpeW9ydXotUHJvamVzaS0yLndlYnAifQ%3D%3D\">\n\t\t\t\t\t\t\t<img decoding=\"async\" width=\"2048\" height=\"851\" src=\"https:\/\/koruncuk.org\/wp-content\/uploads\/2025\/09\/Aileyi-Destekleyerek-Cocugu-Guclendiriyoruz-Projesi-2.webp\" class=\"attachment-full size-full wp-image-3409\" alt=\"Aileyi Destekleyerek \u00c7ocu\u011fu G\u00fc\u00e7lendiriyoruz\" srcset=\"https:\/\/koruncuk.org\/wp-content\/uploads\/2025\/09\/Aileyi-Destekleyerek-Cocugu-Guclendiriyoruz-Projesi-2.webp 2048w, https:\/\/koruncuk.org\/wp-content\/uploads\/2025\/09\/Aileyi-Destekleyerek-Cocugu-Guclendiriyoruz-Projesi-2-1024x426.webp 1024w, https:\/\/koruncuk.org\/wp-content\/uploads\/2025\/09\/Aileyi-Destekleyerek-Cocugu-Guclendiriyoruz-Projesi-2-768x319.webp 768w, https:\/\/koruncuk.org\/wp-content\/uploads\/2025\/09\/Aileyi-Destekleyerek-Cocugu-Guclendiriyoruz-Projesi-2-600x249.webp 600w\" sizes=\"(max-width: 2048px) 100vw, 2048px\" \/>\t\t\t\t\t\t\t\t<\/a>\n\t\t\t\t\t\t\t\t\t\t\t<figcaption class=\"widget-image-caption wp-caption-text\">Aileyi Destekleyerek \u00c7ocu\u011fu G\u00fc\u00e7lendiriyoruz<\/figcaption>\n\t\t\t\t\t\t\t\t\t\t<\/figure>\n\t\t\t\t\t\t\t\t\t<\/div>\n\t\t\t\t<\/div>\n\t\t\t\t\t<\/div>\n\t\t\t\t<\/div>\n\t\t\t\t<\/div>\n\t\t","protected":false},"excerpt":{"rendered":"<p>Aileyi Destekleyerek \u00c7ocu\u011fu G\u00fc\u00e7lendiriyoruz Ana Sayfa Sayfa Aileyi Destekleyerek \u00c7ocu\u011fu G\u00fc\u00e7lendiriyoruz AB Ba\u015fkanl\u0131\u011f\u0131 Sivil Toplum Destek Program\u0131 III kapsam\u0131ndan hayata ge\u00e7irilen \u201cAileyi Destekleyerek \u00c7ocu\u011fu G\u00fc\u00e7lendiriyoruz\u201d projesi ile koruma alt\u0131ndaki \u00e7ocuklar\u0131n ailelerine d\u00f6n\u00fc\u015f s\u00fcrecini iyile\u015ftirilmesini ama\u00e7l\u0131yor. Proje bu kapsamda ilgili t\u00fcm payda\u015flarla bir araya gelerek, veriye dayal\u0131 ve b\u00fct\u00fcnc\u00fcl bir sistemin politika ve uygulamalara yans\u0131t\u0131lmas\u0131 ve [&hellip;]<\/p>\n","protected":false},"author":1,"featured_media":0,"parent":2564,"menu_order":0,"comment_status":"closed","ping_status":"closed","template":"","meta":{"footnotes":""},"class_list":["post-2494","page","type-page","status-publish","hentry"],"_links":{"self":[{"href":"https:\/\/koruncuk.org\/en\/wp-json\/wp\/v2\/pages\/2494","targetHints":{"allow":["GET"]}}],"collection":[{"href":"https:\/\/koruncuk.org\/en\/wp-json\/wp\/v2\/pages"}],"about":[{"href":"https:\/\/koruncuk.org\/en\/wp-json\/wp\/v2\/types\/page"}],"author":[{"embeddable":true,"href":"https:\/\/koruncuk.org\/en\/wp-json\/wp\/v2\/users\/1"}],"replies":[{"embeddable":true,"href":"https:\/\/koruncuk.org\/en\/wp-json\/wp\/v2\/comments?post=2494"}],"version-history":[{"count":54,"href":"https:\/\/koruncuk.org\/en\/wp-json\/wp\/v2\/pages\/2494\/revisions"}],"predecessor-version":[{"id":5560,"href":"https:\/\/koruncuk.org\/en\/wp-json\/wp\/v2\/pages\/2494\/revisions\/5560"}],"up":[{"embeddable":true,"href":"https:\/\/koruncuk.org\/en\/wp-json\/wp\/v2\/pages\/2564"}],"wp:attachment":[{"href":"https:\/\/koruncuk.org\/en\/wp-json\/wp\/v2\/media?parent=2494"}],"curies":[{"name":"wp","href":"https:\/\/api.w.org\/{rel}","templated":true}]}}