{"id":2508,"date":"2025-09-11T23:41:22","date_gmt":"2025-09-11T20:41:22","guid":{"rendered":"https:\/\/webseldonusum.net\/tema\/koruncuk\/?page_id=2508"},"modified":"2026-02-04T17:18:05","modified_gmt":"2026-02-04T14:18:05","slug":"aileye-donus","status":"publish","type":"page","link":"https:\/\/koruncuk.org\/en\/projelerimiz\/aileye-donus\/","title":{"rendered":"Aileye D\u00f6n\u00fc\u015f"},"content":{"rendered":"\t\t<div data-elementor-type=\"wp-page\" data-elementor-id=\"2508\" class=\"elementor elementor-2508\">\n\t\t\t\t<div class=\"elementor-element elementor-element-1a1e723 e-con-full e-flex e-con e-parent\" data-id=\"1a1e723\" data-element_type=\"container\" data-e-type=\"container\" data-settings=\"{&quot;background_background&quot;:&quot;classic&quot;}\">\n\t\t<div class=\"elementor-element elementor-element-ea4746f e-con-full e-flex e-con e-child\" data-id=\"ea4746f\" data-element_type=\"container\" data-e-type=\"container\" data-settings=\"{&quot;background_background&quot;:&quot;classic&quot;}\">\n\t\t<div class=\"elementor-element elementor-element-e63d765 e-con-full e-flex e-con e-child\" data-id=\"e63d765\" data-element_type=\"container\" data-e-type=\"container\" data-settings=\"{&quot;background_background&quot;:&quot;slideshow&quot;,&quot;background_slideshow_gallery&quot;:[{&quot;id&quot;:2415,&quot;url&quot;:&quot;https:\\\/\\\/koruncuk.org\\\/wp-content\\\/uploads\\\/2025\\\/09\\\/koruncuk-Header-BG-9.webp&quot;},{&quot;id&quot;:2416,&quot;url&quot;:&quot;https:\\\/\\\/koruncuk.org\\\/wp-content\\\/uploads\\\/2025\\\/09\\\/koruncuk-Header-BG-10.webp&quot;}],&quot;background_slideshow_slide_duration&quot;:15000,&quot;background_slideshow_transition_duration&quot;:3000,&quot;background_slideshow_ken_burns&quot;:&quot;yes&quot;,&quot;background_slideshow_loop&quot;:&quot;yes&quot;,&quot;background_slideshow_slide_transition&quot;:&quot;fade&quot;,&quot;background_slideshow_ken_burns_zoom_direction&quot;:&quot;in&quot;}\">\n\t\t<div class=\"elementor-element elementor-element-7e11a1d e-con-full e-flex e-con e-child\" data-id=\"7e11a1d\" data-element_type=\"container\" data-e-type=\"container\">\n\t\t<div class=\"elementor-element elementor-element-62cd010 e-con-full e-flex e-con e-child\" data-id=\"62cd010\" data-element_type=\"container\" data-e-type=\"container\">\n\t\t\t\t<div class=\"elementor-element elementor-element-f31b83c elementor-widget elementor-widget-gva-heading-block\" data-id=\"f31b83c\" data-element_type=\"widget\" data-e-type=\"widget\" data-widget_type=\"gva-heading-block.default\">\n\t\t\t\t<div class=\"elementor-widget-container\">\n\t\t\t\t\t<div class=\"gva-element-gva-heading-block gva-element\">\r\n\r\n   <div class=\"align-center style-1 widget gsc-heading box-align-left auto-responsive\">\r\n      \r\n      <div class=\"content-inner\">\r\n                  \r\n           \r\n         \r\n                     <h2 class=\"title\">\r\n               <span>Aileye D\u00f6n\u00fc\u015f<\/span>\r\n            <\/h2>\r\n                  \r\n         \r\n               <\/div>\r\n\r\n   <\/div>\r\n\r\n<\/div>\t\t\t\t<\/div>\n\t\t\t\t<\/div>\n\t\t\t\t<div class=\"elementor-element elementor-element-164b95d elementor-widget elementor-widget-gva_post_breadcrumb\" data-id=\"164b95d\" data-element_type=\"widget\" data-e-type=\"widget\" data-widget_type=\"gva_post_breadcrumb.default\">\n\t\t\t\t<div class=\"elementor-widget-container\">\n\t\t\t\t\t<div class=\"gva-element-gva_post_breadcrumb gva-element\">   \r\n<div class=\"post-breadcrumb\">\r\n   <div class=\"custom-breadcrumb \" >\r\n      <div class=\"breadcrumb-overlay\"><\/div>\r\n      <div class=\"breadcrumb-main\">\r\n        <div class=\"container\">\r\n          <div class=\"breadcrumb-container-inner\">\r\n            <ol class=\"breadcrumb\"><li><a href=\"https:\/\/koruncuk.org\/en\">Home<\/a> <\/li> <li class=\"active\">Page<\/li><\/ol>          <\/div>  \r\n        <\/div>   \r\n      <\/div>  \r\n   <\/div>\r\n<\/div>      \r\n\r\n<\/div>\t\t\t\t<\/div>\n\t\t\t\t<\/div>\n\t\t\t\t<\/div>\n\t\t\t\t<\/div>\n\t\t\t\t<\/div>\n\t\t\t\t<\/div>\n\t\t\t\t<\/div>\n\t\t<div class=\"elementor-element elementor-element-3c7a999 e-flex e-con-boxed e-con e-parent\" data-id=\"3c7a999\" data-element_type=\"container\" data-e-type=\"container\">\n\t\t\t\t\t<div class=\"e-con-inner\">\n\t\t<div class=\"elementor-element elementor-element-37f51e5 e-con-full e-flex e-con e-child\" data-id=\"37f51e5\" data-element_type=\"container\" data-e-type=\"container\" data-settings=\"{&quot;background_background&quot;:&quot;classic&quot;}\">\n\t\t\t\t<div class=\"elementor-element elementor-element-aad9879 elementor-widget elementor-widget-image\" data-id=\"aad9879\" data-element_type=\"widget\" data-e-type=\"widget\" data-widget_type=\"image.default\">\n\t\t\t\t\t\t\t\t\t\t\t\t\t\t\t<img fetchpriority=\"high\" decoding=\"async\" width=\"1040\" height=\"500\" src=\"https:\/\/koruncuk.org\/wp-content\/uploads\/2025\/09\/sivil-toplum-diyalogu-v-ailye-donus-psikososyal-meslek-modelleme-projesi.webp\" class=\"attachment-full size-full wp-image-3506\" alt=\"Sivil Toplum Diyalogu V Ailye D\u00f6n\u00fc\u015f Psikososyal Meslek Modelleme Projesi\" srcset=\"https:\/\/koruncuk.org\/wp-content\/uploads\/2025\/09\/sivil-toplum-diyalogu-v-ailye-donus-psikososyal-meslek-modelleme-projesi.webp 1040w, https:\/\/koruncuk.org\/wp-content\/uploads\/2025\/09\/sivil-toplum-diyalogu-v-ailye-donus-psikososyal-meslek-modelleme-projesi-1024x492.webp 1024w, https:\/\/koruncuk.org\/wp-content\/uploads\/2025\/09\/sivil-toplum-diyalogu-v-ailye-donus-psikososyal-meslek-modelleme-projesi-768x369.webp 768w, https:\/\/koruncuk.org\/wp-content\/uploads\/2025\/09\/sivil-toplum-diyalogu-v-ailye-donus-psikososyal-meslek-modelleme-projesi-600x288.webp 600w\" sizes=\"(max-width: 1040px) 100vw, 1040px\" \/>\t\t\t\t\t\t\t\t\t\t\t\t\t\t\t<\/div>\n\t\t\t\t<\/div>\n\t\t\t\t\t<\/div>\n\t\t\t\t<\/div>\n\t\t<div class=\"elementor-element elementor-element-ed5bd2c e-flex e-con-boxed e-con e-parent\" data-id=\"ed5bd2c\" data-element_type=\"container\" data-e-type=\"container\">\n\t\t\t\t\t<div class=\"e-con-inner\">\n\t\t<div class=\"wsdtk-sticky-enabled elementor-element elementor-element-bc36452 e-con-full e-flex e-con e-child\" data-lsc-sticky=\"yes\" data-lsc-sticky-devices=\"desktop,tablet\" data-lsc-sticky-container=\"viewport\" data-lsc-sticky-top=\"100\" data-id=\"bc36452\" data-element_type=\"container\" data-e-type=\"container\">\n\t\t\t\t<div class=\"elementor-element elementor-element-6509bef elementor-widget elementor-widget-shortcode\" data-id=\"6509bef\" data-element_type=\"widget\" data-e-type=\"widget\" data-widget_type=\"shortcode.default\">\n\t\t\t\t\t\t\t<div class=\"elementor-shortcode\">\t<div class=\"wsdtk-achor-subpages-block wsdtk-achor-toc \"\n     data-classes=\"projelerimiz\"\n     data-levels=\"3,4,5\"\n     data-offset=\"130\"\n     data-force-ids=\"0\">\n            <ul class=\"wsdtk-achor-subpages-list\" role=\"list\"><\/ul>\n    <\/div>\n    <\/div>\n\t\t\t\t\t\t<\/div>\n\t\t\t\t<\/div>\n\t\t<div class=\"elementor-element elementor-element-3c036e5 e-con-full projelerimiz e-flex e-con e-child\" data-id=\"3c036e5\" data-element_type=\"container\" data-e-type=\"container\">\n\t\t\t\t<div class=\"elementor-element elementor-element-5f58ed4 elementor-widget elementor-widget-text-editor\" data-id=\"5f58ed4\" data-element_type=\"widget\" data-e-type=\"widget\" data-widget_type=\"text-editor.default\">\n\t\t\t\t\t\t\t\t\t<div class=\"greeting\"><h4><span style=\"color: #e5007d;\"><strong>Aileyi Destekleyerek \u00c7ocu\u011fu G\u00fc\u00e7lendiriyoruz<\/strong><\/span><\/h4><\/div>\t\t\t\t\t\t\t\t<\/div>\n\t\t\t\t<div class=\"elementor-element elementor-element-4710826 elementor-widget elementor-widget-text-editor\" data-id=\"4710826\" data-element_type=\"widget\" data-e-type=\"widget\" data-widget_type=\"text-editor.default\">\n\t\t\t\t\t\t\t\t\t<p>\u201cAileye D\u00f6n\u00fc\u015f Psikososyal Destek Modelleme Projesi\u201d, Koruncuk Vakf\u0131\u2019n\u0131n Bel\u00e7ikal\u0131 L\u2019accueil ortakl\u0131\u011f\u0131 ve AB deste\u011fi ile D\u0131\u015fi\u015fleri Bakanl\u0131\u011f\u0131 AB Ba\u015fkanl\u0131\u011f\u0131n\u0131n koordinasyonunda, Sivil Toplum Diyalo\u011fu Program\u0131\u2019n\u0131n Be\u015finci Hibe D\u00f6nemi kapsam\u0131nda y\u00fcr\u00fct\u00fcl\u00fcyor.<\/p><p>D\u00fcnyada \u00e7ocuk bak\u0131m\u0131na ili\u015fkin politikalar de\u011fi\u015ftik\u00e7e, \u00fclkemizin ekonomik geli\u015fmi\u015flik seviyesi y\u00fckseldik\u00e7e ve \u00e7ocuk haklar\u0131n\u0131 merkeze koyan politikalar artt\u0131k\u00e7a, \u00e7ocuk ve aileyi merkeze alan, sadece bak\u0131m vermeyi ve m\u00fcdahaleyi de\u011fil, \u00f6nlemeyi hedefleyen sosyal hizmet modellerinin \u00f6nemi de giderek anla\u015f\u0131lmaya ba\u015fland\u0131. Koruncuk Vakf\u0131 da de\u011fi\u015fen ihtiya\u00e7lara g\u00f6re her ge\u00e7en g\u00fcn uygulamalar\u0131n\u0131 geli\u015ftirmekte, g\u00fcncellemekte, sosyal hizmet ve \u00e7ocuk koruma alan\u0131nda etkin modelleri ara\u015ft\u0131rmaya ve \u00fclkemize ta\u015f\u0131maya devam etmektedir.<\/p><p>Aileye d\u00f6n\u00fc\u015f projesi bu ama\u00e7la, \u00fclkemizde ge\u00e7ti\u011fimiz y\u0131llarda ba\u015flayan, kurum bak\u0131m\u0131ndaki \u00e7ocuklar\u0131n ekonomik destekle aile yan\u0131na d\u00f6n\u00fc\u015f s\u00fcre\u00e7lerini g\u00fc\u00e7lendirmek, ailelerin ekonomik destek haricindeki ihtiya\u00e7lar\u0131n\u0131 daha iyi anlamak, aile yan\u0131na d\u00f6n\u00fc\u015f\u00fc \u00e7ocuk i\u00e7in en risksiz ve kal\u0131c\u0131 hale getirmek i\u00e7in tasarlanm\u0131\u015ft\u0131r.<\/p><p>Koruncuk Vakf\u0131\u2019n\u0131n b\u00fcnyesinden ailesi yan\u0131na d\u00f6nen \u00e7ocuklara y\u00f6nelik 2018 y\u0131l\u0131nda ba\u015flatt\u0131\u011f\u0131 pilot \u00e7al\u0131\u015fmas\u0131n\u0131n devam\u0131 niteli\u011finde olan Proje ile Avrupa Birli\u011fi\u2019ndeki \u00fclkelerdeki yeniden birle\u015fme s\u00fcre\u00e7leri incelenerek, \u00e7al\u0131\u015fmalar\u0131n daha nitelikli bir zemine oturtulmas\u0131n\u0131 ve sosyo-k\u00fclt\u00fcrel yap\u0131m\u0131za uygun bir model olu\u015fturmak i\u00e7in Aile, \u00c7al\u0131\u015fma ve Sosyal Hizmetler Bakanl\u0131\u011f\u0131\u2019n\u0131n \u00e7al\u0131\u015fmalar\u0131na katk\u0131 koymay\u0131 ama\u00e7lan\u0131yor.<\/p><p>Koruncuk Vakf\u0131, 40 y\u0131l\u0131 a\u015fk\u0131n s\u00fcredir, \u00e7ocuklar\u0131n haklar\u0131na y\u00f6nelik engellerin kald\u0131r\u0131lmas\u0131 amac\u0131yla e\u011fitim ve temel ihtiya\u00e7lar\u0131n\u0131 kar\u015f\u0131lamak i\u00e7in \u00e7al\u0131\u015f\u0131yor. Bu ama\u00e7la \u00e7ocuklar\u0131 Koruncukk\u00f6y, yar\u0131 ba\u011f\u0131ms\u0131z ev ve aile yan\u0131nda olmak \u00fczere \u00e7e\u015fitli modellerle desteklemektedir.<\/p>\t\t\t\t\t\t\t\t<\/div>\n\t\t\t\t<div class=\"elementor-element elementor-element-27b1b99 elementor-widget elementor-widget-text-editor\" data-id=\"27b1b99\" data-element_type=\"widget\" data-e-type=\"widget\" data-widget_type=\"text-editor.default\">\n\t\t\t\t\t\t\t\t\t<div class=\"greeting\"><h4 style=\"font-weight: 500;\">Faydal\u0131 \u0130\u00e7erikler:<\/h4><\/div>\t\t\t\t\t\t\t\t<\/div>\n\t\t\t\t<div class=\"elementor-element elementor-element-aded399 elementor-align-left elementor-widget elementor-widget-button\" data-id=\"aded399\" data-element_type=\"widget\" data-e-type=\"widget\" data-widget_type=\"button.default\">\n\t\t\t\t\t\t\t\t\t\t<a class=\"elementor-button elementor-button-link elementor-size-sm\" href=\"https:\/\/koruncuk.org\/post\/aileye-donus-projesi-acilis-toplantisi_17\" target=\"_blank\">\n\t\t\t\t\t\t<span class=\"elementor-button-content-wrapper\">\n\t\t\t\t\t\t\t\t\t<span class=\"elementor-button-text\">Proje A\u00e7\u0131l\u0131\u015f Toplant\u0131s\u0131 <\/span>\n\t\t\t\t\t<\/span>\n\t\t\t\t\t<\/a>\n\t\t\t\t\t\t\t\t<\/div>\n\t\t\t\t<div class=\"elementor-element elementor-element-f11ae22 elementor-widget elementor-widget-button\" data-id=\"f11ae22\" data-element_type=\"widget\" data-e-type=\"widget\" data-widget_type=\"button.default\">\n\t\t\t\t\t\t\t\t\t\t<a class=\"elementor-button elementor-button-link elementor-size-sm\" href=\"https:\/\/koruncuk.org\/post\/aileye-donus-projemiz-kapsaminda-gerceklestirilen-kurum-ziyaretleri_36\" target=\"_blank\">\n\t\t\t\t\t\t<span class=\"elementor-button-content-wrapper\">\n\t\t\t\t\t\t\t\t\t<span class=\"elementor-button-text\">Proje Kapsam\u0131nda Yap\u0131lan Kurum Ziyaretleri <\/span>\n\t\t\t\t\t<\/span>\n\t\t\t\t\t<\/a>\n\t\t\t\t\t\t\t\t<\/div>\n\t\t\t\t<div class=\"elementor-element elementor-element-7ad7848 elementor-widget elementor-widget-button\" data-id=\"7ad7848\" data-element_type=\"widget\" data-e-type=\"widget\" data-widget_type=\"button.default\">\n\t\t\t\t\t\t\t\t\t\t<a class=\"elementor-button elementor-button-link elementor-size-sm\" href=\"https:\/\/koruncuk.org\/post\/koruncuk-vakfi-ndan-aileye-donus-sureci-icin-model-onerisi_86\" target=\"_blank\">\n\t\t\t\t\t\t<span class=\"elementor-button-content-wrapper\">\n\t\t\t\t\t\t\t\t\t<span class=\"elementor-button-text\">Bas\u0131n B\u00fclteni: Koruncuk Vakf\u0131'ndan aileye d\u00f6n\u00fc\u015f s\u00fcreci i\u00e7in model \u00f6nerisi<\/span>\n\t\t\t\t\t<\/span>\n\t\t\t\t\t<\/a>\n\t\t\t\t\t\t\t\t<\/div>\n\t\t\t\t<div class=\"elementor-element elementor-element-0bb938b elementor-widget elementor-widget-button\" data-id=\"0bb938b\" data-element_type=\"widget\" data-e-type=\"widget\" data-widget_type=\"button.default\">\n\t\t\t\t\t\t\t\t\t\t<a class=\"elementor-button elementor-button-link elementor-size-sm\" href=\"https:\/\/koruncuk.org\/post\/aileye-donus-psikososyal-destek-modelleme-projesi-tamamlandi_91\" target=\"_blank\">\n\t\t\t\t\t\t<span class=\"elementor-button-content-wrapper\">\n\t\t\t\t\t\t\t\t\t<span class=\"elementor-button-text\">Aileye D\u00f6n\u00fc\u015f Psikososyal Destek Modelleme Projesi Tamamland\u0131<\/span>\n\t\t\t\t\t<\/span>\n\t\t\t\t\t<\/a>\n\t\t\t\t\t\t\t\t<\/div>\n\t\t\t\t<\/div>\n\t\t\t\t\t<\/div>\n\t\t\t\t<\/div>\n\t\t\t\t<\/div>\n\t\t","protected":false},"excerpt":{"rendered":"<p>Aileye D\u00f6n\u00fc\u015f Ana Sayfa Sayfa Aileyi Destekleyerek \u00c7ocu\u011fu G\u00fc\u00e7lendiriyoruz \u201cAileye D\u00f6n\u00fc\u015f Psikososyal Destek Modelleme Projesi\u201d, Koruncuk Vakf\u0131\u2019n\u0131n Bel\u00e7ikal\u0131 L\u2019accueil ortakl\u0131\u011f\u0131 ve AB deste\u011fi ile D\u0131\u015fi\u015fleri Bakanl\u0131\u011f\u0131 AB Ba\u015fkanl\u0131\u011f\u0131n\u0131n koordinasyonunda, Sivil Toplum Diyalo\u011fu Program\u0131\u2019n\u0131n Be\u015finci Hibe D\u00f6nemi kapsam\u0131nda y\u00fcr\u00fct\u00fcl\u00fcyor. D\u00fcnyada \u00e7ocuk bak\u0131m\u0131na ili\u015fkin politikalar de\u011fi\u015ftik\u00e7e, \u00fclkemizin ekonomik geli\u015fmi\u015flik seviyesi y\u00fckseldik\u00e7e ve \u00e7ocuk haklar\u0131n\u0131 merkeze koyan politikalar [&hellip;]<\/p>\n","protected":false},"author":1,"featured_media":0,"parent":2564,"menu_order":0,"comment_status":"closed","ping_status":"closed","template":"","meta":{"footnotes":""},"class_list":["post-2508","page","type-page","status-publish","hentry"],"_links":{"self":[{"href":"https:\/\/koruncuk.org\/en\/wp-json\/wp\/v2\/pages\/2508","targetHints":{"allow":["GET"]}}],"collection":[{"href":"https:\/\/koruncuk.org\/en\/wp-json\/wp\/v2\/pages"}],"about":[{"href":"https:\/\/koruncuk.org\/en\/wp-json\/wp\/v2\/types\/page"}],"author":[{"embeddable":true,"href":"https:\/\/koruncuk.org\/en\/wp-json\/wp\/v2\/users\/1"}],"replies":[{"embeddable":true,"href":"https:\/\/koruncuk.org\/en\/wp-json\/wp\/v2\/comments?post=2508"}],"version-history":[{"count":22,"href":"https:\/\/koruncuk.org\/en\/wp-json\/wp\/v2\/pages\/2508\/revisions"}],"predecessor-version":[{"id":5554,"href":"https:\/\/koruncuk.org\/en\/wp-json\/wp\/v2\/pages\/2508\/revisions\/5554"}],"up":[{"embeddable":true,"href":"https:\/\/koruncuk.org\/en\/wp-json\/wp\/v2\/pages\/2564"}],"wp:attachment":[{"href":"https:\/\/koruncuk.org\/en\/wp-json\/wp\/v2\/media?parent=2508"}],"curies":[{"name":"wp","href":"https:\/\/api.w.org\/{rel}","templated":true}]}}