{"id":2561,"date":"2025-09-12T00:55:30","date_gmt":"2025-09-11T21:55:30","guid":{"rendered":"https:\/\/webseldonusum.net\/tema\/koruncuk\/?page_id=2561"},"modified":"2026-01-31T09:39:58","modified_gmt":"2026-01-31T06:39:58","slug":"destek-modellerimiz","status":"publish","type":"page","link":"https:\/\/koruncuk.org\/en\/destek-modellerimiz\/","title":{"rendered":"Destek Modellerimiz"},"content":{"rendered":"\t\t<div data-elementor-type=\"wp-page\" data-elementor-id=\"2561\" class=\"elementor elementor-2561\">\n\t\t\t\t<div class=\"elementor-element elementor-element-27b6231 e-con-full e-flex e-con e-parent\" data-id=\"27b6231\" data-element_type=\"container\" data-e-type=\"container\" data-settings=\"{&quot;background_background&quot;:&quot;classic&quot;}\">\n\t\t<div class=\"elementor-element elementor-element-728291e e-con-full e-flex e-con e-child\" data-id=\"728291e\" data-element_type=\"container\" data-e-type=\"container\" data-settings=\"{&quot;background_background&quot;:&quot;slideshow&quot;,&quot;background_slideshow_gallery&quot;:[{&quot;id&quot;:2387,&quot;url&quot;:&quot;https:\\\/\\\/koruncuk.org\\\/wp-content\\\/uploads\\\/2025\\\/09\\\/koruncuk-Header_BG-3.webp&quot;},{&quot;id&quot;:2388,&quot;url&quot;:&quot;https:\\\/\\\/koruncuk.org\\\/wp-content\\\/uploads\\\/2025\\\/09\\\/koruncuk-Header_BG-4.webp&quot;}],&quot;background_slideshow_slide_duration&quot;:15000,&quot;background_slideshow_transition_duration&quot;:3000,&quot;background_slideshow_ken_burns&quot;:&quot;yes&quot;,&quot;background_slideshow_loop&quot;:&quot;yes&quot;,&quot;background_slideshow_slide_transition&quot;:&quot;fade&quot;,&quot;background_slideshow_ken_burns_zoom_direction&quot;:&quot;in&quot;}\">\n\t\t<div class=\"elementor-element elementor-element-5c91953 e-flex e-con-boxed e-con e-child\" data-id=\"5c91953\" data-element_type=\"container\" data-e-type=\"container\" data-settings=\"{&quot;background_background&quot;:&quot;slideshow&quot;,&quot;background_slideshow_gallery&quot;:[{&quot;id&quot;:2395,&quot;url&quot;:&quot;https:\\\/\\\/koruncuk.org\\\/wp-content\\\/uploads\\\/2025\\\/09\\\/koruncuk-Banner_Edit_Gecis_2.webp&quot;},{&quot;id&quot;:2396,&quot;url&quot;:&quot;https:\\\/\\\/koruncuk.org\\\/wp-content\\\/uploads\\\/2025\\\/09\\\/koruncuk-Banner_Edit_Gecis_3.webp&quot;},{&quot;id&quot;:2397,&quot;url&quot;:&quot;https:\\\/\\\/koruncuk.org\\\/wp-content\\\/uploads\\\/2025\\\/09\\\/koruncuk-Banner_Edit_Gecis_4.webp&quot;},{&quot;id&quot;:2398,&quot;url&quot;:&quot;https:\\\/\\\/koruncuk.org\\\/wp-content\\\/uploads\\\/2025\\\/09\\\/koruncuk-Banner_Edit_Gecis_5.webp&quot;}],&quot;background_slideshow_slide_duration&quot;:200,&quot;background_slideshow_transition_duration&quot;:1000,&quot;background_slideshow_loop&quot;:&quot;yes&quot;,&quot;background_slideshow_slide_transition&quot;:&quot;fade&quot;}\">\n\t\t\t\t\t<div class=\"e-con-inner\">\n\t\t<div class=\"elementor-element elementor-element-c4df4dd e-con-full e-flex e-con e-child\" data-id=\"c4df4dd\" data-element_type=\"container\" data-e-type=\"container\">\n\t\t\t\t<div class=\"elementor-element elementor-element-d53af77 elementor-widget elementor-widget-gva-heading-block\" data-id=\"d53af77\" data-element_type=\"widget\" data-e-type=\"widget\" data-widget_type=\"gva-heading-block.default\">\n\t\t\t\t<div class=\"elementor-widget-container\">\n\t\t\t\t\t<div class=\"gva-element-gva-heading-block gva-element\">\r\n\r\n   <div class=\"align-center style-1 widget gsc-heading box-align-left auto-responsive\">\r\n      \r\n      <div class=\"content-inner\">\r\n                  \r\n           \r\n         \r\n                     <h2 class=\"title\">\r\n               <span>Koruncuk Vakf\u0131 Destek Modelleri<\/span>\r\n            <\/h2>\r\n                  \r\n         \r\n               <\/div>\r\n\r\n   <\/div>\r\n\r\n<\/div>\t\t\t\t<\/div>\n\t\t\t\t<\/div>\n\t\t\t\t<div class=\"elementor-element elementor-element-696f313 elementor-widget elementor-widget-gva_post_breadcrumb\" data-id=\"696f313\" data-element_type=\"widget\" data-e-type=\"widget\" data-widget_type=\"gva_post_breadcrumb.default\">\n\t\t\t\t<div class=\"elementor-widget-container\">\n\t\t\t\t\t<div class=\"gva-element-gva_post_breadcrumb gva-element\">   \r\n<div class=\"post-breadcrumb\">\r\n   <div class=\"custom-breadcrumb \" >\r\n      <div class=\"breadcrumb-overlay\"><\/div>\r\n      <div class=\"breadcrumb-main\">\r\n        <div class=\"container\">\r\n          <div class=\"breadcrumb-container-inner\">\r\n            <ol class=\"breadcrumb\"><li><a href=\"https:\/\/koruncuk.org\/en\">Home<\/a> <\/li> <li class=\"active\">Page<\/li><\/ol>          <\/div>  \r\n        <\/div>   \r\n      <\/div>  \r\n   <\/div>\r\n<\/div>      \r\n\r\n<\/div>\t\t\t\t<\/div>\n\t\t\t\t<\/div>\n\t\t\t\t<\/div>\n\t\t\t\t\t<\/div>\n\t\t\t\t<\/div>\n\t\t\t\t<\/div>\n\t\t\t\t<\/div>\n\t\t<div class=\"elementor-element elementor-element-f8de9c7 e-flex e-con-boxed e-con e-parent\" data-id=\"f8de9c7\" data-element_type=\"container\" data-e-type=\"container\">\n\t\t\t\t\t<div class=\"e-con-inner\">\n\t\t\t\t<div class=\"elementor-element elementor-element-025e17e elementor-widget elementor-widget-html\" data-id=\"025e17e\" data-element_type=\"widget\" data-e-type=\"widget\" data-widget_type=\"html.default\">\n\t\t\t\t\t<style>article { display: flex; flex-direction: column; justify-content: space-between;}.card { display: flex; flex-direction: column; justify-content: space-between; } .card a { margin-top: auto; }.card p:last-of-type { margin-bottom: 4px; }\n<\/style>\n<section id=\"destek-modellerimiz\" class=\"g-html\" style=\"--brand: #E83E8C; --accent: #FF9A3C; --bg: #FFF8FA; --text: #1F2937; --muted: #6B7280; --card: #FFFFFF; --line: #F3F4F6; font-family: system-ui, -apple-system, Segoe UI, Roboto, Arial, sans-serif; color: var(--text); line-height: 1.6; margin: 0 auto; padding: 24px; box-sizing: border-box;\"><!-- Hero -->\n<div style=\"background: #E83E8C; color: #fff; border-radius: 12px; padding: 32px 24px; text-align: center;\">\n<p style=\"margin: 0; font-size: clamp(16px,4vw,26px); opacity: .95;\">Her K\u0131z &Ccedil;ocu\u011funa Uygun &Ccedil;&ouml;z&uuml;m<\/p>\n<\/div>\n<div style=\"margin: 22px 0 6px; padding: 14px 16px; background: var(--bg); border: 1px solid var(--line); border-radius: 12px;\">\n<p style=\"font-size: clamp(15px,4vw,15px);\">Koruncuk Vakf\u0131, her k\u0131z &ccedil;ocu\u011funun ya\u015fam ko\u015fullar\u0131n\u0131 ayr\u0131 ayr\u0131 de\u011ferlendirir; ona en uygun destek modelini belirler. <br \/>Bu destek modelleri&nbsp;<strong>Koruncukk&ouml;y Yerle\u015fkeleri<\/strong>&nbsp;ve&nbsp;<strong>Aile Yan\u0131 Destek Program\u0131 (AYD)<\/strong>&nbsp;olarak ikiye ayr\u0131l\u0131r.<\/p>\n<\/div>\n<div style=\"display: flex; flex-wrap: wrap; gap: 20px; margin-top: 18px;\">\n<article style=\"flex: 1 1 320px; background: var(--card); border: 1px solid var(--line); border-radius: 16px; padding: 20px; box-shadow: 0 6px 18px rgba(17,24,39,.06);\">\n<div style=\"display: flex; align-items: center; gap: 10px; margin-bottom: 8px;\">\n<div style=\"font-size: 28px;\">\ud83c\udfe1<\/div>\n<h2 style=\"margin: 0; font-size: 22px;\">Koruncukk&ouml;y Deste\u011fi<\/h2>\n<\/div>\n<p>Koruncukk&ouml;y, K\u0131z &ccedil;ocu\u011funun aile yan\u0131nda e\u011fitimini s&uuml;rd&uuml;rmesini engelleyen ko\u015fullar\u0131n varl\u0131\u011f\u0131 durumunda, uygun bar\u0131nma ve e\u011fitim deste\u011fini sa\u011flamak i&ccedil;in veya ya\u015fam ko\u015fullar\u0131n\u0131n onun geli\u015fimine uygun bulunmad\u0131\u011f\u0131 durumlarda sunulur.<\/p>\n<p style=\"margin: 0;\">&Ccedil;ocuk burada tam zamanl\u0131 ya\u015far ve \u015fu desteklerle donat\u0131l\u0131r:<\/p>\n<ul style=\"margin-bottom: 0;\">\n<li>Sosyal destekler<\/li>\n<li>Akademik destekler<\/li>\n<li>Psikolojik destekler<\/li>\n<\/ul>\n<p>&nbsp;<\/p>\n<a style=\"text-decoration: none; background: #E83E8C; color: #fff; padding: 10px 14px; border-radius: 10px; font-weight: 600; text-align: center;\" href=\"https:\/\/koruncuk.org\/destek-modellerimiz\/koruncukkoy-destegi\/\" target=\"\" rel=\"noopener\"> Koruncukk&ouml;yler hakk\u0131nda daha fazla bilgi al\u0131n <\/a><\/article>\n<article style=\"flex: 1 1 320px; background: var(--card); border: 1px solid var(--line); border-radius: 16px; padding: 20px; box-shadow: 0 6px 18px rgba(17,24,39,.06);\">\n<div style=\"display: flex; align-items: center; gap: 10px; margin-bottom: 8px;\">\n<div style=\"font-size: 28px;\">\ud83d\udc68&zwj;\ud83d\udc69&zwj;\ud83d\udc67<\/div>\n<h2 style=\"margin: 0; font-size: 22px;\">Aile Yan\u0131 Destek (AYD)<\/h2>\n<\/div>\n<p>AYD, k\u0131z &ccedil;ocu\u011funun ailesiyle birlikte ya\u015fad\u0131\u011f\u0131 ancak e\u011fitimine devam edebilmesi i&ccedil;in maddi, sosyal ve aile dan\u0131\u015fmanl\u0131\u011f\u0131 temelli deste\u011fe ihtiya&ccedil; duydu\u011fu durumlarda uygulan\u0131r.<\/p>\n<p style=\"margin: 0;\">Bu kapsamda:<\/p>\n<ul style=\"margin-bottom: 10px;\">\n<li>E\u011fitim bursu,<\/li>\n<li>Psikososyal destek,<\/li>\n<li>Mentorluk programlar\u0131,<\/li>\n<li>Aileye rehberlik ve dan\u0131\u015fmanl\u0131k hizmetleri sa\u011flan\u0131r.<\/li>\n<\/ul>\n<p style=\"margin-bottom: 10px;\">&Ccedil;ocuk, sosyal &ccedil;evresinden kopmadan desteklenir; ailesi de s&uuml;recin par&ccedil;as\u0131 olur.<\/p>\n<a style=\"text-decoration: none; background: #E83E8C; color: #fff; padding: 10px 14px; border-radius: 10px; font-weight: 600; text-align: center;\" href=\"https:\/\/koruncuk.org\/aile-yani-destek\" target=\"\" rel=\"noopener\"> Aile Yan\u0131 Destek hakk\u0131nda daha fazla bilgi al\u0131n <\/a><\/article>\n<\/div>\n<div style=\"margin: 22px 0 6px; padding: 14px 16px; background: var(--bg); border: 1px solid var(--line); border-radius: 12px;\">\n<h3 style=\"margin: 0 0 10px; font-size: 18px; font-weight: 400;\">AYD ve Koruncukk&ouml;y: Farkl\u0131 \u0130htiya&ccedil;lara, E\u015fit De\u011ferde Destek<\/h3>\n<p>AYD ve Koruncukk&ouml;y, birbirinin alternatifi de\u011fil, tamamlay\u0131c\u0131s\u0131d\u0131r.<br \/> Destek modeli; &ccedil;ocu\u011fun&nbsp;<em>nerede ya\u015fad\u0131\u011f\u0131ndan<\/em>&nbsp;&ccedil;ok,&nbsp;<em>nas\u0131l bir deste\u011fe ihtiya&ccedil; duydu\u011fuyla<\/em>&nbsp;ilgilidir.<\/p>\n<ul>\n<li><strong>Koruncukk&ouml;y<\/strong>, ya\u015fam ko\u015fullar\u0131 &ccedil;ocu\u011fun y&uuml;ksek yarar\u0131na uygun olmayan durumlar i&ccedil;in,<\/li>\n<li><strong>AYD<\/strong>&nbsp;ise ailesiyle birlikte ya\u015fam\u0131n\u0131 s&uuml;rd&uuml;rebilmesine elveri\u015fli ko\u015fullar\u0131 bulunan e\u011fitime eri\u015fimde deste\u011fe ihtiya&ccedil; duyan &ccedil;ocuklar i&ccedil;in tasarlanm\u0131\u015ft\u0131r.<\/li>\n<\/ul>\n<p>Vak\u0131f destek kriterleri, kapasite, &ouml;ncelikli gruplar ve b&ouml;lgesel ihtiya&ccedil;lara g&ouml;re belirlenir. Her iki model de&nbsp;<strong>Koruncuk K\u0131zlar\u0131<\/strong>&nbsp;tan\u0131m\u0131 i&ccedil;inde yer al\u0131r ve e\u015fit &ouml;zenle y&uuml;r&uuml;t&uuml;l&uuml;r.<\/p>\n<\/div>\n<\/section>\t\t\t\t<\/div>\n\t\t\t\t\t<\/div>\n\t\t\t\t<\/div>\n\t\t\t\t<\/div>\n\t\t","protected":false},"excerpt":{"rendered":"<p>Koruncuk Vakf\u0131 Destek Modelleri Ana Sayfa Sayfa Her K\u0131z &Ccedil;ocu\u011funa Uygun &Ccedil;&ouml;z&uuml;m Koruncuk Vakf\u0131, her k\u0131z &ccedil;ocu\u011funun ya\u015fam ko\u015fullar\u0131n\u0131 ayr\u0131 ayr\u0131 de\u011ferlendirir; ona en uygun destek modelini belirler. Bu destek modelleri&nbsp;Koruncukk&ouml;y Yerle\u015fkeleri&nbsp;ve&nbsp;Aile Yan\u0131 Destek Program\u0131 (AYD)&nbsp;olarak ikiye ayr\u0131l\u0131r. \ud83c\udfe1 Koruncukk&ouml;y Deste\u011fi Koruncukk&ouml;y, K\u0131z &ccedil;ocu\u011funun aile yan\u0131nda e\u011fitimini s&uuml;rd&uuml;rmesini engelleyen ko\u015fullar\u0131n varl\u0131\u011f\u0131 durumunda, uygun bar\u0131nma ve [&hellip;]<\/p>\n","protected":false},"author":1,"featured_media":0,"parent":0,"menu_order":0,"comment_status":"closed","ping_status":"closed","template":"","meta":{"footnotes":""},"class_list":["post-2561","page","type-page","status-publish","hentry"],"_links":{"self":[{"href":"https:\/\/koruncuk.org\/en\/wp-json\/wp\/v2\/pages\/2561","targetHints":{"allow":["GET"]}}],"collection":[{"href":"https:\/\/koruncuk.org\/en\/wp-json\/wp\/v2\/pages"}],"about":[{"href":"https:\/\/koruncuk.org\/en\/wp-json\/wp\/v2\/types\/page"}],"author":[{"embeddable":true,"href":"https:\/\/koruncuk.org\/en\/wp-json\/wp\/v2\/users\/1"}],"replies":[{"embeddable":true,"href":"https:\/\/koruncuk.org\/en\/wp-json\/wp\/v2\/comments?post=2561"}],"version-history":[{"count":31,"href":"https:\/\/koruncuk.org\/en\/wp-json\/wp\/v2\/pages\/2561\/revisions"}],"predecessor-version":[{"id":5501,"href":"https:\/\/koruncuk.org\/en\/wp-json\/wp\/v2\/pages\/2561\/revisions\/5501"}],"wp:attachment":[{"href":"https:\/\/koruncuk.org\/en\/wp-json\/wp\/v2\/media?parent=2561"}],"curies":[{"name":"wp","href":"https:\/\/api.w.org\/{rel}","templated":true}]}}