{"id":2618,"date":"2025-09-12T13:57:47","date_gmt":"2025-09-12T10:57:47","guid":{"rendered":"https:\/\/webseldonusum.net\/tema\/koruncuk\/?page_id=2618"},"modified":"2026-02-04T17:19:00","modified_gmt":"2026-02-04T14:19:00","slug":"aile-yani-destek","status":"publish","type":"page","link":"https:\/\/koruncuk.org\/en\/destek-modellerimiz\/aile-yani-destek\/","title":{"rendered":"Aile Yan\u0131 Destek"},"content":{"rendered":"\t\t<div data-elementor-type=\"wp-page\" data-elementor-id=\"2618\" class=\"elementor elementor-2618\">\n\t\t\t\t<div class=\"elementor-element elementor-element-6756acf e-con-full e-flex e-con e-parent\" data-id=\"6756acf\" data-element_type=\"container\" data-e-type=\"container\" data-settings=\"{&quot;background_background&quot;:&quot;classic&quot;}\">\n\t\t<div class=\"elementor-element elementor-element-e61b7f2 e-con-full e-flex e-con e-child\" data-id=\"e61b7f2\" data-element_type=\"container\" data-e-type=\"container\" data-settings=\"{&quot;background_background&quot;:&quot;slideshow&quot;,&quot;background_slideshow_gallery&quot;:[{&quot;id&quot;:2387,&quot;url&quot;:&quot;https:\\\/\\\/koruncuk.org\\\/wp-content\\\/uploads\\\/2025\\\/09\\\/koruncuk-Header_BG-3.webp&quot;},{&quot;id&quot;:2388,&quot;url&quot;:&quot;https:\\\/\\\/koruncuk.org\\\/wp-content\\\/uploads\\\/2025\\\/09\\\/koruncuk-Header_BG-4.webp&quot;}],&quot;background_slideshow_slide_duration&quot;:15000,&quot;background_slideshow_transition_duration&quot;:3000,&quot;background_slideshow_ken_burns&quot;:&quot;yes&quot;,&quot;background_slideshow_loop&quot;:&quot;yes&quot;,&quot;background_slideshow_slide_transition&quot;:&quot;fade&quot;,&quot;background_slideshow_ken_burns_zoom_direction&quot;:&quot;in&quot;}\">\n\t\t<div class=\"elementor-element elementor-element-13814c8 e-flex e-con-boxed e-con e-child\" data-id=\"13814c8\" data-element_type=\"container\" data-e-type=\"container\" data-settings=\"{&quot;background_background&quot;:&quot;slideshow&quot;,&quot;background_slideshow_gallery&quot;:[{&quot;id&quot;:2396,&quot;url&quot;:&quot;https:\\\/\\\/koruncuk.org\\\/wp-content\\\/uploads\\\/2025\\\/09\\\/koruncuk-Banner_Edit_Gecis_3.webp&quot;},{&quot;id&quot;:2397,&quot;url&quot;:&quot;https:\\\/\\\/koruncuk.org\\\/wp-content\\\/uploads\\\/2025\\\/09\\\/koruncuk-Banner_Edit_Gecis_4.webp&quot;},{&quot;id&quot;:2398,&quot;url&quot;:&quot;https:\\\/\\\/koruncuk.org\\\/wp-content\\\/uploads\\\/2025\\\/09\\\/koruncuk-Banner_Edit_Gecis_5.webp&quot;}],&quot;background_slideshow_slide_duration&quot;:200,&quot;background_slideshow_transition_duration&quot;:1000,&quot;background_slideshow_loop&quot;:&quot;yes&quot;,&quot;background_slideshow_slide_transition&quot;:&quot;fade&quot;}\">\n\t\t\t\t\t<div class=\"e-con-inner\">\n\t\t<div class=\"elementor-element elementor-element-7e6294d e-con-full e-flex e-con e-child\" data-id=\"7e6294d\" data-element_type=\"container\" data-e-type=\"container\">\n\t\t\t\t<div class=\"elementor-element elementor-element-2354911 elementor-widget elementor-widget-gva-heading-block\" data-id=\"2354911\" data-element_type=\"widget\" data-e-type=\"widget\" data-widget_type=\"gva-heading-block.default\">\n\t\t\t\t<div class=\"elementor-widget-container\">\n\t\t\t\t\t<div class=\"gva-element-gva-heading-block gva-element\">\r\n\r\n   <div class=\"align-center style-1 widget gsc-heading box-align-left auto-responsive\">\r\n      \r\n      <div class=\"content-inner\">\r\n                  \r\n           \r\n         \r\n                     <h2 class=\"title\">\r\n               <span>Aile Destek Birimi<\/span>\r\n            <\/h2>\r\n                  \r\n         \r\n               <\/div>\r\n\r\n   <\/div>\r\n\r\n<\/div>\t\t\t\t<\/div>\n\t\t\t\t<\/div>\n\t\t\t\t<div class=\"elementor-element elementor-element-35ff6b0 elementor-widget elementor-widget-gva_post_breadcrumb\" data-id=\"35ff6b0\" data-element_type=\"widget\" data-e-type=\"widget\" data-widget_type=\"gva_post_breadcrumb.default\">\n\t\t\t\t<div class=\"elementor-widget-container\">\n\t\t\t\t\t<div class=\"gva-element-gva_post_breadcrumb gva-element\">   \r\n<div class=\"post-breadcrumb\">\r\n   <div class=\"custom-breadcrumb \" >\r\n      <div class=\"breadcrumb-overlay\"><\/div>\r\n      <div class=\"breadcrumb-main\">\r\n        <div class=\"container\">\r\n          <div class=\"breadcrumb-container-inner\">\r\n            <ol class=\"breadcrumb\"><li><a href=\"https:\/\/koruncuk.org\/en\">Home<\/a> <\/li> <li class=\"active\">Page<\/li><\/ol>          <\/div>  \r\n        <\/div>   \r\n      <\/div>  \r\n   <\/div>\r\n<\/div>      \r\n\r\n<\/div>\t\t\t\t<\/div>\n\t\t\t\t<\/div>\n\t\t\t\t<\/div>\n\t\t\t\t\t<\/div>\n\t\t\t\t<\/div>\n\t\t\t\t<\/div>\n\t\t\t\t<\/div>\n\t\t<div class=\"elementor-element elementor-element-f8de9c7 e-flex e-con-boxed e-con e-parent\" data-id=\"f8de9c7\" data-element_type=\"container\" data-e-type=\"container\">\n\t\t\t\t\t<div class=\"e-con-inner\">\n\t\t<div class=\"elementor-element elementor-element-4985e40 e-con-full e-flex e-con e-child\" data-id=\"4985e40\" data-element_type=\"container\" data-e-type=\"container\" data-settings=\"{&quot;background_background&quot;:&quot;classic&quot;}\">\n\t\t\t\t<div class=\"elementor-element elementor-element-272056f elementor-widget elementor-widget-image\" data-id=\"272056f\" data-element_type=\"widget\" data-e-type=\"widget\" data-widget_type=\"image.default\">\n\t\t\t\t\t\t\t\t\t\t\t\t\t\t\t<img fetchpriority=\"high\" decoding=\"async\" width=\"1200\" height=\"675\" src=\"https:\/\/koruncuk.org\/wp-content\/uploads\/2025\/09\/Aile-Destek-Birimi-Koruncuk-Vakfi.webp\" class=\"attachment-full size-full wp-image-3380\" alt=\"\" srcset=\"https:\/\/koruncuk.org\/wp-content\/uploads\/2025\/09\/Aile-Destek-Birimi-Koruncuk-Vakfi.webp 1200w, https:\/\/koruncuk.org\/wp-content\/uploads\/2025\/09\/Aile-Destek-Birimi-Koruncuk-Vakfi-1024x576.webp 1024w, https:\/\/koruncuk.org\/wp-content\/uploads\/2025\/09\/Aile-Destek-Birimi-Koruncuk-Vakfi-768x432.webp 768w, https:\/\/koruncuk.org\/wp-content\/uploads\/2025\/09\/Aile-Destek-Birimi-Koruncuk-Vakfi-600x338.webp 600w\" sizes=\"(max-width: 1200px) 100vw, 1200px\" \/>\t\t\t\t\t\t\t\t\t\t\t\t\t\t\t<\/div>\n\t\t\t\t<\/div>\n\t\t\t\t\t<\/div>\n\t\t\t\t<\/div>\n\t\t<div class=\"elementor-element elementor-element-228f909 e-flex e-con-boxed e-con e-parent\" data-id=\"228f909\" data-element_type=\"container\" data-e-type=\"container\">\n\t\t\t\t\t<div class=\"e-con-inner\">\n\t\t<div class=\"wsdtk-sticky-enabled elementor-element elementor-element-2a42022 e-con-full e-flex e-con e-child\" data-lsc-sticky=\"yes\" data-lsc-sticky-devices=\"desktop,tablet\" data-lsc-sticky-container=\"viewport\" data-lsc-sticky-top=\"100\" data-id=\"2a42022\" data-element_type=\"container\" data-e-type=\"container\">\n\t\t\t\t<div class=\"elementor-element elementor-element-dc7a609 elementor-widget elementor-widget-shortcode\" data-id=\"dc7a609\" data-element_type=\"widget\" data-e-type=\"widget\" data-widget_type=\"shortcode.default\">\n\t\t\t\t\t\t\t<div class=\"elementor-shortcode\"><\/div>\n\t\t\t\t\t\t<\/div>\n\t\t\t\t<div class=\"elementor-element elementor-element-5dbea12 elementor-widget elementor-widget-shortcode\" data-id=\"5dbea12\" data-element_type=\"widget\" data-e-type=\"widget\" data-widget_type=\"shortcode.default\">\n\t\t\t\t\t\t\t<div class=\"elementor-shortcode\">\t<div class=\"wsdtk-achor-subpages-block wsdtk-achor-toc \"\n     data-classes=\"destek-programi\"\n     data-levels=\"3,4,5\"\n     data-offset=\"130\"\n     data-force-ids=\"0\">\n            <ul class=\"wsdtk-achor-subpages-list\" role=\"list\"><\/ul>\n    <\/div>\n    <\/div>\n\t\t\t\t\t\t<\/div>\n\t\t\t\t<\/div>\n\t\t<div class=\"elementor-element elementor-element-ad0b52f e-con-full destek-programi e-flex e-con e-child\" data-id=\"ad0b52f\" data-element_type=\"container\" data-e-type=\"container\">\n\t\t\t\t<div class=\"elementor-element elementor-element-f9acfc9 elementor-widget elementor-widget-text-editor\" data-id=\"f9acfc9\" data-element_type=\"widget\" data-e-type=\"widget\" data-widget_type=\"text-editor.default\">\n\t\t\t\t\t\t\t\t\t<div class=\"greeting\"><h4><span style=\"color: #e5007d;\"><strong>Koruncuk Vakf\u0131 Av. Figen \u00d6zbek Aile Destek Birimi<\/strong><\/span><\/h4><\/div>\t\t\t\t\t\t\t\t<\/div>\n\t\t\t\t<div class=\"elementor-element elementor-element-d0f6ae6 elementor-widget elementor-widget-text-editor\" data-id=\"d0f6ae6\" data-element_type=\"widget\" data-e-type=\"widget\" data-widget_type=\"text-editor.default\">\n\t\t\t\t\t\t\t\t\t<p>Koruncuk Vakf\u0131 Aile Destek Birimi, Koruncuk Vakf\u0131 K\u0131z \u00d6\u011frenci Yurtlar\u0131ndaki \u00f6\u011frencilerin, aileleri yan\u0131na d\u00f6nmeleri gerekti\u011finde veya mezun olarak yurttan ayr\u0131ld\u0131klar\u0131nda, e\u011fitimleri ba\u015fta olmak \u00fczere geli\u015fimleri i\u00e7in gerekli destekleri planlamaya y\u00f6nelik faaliyetler y\u00fcr\u00fctmektedir.<\/p>\t\t\t\t\t\t\t\t<\/div>\n\t\t\t\t<div class=\"elementor-element elementor-element-eb17293 elementor-widget elementor-widget-text-editor\" data-id=\"eb17293\" data-element_type=\"widget\" data-e-type=\"widget\" data-widget_type=\"text-editor.default\">\n\t\t\t\t\t\t\t\t\t<div class=\"greeting\"><h4 style=\"font-weight: 500;\">Aile Destek Birimi Faaliyetleri ve Projeleri<\/h4><\/div>\t\t\t\t\t\t\t\t<\/div>\n\t\t\t\t<div class=\"elementor-element elementor-element-095508b elementor-widget elementor-widget-text-editor\" data-id=\"095508b\" data-element_type=\"widget\" data-e-type=\"widget\" data-widget_type=\"text-editor.default\">\n\t\t\t\t\t\t\t\t\t<div class=\"greeting\"><h5><span style=\"color: #e5007d;\"><strong>Aile Yan\u0131 Destek Program\u0131<\/strong><\/span><\/h5><\/div>\t\t\t\t\t\t\t\t<\/div>\n\t\t\t\t<div class=\"elementor-element elementor-element-17c90e9 elementor-widget elementor-widget-text-editor\" data-id=\"17c90e9\" data-element_type=\"widget\" data-e-type=\"widget\" data-widget_type=\"text-editor.default\">\n\t\t\t\t\t\t\t\t\t<blockquote><p><strong>Ailelerinin Yan\u0131nda Destekledi\u011fimiz Koruncuklar\u0131m\u0131z ile Birlikteyiz! <\/strong><\/p><\/blockquote><p>\u00c7ocuklara, Koruncuk Vakf\u0131 K\u0131z \u00d6\u011frenci Yurtlar\u0131ndan aile yan\u0131na d\u00f6n\u00fc\u015flerinde ve mezuniyetlerinde verilecek t\u00fcm destekler, Aile Destek Program\u0131 kapsam\u0131nda planlanmaktad\u0131r.<\/p><p>Aile Destek Program\u0131 kapsam\u0131nda aileler ve \u00e7ocuklar i\u00e7in dan\u0131\u015fma ve rehberlik hizmetleri yan\u0131nda bu programa al\u0131nm\u0131\u015f \u00f6\u011frencilerin e\u011fitim masraflar\u0131n\u0131n kar\u015f\u0131lanmas\u0131 sa\u011flanmaktad\u0131r.<\/p><blockquote><p><strong>Koruncukk\u00f6ylerde Destekledi\u011fimiz Koruncuklar\u0131m\u0131z, Aileleri ile G\u00fc\u00e7l\u00fc!<\/strong><\/p><\/blockquote><p>Koruncuk Vakf\u0131, Koruncuk Vakf\u0131 K\u0131z \u00d6\u011frenci Yurtlar\u0131nda e\u011fitimlerini s\u00fcrd\u00fcren \u00f6\u011frencilerinin aileleri ile i\u015f birli\u011fi yapmakta ve onlara sundu\u011fu rehberlik hizmetleri ile aileleri desteklemektedir.<\/p>\t\t\t\t\t\t\t\t<\/div>\n\t\t\t\t<div class=\"elementor-element elementor-element-023d126 elementor-widget elementor-widget-text-editor\" data-id=\"023d126\" data-element_type=\"widget\" data-e-type=\"widget\" data-widget_type=\"text-editor.default\">\n\t\t\t\t\t\t\t\t\t<div class=\"greeting\"><h5><span style=\"color: #e5007d;\"><strong>\u00dcniversiteli Koruncuklar<\/strong><\/span><\/h5><\/div>\t\t\t\t\t\t\t\t<\/div>\n\t\t\t\t<div class=\"elementor-element elementor-element-24d1cf4 elementor-widget elementor-widget-text-editor\" data-id=\"24d1cf4\" data-element_type=\"widget\" data-e-type=\"widget\" data-widget_type=\"text-editor.default\">\n\t\t\t\t\t\t\t\t\t<blockquote><p><strong>Aile Yan\u0131 Destek Program\u0131 ve Koruncukk\u00f6yler Sonras\u0131 Destek ve G\u00f6zetim<\/strong><\/p><\/blockquote><p>Koruncuk Vakf\u0131 taraf\u0131ndan sa\u011flanan e\u011fitim bursu kapsam\u0131nda, lise e\u011fitimini tamamlay\u0131p \u00fcniversiteye gitmeye hak kazanan k\u0131z \u00e7ocuklar\u0131; ayni, nakdi katk\u0131lar ile desteklenmekte, Aile Destek Birimi uzmanlar\u0131ndan dan\u0131\u015fma ve rehberlik hizmeti almaktad\u0131rlar.<\/p><p>Aile Destek Birimimiz, \u00fcniversite haz\u0131rl\u0131ktan mezuniyetine kadarki s\u00fcre\u00e7te \u00f6\u011frencilerimizin yan\u0131nda olmaya devam etmekte ve onlar\u0131n ki\u015fisel geli\u015fimlerinden, i\u015f aray\u0131\u015flar\u0131na kadar onlar\u0131 desteklemeye y\u00f6nelik hizmetler sunmaktad\u0131r.<\/p>\t\t\t\t\t\t\t\t<\/div>\n\t\t\t\t<div class=\"elementor-element elementor-element-d2c9278 elementor-widget elementor-widget-text-editor\" data-id=\"d2c9278\" data-element_type=\"widget\" data-e-type=\"widget\" data-widget_type=\"text-editor.default\">\n\t\t\t\t\t\t\t\t\t<div class=\"greeting\"><h5><span style=\"color: #e5007d;\"><strong>Toplum Yarar\u0131na E\u011fitimlerimiz<\/strong><\/span><\/h5><\/div>\t\t\t\t\t\t\t\t<\/div>\n\t\t\t\t<div class=\"elementor-element elementor-element-05586d4 elementor-widget elementor-widget-text-editor\" data-id=\"05586d4\" data-element_type=\"widget\" data-e-type=\"widget\" data-widget_type=\"text-editor.default\">\n\t\t\t\t\t\t\t\t\t<p><strong>Vakf\u0131m\u0131z b\u00fcnyesindeki uzmanlar arac\u0131l\u0131\u011f\u0131 ile a\u015fa\u011f\u0131daki e\u011fitimleri, resmi ve \u00f6zel kurum i\u015f birlikleri ile uygulamaktay\u0131z:<\/strong><\/p><ul><li>\u00c7ocuk Haklar\u0131<\/li><li>\u00c7ocukta \u0130hmal ve \u0130stismar\u0131<\/li><li>G\u00f6n\u00fcll\u00fcl\u00fck<\/li><\/ul>\t\t\t\t\t\t\t\t<\/div>\n\t\t\t\t<\/div>\n\t\t\t\t\t<\/div>\n\t\t\t\t<\/div>\n\t\t\t\t<\/div>\n\t\t","protected":false},"excerpt":{"rendered":"<p>Aile Destek Birimi Ana Sayfa Sayfa Koruncuk Vakf\u0131 Av. Figen \u00d6zbek Aile Destek Birimi Koruncuk Vakf\u0131 Aile Destek Birimi, Koruncuk Vakf\u0131 K\u0131z \u00d6\u011frenci Yurtlar\u0131ndaki \u00f6\u011frencilerin, aileleri yan\u0131na d\u00f6nmeleri gerekti\u011finde veya mezun olarak yurttan ayr\u0131ld\u0131klar\u0131nda, e\u011fitimleri ba\u015fta olmak \u00fczere geli\u015fimleri i\u00e7in gerekli destekleri planlamaya y\u00f6nelik faaliyetler y\u00fcr\u00fctmektedir. Aile Destek Birimi Faaliyetleri ve Projeleri Aile Yan\u0131 Destek [&hellip;]<\/p>\n","protected":false},"author":1,"featured_media":0,"parent":2561,"menu_order":0,"comment_status":"closed","ping_status":"closed","template":"","meta":{"footnotes":""},"class_list":["post-2618","page","type-page","status-publish","hentry"],"_links":{"self":[{"href":"https:\/\/koruncuk.org\/en\/wp-json\/wp\/v2\/pages\/2618","targetHints":{"allow":["GET"]}}],"collection":[{"href":"https:\/\/koruncuk.org\/en\/wp-json\/wp\/v2\/pages"}],"about":[{"href":"https:\/\/koruncuk.org\/en\/wp-json\/wp\/v2\/types\/page"}],"author":[{"embeddable":true,"href":"https:\/\/koruncuk.org\/en\/wp-json\/wp\/v2\/users\/1"}],"replies":[{"embeddable":true,"href":"https:\/\/koruncuk.org\/en\/wp-json\/wp\/v2\/comments?post=2618"}],"version-history":[{"count":80,"href":"https:\/\/koruncuk.org\/en\/wp-json\/wp\/v2\/pages\/2618\/revisions"}],"predecessor-version":[{"id":5563,"href":"https:\/\/koruncuk.org\/en\/wp-json\/wp\/v2\/pages\/2618\/revisions\/5563"}],"up":[{"embeddable":true,"href":"https:\/\/koruncuk.org\/en\/wp-json\/wp\/v2\/pages\/2561"}],"wp:attachment":[{"href":"https:\/\/koruncuk.org\/en\/wp-json\/wp\/v2\/media?parent=2618"}],"curies":[{"name":"wp","href":"https:\/\/api.w.org\/{rel}","templated":true}]}}