{"id":3185,"date":"2025-09-15T10:02:55","date_gmt":"2025-09-15T07:02:55","guid":{"rendered":"https:\/\/webseldonusum.net\/tema\/koruncuk\/?page_id=3185"},"modified":"2026-04-03T17:41:13","modified_gmt":"2026-04-03T14:41:13","slug":"kurumsal-belgeler","status":"publish","type":"page","link":"https:\/\/koruncuk.org\/en\/kurumsal\/kurumsal-belgeler\/","title":{"rendered":"Kurumsal Belgeler"},"content":{"rendered":"\t\t<div data-elementor-type=\"wp-page\" data-elementor-id=\"3185\" class=\"elementor elementor-3185\">\n\t\t\t\t<div class=\"elementor-element elementor-element-62121c3 e-con-full e-flex e-con e-parent\" data-id=\"62121c3\" data-element_type=\"container\" data-e-type=\"container\" data-settings=\"{&quot;background_background&quot;:&quot;classic&quot;}\">\n\t\t<div class=\"elementor-element elementor-element-2dcb4be e-con-full e-flex e-con e-child\" data-id=\"2dcb4be\" data-element_type=\"container\" data-e-type=\"container\" data-settings=\"{&quot;background_background&quot;:&quot;slideshow&quot;,&quot;background_slideshow_gallery&quot;:[{&quot;id&quot;:2410,&quot;url&quot;:&quot;https:\\\/\\\/koruncuk.org\\\/wp-content\\\/uploads\\\/2025\\\/09\\\/koruncuk-Header-BG-5.webp&quot;},{&quot;id&quot;:2411,&quot;url&quot;:&quot;https:\\\/\\\/koruncuk.org\\\/wp-content\\\/uploads\\\/2025\\\/09\\\/koruncuk-Header-BG-6.webp&quot;}],&quot;background_slideshow_slide_duration&quot;:15000,&quot;background_slideshow_transition_duration&quot;:3000,&quot;background_slideshow_ken_burns&quot;:&quot;yes&quot;,&quot;background_slideshow_loop&quot;:&quot;yes&quot;,&quot;background_slideshow_slide_transition&quot;:&quot;fade&quot;,&quot;background_slideshow_ken_burns_zoom_direction&quot;:&quot;in&quot;}\">\n\t\t<div class=\"elementor-element elementor-element-f1ab2d6 e-flex e-con-boxed e-con e-child\" data-id=\"f1ab2d6\" data-element_type=\"container\" data-e-type=\"container\" data-settings=\"{&quot;background_background&quot;:&quot;classic&quot;}\">\n\t\t\t\t\t<div class=\"e-con-inner\">\n\t\t<div class=\"elementor-element elementor-element-b5caa00 e-con-full e-flex e-con e-child\" data-id=\"b5caa00\" data-element_type=\"container\" data-e-type=\"container\">\n\t\t\t\t<div class=\"elementor-element elementor-element-6eda76f elementor-widget elementor-widget-gva-heading-block\" data-id=\"6eda76f\" data-element_type=\"widget\" data-e-type=\"widget\" data-widget_type=\"gva-heading-block.default\">\n\t\t\t\t<div class=\"elementor-widget-container\">\n\t\t\t\t\t<div class=\"gva-element-gva-heading-block gva-element\">\r\n\r\n   <div class=\"align-center style-1 widget gsc-heading box-align-left auto-responsive\">\r\n      \r\n      <div class=\"content-inner\">\r\n                  \r\n           \r\n         \r\n                     <h2 class=\"title\">\r\n               <span>Kurumsal Belgeler<\/span>\r\n            <\/h2>\r\n                  \r\n         \r\n               <\/div>\r\n\r\n   <\/div>\r\n\r\n<\/div>\t\t\t\t<\/div>\n\t\t\t\t<\/div>\n\t\t\t\t<div class=\"elementor-element elementor-element-b40d6b5 elementor-widget elementor-widget-gva_post_breadcrumb\" data-id=\"b40d6b5\" data-element_type=\"widget\" data-e-type=\"widget\" data-widget_type=\"gva_post_breadcrumb.default\">\n\t\t\t\t<div class=\"elementor-widget-container\">\n\t\t\t\t\t<div class=\"gva-element-gva_post_breadcrumb gva-element\">   \r\n<div class=\"post-breadcrumb\">\r\n   <div class=\"custom-breadcrumb \" >\r\n      <div class=\"breadcrumb-overlay\"><\/div>\r\n      <div class=\"breadcrumb-main\">\r\n        <div class=\"container\">\r\n          <div class=\"breadcrumb-container-inner\">\r\n            <ol class=\"breadcrumb\"><li><a href=\"https:\/\/koruncuk.org\/en\">Home<\/a> <\/li> <li class=\"active\">Page<\/li><\/ol>          <\/div>  \r\n        <\/div>   \r\n      <\/div>  \r\n   <\/div>\r\n<\/div>      \r\n\r\n<\/div>\t\t\t\t<\/div>\n\t\t\t\t<\/div>\n\t\t\t\t<\/div>\n\t\t\t\t\t<\/div>\n\t\t\t\t<\/div>\n\t\t\t\t<\/div>\n\t\t\t\t<\/div>\n\t\t<div class=\"elementor-element elementor-element-789af46 e-flex e-con-boxed e-con e-parent\" data-id=\"789af46\" data-element_type=\"container\" data-e-type=\"container\">\n\t\t\t\t\t<div class=\"e-con-inner\">\n\t\t<div class=\"wsdtk-sticky-enabled elementor-element elementor-element-63d02cc e-con-full e-flex e-con e-child\" data-lsc-sticky=\"yes\" data-lsc-sticky-devices=\"desktop,tablet\" data-lsc-sticky-container=\"viewport\" data-lsc-sticky-top=\"100\" data-id=\"63d02cc\" data-element_type=\"container\" data-e-type=\"container\">\n\t\t\t\t<div class=\"elementor-element elementor-element-00b2ac3 elementor-widget elementor-widget-shortcode\" data-id=\"00b2ac3\" data-element_type=\"widget\" data-e-type=\"widget\" data-widget_type=\"shortcode.default\">\n\t\t\t\t\t\t\t<div class=\"elementor-shortcode\"><\/div>\n\t\t\t\t\t\t<\/div>\n\t\t\t\t<div class=\"elementor-element elementor-element-34d377c elementor-widget elementor-widget-shortcode\" data-id=\"34d377c\" data-element_type=\"widget\" data-e-type=\"widget\" data-widget_type=\"shortcode.default\">\n\t\t\t\t\t\t\t<div class=\"elementor-shortcode\">\t<div class=\"wsdtk-achor-subpages-block wsdtk-achor-toc \"\n     data-classes=\"hakkimizda\"\n     data-levels=\"3,4,5\"\n     data-offset=\"130\"\n     data-force-ids=\"0\">\n              <p class=\"wsdtk-achor-subpages-intro\"><strong>Kurumsal<\/strong><\/p>\n            <ul class=\"wsdtk-achor-subpages-list\" role=\"list\"><\/ul>\n    <\/div>\n    <\/div>\n\t\t\t\t\t\t<\/div>\n\t\t\t\t<\/div>\n\t\t<div class=\"elementor-element elementor-element-112490c e-con-full hakkimizda e-flex e-con e-child\" data-id=\"112490c\" data-element_type=\"container\" data-e-type=\"container\">\n\t\t\t\t<div class=\"elementor-element elementor-element-bd6b784 elementor-widget elementor-widget-progress\" data-id=\"bd6b784\" data-element_type=\"widget\" data-e-type=\"widget\" data-widget_type=\"progress.default\">\n\t\t\t\t\t\t\t\t<h3 class=\"elementor-title\" id=\"elementor-progress-bar-bd6b784\">\n\t\t\t\tKurumsal Belgeler\t\t\t<\/h3>\n\t\t\n\t\t<div aria-labelledby=\"elementor-progress-bar-bd6b784\" class=\"elementor-progress-wrapper\" role=\"progressbar\" aria-valuemin=\"0\" aria-valuemax=\"100\" aria-valuenow=\"100\" aria-valuetext=\"100% (Web Designer)\">\n\t\t\t<div class=\"elementor-progress-bar\" data-max=\"100\">\n\t\t\t\t<span class=\"elementor-progress-text\">Web Designer<\/span>\n\t\t\t\t\t\t\t<\/div>\n\t\t<\/div>\n\t\t\t\t\t\t<\/div>\n\t\t\t\t<div class=\"elementor-element elementor-element-c6d2e55 elementor-widget elementor-widget-text-editor\" data-id=\"c6d2e55\" data-element_type=\"widget\" data-e-type=\"widget\" data-widget_type=\"text-editor.default\">\n\t\t\t\t\t\t\t\t\t<p><strong>Koruncuk Vakf\u0131<\/strong>\u2019n\u0131n faaliyetlerini y\u00fcr\u00fct\u00fcrken benimsedi\u011fi ilke, politika ve taahh\u00fctler bu b\u00f6l\u00fcmde yer almaktad\u0131r. \u00c7ocuk koruma ve medya politikalar\u0131, savunuculuk \u00e7al\u0131\u015fmalar\u0131, \u00c7ocuk Haklar\u0131 S\u00f6zle\u015fmesi, 5395 say\u0131l\u0131 \u00c7ocuk Koruma Kanunu, 2828 say\u0131l\u0131 Sosyal Hizmetler Kanunu ve Ba\u011f\u0131\u015f\u00e7\u0131 Haklar\u0131 Beyannamesi gibi temel belgeler arac\u0131l\u0131\u011f\u0131yla vakf\u0131n sorumluluklar\u0131n\u0131, y\u00fck\u00fcml\u00fcl\u00fcklerini ve etik yakla\u015f\u0131m\u0131n\u0131 inceleyebilirsiniz.<\/p>\t\t\t\t\t\t\t\t<\/div>\n\t\t\t\t<div class=\"elementor-element elementor-element-02cf954 elementor-widget elementor-widget-shortcode\" data-id=\"02cf954\" data-element_type=\"widget\" data-e-type=\"widget\" data-widget_type=\"shortcode.default\">\n\t\t\t\t\t\t\t<div class=\"elementor-shortcode\"><\/div>\n\t\t\t\t\t\t<\/div>\n\t\t\t\t<\/div>\n\t\t\t\t\t<\/div>\n\t\t\t\t<\/div>\n\t\t\t\t<\/div>\n\t\t","protected":false},"excerpt":{"rendered":"<p>Kurumsal Belgeler Ana Sayfa Sayfa Kurumsal Belgeler Web Designer Koruncuk Vakf\u0131\u2019n\u0131n faaliyetlerini y\u00fcr\u00fct\u00fcrken benimsedi\u011fi ilke, politika ve taahh\u00fctler bu b\u00f6l\u00fcmde yer almaktad\u0131r. \u00c7ocuk koruma ve medya politikalar\u0131, savunuculuk \u00e7al\u0131\u015fmalar\u0131, \u00c7ocuk Haklar\u0131 S\u00f6zle\u015fmesi, 5395 say\u0131l\u0131 \u00c7ocuk Koruma Kanunu, 2828 say\u0131l\u0131 Sosyal Hizmetler Kanunu ve Ba\u011f\u0131\u015f\u00e7\u0131 Haklar\u0131 Beyannamesi gibi temel belgeler arac\u0131l\u0131\u011f\u0131yla vakf\u0131n sorumluluklar\u0131n\u0131, y\u00fck\u00fcml\u00fcl\u00fcklerini ve etik [&hellip;]<\/p>\n","protected":false},"author":1,"featured_media":0,"parent":5452,"menu_order":0,"comment_status":"closed","ping_status":"closed","template":"","meta":{"footnotes":""},"class_list":["post-3185","page","type-page","status-publish","hentry"],"_links":{"self":[{"href":"https:\/\/koruncuk.org\/en\/wp-json\/wp\/v2\/pages\/3185","targetHints":{"allow":["GET"]}}],"collection":[{"href":"https:\/\/koruncuk.org\/en\/wp-json\/wp\/v2\/pages"}],"about":[{"href":"https:\/\/koruncuk.org\/en\/wp-json\/wp\/v2\/types\/page"}],"author":[{"embeddable":true,"href":"https:\/\/koruncuk.org\/en\/wp-json\/wp\/v2\/users\/1"}],"replies":[{"embeddable":true,"href":"https:\/\/koruncuk.org\/en\/wp-json\/wp\/v2\/comments?post=3185"}],"version-history":[{"count":32,"href":"https:\/\/koruncuk.org\/en\/wp-json\/wp\/v2\/pages\/3185\/revisions"}],"predecessor-version":[{"id":6518,"href":"https:\/\/koruncuk.org\/en\/wp-json\/wp\/v2\/pages\/3185\/revisions\/6518"}],"up":[{"embeddable":true,"href":"https:\/\/koruncuk.org\/en\/wp-json\/wp\/v2\/pages\/5452"}],"wp:attachment":[{"href":"https:\/\/koruncuk.org\/en\/wp-json\/wp\/v2\/media?parent=3185"}],"curies":[{"name":"wp","href":"https:\/\/api.w.org\/{rel}","templated":true}]}}