{"id":3985,"date":"2025-09-15T00:30:00","date_gmt":"2025-09-14T21:30:00","guid":{"rendered":"https:\/\/webseldonusum.net\/tema\/koruncuk\/?page_id=3985"},"modified":"2026-03-31T06:32:19","modified_gmt":"2026-03-31T03:32:19","slug":"koruncuk-sertifika-ve-ozel-gun-bagislari","status":"publish","type":"page","link":"https:\/\/koruncuk.org\/en\/nasil-destek-olabilirsiniz\/koruncuk-sertifika-ve-ozel-gun-bagislari\/","title":{"rendered":"Sertifika ve \u00d6zel G\u00fcn Ba\u011f\u0131\u015flar\u0131"},"content":{"rendered":"\t\t<div data-elementor-type=\"wp-page\" data-elementor-id=\"3985\" class=\"elementor elementor-3985\">\n\t\t\t\t<div class=\"elementor-element elementor-element-66b9d84 e-con-full e-flex e-con e-parent\" data-id=\"66b9d84\" data-element_type=\"container\" data-e-type=\"container\" data-settings=\"{&quot;background_background&quot;:&quot;classic&quot;}\">\n\t\t<div class=\"elementor-element elementor-element-a36edc3 e-con-full e-flex e-con e-child\" data-id=\"a36edc3\" data-element_type=\"container\" data-e-type=\"container\" data-settings=\"{&quot;background_background&quot;:&quot;slideshow&quot;,&quot;background_slideshow_gallery&quot;:[{&quot;id&quot;:2387,&quot;url&quot;:&quot;https:\\\/\\\/koruncuk.org\\\/wp-content\\\/uploads\\\/2025\\\/09\\\/koruncuk-Header_BG-3.webp&quot;},{&quot;id&quot;:2388,&quot;url&quot;:&quot;https:\\\/\\\/koruncuk.org\\\/wp-content\\\/uploads\\\/2025\\\/09\\\/koruncuk-Header_BG-4.webp&quot;}],&quot;background_slideshow_slide_duration&quot;:15000,&quot;background_slideshow_transition_duration&quot;:3000,&quot;background_slideshow_ken_burns&quot;:&quot;yes&quot;,&quot;background_slideshow_lazyload&quot;:&quot;yes&quot;,&quot;background_slideshow_loop&quot;:&quot;yes&quot;,&quot;background_slideshow_slide_transition&quot;:&quot;fade&quot;,&quot;background_slideshow_ken_burns_zoom_direction&quot;:&quot;in&quot;}\">\n\t\t<div class=\"elementor-element elementor-element-94b0b7f e-flex e-con-boxed e-con e-child\" data-id=\"94b0b7f\" data-element_type=\"container\" data-e-type=\"container\" data-settings=\"{&quot;background_background&quot;:&quot;slideshow&quot;,&quot;background_slideshow_gallery&quot;:[{&quot;id&quot;:2396,&quot;url&quot;:&quot;https:\\\/\\\/koruncuk.org\\\/wp-content\\\/uploads\\\/2025\\\/09\\\/koruncuk-Banner_Edit_Gecis_3.webp&quot;},{&quot;id&quot;:2397,&quot;url&quot;:&quot;https:\\\/\\\/koruncuk.org\\\/wp-content\\\/uploads\\\/2025\\\/09\\\/koruncuk-Banner_Edit_Gecis_4.webp&quot;},{&quot;id&quot;:2398,&quot;url&quot;:&quot;https:\\\/\\\/koruncuk.org\\\/wp-content\\\/uploads\\\/2025\\\/09\\\/koruncuk-Banner_Edit_Gecis_5.webp&quot;}],&quot;background_slideshow_slide_duration&quot;:200,&quot;background_slideshow_transition_duration&quot;:1000,&quot;background_slideshow_loop&quot;:&quot;yes&quot;,&quot;background_slideshow_slide_transition&quot;:&quot;fade&quot;}\">\n\t\t\t\t\t<div class=\"e-con-inner\">\n\t\t<div class=\"elementor-element elementor-element-d3017d7 e-con-full e-flex e-con e-child\" data-id=\"d3017d7\" data-element_type=\"container\" data-e-type=\"container\">\n\t\t\t\t<div class=\"elementor-element elementor-element-40d2c2d elementor-widget elementor-widget-gva-heading-block\" data-id=\"40d2c2d\" data-element_type=\"widget\" data-e-type=\"widget\" data-widget_type=\"gva-heading-block.default\">\n\t\t\t\t<div class=\"elementor-widget-container\">\n\t\t\t\t\t<div class=\"gva-element-gva-heading-block gva-element\">\r\n\r\n   <div class=\"align-center style-1 widget gsc-heading box-align-left auto-responsive\">\r\n      \r\n      <div class=\"content-inner\">\r\n                  \r\n         <div class=\"sub-title\"><span class=\"tagline\">Koruncuk<\/span><\/div>  \r\n         \r\n                     <h2 class=\"title\">\r\n               <span>Koruncuk Sertifika ve \u00d6zel G\u00fcn Ba\u011f\u0131\u015flar\u0131<\/span>\r\n            <\/h2>\r\n                  \r\n         \r\n               <\/div>\r\n\r\n   <\/div>\r\n\r\n<\/div>\t\t\t\t<\/div>\n\t\t\t\t<\/div>\n\t\t\t\t<div class=\"elementor-element elementor-element-312a9fe elementor-widget elementor-widget-gva_post_breadcrumb\" data-id=\"312a9fe\" data-element_type=\"widget\" data-e-type=\"widget\" data-widget_type=\"gva_post_breadcrumb.default\">\n\t\t\t\t<div class=\"elementor-widget-container\">\n\t\t\t\t\t<div class=\"gva-element-gva_post_breadcrumb gva-element\">   \r\n<div class=\"post-breadcrumb\">\r\n   <div class=\"custom-breadcrumb \" >\r\n      <div class=\"breadcrumb-overlay\"><\/div>\r\n      <div class=\"breadcrumb-main\">\r\n        <div class=\"container\">\r\n          <div class=\"breadcrumb-container-inner\">\r\n            <ol class=\"breadcrumb\"><li><a href=\"https:\/\/koruncuk.org\/en\">Home<\/a> <\/li> <li class=\"active\">Page<\/li><\/ol>          <\/div>  \r\n        <\/div>   \r\n      <\/div>  \r\n   <\/div>\r\n<\/div>      \r\n\r\n<\/div>\t\t\t\t<\/div>\n\t\t\t\t<\/div>\n\t\t\t\t<\/div>\n\t\t\t\t\t<\/div>\n\t\t\t\t<\/div>\n\t\t\t\t<\/div>\n\t\t\t\t<\/div>\n\t\t<div class=\"elementor-element elementor-element-82c1b3a e-flex e-con-boxed e-con e-parent\" data-id=\"82c1b3a\" data-element_type=\"container\" data-e-type=\"container\">\n\t\t\t\t\t<div class=\"e-con-inner\">\n\t\t<div class=\"wsdtk-sticky-enabled elementor-element elementor-element-48ec17e e-con-full e-flex e-con e-child\" data-lsc-sticky=\"yes\" data-lsc-sticky-devices=\"desktop,tablet\" data-lsc-sticky-container=\"viewport\" data-lsc-sticky-top=\"100\" data-id=\"48ec17e\" data-element_type=\"container\" data-e-type=\"container\">\n\t\t\t\t<div class=\"elementor-element elementor-element-4d6edec elementor-widget elementor-widget-shortcode\" data-id=\"4d6edec\" data-element_type=\"widget\" data-e-type=\"widget\" data-widget_type=\"shortcode.default\">\n\t\t\t\t\t\t\t<div class=\"elementor-shortcode\"><\/div>\n\t\t\t\t\t\t<\/div>\n\t\t\t\t<div class=\"elementor-element elementor-element-25ea262 elementor-widget elementor-widget-shortcode\" data-id=\"25ea262\" data-element_type=\"widget\" data-e-type=\"widget\" data-widget_type=\"shortcode.default\">\n\t\t\t\t\t\t\t<div class=\"elementor-shortcode\">\t<div class=\"wsdtk-achor-subpages-block wsdtk-achor-toc \"\n     data-classes=\"bagis\"\n     data-levels=\"2,3,4\"\n     data-offset=\"130\"\n     data-force-ids=\"0\">\n            <ul class=\"wsdtk-achor-subpages-list\" role=\"list\"><\/ul>\n    <\/div>\n    <\/div>\n\t\t\t\t\t\t<\/div>\n\t\t\t\t<\/div>\n\t\t<div class=\"elementor-element elementor-element-63e7ac0 e-con-full bagis e-flex e-con e-child\" data-id=\"63e7ac0\" data-element_type=\"container\" data-e-type=\"container\">\n\t\t\t\t<div class=\"elementor-element elementor-element-3258303 elementor-widget elementor-widget-heading\" data-id=\"3258303\" data-element_type=\"widget\" data-e-type=\"widget\" data-widget_type=\"heading.default\">\n\t\t\t\t\t<h3 class=\"elementor-heading-title elementor-size-default\">Koruncuk Sertifika ve \u00d6zel G\u00fcn Ba\u011f\u0131\u015flar\u0131<\/h3>\t\t\t\t<\/div>\n\t\t\t\t<div class=\"elementor-element elementor-element-12c02ce elementor-widget elementor-widget-text-editor\" data-id=\"12c02ce\" data-element_type=\"widget\" data-e-type=\"widget\" data-widget_type=\"text-editor.default\">\n\t\t\t\t\t\t\t\t\t<p>\u00d6zel ve mutlu g\u00fcnlerde <strong>KORUNCUK<\/strong> sertifikalar\u0131ndan sevdiklerinize, m\u00fc\u015fterilerinize ya da \u00e7al\u0131\u015fanlar\u0131n\u0131za hediye edebilir ve bu sayede temel ihtiya\u00e7lar\u0131n\u0131n kar\u015f\u0131lanmas\u0131 bak\u0131m\u0131ndan olanaklar\u0131 k\u0131s\u0131tl\u0131 \u00e7ocuklar\u0131n haklar\u0131n\u0131 kullanmalar\u0131n\u0131 sa\u011flayarak, onlar\u0131 aile ya\u015fam\u0131nda ve toplumda kendine g\u00fcvenli ve ayd\u0131n bireyler olarak hayata haz\u0131rlanmalar\u0131 i\u00e7in yapt\u0131\u011f\u0131m\u0131z \u00e7al\u0131\u015fmalara destek olabilirsiniz.<\/p><p>Sertifikalar\u0131n\u0131z\u0131 isterseniz dijital (\u200be-posta\u200b yoluyla) isterseniz bas\u0131l\u0131 olarak kargo arac\u0131l\u0131\u011f\u0131 ile talep edebilirsiniz.<\/p>\t\t\t\t\t\t\t\t<\/div>\n\t\t\t\t<div class=\"elementor-element elementor-element-8352216 elementor-widget elementor-widget-heading\" data-id=\"8352216\" data-element_type=\"widget\" data-e-type=\"widget\" data-widget_type=\"heading.default\">\n\t\t\t\t\t<h4 class=\"elementor-heading-title elementor-size-default\">Dijital sertifika<\/h4>\t\t\t\t<\/div>\n\t\t\t\t<div class=\"elementor-element elementor-element-278f936 elementor-widget elementor-widget-text-editor\" data-id=\"278f936\" data-element_type=\"widget\" data-e-type=\"widget\" data-widget_type=\"text-editor.default\">\n\t\t\t\t\t\t\t\t\t<p><em><strong>Dijital sertifika tercihinizde;<\/strong><\/em> ba\u011f\u0131\u015f tutar\u0131 <strong>250 TL<\/strong>&#8216;dir. Yapt\u0131\u011f\u0131n\u0131z ba\u011f\u0131\u015f tutar\u0131 sertifikada g\u00f6r\u00fcnmeyecektir. (Belirtilen tutar, minimum ba\u011f\u0131\u015f tutar\u0131d\u0131r. Dilerseniz bu tutar\u0131n \u00fczerinde de ba\u011f\u0131\u015f yapabilirsiniz.)<\/p><p><em><strong>*Elektronik sertifikalar<\/strong><\/em> ba\u011f\u0131\u015f yap\u0131ld\u0131\u011f\u0131 anda otomatik olarak al\u0131c\u0131ya ve ba\u011f\u0131\u015f\u00e7\u0131ya g\u00f6nderilir. E-sertifikan\u0131z e-posta adresinin spam, junk, gereksiz kutusuna d\u00fc\u015febilir. L\u00fctfen kontrol ediniz.<\/p>\t\t\t\t\t\t\t\t<\/div>\n\t\t\t\t<div class=\"elementor-element elementor-element-18e16b1 elementor-widget elementor-widget-html\" data-id=\"18e16b1\" data-element_type=\"widget\" data-e-type=\"widget\" data-widget_type=\"html.default\">\n\t\t\t\t\t<div class=\"hr-heart\" aria-hidden=\"true\">\n  <svg viewBox=\"0 0 24 24\">\n    <path d=\"M20.84 4.61a5.5 5.5 0 0 0-7.78 0L12 5.67l-1.06-1.06a5.5 5.5 0 1 0-7.78 7.78L12 21.23l8.84-8.84a5.5 5.5 0 0 0 0-7.78z\"\/>\n  <\/svg>\n<\/div>\t\t\t\t<\/div>\n\t\t\t\t<div class=\"elementor-element elementor-element-a2534d0 elementor-widget elementor-widget-heading\" data-id=\"a2534d0\" data-element_type=\"widget\" data-e-type=\"widget\" data-widget_type=\"heading.default\">\n\t\t\t\t\t<h4 class=\"elementor-heading-title elementor-size-default\">Bas\u0131l\u0131 sertifika <\/h4>\t\t\t\t<\/div>\n\t\t\t\t<div class=\"elementor-element elementor-element-0630b00 elementor-widget elementor-widget-text-editor\" data-id=\"0630b00\" data-element_type=\"widget\" data-e-type=\"widget\" data-widget_type=\"text-editor.default\">\n\t\t\t\t\t\t\t\t\t<p><strong>Bas\u0131l\u0131 sertifika se\u00e7imlerinizde;<\/strong> ba\u011f\u0131\u015f tutar\u0131 <strong>500 TL<\/strong>&#8216;dir. Yapt\u0131\u011f\u0131n\u0131z ba\u011f\u0131\u015f tutar\u0131 sertifikada g\u00f6r\u00fcnmeyecektir. (Belirtilen tutar, <strong>minimum<\/strong> ba\u011f\u0131\u015f tutar\u0131d\u0131r. Dilerseniz bu tutar\u0131n \u00fczerinde de ba\u011f\u0131\u015f yapabilirsiniz.)<\/p><p>Sertifikan\u0131n haz\u0131rlanmas\u0131 ve Teslimat s\u00fcreleri il\/il\u00e7e\/mahalle\/k\u00f6y bilgilerine g\u00f6re de\u011fi\u015fmekle birlikte sertifikalar\u0131n\u0131z, talebinizin ve ba\u011f\u0131\u015f\u0131n\u0131z\u0131n bize ula\u015fmas\u0131n\u0131 m\u00fcteakiben en ge\u00e7 5 i\u015f g\u00fcn\u00fc i\u00e7erisinde kargoya teslim edilir. Kargo \u00fccreti yoktur.<\/p>\t\t\t\t\t\t\t\t<\/div>\n\t\t\t\t<div class=\"elementor-element elementor-element-3466914 elementor-widget elementor-widget-html\" data-id=\"3466914\" data-element_type=\"widget\" data-e-type=\"widget\" data-widget_type=\"html.default\">\n\t\t\t\t\t<div class=\"hr-heart\" aria-hidden=\"true\">\n  <svg viewBox=\"0 0 24 24\">\n    <path d=\"M20.84 4.61a5.5 5.5 0 0 0-7.78 0L12 5.67l-1.06-1.06a5.5 5.5 0 1 0-7.78 7.78L12 21.23l8.84-8.84a5.5 5.5 0 0 0 0-7.78z\"\/>\n  <\/svg>\n<\/div>\t\t\t\t<\/div>\n\t\t\t\t<div class=\"elementor-element elementor-element-dcd66ae elementor-widget elementor-widget-text-editor\" data-id=\"dcd66ae\" data-element_type=\"widget\" data-e-type=\"widget\" data-widget_type=\"text-editor.default\">\n\t\t\t\t\t\t\t\t\t<h5 style=\"font-weight: 500;\"><strong>Kurumsal Sertifika Ba\u011f\u0131\u015flar\u0131 i\u00e7in<\/strong>: <a href=\"tel:02126850383\">0212 685 03 83<\/a> \/ <a href=\"mailto:info@koruncuk.org\">info@koruncuk.org<\/a><\/h5>\t\t\t\t\t\t\t\t<\/div>\n\t\t\t\t<div class=\"elementor-element elementor-element-5cb4ee0 elementor-button-success elementor-align-center elementor-widget elementor-widget-button\" data-id=\"5cb4ee0\" data-element_type=\"widget\" data-e-type=\"widget\" data-widget_type=\"button.default\">\n\t\t\t\t\t\t\t\t\t\t<a class=\"elementor-button elementor-button-link elementor-size-sm\" href=\"https:\/\/bagis.koruncuk.org\/e-kartlar\">\n\t\t\t\t\t\t<span class=\"elementor-button-content-wrapper\">\n\t\t\t\t\t\t\t\t\t<span class=\"elementor-button-text\">Sertifika Ba\u011f\u0131\u015f\u0131 \u0130\u00e7in T\u0131klay\u0131n\u0131z<\/span>\n\t\t\t\t\t<\/span>\n\t\t\t\t\t<\/a>\n\t\t\t\t\t\t\t\t<\/div>\n\t\t\t\t<\/div>\n\t\t\t\t\t<\/div>\n\t\t\t\t<\/div>\n\t\t\t\t<\/div>\n\t\t","protected":false},"excerpt":{"rendered":"<p>Koruncuk Koruncuk Sertifika ve \u00d6zel G\u00fcn Ba\u011f\u0131\u015flar\u0131 Ana Sayfa Sayfa Koruncuk Sertifika ve \u00d6zel G\u00fcn Ba\u011f\u0131\u015flar\u0131 \u00d6zel ve mutlu g\u00fcnlerde KORUNCUK sertifikalar\u0131ndan sevdiklerinize, m\u00fc\u015fterilerinize ya da \u00e7al\u0131\u015fanlar\u0131n\u0131za hediye edebilir ve bu sayede temel ihtiya\u00e7lar\u0131n\u0131n kar\u015f\u0131lanmas\u0131 bak\u0131m\u0131ndan olanaklar\u0131 k\u0131s\u0131tl\u0131 \u00e7ocuklar\u0131n haklar\u0131n\u0131 kullanmalar\u0131n\u0131 sa\u011flayarak, onlar\u0131 aile ya\u015fam\u0131nda ve toplumda kendine g\u00fcvenli ve ayd\u0131n bireyler olarak hayata haz\u0131rlanmalar\u0131 [&hellip;]<\/p>\n","protected":false},"author":1,"featured_media":0,"parent":3980,"menu_order":0,"comment_status":"closed","ping_status":"closed","template":"","meta":{"footnotes":""},"class_list":["post-3985","page","type-page","status-publish","hentry"],"_links":{"self":[{"href":"https:\/\/koruncuk.org\/en\/wp-json\/wp\/v2\/pages\/3985","targetHints":{"allow":["GET"]}}],"collection":[{"href":"https:\/\/koruncuk.org\/en\/wp-json\/wp\/v2\/pages"}],"about":[{"href":"https:\/\/koruncuk.org\/en\/wp-json\/wp\/v2\/types\/page"}],"author":[{"embeddable":true,"href":"https:\/\/koruncuk.org\/en\/wp-json\/wp\/v2\/users\/1"}],"replies":[{"embeddable":true,"href":"https:\/\/koruncuk.org\/en\/wp-json\/wp\/v2\/comments?post=3985"}],"version-history":[{"count":38,"href":"https:\/\/koruncuk.org\/en\/wp-json\/wp\/v2\/pages\/3985\/revisions"}],"predecessor-version":[{"id":6036,"href":"https:\/\/koruncuk.org\/en\/wp-json\/wp\/v2\/pages\/3985\/revisions\/6036"}],"up":[{"embeddable":true,"href":"https:\/\/koruncuk.org\/en\/wp-json\/wp\/v2\/pages\/3980"}],"wp:attachment":[{"href":"https:\/\/koruncuk.org\/en\/wp-json\/wp\/v2\/media?parent=3985"}],"curies":[{"name":"wp","href":"https:\/\/api.w.org\/{rel}","templated":true}]}}