{"id":5125,"date":"2025-09-19T14:59:53","date_gmt":"2025-09-19T11:59:53","guid":{"rendered":"https:\/\/webseldonusum.net\/tema\/koruncuk\/?page_id=5125"},"modified":"2026-04-07T16:59:48","modified_gmt":"2026-04-07T13:59:48","slug":"koruncukkoy-destegi","status":"publish","type":"page","link":"https:\/\/koruncuk.org\/en\/destek-modellerimiz\/koruncukkoy-destegi\/","title":{"rendered":"Koruncukk\u00f6y Deste\u011fi"},"content":{"rendered":"\t\t<div data-elementor-type=\"wp-page\" data-elementor-id=\"5125\" class=\"elementor elementor-5125\">\n\t\t\t\t<div class=\"elementor-element elementor-element-6756acf e-con-full e-flex e-con e-parent\" data-id=\"6756acf\" data-element_type=\"container\" data-e-type=\"container\" data-settings=\"{&quot;background_background&quot;:&quot;classic&quot;}\">\n\t\t<div class=\"elementor-element elementor-element-e61b7f2 e-con-full e-flex e-con e-child\" data-id=\"e61b7f2\" data-element_type=\"container\" data-e-type=\"container\" data-settings=\"{&quot;background_background&quot;:&quot;slideshow&quot;,&quot;background_slideshow_gallery&quot;:[{&quot;id&quot;:2387,&quot;url&quot;:&quot;https:\\\/\\\/koruncuk.org\\\/wp-content\\\/uploads\\\/2025\\\/09\\\/koruncuk-Header_BG-3.webp&quot;},{&quot;id&quot;:2388,&quot;url&quot;:&quot;https:\\\/\\\/koruncuk.org\\\/wp-content\\\/uploads\\\/2025\\\/09\\\/koruncuk-Header_BG-4.webp&quot;}],&quot;background_slideshow_slide_duration&quot;:15000,&quot;background_slideshow_transition_duration&quot;:3000,&quot;background_slideshow_ken_burns&quot;:&quot;yes&quot;,&quot;background_slideshow_loop&quot;:&quot;yes&quot;,&quot;background_slideshow_slide_transition&quot;:&quot;fade&quot;,&quot;background_slideshow_ken_burns_zoom_direction&quot;:&quot;in&quot;}\">\n\t\t<div class=\"elementor-element elementor-element-13814c8 e-flex e-con-boxed e-con e-child\" data-id=\"13814c8\" data-element_type=\"container\" data-e-type=\"container\" data-settings=\"{&quot;background_background&quot;:&quot;slideshow&quot;,&quot;background_slideshow_gallery&quot;:[{&quot;id&quot;:2395,&quot;url&quot;:&quot;https:\\\/\\\/koruncuk.org\\\/wp-content\\\/uploads\\\/2025\\\/09\\\/koruncuk-Banner_Edit_Gecis_2.webp&quot;},{&quot;id&quot;:2396,&quot;url&quot;:&quot;https:\\\/\\\/koruncuk.org\\\/wp-content\\\/uploads\\\/2025\\\/09\\\/koruncuk-Banner_Edit_Gecis_3.webp&quot;},{&quot;id&quot;:2397,&quot;url&quot;:&quot;https:\\\/\\\/koruncuk.org\\\/wp-content\\\/uploads\\\/2025\\\/09\\\/koruncuk-Banner_Edit_Gecis_4.webp&quot;},{&quot;id&quot;:2398,&quot;url&quot;:&quot;https:\\\/\\\/koruncuk.org\\\/wp-content\\\/uploads\\\/2025\\\/09\\\/koruncuk-Banner_Edit_Gecis_5.webp&quot;}],&quot;background_slideshow_slide_duration&quot;:200,&quot;background_slideshow_transition_duration&quot;:1000,&quot;background_slideshow_loop&quot;:&quot;yes&quot;,&quot;background_slideshow_slide_transition&quot;:&quot;fade&quot;}\">\n\t\t\t\t\t<div class=\"e-con-inner\">\n\t\t<div class=\"elementor-element elementor-element-7e6294d e-con-full e-flex e-con e-child\" data-id=\"7e6294d\" data-element_type=\"container\" data-e-type=\"container\">\n\t\t\t\t<div class=\"elementor-element elementor-element-2354911 elementor-widget elementor-widget-gva-heading-block\" data-id=\"2354911\" data-element_type=\"widget\" data-e-type=\"widget\" data-widget_type=\"gva-heading-block.default\">\n\t\t\t\t<div class=\"elementor-widget-container\">\n\t\t\t\t\t<div class=\"gva-element-gva-heading-block gva-element\">\r\n\r\n   <div class=\"align-center style-1 widget gsc-heading box-align-left auto-responsive\">\r\n      \r\n      <div class=\"content-inner\">\r\n                  \r\n           \r\n         \r\n                     <h2 class=\"title\">\r\n               <span>Koruncukk\u00f6y Deste\u011fi<\/span>\r\n            <\/h2>\r\n                  \r\n         \r\n               <\/div>\r\n\r\n   <\/div>\r\n\r\n<\/div>\t\t\t\t<\/div>\n\t\t\t\t<\/div>\n\t\t\t\t<div class=\"elementor-element elementor-element-35ff6b0 elementor-widget elementor-widget-gva_post_breadcrumb\" data-id=\"35ff6b0\" data-element_type=\"widget\" data-e-type=\"widget\" data-widget_type=\"gva_post_breadcrumb.default\">\n\t\t\t\t<div class=\"elementor-widget-container\">\n\t\t\t\t\t<div class=\"gva-element-gva_post_breadcrumb gva-element\">   \r\n<div class=\"post-breadcrumb\">\r\n   <div class=\"custom-breadcrumb \" >\r\n      <div class=\"breadcrumb-overlay\"><\/div>\r\n      <div class=\"breadcrumb-main\">\r\n        <div class=\"container\">\r\n          <div class=\"breadcrumb-container-inner\">\r\n            <ol class=\"breadcrumb\"><li><a href=\"https:\/\/koruncuk.org\/en\">Home<\/a> <\/li> <li class=\"active\">Page<\/li><\/ol>          <\/div>  \r\n        <\/div>   \r\n      <\/div>  \r\n   <\/div>\r\n<\/div>      \r\n\r\n<\/div>\t\t\t\t<\/div>\n\t\t\t\t<\/div>\n\t\t\t\t<\/div>\n\t\t\t\t\t<\/div>\n\t\t\t\t<\/div>\n\t\t\t\t<\/div>\n\t\t\t\t<\/div>\n\t\t<div class=\"elementor-element elementor-element-f8de9c7 e-flex e-con-boxed e-con e-parent\" data-id=\"f8de9c7\" data-element_type=\"container\" data-e-type=\"container\">\n\t\t\t\t\t<div class=\"e-con-inner\">\n\t\t<div class=\"elementor-element elementor-element-4985e40 e-con-full e-flex e-con e-child\" data-id=\"4985e40\" data-element_type=\"container\" data-e-type=\"container\" data-settings=\"{&quot;background_background&quot;:&quot;classic&quot;}\">\n\t\t\t\t<div class=\"elementor-element elementor-element-272056f elementor-widget elementor-widget-image\" data-id=\"272056f\" data-element_type=\"widget\" data-e-type=\"widget\" data-widget_type=\"image.default\">\n\t\t\t\t\t\t\t\t\t\t\t\t\t\t\t<img decoding=\"async\" src=\"https:\/\/koruncuk.org\/wp-content\/uploads\/2025\/09\/Koruncukkoy-Destegi.webp\" title=\"Koruncukk\u00f6y Deste\u011fi\" alt=\"Koruncukk\u00f6y Deste\u011fi\" loading=\"lazy\" \/>\t\t\t\t\t\t\t\t\t\t\t\t\t\t\t<\/div>\n\t\t\t\t<\/div>\n\t\t\t\t\t<\/div>\n\t\t\t\t<\/div>\n\t\t<div class=\"elementor-element elementor-element-228f909 e-flex e-con-boxed e-con e-parent\" data-id=\"228f909\" data-element_type=\"container\" data-e-type=\"container\">\n\t\t\t\t\t<div class=\"e-con-inner\">\n\t\t<div class=\"wsdtk-sticky-enabled elementor-element elementor-element-2a42022 e-con-full e-flex e-con e-child\" data-lsc-sticky=\"yes\" data-lsc-sticky-devices=\"desktop,tablet\" data-lsc-sticky-container=\"viewport\" data-lsc-sticky-top=\"100\" data-id=\"2a42022\" data-element_type=\"container\" data-e-type=\"container\">\n\t\t\t\t<div class=\"elementor-element elementor-element-006ebf6 elementor-widget elementor-widget-shortcode\" data-id=\"006ebf6\" data-element_type=\"widget\" data-e-type=\"widget\" data-widget_type=\"shortcode.default\">\n\t\t\t\t\t\t\t<div class=\"elementor-shortcode\"><\/div>\n\t\t\t\t\t\t<\/div>\n\t\t\t\t<div class=\"elementor-element elementor-element-5dbea12 elementor-widget elementor-widget-shortcode\" data-id=\"5dbea12\" data-element_type=\"widget\" data-e-type=\"widget\" data-widget_type=\"shortcode.default\">\n\t\t\t\t\t\t\t<div class=\"elementor-shortcode\">\t<div class=\"wsdtk-achor-subpages-block wsdtk-achor-toc \"\n     data-classes=\"destek-modellerimiz\"\n     data-levels=\"3,4,5\"\n     data-offset=\"130\"\n     data-force-ids=\"0\">\n            <ul class=\"wsdtk-achor-subpages-list\" role=\"list\"><\/ul>\n    <\/div>\n    <\/div>\n\t\t\t\t\t\t<\/div>\n\t\t\t\t<\/div>\n\t\t<div class=\"elementor-element elementor-element-ad0b52f e-con-full destek-modellerimiz e-flex e-con e-child\" data-id=\"ad0b52f\" data-element_type=\"container\" data-e-type=\"container\">\n\t\t\t\t<div class=\"elementor-element elementor-element-f9acfc9 elementor-widget elementor-widget-text-editor\" data-id=\"f9acfc9\" data-element_type=\"widget\" data-e-type=\"widget\" data-widget_type=\"text-editor.default\">\n\t\t\t\t\t\t\t\t\t<div class=\"greeting\"><h4><span style=\"color: #e5007d;\"><strong>Koruncukk\u00f6yler<\/strong><\/span><\/h4><\/div>\t\t\t\t\t\t\t\t<\/div>\n\t\t\t\t<div class=\"elementor-element elementor-element-eb17293 elementor-widget elementor-widget-text-editor\" data-id=\"eb17293\" data-element_type=\"widget\" data-e-type=\"widget\" data-widget_type=\"text-editor.default\">\n\t\t\t\t\t\t\t\t\t<div class=\"greeting\"><h4 style=\"font-weight: 500;\">Koruncukk\u00f6ylerde Gelece\u011fe, Sevgiyle ve G\u00fcvenle&#8230;<\/h4><\/div>\t\t\t\t\t\t\t\t<\/div>\n\t\t\t\t<div class=\"elementor-element elementor-element-d0f6ae6 elementor-widget elementor-widget-text-editor\" data-id=\"d0f6ae6\" data-element_type=\"widget\" data-e-type=\"widget\" data-widget_type=\"text-editor.default\">\n\t\t\t\t\t\t\t\t\t<p>\u00c7ocuk koruma politikalar\u0131n\u0131n eksikli\u011fi, n\u00fcfus art\u0131\u015f\u0131, gelir da\u011f\u0131l\u0131m\u0131ndaki e\u015fitsizlik gibi unsurlar, \u00e7ocu\u011fun haklar\u0131ndan mahrum kalmas\u0131na ve toplumda potansiyelini tam olarak ger\u00e7ekle\u015ftirememesine sebep oluyor. 18 ya\u015f\u0131na kadar, yani kanuna g\u00f6re \u201c\u00e7ocuk\u201d olan d\u00f6nemde, \u00e7ocuklar\u0131n \u00f6rg\u00fcn e\u011fitimde kalmas\u0131, onlar\u0131 ayn\u0131 zamanda d\u0131\u015f fakt\u00f6rlere kar\u015f\u0131 korumada \u00f6nemli mekanizmalar\u0131n ba\u015f\u0131nda geliyor. Bir \u00e7ocuk okula devam etti\u011finde, i\u015f\u00e7i olarak \u00e7al\u0131\u015ft\u0131r\u0131lma, \u00e7ocuk ya\u015fta evlendirilme, su\u00e7a s\u00fcr\u00fcklenme gibi risklerden b\u00fcy\u00fck \u00f6l\u00e7\u00fcde uzakla\u015fm\u0131\u015f oluyor.<\/p>\t\t\t\t\t\t\t\t<\/div>\n\t\t\t\t<div class=\"elementor-element elementor-element-3b87a83 elementor-widget elementor-widget-heading\" data-id=\"3b87a83\" data-element_type=\"widget\" data-e-type=\"widget\" data-widget_type=\"heading.default\">\n\t\t\t\t\t<h4 class=\"elementor-heading-title elementor-size-default\">Koruncuk Vakf\u0131 Ne Yap\u0131yor?<\/h4>\t\t\t\t<\/div>\n\t\t\t\t<div class=\"elementor-element elementor-element-ecb8771 elementor-widget elementor-widget-text-editor\" data-id=\"ecb8771\" data-element_type=\"widget\" data-e-type=\"widget\" data-widget_type=\"text-editor.default\">\n\t\t\t\t\t\t\t\t\t<p>Koruncuk Vakf\u0131; e\u011fitime eri\u015fimde olanaklar\u0131 k\u0131s\u0131tl\u0131 ortaokul ve orta\u00f6\u011fretim (lise) seviyesindeki k\u0131z \u00f6\u011frencilere e\u011fitimde f\u0131rsat e\u015fitli\u011fi sa\u011flamak i\u00e7in Koruncukk\u00f6ylerde g\u00fcvenli bir ya\u015fam ortam\u0131 sunuyor, onlar\u0131n s\u0131cak bir aile ortam\u0131nda e\u011fitime eri\u015fmelerine ve hayata haz\u0131rlanmalar\u0131na imk\u00e2n veriyor. K\u0131z \u00e7ocuklar\u0131na akademik ba\u015far\u0131 \u00f6n ko\u015fulu olmaks\u0131z\u0131n sundu\u011fu bak\u0131m ve bar\u0131nma hizmetinin yan\u0131 s\u0131ra \u00e7ocuklar\u0131m\u0131z\u0131n ki\u015fisel, psikolojik ve sosyal geli\u015fimi i\u00e7in gereken t\u00fcm ihtiya\u00e7lar\u0131 Koruncuk Vakf\u0131 taraf\u0131ndan e\u011fitim hayat\u0131 boyunca \u00fccretsiz kar\u015f\u0131lan\u0131yor.<\/p><p>\u0130stanbul ve \u0130zmir\u2019de bulunan Koruncukk\u00f6yler, Milli E\u011fitim Bakanl\u0131\u011f\u0131 izniyle \u00f6zel \u00f6\u011frenci yurdu olarak hizmet veriyor. \u0130stanbul\u2019da 1992 y\u0131l\u0131nda kurulan Koruncukk\u00f6y Bolluca lise, \u0130zmir\u2019de 2019 y\u0131l\u0131nda a\u00e7\u0131lan Koruncukk\u00f6y Urla ise ortaokul seviyesindeki k\u0131z \u00e7ocuklar\u0131n\u0131n e\u011fitim hakk\u0131 i\u00e7in ba\u015fta bar\u0131nma olmak \u00fczere bak\u0131m ihtiya\u00e7lar\u0131n\u0131 kar\u015f\u0131l\u0131yor.<\/p><p>\u00c7ocuklar\u0131n e\u011fitim ve ya\u015fam kalitesini y\u00fckseltmek i\u00e7in \u00e7al\u0131\u015fan Koruncuk Vakf\u0131, \u00e7ocuklar\u0131n sosyal ve psikolojik a\u00e7\u0131dan sa\u011fl\u0131kl\u0131 geli\u015fimlerini desteklemenin yan\u0131 s\u0131ra rehberlik ve kariyer dan\u0131\u015fmanl\u0131\u011f\u0131 veriyor. Aileleriyle d\u00fczenli olarak g\u00f6r\u00fc\u015fmeleri ve tatillerde ailelerinin yanlar\u0131na gidip gelmeleri sa\u011flanan Koruncuklar, okul d\u0131\u015f\u0131ndaki zamanlarda ki\u015fisel geli\u015fimlerine y\u00f6nelik sosyal aktivitelere kat\u0131l\u0131yor. Koruncuk Vakf\u0131, Koruncukk\u00f6ylerde ya\u015fam\u0131\u015f ancak 18 ya\u015f\u0131n\u0131 dolduran k\u0131z \u00e7ocuklar\u0131n\u0131n yan\u0131nda olmaya devam ediyor; \u00fcniversite e\u011fitimleri ve mesleki geli\u015fimlerini destekliyor.<\/p>\t\t\t\t\t\t\t\t<\/div>\n\t\t\t\t<div class=\"elementor-element elementor-element-f36ed02 elementor-widget elementor-widget-heading\" data-id=\"f36ed02\" data-element_type=\"widget\" data-e-type=\"widget\" data-widget_type=\"heading.default\">\n\t\t\t\t\t<h4 class=\"elementor-heading-title elementor-size-default\">Koruncukk\u00f6ylerde Ya\u015fam<\/h4>\t\t\t\t<\/div>\n\t\t\t\t<div class=\"elementor-element elementor-element-05586d4 elementor-widget elementor-widget-text-editor\" data-id=\"05586d4\" data-element_type=\"widget\" data-e-type=\"widget\" data-widget_type=\"text-editor.default\">\n\t\t\t\t\t\t\t\t\t<p>Koruncukk\u00f6ylerde ayn\u0131 ya\u015f grubundaki \u00e7ocuklar mutfak, oturma, ders \u00e7al\u0131\u015fma, televizyon izleme ve dinlenme alanlar\u0131n\u0131n yer ald\u0131\u011f\u0131 sevgi ve g\u00fcven dolu bir ortamda birlikte ya\u015f\u0131yorlar.<\/p><p>Koruncuklara bireysel ve sosyo-k\u00fclt\u00fcrel geli\u015fimleri i\u00e7in gereksinim duyduklar\u0131 imk\u00e2n ve ortam\u0131 sundu\u011fumuz Koruncukk\u00f6ylerde; k\u00fct\u00fcphane, bilgisayar laboratuvar\u0131, at\u00f6lye s\u0131n\u0131flar\u0131, tiyatro ve etkinlik alanlar\u0131, a\u00e7\u0131k- kapal\u0131 spor alanlar\u0131 gibi sosyal aktivitelerin ger\u00e7ekle\u015ftirildi\u011fi alanlar yer al\u0131yor.<\/p><p>Koruncukk\u00f6ylerin olanaklar\u0131, Koruncuklara \u00fccretsiz sa\u011flan\u0131yor:<\/p><ul><li>Bar\u0131nma hizmeti.<\/li><li>Y\u0131lda en az iki kez aile yan\u0131na gidi\u015f-d\u00f6n\u00fc\u015f ula\u015f\u0131m deste\u011fi.<\/li><li>Kitap, k\u0131rtasiye malzemesi, k\u0131yafet, har\u00e7l\u0131k deste\u011fi.<\/li><li>Et\u00fct \u00f6\u011fretmeni deste\u011fi.<\/li><li>Okula ula\u015f\u0131mda servis deste\u011fi.<\/li><li>Sosyal aktivitelere kat\u0131lma olana\u011f\u0131.<\/li><li>Tatil d\u00f6nemlerinde geli\u015fim kamplar\u0131na kat\u0131lma imkan\u0131.<\/li><li>At\u00f6lye ve laboratuvarlarda ki\u015fisel geli\u015fim imkan\u0131.<\/li><li>Rehberlik ve kariyer dan\u0131\u015fmanl\u0131\u011f\u0131 deste\u011fi.<\/li><li>Psikososyal destek ve sa\u011fl\u0131k deste\u011fi.<\/li><li>Lise \u00f6\u011frenimini tamamlayan \u00e7ocuklar i\u00e7in y\u00fcksek\u00f6\u011frenim deste\u011fi.<\/li><\/ul>\t\t\t\t\t\t\t\t<\/div>\n\t\t<div class=\"elementor-element elementor-element-b7c3227 e-con-full e-flex e-con e-child\" data-id=\"b7c3227\" data-element_type=\"container\" data-e-type=\"container\">\n\t\t<div class=\"elementor-element elementor-element-3c78f14 e-con-full e-flex e-con e-child\" data-id=\"3c78f14\" data-element_type=\"container\" data-e-type=\"container\">\n\t\t\t\t<div class=\"elementor-element elementor-element-60e4fc5 elementor-widget elementor-widget-heading\" data-id=\"60e4fc5\" data-element_type=\"widget\" data-e-type=\"widget\" data-widget_type=\"heading.default\">\n\t\t\t\t\t<h4 class=\"elementor-heading-title elementor-size-default\">Koruncukk\u00f6y Bolluca<\/h4>\t\t\t\t<\/div>\n\t\t\t\t<div class=\"elementor-element elementor-element-08f64d8 elementor-widget elementor-widget-image\" data-id=\"08f64d8\" data-element_type=\"widget\" data-e-type=\"widget\" data-widget_type=\"image.default\">\n\t\t\t\t\t\t\t\t\t\t\t\t\t\t\t<img fetchpriority=\"high\" decoding=\"async\" width=\"900\" height=\"519\" src=\"https:\/\/koruncuk.org\/wp-content\/uploads\/2025\/09\/Koruncuk-Vakfi-Bolluca-Kiz-Ogrenci-Yurdu-1-1024x591.webp\" class=\"attachment-large size-large wp-image-5158\" alt=\"Koruncuk Vakf\u0131 - Bolluca\" srcset=\"https:\/\/koruncuk.org\/wp-content\/uploads\/2025\/09\/Koruncuk-Vakfi-Bolluca-Kiz-Ogrenci-Yurdu-1-1024x591.webp 1024w, https:\/\/koruncuk.org\/wp-content\/uploads\/2025\/09\/Koruncuk-Vakfi-Bolluca-Kiz-Ogrenci-Yurdu-1-768x444.webp 768w, https:\/\/koruncuk.org\/wp-content\/uploads\/2025\/09\/Koruncuk-Vakfi-Bolluca-Kiz-Ogrenci-Yurdu-1-600x347.webp 600w, https:\/\/koruncuk.org\/wp-content\/uploads\/2025\/09\/Koruncuk-Vakfi-Bolluca-Kiz-Ogrenci-Yurdu-1.webp 1600w\" sizes=\"(max-width: 900px) 100vw, 900px\" \/>\t\t\t\t\t\t\t\t\t\t\t\t\t\t\t<\/div>\n\t\t\t\t<\/div>\n\t\t<div class=\"elementor-element elementor-element-b33c111 e-con-full e-flex e-con e-child\" data-id=\"b33c111\" data-element_type=\"container\" data-e-type=\"container\">\n\t\t\t\t<div class=\"elementor-element elementor-element-b1c4b0a elementor-widget elementor-widget-heading\" data-id=\"b1c4b0a\" data-element_type=\"widget\" data-e-type=\"widget\" data-widget_type=\"heading.default\">\n\t\t\t\t\t<h4 class=\"elementor-heading-title elementor-size-default\">Koruncukk\u00f6y Urla<\/h4>\t\t\t\t<\/div>\n\t\t\t\t<div class=\"elementor-element elementor-element-8c7ce05 elementor-widget elementor-widget-image\" data-id=\"8c7ce05\" data-element_type=\"widget\" data-e-type=\"widget\" data-widget_type=\"image.default\">\n\t\t\t\t\t\t\t\t\t\t\t\t\t\t\t<img decoding=\"async\" width=\"900\" height=\"520\" src=\"https:\/\/koruncuk.org\/wp-content\/uploads\/2025\/09\/Koruncuk-Vakfi-Urla-Kiz-Ogrenci-Yurdu-1024x592.webp\" class=\"attachment-large size-large wp-image-5159\" alt=\"Koruncuk Vakf\u0131 - Urla\" srcset=\"https:\/\/koruncuk.org\/wp-content\/uploads\/2025\/09\/Koruncuk-Vakfi-Urla-Kiz-Ogrenci-Yurdu-1024x592.webp 1024w, https:\/\/koruncuk.org\/wp-content\/uploads\/2025\/09\/Koruncuk-Vakfi-Urla-Kiz-Ogrenci-Yurdu-768x444.webp 768w, https:\/\/koruncuk.org\/wp-content\/uploads\/2025\/09\/Koruncuk-Vakfi-Urla-Kiz-Ogrenci-Yurdu-600x347.webp 600w, https:\/\/koruncuk.org\/wp-content\/uploads\/2025\/09\/Koruncuk-Vakfi-Urla-Kiz-Ogrenci-Yurdu.webp 1646w\" sizes=\"(max-width: 900px) 100vw, 900px\" \/>\t\t\t\t\t\t\t\t\t\t\t\t\t\t\t<\/div>\n\t\t\t\t<\/div>\n\t\t\t\t<\/div>\n\t\t\t\t<div class=\"elementor-element elementor-element-3b52598 elementor-button-success elementor-align-center elementor-widget elementor-widget-button\" data-id=\"3b52598\" data-element_type=\"widget\" data-e-type=\"widget\" data-widget_type=\"button.default\">\n\t\t\t\t\t\t\t\t\t\t<a class=\"elementor-button elementor-button-link elementor-size-sm\" href=\"https:\/\/koruncuk.org\/destek-modellerimiz\/koruncukkoy-destegi\/koruncukkoylerimiz\/\" target=\"_blank\">\n\t\t\t\t\t\t<span class=\"elementor-button-content-wrapper\">\n\t\t\t\t\t\t\t\t\t<span class=\"elementor-button-text\">Koruncukk\u00f6ylerimiz<\/span>\n\t\t\t\t\t<\/span>\n\t\t\t\t\t<\/a>\n\t\t\t\t\t\t\t\t<\/div>\n\t\t\t\t<div class=\"elementor-element elementor-element-0829610 elementor-widget elementor-widget-heading\" data-id=\"0829610\" data-element_type=\"widget\" data-e-type=\"widget\" data-widget_type=\"heading.default\">\n\t\t\t\t\t<h4 class=\"elementor-heading-title elementor-size-default\">Ba\u015fvuru \u2013 De\u011ferlendirme S\u00fcreci <\/h4>\t\t\t\t<\/div>\n\t\t\t\t<div class=\"elementor-element elementor-element-4d386c1 elementor-widget elementor-widget-text-editor\" data-id=\"4d386c1\" data-element_type=\"widget\" data-e-type=\"widget\" data-widget_type=\"text-editor.default\">\n\t\t\t\t\t\t\t\t\t<p>Koruncuk Vakf\u0131, ba\u015fvurularda \u00f6ncelikle \u00e7ocuklar\u0131n sosyoekonomik ve co\u011frafi ko\u015fullar\u0131n\u0131, psikolojik\/sosyal\/geli\u015fimsel destek ihtiya\u00e7lar\u0131n\u0131 de\u011ferlendirir. T\u00fcm T\u00fcrkiye\u2019ye a\u00e7\u0131k olan ba\u015fvurular i\u00e7in okumaya istekli olmak d\u0131\u015f\u0131nda ba\u015far\u0131 kriteri aranmaz ve herhangi bir giri\u015f \u00fccreti talep edilmez.<\/p><p>Koruncukk\u00f6ylerimize kabul de\u011ferlendirmesinde bu y\u0131l; 6 \u015eubat 2023\u2019te ger\u00e7ekle\u015fen deprem felaketinden etkilenen Kahramanmara\u015f, Hatay, Gaziantep, Osmaniye, Malatya, Ad\u0131yaman, Adana, Diyarbak\u0131r, Kilis, \u015eanl\u0131urfa ve Elaz\u0131\u011f illerinde ya\u015fayan k\u0131z \u00e7ocuklar\u0131 \u00f6nceliklendirilecektir.<\/p><p>\u00c7ocu\u011fun e\u011fitim hayat\u0131n\u0131n, \u00e7e\u015fitli sebeplere ba\u011fl\u0131 olarak sekteye u\u011framas\u0131 s\u00f6z konusu ise Koruncuk Vakf\u0131 gelen ba\u015fvurular\u0131; Saha \u0130nceleme Ekibinin yerinde de\u011ferlendirmesinden sonra De\u011ferlendirme Komitesine sunar, e\u011fitim deste\u011fi onaylanan adaylar, Y\u00f6netim Kurulu karar\u0131yla kabul edilir.<\/p><ul><li>Koruncukk\u00f6ylere kontenjan dahilinde \u00f6\u011frenci kabul edilecektir.<\/li><li>Ba\u015fvurular <strong>1 \u015eubat<\/strong> tarihinde ba\u015flayacak <strong>15 Nisan<\/strong> tarihinde sona erecektir.<\/li><\/ul><p>\u0130leti\u015fim: <a href=\"tel:05447903290\" target=\"_blank\" rel=\"noopener\">0 544 790 32 90<\/a> | <a href=\"tel:02126850383\">0212 685 03 83<\/a><\/p>\t\t\t\t\t\t\t\t<\/div>\n\t\t\t\t<div class=\"elementor-element elementor-element-d6db36c elementor-button-success elementor-align-center elementor-widget elementor-widget-button\" data-id=\"d6db36c\" data-element_type=\"widget\" data-e-type=\"widget\" data-widget_type=\"button.default\">\n\t\t\t\t\t\t\t\t\t\t<a class=\"elementor-button elementor-button-link elementor-size-sm\" href=\"https:\/\/koruncuk.org\/destek-modellerimiz\/koruncukkoy-destegi\/koruncukkoylerimiz\/2026-2027-egitim-ogretim-donemi-ogrenci-alimlari\/\" target=\"_blank\">\n\t\t\t\t\t\t<span class=\"elementor-button-content-wrapper\">\n\t\t\t\t\t\t\t\t\t<span class=\"elementor-button-text\">Online Ba\u015fvuru<\/span>\n\t\t\t\t\t<\/span>\n\t\t\t\t\t<\/a>\n\t\t\t\t\t\t\t\t<\/div>\n\t\t\t\t<\/div>\n\t\t\t\t\t<\/div>\n\t\t\t\t<\/div>\n\t\t\t\t<\/div>\n\t\t","protected":false},"excerpt":{"rendered":"<p>Koruncukk\u00f6y Deste\u011fi Ana Sayfa Sayfa Koruncukk\u00f6yler Koruncukk\u00f6ylerde Gelece\u011fe, Sevgiyle ve G\u00fcvenle&#8230; \u00c7ocuk koruma politikalar\u0131n\u0131n eksikli\u011fi, n\u00fcfus art\u0131\u015f\u0131, gelir da\u011f\u0131l\u0131m\u0131ndaki e\u015fitsizlik gibi unsurlar, \u00e7ocu\u011fun haklar\u0131ndan mahrum kalmas\u0131na ve toplumda potansiyelini tam olarak ger\u00e7ekle\u015ftirememesine sebep oluyor. 18 ya\u015f\u0131na kadar, yani kanuna g\u00f6re \u201c\u00e7ocuk\u201d olan d\u00f6nemde, \u00e7ocuklar\u0131n \u00f6rg\u00fcn e\u011fitimde kalmas\u0131, onlar\u0131 ayn\u0131 zamanda d\u0131\u015f fakt\u00f6rlere kar\u015f\u0131 korumada \u00f6nemli [&hellip;]<\/p>\n","protected":false},"author":1,"featured_media":0,"parent":2561,"menu_order":0,"comment_status":"closed","ping_status":"closed","template":"","meta":{"footnotes":""},"class_list":["post-5125","page","type-page","status-publish","hentry"],"_links":{"self":[{"href":"https:\/\/koruncuk.org\/en\/wp-json\/wp\/v2\/pages\/5125","targetHints":{"allow":["GET"]}}],"collection":[{"href":"https:\/\/koruncuk.org\/en\/wp-json\/wp\/v2\/pages"}],"about":[{"href":"https:\/\/koruncuk.org\/en\/wp-json\/wp\/v2\/types\/page"}],"author":[{"embeddable":true,"href":"https:\/\/koruncuk.org\/en\/wp-json\/wp\/v2\/users\/1"}],"replies":[{"embeddable":true,"href":"https:\/\/koruncuk.org\/en\/wp-json\/wp\/v2\/comments?post=5125"}],"version-history":[{"count":46,"href":"https:\/\/koruncuk.org\/en\/wp-json\/wp\/v2\/pages\/5125\/revisions"}],"predecessor-version":[{"id":6607,"href":"https:\/\/koruncuk.org\/en\/wp-json\/wp\/v2\/pages\/5125\/revisions\/6607"}],"up":[{"embeddable":true,"href":"https:\/\/koruncuk.org\/en\/wp-json\/wp\/v2\/pages\/2561"}],"wp:attachment":[{"href":"https:\/\/koruncuk.org\/en\/wp-json\/wp\/v2\/media?parent=5125"}],"curies":[{"name":"wp","href":"https:\/\/api.w.org\/{rel}","templated":true}]}}