{"id":5439,"date":"2026-01-31T08:21:33","date_gmt":"2026-01-31T05:21:33","guid":{"rendered":"https:\/\/webseldonusum.net\/tema\/koruncuk\/?page_id=5439"},"modified":"2026-04-03T17:38:12","modified_gmt":"2026-04-03T14:38:12","slug":"hakkimizda","status":"publish","type":"page","link":"https:\/\/koruncuk.org\/en\/kurumsal\/hakkimizda\/","title":{"rendered":"Hakk\u0131m\u0131zda"},"content":{"rendered":"\t\t<div data-elementor-type=\"wp-page\" data-elementor-id=\"5439\" class=\"elementor elementor-5439\">\n\t\t\t\t<div class=\"elementor-element elementor-element-f0af1e9 e-con-full e-flex e-con e-parent\" data-id=\"f0af1e9\" data-element_type=\"container\" data-e-type=\"container\" data-settings=\"{&quot;background_background&quot;:&quot;classic&quot;}\">\n\t\t<div class=\"elementor-element elementor-element-0b5ca5e e-con-full e-flex e-con e-child\" data-id=\"0b5ca5e\" data-element_type=\"container\" data-e-type=\"container\" data-settings=\"{&quot;background_background&quot;:&quot;slideshow&quot;,&quot;background_slideshow_gallery&quot;:[{&quot;id&quot;:2387,&quot;url&quot;:&quot;https:\\\/\\\/koruncuk.org\\\/wp-content\\\/uploads\\\/2025\\\/09\\\/koruncuk-Header_BG-3.webp&quot;},{&quot;id&quot;:2388,&quot;url&quot;:&quot;https:\\\/\\\/koruncuk.org\\\/wp-content\\\/uploads\\\/2025\\\/09\\\/koruncuk-Header_BG-4.webp&quot;}],&quot;background_slideshow_slide_duration&quot;:15000,&quot;background_slideshow_transition_duration&quot;:3000,&quot;background_slideshow_ken_burns&quot;:&quot;yes&quot;,&quot;background_slideshow_lazyload&quot;:&quot;yes&quot;,&quot;background_slideshow_loop&quot;:&quot;yes&quot;,&quot;background_slideshow_slide_transition&quot;:&quot;fade&quot;,&quot;background_slideshow_ken_burns_zoom_direction&quot;:&quot;in&quot;}\">\n\t\t<div class=\"elementor-element elementor-element-c317f0a e-flex e-con-boxed e-con e-child\" data-id=\"c317f0a\" data-element_type=\"container\" data-e-type=\"container\" data-settings=\"{&quot;background_background&quot;:&quot;slideshow&quot;,&quot;background_slideshow_gallery&quot;:[{&quot;id&quot;:2396,&quot;url&quot;:&quot;https:\\\/\\\/koruncuk.org\\\/wp-content\\\/uploads\\\/2025\\\/09\\\/koruncuk-Banner_Edit_Gecis_3.webp&quot;},{&quot;id&quot;:2397,&quot;url&quot;:&quot;https:\\\/\\\/koruncuk.org\\\/wp-content\\\/uploads\\\/2025\\\/09\\\/koruncuk-Banner_Edit_Gecis_4.webp&quot;},{&quot;id&quot;:2398,&quot;url&quot;:&quot;https:\\\/\\\/koruncuk.org\\\/wp-content\\\/uploads\\\/2025\\\/09\\\/koruncuk-Banner_Edit_Gecis_5.webp&quot;}],&quot;background_slideshow_slide_duration&quot;:200,&quot;background_slideshow_transition_duration&quot;:1000,&quot;background_slideshow_loop&quot;:&quot;yes&quot;,&quot;background_slideshow_slide_transition&quot;:&quot;fade&quot;}\">\n\t\t\t\t\t<div class=\"e-con-inner\">\n\t\t<div class=\"elementor-element elementor-element-4ad9de2 e-con-full e-flex e-con e-child\" data-id=\"4ad9de2\" data-element_type=\"container\" data-e-type=\"container\">\n\t\t\t\t<div class=\"elementor-element elementor-element-5ca46a7 elementor-widget elementor-widget-gva-heading-block\" data-id=\"5ca46a7\" data-element_type=\"widget\" data-e-type=\"widget\" data-widget_type=\"gva-heading-block.default\">\n\t\t\t\t<div class=\"elementor-widget-container\">\n\t\t\t\t\t<div class=\"gva-element-gva-heading-block gva-element\">\r\n\r\n   <div class=\"align-center style-1 widget gsc-heading box-align-left auto-responsive\">\r\n      \r\n      <div class=\"content-inner\">\r\n                  \r\n           \r\n         \r\n                     <h2 class=\"title\">\r\n               <span>Hakk\u0131m\u0131zda<\/span>\r\n            <\/h2>\r\n                  \r\n         \r\n               <\/div>\r\n\r\n   <\/div>\r\n\r\n<\/div>\t\t\t\t<\/div>\n\t\t\t\t<\/div>\n\t\t\t\t<div class=\"elementor-element elementor-element-a78f1b9 elementor-widget elementor-widget-gva_post_breadcrumb\" data-id=\"a78f1b9\" data-element_type=\"widget\" data-e-type=\"widget\" data-widget_type=\"gva_post_breadcrumb.default\">\n\t\t\t\t<div class=\"elementor-widget-container\">\n\t\t\t\t\t<div class=\"gva-element-gva_post_breadcrumb gva-element\">   \r\n<div class=\"post-breadcrumb\">\r\n   <div class=\"custom-breadcrumb \" >\r\n      <div class=\"breadcrumb-overlay\"><\/div>\r\n      <div class=\"breadcrumb-main\">\r\n        <div class=\"container\">\r\n          <div class=\"breadcrumb-container-inner\">\r\n            <ol class=\"breadcrumb\"><li><a href=\"https:\/\/koruncuk.org\/en\">Home<\/a> <\/li> <li class=\"active\">Page<\/li><\/ol>          <\/div>  \r\n        <\/div>   \r\n      <\/div>  \r\n   <\/div>\r\n<\/div>      \r\n\r\n<\/div>\t\t\t\t<\/div>\n\t\t\t\t<\/div>\n\t\t\t\t<\/div>\n\t\t\t\t\t<\/div>\n\t\t\t\t<\/div>\n\t\t\t\t<\/div>\n\t\t\t\t<\/div>\n\t\t<div class=\"elementor-element elementor-element-395c9eb e-flex e-con-boxed e-con e-parent\" data-id=\"395c9eb\" data-element_type=\"container\" data-e-type=\"container\">\n\t\t\t\t\t<div class=\"e-con-inner\">\n\t\t<div class=\"wsdtk-sticky-enabled elementor-element elementor-element-b195d66 e-con-full e-flex e-con e-child\" data-lsc-sticky=\"yes\" data-lsc-sticky-devices=\"desktop,tablet\" data-lsc-sticky-container=\"viewport\" data-lsc-sticky-top=\"100\" data-id=\"b195d66\" data-element_type=\"container\" data-e-type=\"container\">\n\t\t\t\t<div class=\"elementor-element elementor-element-55b9502 elementor-widget elementor-widget-shortcode\" data-id=\"55b9502\" data-element_type=\"widget\" data-e-type=\"widget\" data-widget_type=\"shortcode.default\">\n\t\t\t\t\t\t\t<div class=\"elementor-shortcode\"><\/div>\n\t\t\t\t\t\t<\/div>\n\t\t\t\t<div class=\"elementor-element elementor-element-fc4f2e7 elementor-widget elementor-widget-shortcode\" data-id=\"fc4f2e7\" data-element_type=\"widget\" data-e-type=\"widget\" data-widget_type=\"shortcode.default\">\n\t\t\t\t\t\t\t<div class=\"elementor-shortcode\">\t<div class=\"wsdtk-achor-subpages-block wsdtk-achor-toc \"\n     data-classes=\"hakkimizda\"\n     data-levels=\"3,4,5\"\n     data-offset=\"130\"\n     data-force-ids=\"0\">\n              <p class=\"wsdtk-achor-subpages-intro\"><strong>Kurumsal<\/strong><\/p>\n            <ul class=\"wsdtk-achor-subpages-list\" role=\"list\"><\/ul>\n    <\/div>\n    <\/div>\n\t\t\t\t\t\t<\/div>\n\t\t\t\t<\/div>\n\t\t<div class=\"elementor-element elementor-element-945df6d e-con-full hakkimizda e-flex e-con e-child\" data-id=\"945df6d\" data-element_type=\"container\" data-e-type=\"container\">\n\t\t\t\t<div class=\"elementor-element elementor-element-f021ee1 elementor-widget elementor-widget-progress\" data-id=\"f021ee1\" data-element_type=\"widget\" data-e-type=\"widget\" data-widget_type=\"progress.default\">\n\t\t\t\t\t\t\t\t<h3 class=\"elementor-title\" id=\"elementor-progress-bar-f021ee1\">\n\t\t\t\tVizyon\t\t\t<\/h3>\n\t\t\n\t\t<div aria-labelledby=\"elementor-progress-bar-f021ee1\" class=\"elementor-progress-wrapper\" role=\"progressbar\" aria-valuemin=\"0\" aria-valuemax=\"100\" aria-valuenow=\"100\" aria-valuetext=\"100% (Web Designer)\">\n\t\t\t<div class=\"elementor-progress-bar\" data-max=\"100\">\n\t\t\t\t<span class=\"elementor-progress-text\">Web Designer<\/span>\n\t\t\t\t\t\t\t<\/div>\n\t\t<\/div>\n\t\t\t\t\t\t<\/div>\n\t\t\t\t<div class=\"elementor-element elementor-element-1d8a5f4 elementor-widget elementor-widget-text-editor\" data-id=\"1d8a5f4\" data-element_type=\"widget\" data-e-type=\"widget\" data-widget_type=\"text-editor.default\">\n\t\t\t\t\t\t\t\t\t<p>\u00c7ocuklar\u0131n, hangi sosyo-ekonomik ko\u015fulda olursa olsun haklar\u0131na eri\u015fti\u011fi, sevgi ve g\u00fcvenle b\u00fcy\u00fcd\u00fc\u011f\u00fc, e\u011fitimlerine kesintisiz devam edebildi\u011fi ve katma de\u011fer yaratabildi\u011fi bir topluma hizmet etmek.<\/p>\t\t\t\t\t\t\t\t<\/div>\n\t\t\t\t<div class=\"elementor-element elementor-element-0fa7718 elementor-widget elementor-widget-progress\" data-id=\"0fa7718\" data-element_type=\"widget\" data-e-type=\"widget\" data-widget_type=\"progress.default\">\n\t\t\t\t\t\t\t\t<h3 class=\"elementor-title\" id=\"elementor-progress-bar-0fa7718\">\n\t\t\t\tMisyon\t\t\t<\/h3>\n\t\t\n\t\t<div aria-labelledby=\"elementor-progress-bar-0fa7718\" class=\"elementor-progress-wrapper\" role=\"progressbar\" aria-valuemin=\"0\" aria-valuemax=\"100\" aria-valuenow=\"100\" aria-valuetext=\"100% (Web Designer)\">\n\t\t\t<div class=\"elementor-progress-bar\" data-max=\"100\">\n\t\t\t\t<span class=\"elementor-progress-text\">Web Designer<\/span>\n\t\t\t\t\t\t\t<\/div>\n\t\t<\/div>\n\t\t\t\t\t\t<\/div>\n\t\t\t\t<div class=\"elementor-element elementor-element-c45c8e6 elementor-widget elementor-widget-text-editor\" data-id=\"c45c8e6\" data-element_type=\"widget\" data-e-type=\"widget\" data-widget_type=\"text-editor.default\">\n\t\t\t\t\t\t\t\t\t<p>T\u00fcm \u00e7ocuklar\u0131n sevgi ve g\u00fcven i\u00e7inde, haklar\u0131n\u0131n bilincinde, sa\u011fl\u0131kl\u0131, g\u00fc\u00e7l\u00fc, \u00f6zg\u00fcvenli, \u00fcreten, de\u011fer yaratan, sorumlu bireyler olarak toplumda yer almalar\u0131n\u0131 sa\u011flamak.<\/p><p>Sosyo-ekonomik a\u00e7\u0131dan \u00f6nleyici, koruyucu ve iyile\u015ftirici \u00e7\u00f6z\u00fcmler ile \u00f6zellikle k\u0131z \u00e7ocuklar\u0131n\u0131 \u00f6nceliklendirerek bar\u0131nma, e\u011fitime eri\u015fim destek ve dan\u0131\u015fma hizmetleri sunmak.<\/p><p>Koruncuk Vakf\u0131 geli\u015ftirdi\u011fi \u00f6nleyici, koruyucu ve iyile\u015ftirici hizmet modelleriyle, temel ihtiya\u00e7lar\u0131 ve e\u011fitime eri\u015fimleri risk alt\u0131ndaki \u00e7ocuklar\u0131, kendilerini ifade edebilen, haklar\u0131n\u0131n bilincinde bireyler olarak toplum i\u00e7inde yer almalar\u0131 konusunda g\u00fc\u00e7lendiriyor.<\/p>\t\t\t\t\t\t\t\t<\/div>\n\t\t\t\t<\/div>\n\t\t\t\t\t<\/div>\n\t\t\t\t<\/div>\n\t\t\t\t<\/div>\n\t\t","protected":false},"excerpt":{"rendered":"<p>Hakk\u0131m\u0131zda Ana Sayfa Sayfa Vizyon Web Designer \u00c7ocuklar\u0131n, hangi sosyo-ekonomik ko\u015fulda olursa olsun haklar\u0131na eri\u015fti\u011fi, sevgi ve g\u00fcvenle b\u00fcy\u00fcd\u00fc\u011f\u00fc, e\u011fitimlerine kesintisiz devam edebildi\u011fi ve katma de\u011fer yaratabildi\u011fi bir topluma hizmet etmek. Misyon Web Designer T\u00fcm \u00e7ocuklar\u0131n sevgi ve g\u00fcven i\u00e7inde, haklar\u0131n\u0131n bilincinde, sa\u011fl\u0131kl\u0131, g\u00fc\u00e7l\u00fc, \u00f6zg\u00fcvenli, \u00fcreten, de\u011fer yaratan, sorumlu bireyler olarak toplumda yer almalar\u0131n\u0131 sa\u011flamak. [&hellip;]<\/p>\n","protected":false},"author":1,"featured_media":0,"parent":5452,"menu_order":0,"comment_status":"closed","ping_status":"closed","template":"","meta":{"footnotes":""},"class_list":["post-5439","page","type-page","status-publish","hentry"],"_links":{"self":[{"href":"https:\/\/koruncuk.org\/en\/wp-json\/wp\/v2\/pages\/5439","targetHints":{"allow":["GET"]}}],"collection":[{"href":"https:\/\/koruncuk.org\/en\/wp-json\/wp\/v2\/pages"}],"about":[{"href":"https:\/\/koruncuk.org\/en\/wp-json\/wp\/v2\/types\/page"}],"author":[{"embeddable":true,"href":"https:\/\/koruncuk.org\/en\/wp-json\/wp\/v2\/users\/1"}],"replies":[{"embeddable":true,"href":"https:\/\/koruncuk.org\/en\/wp-json\/wp\/v2\/comments?post=5439"}],"version-history":[{"count":22,"href":"https:\/\/koruncuk.org\/en\/wp-json\/wp\/v2\/pages\/5439\/revisions"}],"predecessor-version":[{"id":6515,"href":"https:\/\/koruncuk.org\/en\/wp-json\/wp\/v2\/pages\/5439\/revisions\/6515"}],"up":[{"embeddable":true,"href":"https:\/\/koruncuk.org\/en\/wp-json\/wp\/v2\/pages\/5452"}],"wp:attachment":[{"href":"https:\/\/koruncuk.org\/en\/wp-json\/wp\/v2\/media?parent=5439"}],"curies":[{"name":"wp","href":"https:\/\/api.w.org\/{rel}","templated":true}]}}