{"id":5652,"date":"2026-02-05T20:25:24","date_gmt":"2026-02-05T17:25:24","guid":{"rendered":"https:\/\/webseldonusum.net\/tema\/koruncuk\/?page_id=5652"},"modified":"2026-03-31T06:10:45","modified_gmt":"2026-03-31T03:10:45","slug":"2026-2027-egitim-ogretim-donemi-ogrenci-alimlari","status":"publish","type":"page","link":"https:\/\/koruncuk.org\/en\/destek-modellerimiz\/koruncukkoy-destegi\/koruncukkoylerimiz\/2026-2027-egitim-ogretim-donemi-ogrenci-alimlari\/","title":{"rendered":"2026-2027 E\u011fitim \u00d6\u011fretim D\u00f6nemi \u00d6\u011frenci Al\u0131mlar\u0131"},"content":{"rendered":"\t\t<div data-elementor-type=\"wp-page\" data-elementor-id=\"5652\" class=\"elementor elementor-5652\">\n\t\t\t\t<div class=\"elementor-element elementor-element-6756acf e-con-full e-flex e-con e-parent\" data-id=\"6756acf\" data-element_type=\"container\" data-e-type=\"container\" data-settings=\"{&quot;background_background&quot;:&quot;classic&quot;}\">\n\t\t<div class=\"elementor-element elementor-element-e61b7f2 e-con-full e-flex e-con e-child\" data-id=\"e61b7f2\" data-element_type=\"container\" data-e-type=\"container\" data-settings=\"{&quot;background_background&quot;:&quot;slideshow&quot;,&quot;background_slideshow_gallery&quot;:[{&quot;id&quot;:2387,&quot;url&quot;:&quot;https:\\\/\\\/koruncuk.org\\\/wp-content\\\/uploads\\\/2025\\\/09\\\/koruncuk-Header_BG-3.webp&quot;},{&quot;id&quot;:2388,&quot;url&quot;:&quot;https:\\\/\\\/koruncuk.org\\\/wp-content\\\/uploads\\\/2025\\\/09\\\/koruncuk-Header_BG-4.webp&quot;}],&quot;background_slideshow_slide_duration&quot;:15000,&quot;background_slideshow_transition_duration&quot;:3000,&quot;background_slideshow_ken_burns&quot;:&quot;yes&quot;,&quot;background_slideshow_loop&quot;:&quot;yes&quot;,&quot;background_slideshow_slide_transition&quot;:&quot;fade&quot;,&quot;background_slideshow_ken_burns_zoom_direction&quot;:&quot;in&quot;}\">\n\t\t<div class=\"elementor-element elementor-element-13814c8 e-flex e-con-boxed e-con e-child\" data-id=\"13814c8\" data-element_type=\"container\" data-e-type=\"container\" data-settings=\"{&quot;background_background&quot;:&quot;slideshow&quot;,&quot;background_slideshow_gallery&quot;:[{&quot;id&quot;:2396,&quot;url&quot;:&quot;https:\\\/\\\/koruncuk.org\\\/wp-content\\\/uploads\\\/2025\\\/09\\\/koruncuk-Banner_Edit_Gecis_3.webp&quot;},{&quot;id&quot;:2397,&quot;url&quot;:&quot;https:\\\/\\\/koruncuk.org\\\/wp-content\\\/uploads\\\/2025\\\/09\\\/koruncuk-Banner_Edit_Gecis_4.webp&quot;},{&quot;id&quot;:2398,&quot;url&quot;:&quot;https:\\\/\\\/koruncuk.org\\\/wp-content\\\/uploads\\\/2025\\\/09\\\/koruncuk-Banner_Edit_Gecis_5.webp&quot;}],&quot;background_slideshow_slide_duration&quot;:200,&quot;background_slideshow_transition_duration&quot;:1000,&quot;background_slideshow_loop&quot;:&quot;yes&quot;,&quot;background_slideshow_slide_transition&quot;:&quot;fade&quot;}\">\n\t\t\t\t\t<div class=\"e-con-inner\">\n\t\t<div class=\"elementor-element elementor-element-7e6294d e-con-full e-flex e-con e-child\" data-id=\"7e6294d\" data-element_type=\"container\" data-e-type=\"container\">\n\t\t\t\t<div class=\"elementor-element elementor-element-2354911 elementor-widget elementor-widget-gva-heading-block\" data-id=\"2354911\" data-element_type=\"widget\" data-e-type=\"widget\" data-widget_type=\"gva-heading-block.default\">\n\t\t\t\t<div class=\"elementor-widget-container\">\n\t\t\t\t\t<div class=\"gva-element-gva-heading-block gva-element\">\r\n\r\n   <div class=\"align-center style-1 widget gsc-heading box-align-left auto-responsive\">\r\n      \r\n      <div class=\"content-inner\">\r\n                  \r\n           \r\n         \r\n                     <h2 class=\"title\">\r\n               <span>Koruncukk\u00f6y Deste\u011fi<\/span>\r\n            <\/h2>\r\n                  \r\n         \r\n               <\/div>\r\n\r\n   <\/div>\r\n\r\n<\/div>\t\t\t\t<\/div>\n\t\t\t\t<\/div>\n\t\t\t\t<div class=\"elementor-element elementor-element-35ff6b0 elementor-widget elementor-widget-gva_post_breadcrumb\" data-id=\"35ff6b0\" data-element_type=\"widget\" data-e-type=\"widget\" data-widget_type=\"gva_post_breadcrumb.default\">\n\t\t\t\t<div class=\"elementor-widget-container\">\n\t\t\t\t\t<div class=\"gva-element-gva_post_breadcrumb gva-element\">   \r\n<div class=\"post-breadcrumb\">\r\n   <div class=\"custom-breadcrumb \" >\r\n      <div class=\"breadcrumb-overlay\"><\/div>\r\n      <div class=\"breadcrumb-main\">\r\n        <div class=\"container\">\r\n          <div class=\"breadcrumb-container-inner\">\r\n            <ol class=\"breadcrumb\"><li><a href=\"https:\/\/koruncuk.org\/en\">Home<\/a> <\/li> <li class=\"active\">Page<\/li><\/ol>          <\/div>  \r\n        <\/div>   \r\n      <\/div>  \r\n   <\/div>\r\n<\/div>      \r\n\r\n<\/div>\t\t\t\t<\/div>\n\t\t\t\t<\/div>\n\t\t\t\t<\/div>\n\t\t\t\t\t<\/div>\n\t\t\t\t<\/div>\n\t\t\t\t<\/div>\n\t\t\t\t<\/div>\n\t\t<div class=\"elementor-element elementor-element-f8de9c7 e-flex e-con-boxed e-con e-parent\" data-id=\"f8de9c7\" data-element_type=\"container\" data-e-type=\"container\">\n\t\t\t\t\t<div class=\"e-con-inner\">\n\t\t\t\t<div class=\"elementor-element elementor-element-a887772 elementor-widget__width-inherit elementor-widget elementor-widget-html\" data-id=\"a887772\" data-element_type=\"widget\" data-e-type=\"widget\" data-widget_type=\"html.default\">\n\t\t\t\t\t<style>\n    .kh-iframe-wrap{ \n        width:100%; \n    } \n    .kh-iframe{ \n        width:100%; \n        min-height: 3100px; \n        border:0; \n        display:block; \n    } \n    @media (max-width: 768px){\n        .kh-iframe{ \n            min-height: 3400px;\n        } \n        .w-socials-item.threads{\n            display:none;\n        }\n    }\n<\/style> \n<div class=\"kh-iframe-wrap\"><iframe class=\"kh-iframe\" src=\"https:\/\/yazilim.koruncuk.org\/koruncuk-vakfi-kiz-ogrenci-yurdu-basvuru-formu\/\" width=\"100%\" height=\"100%\"><\/iframe><\/div>\t\t\t\t<\/div>\n\t\t\t\t\t<\/div>\n\t\t\t\t<\/div>\n\t\t\t\t<\/div>\n\t\t","protected":false},"excerpt":{"rendered":"<p>Koruncukk\u00f6y Deste\u011fi Ana Sayfa Sayfa<\/p>","protected":false},"author":1,"featured_media":0,"parent":1312,"menu_order":0,"comment_status":"closed","ping_status":"closed","template":"","meta":{"footnotes":""},"class_list":["post-5652","page","type-page","status-publish","hentry"],"_links":{"self":[{"href":"https:\/\/koruncuk.org\/en\/wp-json\/wp\/v2\/pages\/5652","targetHints":{"allow":["GET"]}}],"collection":[{"href":"https:\/\/koruncuk.org\/en\/wp-json\/wp\/v2\/pages"}],"about":[{"href":"https:\/\/koruncuk.org\/en\/wp-json\/wp\/v2\/types\/page"}],"author":[{"embeddable":true,"href":"https:\/\/koruncuk.org\/en\/wp-json\/wp\/v2\/users\/1"}],"replies":[{"embeddable":true,"href":"https:\/\/koruncuk.org\/en\/wp-json\/wp\/v2\/comments?post=5652"}],"version-history":[{"count":19,"href":"https:\/\/koruncuk.org\/en\/wp-json\/wp\/v2\/pages\/5652\/revisions"}],"predecessor-version":[{"id":6004,"href":"https:\/\/koruncuk.org\/en\/wp-json\/wp\/v2\/pages\/5652\/revisions\/6004"}],"up":[{"embeddable":true,"href":"https:\/\/koruncuk.org\/en\/wp-json\/wp\/v2\/pages\/1312"}],"wp:attachment":[{"href":"https:\/\/koruncuk.org\/en\/wp-json\/wp\/v2\/media?parent=5652"}],"curies":[{"name":"wp","href":"https:\/\/api.w.org\/{rel}","templated":true}]}}