{"id":6046,"date":"2026-03-31T06:54:51","date_gmt":"2026-03-31T03:54:51","guid":{"rendered":"https:\/\/webseldonusum.net\/tema\/koruncuk\/?page_id=6046"},"modified":"2026-04-02T11:29:30","modified_gmt":"2026-04-02T08:29:30","slug":"ramazan-bagisi","status":"publish","type":"page","link":"https:\/\/koruncuk.org\/en\/nasil-destek-olabilirsiniz\/ramazan-bagisi\/","title":{"rendered":"Ramazan Ba\u011f\u0131\u015f\u0131"},"content":{"rendered":"\t\t<div data-elementor-type=\"wp-page\" data-elementor-id=\"6046\" class=\"elementor elementor-6046\">\n\t\t\t\t<div class=\"elementor-element elementor-element-a636cb1 e-con-full e-flex e-con e-parent\" data-id=\"a636cb1\" data-element_type=\"container\" data-e-type=\"container\" data-settings=\"{&quot;background_background&quot;:&quot;classic&quot;}\">\n\t\t<div class=\"elementor-element elementor-element-c00f091 e-con-full e-flex e-con e-child\" data-id=\"c00f091\" data-element_type=\"container\" data-e-type=\"container\" data-settings=\"{&quot;background_background&quot;:&quot;slideshow&quot;,&quot;background_slideshow_gallery&quot;:[{&quot;id&quot;:2387,&quot;url&quot;:&quot;https:\\\/\\\/koruncuk.org\\\/wp-content\\\/uploads\\\/2025\\\/09\\\/koruncuk-Header_BG-3.webp&quot;},{&quot;id&quot;:2388,&quot;url&quot;:&quot;https:\\\/\\\/koruncuk.org\\\/wp-content\\\/uploads\\\/2025\\\/09\\\/koruncuk-Header_BG-4.webp&quot;}],&quot;background_slideshow_slide_duration&quot;:15000,&quot;background_slideshow_transition_duration&quot;:3000,&quot;background_slideshow_ken_burns&quot;:&quot;yes&quot;,&quot;background_slideshow_lazyload&quot;:&quot;yes&quot;,&quot;background_slideshow_loop&quot;:&quot;yes&quot;,&quot;background_slideshow_slide_transition&quot;:&quot;fade&quot;,&quot;background_slideshow_ken_burns_zoom_direction&quot;:&quot;in&quot;}\">\n\t\t<div class=\"elementor-element elementor-element-8dbca25 e-flex e-con-boxed e-con e-child\" data-id=\"8dbca25\" data-element_type=\"container\" data-e-type=\"container\" data-settings=\"{&quot;background_background&quot;:&quot;slideshow&quot;,&quot;background_slideshow_gallery&quot;:[{&quot;id&quot;:2396,&quot;url&quot;:&quot;https:\\\/\\\/koruncuk.org\\\/wp-content\\\/uploads\\\/2025\\\/09\\\/koruncuk-Banner_Edit_Gecis_3.webp&quot;},{&quot;id&quot;:2397,&quot;url&quot;:&quot;https:\\\/\\\/koruncuk.org\\\/wp-content\\\/uploads\\\/2025\\\/09\\\/koruncuk-Banner_Edit_Gecis_4.webp&quot;},{&quot;id&quot;:2398,&quot;url&quot;:&quot;https:\\\/\\\/koruncuk.org\\\/wp-content\\\/uploads\\\/2025\\\/09\\\/koruncuk-Banner_Edit_Gecis_5.webp&quot;}],&quot;background_slideshow_slide_duration&quot;:200,&quot;background_slideshow_transition_duration&quot;:1000,&quot;background_slideshow_loop&quot;:&quot;yes&quot;,&quot;background_slideshow_slide_transition&quot;:&quot;fade&quot;}\">\n\t\t\t\t\t<div class=\"e-con-inner\">\n\t\t<div class=\"elementor-element elementor-element-473d983 e-con-full e-flex e-con e-child\" data-id=\"473d983\" data-element_type=\"container\" data-e-type=\"container\">\n\t\t\t\t<div class=\"elementor-element elementor-element-9db9cb0 elementor-widget elementor-widget-gva-heading-block\" data-id=\"9db9cb0\" data-element_type=\"widget\" data-e-type=\"widget\" data-widget_type=\"gva-heading-block.default\">\n\t\t\t\t<div class=\"elementor-widget-container\">\n\t\t\t\t\t<div class=\"gva-element-gva-heading-block gva-element\">\r\n\r\n   <div class=\"align-center style-1 widget gsc-heading box-align-left auto-responsive\">\r\n      \r\n      <div class=\"content-inner\">\r\n                  \r\n           \r\n         \r\n                     <h2 class=\"title\">\r\n               <span>Ramazan Ba\u011f\u0131\u015f\u0131<\/span>\r\n            <\/h2>\r\n                  \r\n         \r\n               <\/div>\r\n\r\n   <\/div>\r\n\r\n<\/div>\t\t\t\t<\/div>\n\t\t\t\t<\/div>\n\t\t\t\t<div class=\"elementor-element elementor-element-7f9c523 elementor-widget elementor-widget-gva_post_breadcrumb\" data-id=\"7f9c523\" data-element_type=\"widget\" data-e-type=\"widget\" data-widget_type=\"gva_post_breadcrumb.default\">\n\t\t\t\t<div class=\"elementor-widget-container\">\n\t\t\t\t\t<div class=\"gva-element-gva_post_breadcrumb gva-element\">   \r\n<div class=\"post-breadcrumb\">\r\n   <div class=\"custom-breadcrumb \" >\r\n      <div class=\"breadcrumb-overlay\"><\/div>\r\n      <div class=\"breadcrumb-main\">\r\n        <div class=\"container\">\r\n          <div class=\"breadcrumb-container-inner\">\r\n            <ol class=\"breadcrumb\"><li><a href=\"https:\/\/koruncuk.org\/en\">Home<\/a> <\/li> <li class=\"active\">Page<\/li><\/ol>          <\/div>  \r\n        <\/div>   \r\n      <\/div>  \r\n   <\/div>\r\n<\/div>      \r\n\r\n<\/div>\t\t\t\t<\/div>\n\t\t\t\t<\/div>\n\t\t\t\t<\/div>\n\t\t\t\t\t<\/div>\n\t\t\t\t<\/div>\n\t\t\t\t<\/div>\n\t\t\t\t<\/div>\n\t\t<div class=\"elementor-element elementor-element-115dbdc e-flex e-con-boxed e-con e-parent\" data-id=\"115dbdc\" data-element_type=\"container\" data-e-type=\"container\">\n\t\t\t\t\t<div class=\"e-con-inner\">\n\t\t<div class=\"wsdtk-sticky-enabled elementor-element elementor-element-d3b6232 e-con-full e-flex e-con e-child\" data-lsc-sticky=\"yes\" data-lsc-sticky-devices=\"desktop,tablet\" data-lsc-sticky-container=\"viewport\" data-lsc-sticky-top=\"100\" data-id=\"d3b6232\" data-element_type=\"container\" data-e-type=\"container\">\n\t\t\t\t<div class=\"elementor-element elementor-element-b365f92 elementor-widget elementor-widget-shortcode\" data-id=\"b365f92\" data-element_type=\"widget\" data-e-type=\"widget\" data-widget_type=\"shortcode.default\">\n\t\t\t\t\t\t\t<div class=\"elementor-shortcode\"><\/div>\n\t\t\t\t\t\t<\/div>\n\t\t\t\t<div class=\"elementor-element elementor-element-75b486c elementor-widget elementor-widget-shortcode\" data-id=\"75b486c\" data-element_type=\"widget\" data-e-type=\"widget\" data-widget_type=\"shortcode.default\">\n\t\t\t\t\t\t\t<div class=\"elementor-shortcode\">\t<div class=\"wsdtk-achor-subpages-block wsdtk-achor-toc \"\n     data-classes=\"bagis\"\n     data-levels=\"2,3,4\"\n     data-offset=\"130\"\n     data-force-ids=\"0\">\n            <ul class=\"wsdtk-achor-subpages-list\" role=\"list\"><\/ul>\n    <\/div>\n    <\/div>\n\t\t\t\t\t\t<\/div>\n\t\t\t\t<\/div>\n\t\t<div class=\"elementor-element elementor-element-622a2e3 e-con-full bagis e-flex e-con e-child\" data-id=\"622a2e3\" data-element_type=\"container\" data-e-type=\"container\">\n\t\t\t\t<div class=\"elementor-element elementor-element-a1c8a92 elementor-widget elementor-widget-shortcode\" data-id=\"a1c8a92\" data-element_type=\"widget\" data-e-type=\"widget\" data-widget_type=\"shortcode.default\">\n\t\t\t\t\t\t\t<div class=\"elementor-shortcode\">        <div class=\"fonzip-wrapper \">\n            \n                            <div id=\"fonzip-container\"><\/div>\n                    <\/div>\n        <\/div>\n\t\t\t\t\t\t<\/div>\n\t\t\t\t<div class=\"elementor-element elementor-element-b08716c elementor-widget elementor-widget-text-editor\" data-id=\"b08716c\" data-element_type=\"widget\" data-e-type=\"widget\" data-widget_type=\"text-editor.default\">\n\t\t\t\t\t\t\t\t\t<h3><span style=\"color: #e5007d;\"><strong>Ramazan\u2019\u0131n Bereketini \u0130yilik Kolisi ile K\u0131z \u00c7ocuklar\u0131m\u0131z\u0131n Gelece\u011fine Ta\u015f\u0131y\u0131n! <\/strong><\/span><\/h3>\t\t\t\t\t\t\t\t<\/div>\n\t\t\t\t<div class=\"elementor-element elementor-element-b87299c elementor-widget elementor-widget-html\" data-id=\"b87299c\" data-element_type=\"widget\" data-e-type=\"widget\" data-widget_type=\"html.default\">\n\t\t\t\t\t<div style=\"width:100%;max-width:640px;margin:48px auto 48px;padding:24px;background:#fff;border:1px solid #edf0f4;border-radius:14px;box-shadow:0 10px 28px rgba(15,23,42,.08);font-family:system-ui,-apple-system,Segoe UI,Roboto,Arial,sans-serif;color:#0f172a;line-height:1.5;box-sizing:border-box\">\n  <div style=\"font-weight:700;margin:4px 0 12px;color:#111827\">Destek Miktar\u0131 ve Para Birimi<\/div>\n\n  <!-- \u00d6nerilen miktar chip'leri (data-amount + data-curr) -->\n  <div style=\"display:flex;gap:12px;flex-wrap:wrap;margin:0 0 12px\">\n    <button type=\"button\" class=\"don-chip\" data-amount=\"2500\"  data-curr=\"TRY\"\n      style=\"flex:1;min-width:110px;padding:12px 14px;border:1px solid #e6eaf0;border-radius:10px;background:#fff;cursor:pointer;font-weight:600;color:#374151\">2.500 \u20ba<br>\u0130yilik Kolisi<\/button>\n    <button type=\"button\" class=\"don-chip\" data-amount=\"5000\" data-curr=\"TRY\"\n      style=\"flex:1;min-width:110px;padding:12px 14px;border:1px solid #e6eaf0;border-radius:10px;background:#fff;cursor:pointer;font-weight:600;color:#374151\">5.000 \u20ba<\/button>\n    <button type=\"button\" class=\"don-chip\" data-amount=\"7500\" data-curr=\"TRY\"\n      style=\"flex:1;min-width:110px;padding:12px 14px;border:1px solid #e6eaf0;border-radius:10px;background:#fff;cursor:pointer;font-weight:600;color:#374151\">7.500 \u20ba<\/button>\n    <button type=\"button\" class=\"don-chip\" data-amount=\"10000\" data-curr=\"TRY\"\n      style=\"flex:1;min-width:110px;padding:12px 14px;border:1px solid #e6eaf0;border-radius:10px;background:#fff;cursor:pointer;font-weight:600;color:#374151\">10.000 \u20ba<\/button>\n  <\/div>\n\n  <!-- Di\u011fer miktar + Para birimi (responsive) -->\n    <div style=\"display:flex;gap:12px;flex-wrap:wrap;margin:0 0 14px\">\n      <!-- Miktar -->\n      <div style=\"position:relative;flex:1 1 260px;min-width:220px\">\n        <span id=\"curr-symbol\" style=\"position:absolute;left:12px;top:50%;transform:translateY(-50%);color:#6b7280\">\u20ba<\/span>\n        <input id=\"don-amount\" type=\"number\" inputmode=\"numeric\" pattern=\"[0-9]*\" step=\"1\" min=\"1\"\n               placeholder=\"Di\u011fer Miktar\"\n               style=\"width:100%;padding:12px 14px 12px 32px;border:1px solid #e6eaf0;border-radius:10px;background:#f8fafc;font-size:16px;font-weight:600;outline:none\"\n               onfocus=\"this.style.borderColor='#e4007d'\" onblur=\"this.style.borderColor='#e6eaf0'\">\n      <\/div>\n    \n      <!-- Para birimi -->\n      <select id=\"don-currency\" aria-label=\"Para birimi\"\n              style=\"flex:1 1 140px;min-width:140px;padding:12px 14px;border:1px solid #e6eaf0;border-radius:10px;background:#f8fafc;font-size:16px;font-weight:600;color:#374151;outline:none\"\n              onfocus=\"this.style.borderColor='#e4007d'\" onblur=\"this.style.borderColor='#e6eaf0'\">\n        <option value=\"TRY\" selected>TRY \u20ba<\/option>\n      <\/select>\n    <\/div>\n\n  <!-- Ba\u011f\u0131\u015f butonu (\u015fimdilik i\u015flem yok) -->\n  <div style=\"margin:10px 0 12px\">\n    <button type=\"button\"\n            style=\"width:100%;padding:13px 18px;background:#e4007d;color:#fff;border:none;border-radius:10px;font-weight:700;letter-spacing:.01em;cursor:pointer;box-shadow:0 8px 18px rgba(228,0,125,.22)\">\n      Ba\u011f\u0131\u015f Yap\n    <\/button>\n  <\/div>\n\n  <ul style=\"margin:30px 0 6px 18px;padding:0;color:#374151;font-size:13px;list-style:none;text-align:center;\"> <li style=\"margin:8px 0\"> Online ba\u011f\u0131\u015f hizmet s\u00f6zle\u015fmesini ve iptal ve iade ko\u015fullar\u0131n\u0131 okumak i\u00e7in l\u00fctfen <a href=\"https:\/\/koruncuk.org\/hizmet-sozlesmesi-iptal-iade-kosullari\/\" target=\"_blank\" style=\"color:#e4007d;text-decoration:none\">t\u0131klay\u0131n\u0131z<\/a>. <\/li> <li style=\"margin:8px 0\"> Ba\u011f\u0131\u015f Taahh\u00fctnamesini okumak i\u00e7in l\u00fctfen <a href=\"https:\/\/koruncuk.org\/koruncuk-vakfi-bagis-taahhutnamesi\/\" target=\"_blank\" style=\"color:#e4007d;text-decoration:none\">t\u0131klay\u0131n\u0131z<\/a>. <\/li> \n  <\/ul>\n\n  <p style=\"margin:0 0 12px;font-size:13px;color:#6b7280;text-align:center\">\n    Ba\u011f\u0131\u015f\u00e7\u0131lar, ba\u011f\u0131\u015f\u0131 yapt\u0131klar\u0131 tarihten itibaren 30 g\u00fcn i\u00e7inde yap\u0131lan ba\u011f\u0131\u015f\u0131n iptali ve iade edilmesini talep edebilirler.\n  <\/p>\n\n  <!-- \u00d6deme rozetleri -->\n  <div style=\"display:flex;justify-content:center;align-items:center;gap:10px;flex-wrap:wrap;color:#6b7280\">\n    <svg width=\"22\" height=\"16\" viewBox=\"0 0 22 16\" style=\"display:block\"><rect x=\"1\" y=\"2\" width=\"20\" height=\"12\" rx=\"2\" fill=\"#e6eaf0\"\/><\/svg>\n    <svg width=\"22\" height=\"16\" viewBox=\"0 0 22 16\" style=\"display:block\"><rect x=\"1\" y=\"2\" width=\"20\" height=\"12\" rx=\"2\" fill=\"#e6eaf0\"\/><\/svg>\n    <svg width=\"22\" height=\"16\" viewBox=\"0 0 22 16\" style=\"display:block\"><rect x=\"1\" y=\"2\" width=\"20\" height=\"12\" rx=\"2\" fill=\"#e6eaf0\"\/><\/svg>\n    <svg width=\"16\" height=\"16\" viewBox=\"0 0 24 24\" style=\"display:block\"><path d=\"M6 10h12v10H6zM8 10V7a4 4 0 1 1 8 0v3\" fill=\"none\" stroke=\"#9aa4b2\" stroke-width=\"2\" stroke-linecap=\"round\" stroke-linejoin=\"round\"\/><\/svg>\n    <span style=\"font-size:13px\">SSL SECURED<\/span>\n  <\/div>\n<\/div>\n\n<script>\n(function () {\n  var map = { TRY: '\u20ba', USD: '$', EUR: '\u20ac' };\n  var sel = document.getElementById('don-currency');\n  var sym = document.getElementById('curr-symbol');\n  var input = document.getElementById('don-amount');\n\n  if (!sel || !sym || !input) return;\n\n  var wrapper = input.closest('div[style*=\"max-width:640px\"]');\n  var donateBtn = wrapper ? wrapper.querySelector('button[type=\"button\"]:not(.don-chip)') : null;\n\n  function updateSymbol() {\n    sym.textContent = map[sel.value] || '\u20ba';\n  }\n\n  function setCurrency(curr) {\n    if (!curr) return;\n    sel.value = curr;\n    updateSymbol();\n  }\n\n  document.querySelectorAll('.don-chip').forEach(function (btn) {\n    btn.addEventListener('click', function () {\n      var amt = this.getAttribute('data-amount');\n      var cur = this.getAttribute('data-curr');\n\n      if (amt) input.value = amt;\n      if (cur) setCurrency(cur);\n    });\n  });\n\n  sel.addEventListener('change', updateSymbol);\n  updateSymbol();\n\n  function startFonzip() {\n    var amountRaw = input.value;\n    var currency = 'TRY';\n    var amount = parseFloat(String(amountRaw || '').replace(',', '.'));\n\n    if (!amount || isNaN(amount) || amount <= 0) {\n      alert('L\u00fctfen ge\u00e7erli bir ba\u011f\u0131\u015f tutar\u0131 giriniz.');\n      input.focus();\n      return false;\n    }\n\n    if (currency === 'TRY' && amount < 240) {\n      alert(\"Minimum ba\u011f\u0131\u015f miktar\u0131 240 TL'dir.\");\n      input.focus();\n      return false;\n    }\n\n    if (typeof window.fz === 'undefined' || typeof window.fz.bagis !== 'function') {\n      alert('Ba\u011f\u0131\u015f altyap\u0131s\u0131 y\u00fcklenemedi. L\u00fctfen sayfay\u0131 yenileyip tekrar deneyin.');\n      return false;\n    }\n\n    window.fz.bagis({\n      api_key: \"NdjSnsCrGrLEBo6WWajTGdb5O6e+wPe2MS+jSI7JleY=\",\n      campaign: \"kp0LgZ\/6uNvXSL9AhXPYwIIgahT4HvgK0TBuiDFS6M4\",\n      amount: amount,\n      recurring: false,\n      currency: currency,\n      lang: \"tr\",\n\n      onload: function (data) {},\n\n      success: function (data) {\n        \/\/ opsiyonel\n      },\n\n      error: function (data) {\n        alert('Ba\u011f\u0131\u015f\u0131n\u0131z ger\u00e7ekle\u015fmedi.');\n      },\n\n      close: function (result) {\n        if (result) {\n          window.location.href = \"https:\/\/koruncuk.org\/destekleriniz-icin-tesekkur-ederiz\/\";\n        }\n      }\n    });\n\n    return false;\n  }\n\n  if (donateBtn) {\n    donateBtn.addEventListener('click', function (e) {\n      e.preventDefault();\n      startFonzip();\n      return false;\n    });\n  }\n})();\n<\/script>\t\t\t\t<\/div>\n\t\t\t\t<div class=\"elementor-element elementor-element-d0eb6b6 elementor-widget elementor-widget-text-editor\" data-id=\"d0eb6b6\" data-element_type=\"widget\" data-e-type=\"widget\" data-widget_type=\"text-editor.default\">\n\t\t\t\t\t\t\t\t\t<p>Ramazan ay\u0131, sadece bir sofray\u0131 payla\u015fmak de\u011fil; dayan\u0131\u015fman\u0131n, \u015fefkatin ve yard\u0131mla\u015fman\u0131n en g\u00fczel halidir. Ramazan ay\u0131nda, Koruncuk Vakf\u0131 olarak sizi iyili\u011fi \u00e7o\u011faltmaya davet ediyoruz. Yapaca\u011f\u0131n\u0131z ba\u011f\u0131\u015flar, \u201c\u0130yilik Kolisi\u201d arac\u0131l\u0131\u011f\u0131yla Koruncuk k\u0131zlar\u0131m\u0131za ve ailelerine ula\u015f\u0131yor, Ramazan\u2019\u0131n bereketi payla\u015ft\u0131k\u00e7a art\u0131yor!<\/p>\t\t\t\t\t\t\t\t<\/div>\n\t\t\t\t<div class=\"elementor-element elementor-element-415af2c elementor-widget elementor-widget-text-editor\" data-id=\"415af2c\" data-element_type=\"widget\" data-e-type=\"widget\" data-widget_type=\"text-editor.default\">\n\t\t\t\t\t\t\t\t\t<h3>\u0130yilik Kolisi ile Nas\u0131l Destek Olabilirsiniz?<\/h3>\t\t\t\t\t\t\t\t<\/div>\n\t\t\t\t<div class=\"elementor-element elementor-element-b8953b7 elementor-widget elementor-widget-text-editor\" data-id=\"b8953b7\" data-element_type=\"widget\" data-e-type=\"widget\" data-widget_type=\"text-editor.default\">\n\t\t\t\t\t\t\t\t\t<p>Ramazan ay\u0131 boyunca ger\u00e7ekle\u015ftirece\u011finiz ba\u011f\u0131\u015flar;<\/p><ol><li>Koruncukk\u00f6ylerde bar\u0131nma ve bak\u0131m deste\u011fi alan k\u0131z \u00e7ocuklar\u0131m\u0131z ve ailelerine,<\/li><li>Ailesi yan\u0131nda e\u011fitim deste\u011fi verdi\u011fimiz \u00e7ocuklar\u0131m\u0131z ve ailelerinin temel g\u0131da ihtiya\u00e7lar\u0131na do\u011frudan katk\u0131 sa\u011fl\u0131yor.<\/li><\/ol>\t\t\t\t\t\t\t\t<\/div>\n\t\t\t\t<div class=\"elementor-element elementor-element-fb425df elementor-widget elementor-widget-text-editor\" data-id=\"fb425df\" data-element_type=\"widget\" data-e-type=\"widget\" data-widget_type=\"text-editor.default\">\n\t\t\t\t\t\t\t\t\t<h3>Ba\u011f\u0131\u015f Bedeli ve Se\u00e7enekler<\/h3>\t\t\t\t\t\t\t\t<\/div>\n\t\t\t\t<div class=\"elementor-element elementor-element-92d7611 elementor-widget elementor-widget-text-editor\" data-id=\"92d7611\" data-element_type=\"widget\" data-e-type=\"widget\" data-widget_type=\"text-editor.default\">\n\t\t\t\t\t\t\t\t\t<p>Bu y\u0131l bir \u0130yilik Kolisi i\u00e7in belirlenen ba\u011f\u0131\u015f bedeli <strong>2500 TL<\/strong>&#8216;dir.<\/p><ul><li>Dilerseniz <strong>2500 TL<\/strong> ile temel g\u0131da ihtiyac\u0131n\u0131 kar\u015f\u0131layabilir,<\/li><li>Dilerseniz kendi belirleyece\u011finiz herhangi bir tutarda ba\u011f\u0131\u015f yaparak, k\u0131z \u00e7ocuklar\u0131m\u0131z\u0131 ve ailelerini destekleyebilirsiniz.<\/li><\/ul>\t\t\t\t\t\t\t\t<\/div>\n\t\t\t\t<div class=\"elementor-element elementor-element-da78a39 elementor-widget elementor-widget-text-editor\" data-id=\"da78a39\" data-element_type=\"widget\" data-e-type=\"widget\" data-widget_type=\"text-editor.default\">\n\t\t\t\t\t\t\t\t\t<h3>Koruncuk \u0130yilik Kolisi Nedir?<\/h3>\t\t\t\t\t\t\t\t<\/div>\n\t\t\t\t<div class=\"elementor-element elementor-element-56d5443 elementor-widget elementor-widget-text-editor\" data-id=\"56d5443\" data-element_type=\"widget\" data-e-type=\"widget\" data-widget_type=\"text-editor.default\">\n\t\t\t\t\t\t\t\t\t<p>Bu y\u0131l Ramazan ay\u0131nda, k\u0131z \u00e7ocuklar\u0131 ve ailelerine temel g\u0131da deste\u011fi sa\u011flamak i\u00e7in \u00e7al\u0131\u015fmalar\u0131m\u0131z\u0131 en iyi \u015fekilde s\u00fcrd\u00fcrmeye \u00f6zen g\u00f6steriyoruz. Operasyonel s\u00fcre\u00e7leri kolayla\u015ft\u0131rmak ve ailelerimizin ihtiya\u00e7lar\u0131n\u0131 daha etkin bir \u015fekilde kar\u015f\u0131lamak amac\u0131yla, fiziksel Ramazan kolisi yerine <strong>market kart\u0131 g\u00f6nderimi<\/strong> yapmay\u0131 tercih ediyoruz. Ge\u00e7ti\u011fimiz y\u0131l oldu\u011fu gibi, bu y\u0131l da Ramazan\u2019\u0131n dayan\u0131\u015fma ruhunu hep birlikte ya\u015fatabilmek i\u00e7in deste\u011finiz \u00e7ok de\u011ferli.<\/p>\t\t\t\t\t\t\t\t<\/div>\n\t\t\t\t<div class=\"elementor-element elementor-element-5aac5b9 elementor-widget elementor-widget-text-editor\" data-id=\"5aac5b9\" data-element_type=\"widget\" data-e-type=\"widget\" data-widget_type=\"text-editor.default\">\n\t\t\t\t\t\t\t\t\t<h5 style=\"font-weight: 500; text-align: right;\"><strong>Bir \u00e7ocu\u011fun gelece\u011fi, sizin deste\u011finizle \u015fekillenir.<\/strong> <br \/>Ramazan\u2019\u0131n bereketini \u0130yilik Kolisi ile payla\u015f\u0131n! <br \/>Koruncuk Vakf\u0131<\/h5>\t\t\t\t\t\t\t\t<\/div>\n\t\t\t\t<\/div>\n\t\t\t\t\t<\/div>\n\t\t\t\t<\/div>\n\t\t\t\t<\/div>\n\t\t","protected":false},"excerpt":{"rendered":"<p>Ramazan Ba\u011f\u0131\u015f\u0131 Ana Sayfa Sayfa Ramazan\u2019\u0131n Bereketini \u0130yilik Kolisi ile K\u0131z \u00c7ocuklar\u0131m\u0131z\u0131n Gelece\u011fine Ta\u015f\u0131y\u0131n! Destek Miktar\u0131 ve Para Birimi 2.500 \u20ba\u0130yilik Kolisi 5.000 \u20ba 7.500 \u20ba 10.000 \u20ba \u20ba TRY \u20ba Ba\u011f\u0131\u015f Yap Online ba\u011f\u0131\u015f hizmet s\u00f6zle\u015fmesini ve iptal ve iade ko\u015fullar\u0131n\u0131 okumak i\u00e7in l\u00fctfen t\u0131klay\u0131n\u0131z. Ba\u011f\u0131\u015f Taahh\u00fctnamesini okumak i\u00e7in l\u00fctfen t\u0131klay\u0131n\u0131z. Ba\u011f\u0131\u015f\u00e7\u0131lar, ba\u011f\u0131\u015f\u0131 yapt\u0131klar\u0131 [&hellip;]<\/p>\n","protected":false},"author":1,"featured_media":0,"parent":3980,"menu_order":0,"comment_status":"closed","ping_status":"closed","template":"","meta":{"footnotes":""},"class_list":["post-6046","page","type-page","status-publish","hentry"],"_links":{"self":[{"href":"https:\/\/koruncuk.org\/en\/wp-json\/wp\/v2\/pages\/6046","targetHints":{"allow":["GET"]}}],"collection":[{"href":"https:\/\/koruncuk.org\/en\/wp-json\/wp\/v2\/pages"}],"about":[{"href":"https:\/\/koruncuk.org\/en\/wp-json\/wp\/v2\/types\/page"}],"author":[{"embeddable":true,"href":"https:\/\/koruncuk.org\/en\/wp-json\/wp\/v2\/users\/1"}],"replies":[{"embeddable":true,"href":"https:\/\/koruncuk.org\/en\/wp-json\/wp\/v2\/comments?post=6046"}],"version-history":[{"count":22,"href":"https:\/\/koruncuk.org\/en\/wp-json\/wp\/v2\/pages\/6046\/revisions"}],"predecessor-version":[{"id":6490,"href":"https:\/\/koruncuk.org\/en\/wp-json\/wp\/v2\/pages\/6046\/revisions\/6490"}],"up":[{"embeddable":true,"href":"https:\/\/koruncuk.org\/en\/wp-json\/wp\/v2\/pages\/3980"}],"wp:attachment":[{"href":"https:\/\/koruncuk.org\/en\/wp-json\/wp\/v2\/media?parent=6046"}],"curies":[{"name":"wp","href":"https:\/\/api.w.org\/{rel}","templated":true}]}}