{"id":845,"date":"2025-09-10T23:00:00","date_gmt":"2025-09-10T20:00:00","guid":{"rendered":"https:\/\/webseldonusum.net\/tema\/koruncuk\/?page_id=845"},"modified":"2026-03-31T01:29:41","modified_gmt":"2026-03-30T22:29:41","slug":"tarihce","status":"publish","type":"page","link":"https:\/\/koruncuk.org\/en\/kurumsal\/hakkimizda\/tarihce\/","title":{"rendered":"Tarih\u00e7e"},"content":{"rendered":"\t\t<div data-elementor-type=\"wp-page\" data-elementor-id=\"845\" class=\"elementor elementor-845\">\n\t\t\t\t<div class=\"elementor-element elementor-element-89cb1f8 e-con-full e-flex e-con e-parent\" data-id=\"89cb1f8\" data-element_type=\"container\" data-e-type=\"container\" data-settings=\"{&quot;background_background&quot;:&quot;classic&quot;}\">\n\t\t<div class=\"elementor-element elementor-element-33c0d77 e-con-full e-flex e-con e-child\" data-id=\"33c0d77\" data-element_type=\"container\" data-e-type=\"container\" data-settings=\"{&quot;background_background&quot;:&quot;slideshow&quot;,&quot;background_slideshow_gallery&quot;:[{&quot;id&quot;:2387,&quot;url&quot;:&quot;https:\\\/\\\/koruncuk.org\\\/wp-content\\\/uploads\\\/2025\\\/09\\\/koruncuk-Header_BG-3.webp&quot;},{&quot;id&quot;:2388,&quot;url&quot;:&quot;https:\\\/\\\/koruncuk.org\\\/wp-content\\\/uploads\\\/2025\\\/09\\\/koruncuk-Header_BG-4.webp&quot;}],&quot;background_slideshow_slide_duration&quot;:15000,&quot;background_slideshow_transition_duration&quot;:3000,&quot;background_slideshow_ken_burns&quot;:&quot;yes&quot;,&quot;background_slideshow_lazyload&quot;:&quot;yes&quot;,&quot;background_slideshow_loop&quot;:&quot;yes&quot;,&quot;background_slideshow_slide_transition&quot;:&quot;fade&quot;,&quot;background_slideshow_ken_burns_zoom_direction&quot;:&quot;in&quot;}\">\n\t\t<div class=\"elementor-element elementor-element-6f83eed e-flex e-con-boxed e-con e-child\" data-id=\"6f83eed\" data-element_type=\"container\" data-e-type=\"container\" data-settings=\"{&quot;background_background&quot;:&quot;slideshow&quot;,&quot;background_slideshow_gallery&quot;:[{&quot;id&quot;:2396,&quot;url&quot;:&quot;https:\\\/\\\/koruncuk.org\\\/wp-content\\\/uploads\\\/2025\\\/09\\\/koruncuk-Banner_Edit_Gecis_3.webp&quot;},{&quot;id&quot;:2397,&quot;url&quot;:&quot;https:\\\/\\\/koruncuk.org\\\/wp-content\\\/uploads\\\/2025\\\/09\\\/koruncuk-Banner_Edit_Gecis_4.webp&quot;},{&quot;id&quot;:2398,&quot;url&quot;:&quot;https:\\\/\\\/koruncuk.org\\\/wp-content\\\/uploads\\\/2025\\\/09\\\/koruncuk-Banner_Edit_Gecis_5.webp&quot;}],&quot;background_slideshow_slide_duration&quot;:200,&quot;background_slideshow_transition_duration&quot;:1000,&quot;background_slideshow_loop&quot;:&quot;yes&quot;,&quot;background_slideshow_slide_transition&quot;:&quot;fade&quot;}\">\n\t\t\t\t\t<div class=\"e-con-inner\">\n\t\t<div class=\"elementor-element elementor-element-63defe4 e-con-full e-flex e-con e-child\" data-id=\"63defe4\" data-element_type=\"container\" data-e-type=\"container\">\n\t\t\t\t<div class=\"elementor-element elementor-element-490e894 elementor-widget elementor-widget-gva-heading-block\" data-id=\"490e894\" data-element_type=\"widget\" data-e-type=\"widget\" data-widget_type=\"gva-heading-block.default\">\n\t\t\t\t<div class=\"elementor-widget-container\">\n\t\t\t\t\t<div class=\"gva-element-gva-heading-block gva-element\">\r\n\r\n   <div class=\"align-center style-1 widget gsc-heading box-align-left auto-responsive\">\r\n      \r\n      <div class=\"content-inner\">\r\n                  \r\n           \r\n         \r\n                     <h2 class=\"title\">\r\n               <span>Tarih\u00e7e<\/span>\r\n            <\/h2>\r\n                  \r\n         \r\n               <\/div>\r\n\r\n   <\/div>\r\n\r\n<\/div>\t\t\t\t<\/div>\n\t\t\t\t<\/div>\n\t\t\t\t<div class=\"elementor-element elementor-element-8bfd498 elementor-widget elementor-widget-gva_post_breadcrumb\" data-id=\"8bfd498\" data-element_type=\"widget\" data-e-type=\"widget\" data-widget_type=\"gva_post_breadcrumb.default\">\n\t\t\t\t<div class=\"elementor-widget-container\">\n\t\t\t\t\t<div class=\"gva-element-gva_post_breadcrumb gva-element\">   \r\n<div class=\"post-breadcrumb\">\r\n   <div class=\"custom-breadcrumb \" >\r\n      <div class=\"breadcrumb-overlay\"><\/div>\r\n      <div class=\"breadcrumb-main\">\r\n        <div class=\"container\">\r\n          <div class=\"breadcrumb-container-inner\">\r\n            <ol class=\"breadcrumb\"><li><a href=\"https:\/\/koruncuk.org\/en\">Home<\/a> <\/li> <li class=\"active\">Page<\/li><\/ol>          <\/div>  \r\n        <\/div>   \r\n      <\/div>  \r\n   <\/div>\r\n<\/div>      \r\n\r\n<\/div>\t\t\t\t<\/div>\n\t\t\t\t<\/div>\n\t\t\t\t<\/div>\n\t\t\t\t\t<\/div>\n\t\t\t\t<\/div>\n\t\t\t\t<\/div>\n\t\t\t\t<\/div>\n\t\t<div class=\"elementor-element elementor-element-21e4cf0 e-flex e-con-boxed e-con e-parent\" data-id=\"21e4cf0\" data-element_type=\"container\" data-e-type=\"container\">\n\t\t\t\t\t<div class=\"e-con-inner\">\n\t\t<div class=\"wsdtk-sticky-enabled elementor-element elementor-element-090b0f4 e-con-full e-flex e-con e-child\" data-lsc-sticky=\"yes\" data-lsc-sticky-devices=\"desktop,tablet\" data-lsc-sticky-container=\"viewport\" data-lsc-sticky-top=\"100\" data-id=\"090b0f4\" data-element_type=\"container\" data-e-type=\"container\">\n\t\t\t\t<div class=\"elementor-element elementor-element-415657c elementor-widget elementor-widget-shortcode\" data-id=\"415657c\" data-element_type=\"widget\" data-e-type=\"widget\" data-widget_type=\"shortcode.default\">\n\t\t\t\t\t\t\t<div class=\"elementor-shortcode\"><\/div>\n\t\t\t\t\t\t<\/div>\n\t\t\t\t<div class=\"elementor-element elementor-element-c485d19 elementor-widget elementor-widget-shortcode\" data-id=\"c485d19\" data-element_type=\"widget\" data-e-type=\"widget\" data-widget_type=\"shortcode.default\">\n\t\t\t\t\t\t\t<div class=\"elementor-shortcode\">\t<div class=\"wsdtk-achor-subpages-block wsdtk-achor-toc \"\n     data-classes=\"hakkimizda\"\n     data-levels=\"3,4,5\"\n     data-offset=\"130\"\n     data-force-ids=\"0\">\n              <p class=\"wsdtk-achor-subpages-intro\"><strong>Kurumsal<\/strong><\/p>\n            <ul class=\"wsdtk-achor-subpages-list\" role=\"list\"><\/ul>\n    <\/div>\n    <\/div>\n\t\t\t\t\t\t<\/div>\n\t\t\t\t<\/div>\n\t\t<div class=\"elementor-element elementor-element-dabf2d1 e-con-full hakkimizda e-flex e-con e-child\" data-id=\"dabf2d1\" data-element_type=\"container\" data-e-type=\"container\">\n\t\t\t\t<div class=\"elementor-element elementor-element-503c9a4 elementor-widget elementor-widget-video\" data-id=\"503c9a4\" data-element_type=\"widget\" data-e-type=\"widget\" data-settings=\"{&quot;video_type&quot;:&quot;hosted&quot;,&quot;controls&quot;:&quot;yes&quot;}\" data-widget_type=\"video.default\">\n\t\t\t\t\t\t\t<div class=\"e-hosted-video elementor-wrapper elementor-open-inline\">\n\t\t\t\t\t<video class=\"elementor-video\" src=\"https:\/\/koruncuk.org\/wp-content\/uploads\/2025\/09\/koruncuk-vakfi-tanitim.mp4\" controls=\"\" preload=\"metadata\" controlsList=\"nodownload\"><\/video>\n\t\t\t\t<\/div>\n\t\t\t\t\t\t<\/div>\n\t\t\t\t<div class=\"elementor-element elementor-element-fa5c52f elementor-widget elementor-widget-text-editor\" data-id=\"fa5c52f\" data-element_type=\"widget\" data-e-type=\"widget\" data-widget_type=\"text-editor.default\">\n\t\t\t\t\t\t\t\t\t<p>Koruncuk Vakf\u0131 geli\u015ftirdi\u011fi \u00f6nleyici, koruyucu ve iyile\u015ftirici hizmet modelleriyle, temel ihtiya\u00e7lar\u0131 ve e\u011fitime eri\u015fimleri risk alt\u0131ndaki \u00e7ocuklar\u0131, kendilerini ifade edebilen, haklar\u0131n\u0131n bilincinde bireyler olarak toplum i\u00e7inde yer almalar\u0131 konusunda g\u00fc\u00e7lendiriyor.<\/p>\t\t\t\t\t\t\t\t<\/div>\n\t\t\t\t<div class=\"elementor-element elementor-element-b6ce698 elementor-widget elementor-widget-progress\" data-id=\"b6ce698\" data-element_type=\"widget\" data-e-type=\"widget\" data-widget_type=\"progress.default\">\n\t\t\t\t\t\t\t\t<h3 class=\"elementor-title\" id=\"elementor-progress-bar-b6ce698\">\n\t\t\t\tTarih\u00e7e\t\t\t<\/h3>\n\t\t\n\t\t<div aria-labelledby=\"elementor-progress-bar-b6ce698\" class=\"elementor-progress-wrapper\" role=\"progressbar\" aria-valuemin=\"0\" aria-valuemax=\"100\" aria-valuenow=\"100\" aria-valuetext=\"100% (Web Designer)\">\n\t\t\t<div class=\"elementor-progress-bar\" data-max=\"100\">\n\t\t\t\t<span class=\"elementor-progress-text\">Web Designer<\/span>\n\t\t\t\t\t\t\t<\/div>\n\t\t<\/div>\n\t\t\t\t\t\t<\/div>\n\t\t\t\t<div class=\"elementor-element elementor-element-095df7f elementor-widget elementor-widget-text-editor\" data-id=\"095df7f\" data-element_type=\"widget\" data-e-type=\"widget\" data-widget_type=\"text-editor.default\">\n\t\t\t\t\t\t\t\t\t<p><strong>Koruncuk Vakf\u0131<\/strong>, <strong>1979<\/strong>\u2018da d\u00f6nemin \u0130stanbul Emniyeti \u00c7ocuk \u015eubesi M\u00fcd\u00fcr\u00fc H\u00fcseyin Bilgin \u00f6nc\u00fcl\u00fc\u011f\u00fcnde g\u00f6n\u00fcll\u00fclerin bir araya gelmesiyle kurulmu\u015ftur.<\/p><p>Koruncuk Vakf\u0131 k\u0131z \u00e7ocuklar\u0131n\u0131n, hangi sosyo-ekonomik ko\u015fulda olursa olsun haklar\u0131na eri\u015fti\u011fi, sevgi ve g\u00fcvenle b\u00fcy\u00fcd\u00fc\u011f\u00fc, e\u011fitimlerine kesintisiz devam edebildi\u011fi ve katma de\u011fer yaratabildi\u011fi bir topluma hizmet vermek amac\u0131yla <strong>1979<\/strong> y\u0131l\u0131nda, d\u00f6nemin \u0130stanbul Emniyeti \u00c7ocuk \u015eubesi M\u00fcd\u00fcr\u00fc H\u00fcseyin B\u0130LG\u0130N \u00f6nc\u00fcl\u00fc\u011f\u00fcnde, g\u00f6n\u00fcll\u00fclerin bir araya gelmesiyle kurulmu\u015ftur.<\/p><p>70\u2019li y\u0131llardan itibaren k\u00f6ylerden \u015fehirlere g\u00f6\u00e7\u00fcn de etkisiyle soka\u011fa ve su\u00e7a itilmi\u015f \u00e7ocuklar\u0131n korunma ihtiyac\u0131, hak kavram\u0131 etraf\u0131nda yeniden tan\u0131mlanm\u0131\u015f, \u00f6ncelikle \u00e7ocuklar\u0131n g\u00fcvene ve sevgiye dayal\u0131 bir ortamda ya\u015fama ihtiya\u00e7lar\u0131n\u0131n kar\u015f\u0131lanmas\u0131na y\u00f6nelik bir hizmet verilmeye ba\u015flanm\u0131\u015ft\u0131r.<\/p><p><strong>1992<\/strong> y\u0131l\u0131nda, Avusturya\u2019da ba\u015far\u0131s\u0131 kan\u0131tlanm\u0131\u015f \u00c7ocuk K\u00f6y\u00fc hizmet modelinin T\u00fcrkiye\u2019deki ilk uygulay\u0131c\u0131s\u0131 Koruncuk Vakf\u0131 olmu\u015f; \u0130stanbul\u2019da <strong>Koruncukk\u00f6y Bolluca<\/strong>\u2019y\u0131, \u0130zmir\u2019de ise <strong>2019<\/strong> y\u0131l\u0131nda <strong>Koruncukk\u00f6y Urla<\/strong>&#8216;y\u0131 hizmete a\u00e7m\u0131\u015ft\u0131r.<\/p><p>D\u00f6nemin SH\u00c7EK Genel M\u00fcd\u00fcrl\u00fc\u011f\u00fc\u2019n\u00fcn \u00c7ocuk Yuvalar\u0131 Y\u00f6netmeli\u011fi ve Yeti\u015ftirme Yurtlar\u0131 Y\u00f6netmeli\u011fi\u2019nin ilgili h\u00fck\u00fcmleri do\u011frultusunda <strong>05.05.2014<\/strong> tarihli Aile, \u00c7al\u0131\u015fma ve Sosyal Hizmetler Bakanl\u0131\u011f\u0131 \u00c7ocuk Hizmetleri Genel M\u00fcd\u00fcrl\u00fck Makam\u0131 onay\u0131 ile <strong>1996\u20132019<\/strong> tarihleri aras\u0131nda Bolluca \u00c7ocuk Evleri Sitesi olarak i\u015fletilmi\u015ftir.<\/p><p>Koruncuk Vakf\u0131\u2019na <strong>08.02.2019<\/strong> tarihinde Milli E\u011fitim Bakanl\u0131\u011f\u0131n\u0131n onay\u0131yla, MEB \u00d6zel E\u011fitim Kurumlar\u0131 Y\u00f6netmeli\u011fi&#8217;nin ilgili h\u00fck\u00fcmleri do\u011frultusunda, <strong>25.08.2011<\/strong> tarihli ve <strong>652<\/strong> say\u0131l\u0131 \u00d6zel Bar\u0131nma Hizmetleri veren kurumlar ve baz\u0131 d\u00fczenlemeler hakk\u0131nda kanun h\u00fckm\u00fcnde kararnamenin <strong>13.maddesi<\/strong> gere\u011fi, Koruncukk\u00f6y Urla&#8217;da Ortaokul ve Orta\u00f6\u011fretim d\u00fczeyinde \u00d6\u011frenci Bar\u0131nma Hizmeti sunma hakk\u0131 tan\u0131nm\u0131\u015ft\u0131r.<\/p><p>Kurulu\u015fundan <strong>2019<\/strong> y\u0131l\u0131na kadar devlet korumas\u0131 alt\u0131ndaki \u00e7ocuklara kendi kaynaklar\u0131yla destek veren Koruncuk Vakf\u0131, zaman i\u00e7inde \u00e7ocu\u011fa bak\u0131\u015f ve \u00e7ocuk koruma yakla\u015f\u0131m\u0131n\u0131n t\u00fcm d\u00fcnyada ve \u00fclkemizde de\u011fi\u015fmesi, aile odakl\u0131 hale gelmesi ile bu de\u011fi\u015fimin bir sonucu olarak <strong>2019<\/strong> <strong>y\u0131l\u0131 Temmuz<\/strong> ay\u0131ndan itibaren Milli E\u011fitim Bakanl\u0131\u011f\u0131 \u00e7at\u0131s\u0131 alt\u0131nda, \u201c\u00d6zel \u00d6\u011frenci Bar\u0131nma Hizmetleri Y\u00f6netmeli\u011fi\u201d kapsam\u0131nda yurt stat\u00fcs\u00fcnde hizmet vermeye ba\u015flam\u0131\u015ft\u0131r. Bug\u00fcne kadar y\u00fczlerce \u00e7ocu\u011fun donan\u0131ml\u0131, kendine g\u00fcvenen bireyler olmalar\u0131n\u0131 sa\u011flayan Koruncuk Vakf\u0131, yeni vizyonu ile sosyo-ekonomik a\u00e7\u0131dan dezavantajl\u0131 olan ortaokul ve orta\u00f6\u011fretim (lise) seviyesindeki k\u0131z \u00e7ocuklar\u0131na akademik ba\u015far\u0131 \u00f6nko\u015fulu aramadan yurt deste\u011fi vererek, onlar\u0131n s\u0131cak bir aile ortam\u0131nda e\u011fitime eri\u015fmelerine ve hayata haz\u0131rlanmalar\u0131na imk\u00e2n vermektedir.<\/p><p>Koruncuk Vakf\u0131, \u0130stanbul <strong>Bolluca<\/strong> ve \u0130zmir <strong>Urla<\/strong>\u2019daki Koruncukk\u00f6ylerde 10-18 ya\u015f aras\u0131 k\u0131z \u00e7ocuklar\u0131na sevgi ve g\u00fcven dolu bir yuva olman\u0131n yan\u0131 s\u0131ra, onlar\u0131n sosyal ve psikolojik a\u00e7\u0131dan sa\u011fl\u0131kl\u0131 geli\u015fimlerini \u00f6nemsiyor, okul d\u0131\u015f\u0131ndaki zamanlarda sosyal, sportif ve k\u00fclt\u00fcrel aktivitelerle ki\u015fisel geli\u015fimlerini desteklemektedir. Psiko &#8211; sosyal geli\u015fimlerine sa\u011flad\u0131\u011f\u0131 olumlu etkiler nedeniyle, \u00e7ocuklar\u0131 aileleri ile birlikte g\u00fc\u00e7lendirmeyi ilke edinen Koruncuk Vakf\u0131, hem bar\u0131nma \u2013 bak\u0131m deste\u011fi verdi\u011fi k\u0131z \u00e7ocuklar\u0131n\u0131n ailelerine, hem de hizmet verdi\u011fi b\u00f6lgelerdeki di\u011fer ihtiya\u00e7 sahibi ailelere <strong>Av. Figen \u00d6ZBEK<\/strong> Aile Dan\u0131\u015fma Birimi \u00e7at\u0131s\u0131 alt\u0131nda aile odakl\u0131 destekler sunmaktad\u0131r. Koruncuk\u00f6yler\u2019de b\u00fcy\u00fcyen ve lise diplomas\u0131n\u0131 alan gen\u00e7 k\u0131zlar\u0131 ise tercihleri do\u011frultusunda mesleki geli\u015fim y\u00f6n\u00fcnde veya \u00fcniversite hayat\u0131 boyunca desteklemektedir. Ayr\u0131ca, Koruncuk Vakf\u0131 ve Adalet Bakanl\u0131\u011f\u0131 aras\u0131nda imzalanan protokol kapsam\u0131nda h\u00fck\u00fcml\u00fc ve tutuklu \u00e7ocuklara ayni ve nakdi destekler sunmaktad\u0131r.<\/p><p>Sosyal hizmet model ve \u00e7al\u0131\u015fmalar\u0131n ulusal d\u00fczeyde yayg\u0131nla\u015ft\u0131r\u0131lmas\u0131na, bu yolla \u00e7ocuk haklar\u0131 konusunda toplum fark\u0131ndal\u0131\u011f\u0131n\u0131n art\u0131r\u0131lmas\u0131na y\u00f6nelik \u00e7al\u0131\u015fmalar yapan Koruncuk Vakf\u0131; yirmiden fazla STK\u2019y\u0131 bir araya getirerek kurdu\u011fu \u00c7ocuk ve Haklar\u0131n\u0131 Koruma Platformu ile \u00e7ocuk haklar\u0131n\u0131n korunmas\u0131 ve bu haklara eri\u015fimdeki risklerin azalt\u0131lmas\u0131 i\u00e7in \u00e7al\u0131\u015fmalar y\u00fcr\u00fctmektedir.<\/p><p><em>Koruncuk Vakf\u0131\u2019na <strong>17.12.1989<\/strong> tarih ve <strong>1989\/14827<\/strong> say\u0131l\u0131 Bakanlar Kurulu karar\u0131 ile\u00a0<strong>Vergi Muafiyeti<\/strong> hakk\u0131 tan\u0131nm\u0131\u015ft\u0131r.<\/em><\/p>\t\t\t\t\t\t\t\t<\/div>\n\t\t\t\t<div class=\"elementor-element elementor-element-1655183 elementor-widget elementor-widget-gva-heading-block\" data-id=\"1655183\" data-element_type=\"widget\" data-e-type=\"widget\" data-widget_type=\"gva-heading-block.default\">\n\t\t\t\t<div class=\"elementor-widget-container\">\n\t\t\t\t\t<div class=\"gva-element-gva-heading-block gva-element\">\r\n\r\n   <div class=\"align-left style-1 widget gsc-heading box-align-left auto-responsive\">\r\n      \r\n      <div class=\"content-inner\">\r\n                  \r\n         <div class=\"sub-title\"><span class=\"tagline\">KORUNCUK<\/span><\/div>  \r\n         \r\n                     <h3 class=\"title\">\r\n               <span>Neyi Farkl\u0131 Yap\u0131yoruz?<\/span>\r\n            <\/h3>\r\n                  \r\n         \r\n               <\/div>\r\n\r\n   <\/div>\r\n\r\n<\/div>\t\t\t\t<\/div>\n\t\t\t\t<\/div>\n\t\t\t\t<div class=\"elementor-element elementor-element-ee54782 elementor-widget elementor-widget-n-accordion\" data-id=\"ee54782\" data-element_type=\"widget\" data-e-type=\"widget\" data-settings=\"{&quot;default_state&quot;:&quot;expanded&quot;,&quot;max_items_expended&quot;:&quot;one&quot;,&quot;n_accordion_animation_duration&quot;:{&quot;unit&quot;:&quot;ms&quot;,&quot;size&quot;:400,&quot;sizes&quot;:[]}}\" data-widget_type=\"nested-accordion.default\">\n\t\t\t\t\t\t\t<div class=\"e-n-accordion\" aria-label=\"Accordion. Open links with Enter or Space, close with Escape, and navigate with Arrow Keys\">\n\t\t\t\t\t\t<details id=\"e-n-accordion-item-2490\" class=\"e-n-accordion-item\" open>\n\t\t\t\t<summary class=\"e-n-accordion-item-title\" data-accordion-index=\"1\" tabindex=\"0\" aria-expanded=\"true\" aria-controls=\"e-n-accordion-item-2490\" >\n\t\t\t\t\t<span class='e-n-accordion-item-title-header'><div class=\"e-n-accordion-item-title-text\"> Kabulde akademik ba\u015far\u0131 \u00f6nko\u015fulu aram\u0131yoruz <\/div><\/span>\n\t\t\t\t\t\t\t<span class='e-n-accordion-item-title-icon'>\n\t\t\t<span class='e-opened' ><i aria-hidden=\"true\" class=\"fas fa-minus\"><\/i><\/span>\n\t\t\t<span class='e-closed'><i aria-hidden=\"true\" class=\"fas fa-plus\"><\/i><\/span>\n\t\t<\/span>\n\n\t\t\t\t\t\t<\/summary>\n\t\t\t\t<div role=\"region\" aria-labelledby=\"e-n-accordion-item-2490\" class=\"elementor-element elementor-element-a02d012 e-con-full e-flex e-con e-child\" data-id=\"a02d012\" data-element_type=\"container\" data-e-type=\"container\">\n\t\t\t\t<div class=\"elementor-element elementor-element-e321d5a elementor-widget elementor-widget-text-editor\" data-id=\"e321d5a\" data-element_type=\"widget\" data-e-type=\"widget\" data-widget_type=\"text-editor.default\">\n\t\t\t\t\t\t\t\t\t<p>E\u011fitime ve temel ihtiya\u00e7lara eri\u015fimi risk alt\u0131ndaki k\u0131z \u00e7ocuklar\u0131na \u2018<strong>akademik ba\u015far\u0131 \u00f6nko\u015fulu olmaks\u0131z\u0131n<\/strong>\u2019 ortaokuldan \u00fcniversiteye kadar \u00fccretsiz bar\u0131nma ve bak\u0131m hizmeti sunuyor, \u00fcniversite e\u011fitimleri ve mesleki geli\u015fimlerini destekliyoruz.<\/p>\t\t\t\t\t\t\t\t<\/div>\n\t\t\t\t<\/div>\n\t\t\t\t\t<\/details>\n\t\t\t\t\t\t<details id=\"e-n-accordion-item-2491\" class=\"e-n-accordion-item\" >\n\t\t\t\t<summary class=\"e-n-accordion-item-title\" data-accordion-index=\"2\" tabindex=\"-1\" aria-expanded=\"false\" aria-controls=\"e-n-accordion-item-2491\" >\n\t\t\t\t\t<span class='e-n-accordion-item-title-header'><div class=\"e-n-accordion-item-title-text\"> \u00c7ocuklar\u0131m\u0131z\u0131 sevgi ve g\u00fcven ortam\u0131nda yeti\u015ftiriyoruz <\/div><\/span>\n\t\t\t\t\t\t\t<span class='e-n-accordion-item-title-icon'>\n\t\t\t<span class='e-opened' ><i aria-hidden=\"true\" class=\"fas fa-minus\"><\/i><\/span>\n\t\t\t<span class='e-closed'><i aria-hidden=\"true\" class=\"fas fa-plus\"><\/i><\/span>\n\t\t<\/span>\n\n\t\t\t\t\t\t<\/summary>\n\t\t\t\t<div role=\"region\" aria-labelledby=\"e-n-accordion-item-2491\" class=\"elementor-element elementor-element-5de87e4 e-con-full e-flex e-con e-child\" data-id=\"5de87e4\" data-element_type=\"container\" data-e-type=\"container\">\n\t\t\t\t<div class=\"elementor-element elementor-element-693f905 elementor-widget elementor-widget-text-editor\" data-id=\"693f905\" data-element_type=\"widget\" data-e-type=\"widget\" data-widget_type=\"text-editor.default\">\n\t\t\t\t\t\t\t\t\t<p>Vak\u0131f olarak \u00f6nceli\u011fimizi \u00e7ocuklar\u0131m\u0131z\u0131n sevgi ve g\u00fcven i\u00e7inde yeti\u015fmelerini, haklar\u0131n\u0131n bilincinde sa\u011fl\u0131kl\u0131, g\u00fc\u00e7l\u00fc, \u00f6zg\u00fcvenli, \u00fcreten, de\u011fer yaratan sorumlu bireyler olarak toplumda yer almalar\u0131n\u0131 sa\u011flamak olu\u015fturuyor.<\/p>\t\t\t\t\t\t\t\t<\/div>\n\t\t\t\t<\/div>\n\t\t\t\t\t<\/details>\n\t\t\t\t\t\t<details id=\"e-n-accordion-item-2492\" class=\"e-n-accordion-item\" >\n\t\t\t\t<summary class=\"e-n-accordion-item-title\" data-accordion-index=\"3\" tabindex=\"-1\" aria-expanded=\"false\" aria-controls=\"e-n-accordion-item-2492\" >\n\t\t\t\t\t<span class='e-n-accordion-item-title-header'><div class=\"e-n-accordion-item-title-text\"> Her k\u0131z \u00e7ocu\u011funun hayalini \u00f6nemsiyoruz <\/div><\/span>\n\t\t\t\t\t\t\t<span class='e-n-accordion-item-title-icon'>\n\t\t\t<span class='e-opened' ><i aria-hidden=\"true\" class=\"fas fa-minus\"><\/i><\/span>\n\t\t\t<span class='e-closed'><i aria-hidden=\"true\" class=\"fas fa-plus\"><\/i><\/span>\n\t\t<\/span>\n\n\t\t\t\t\t\t<\/summary>\n\t\t\t\t<div role=\"region\" aria-labelledby=\"e-n-accordion-item-2492\" class=\"elementor-element elementor-element-a70b078 e-con-full e-flex e-con e-child\" data-id=\"a70b078\" data-element_type=\"container\" data-e-type=\"container\">\n\t\t\t\t<div class=\"elementor-element elementor-element-62599cc elementor-widget elementor-widget-text-editor\" data-id=\"62599cc\" data-element_type=\"widget\" data-e-type=\"widget\" data-widget_type=\"text-editor.default\">\n\t\t\t\t\t\t\t\t\t<p>Koruncuk Vakf\u0131 olarak lise mezuniyeti sonras\u0131 k\u0131z \u00e7ocuklar\u0131n\u0131n yan\u0131nda olmaya devam ediyor; \u00fcniversite e\u011fitimleri ve mesleki geli\u015fimlerini destekliyoruz.<\/p>\t\t\t\t\t\t\t\t<\/div>\n\t\t\t\t<\/div>\n\t\t\t\t\t<\/details>\n\t\t\t\t\t\t<details id=\"e-n-accordion-item-2493\" class=\"e-n-accordion-item\" >\n\t\t\t\t<summary class=\"e-n-accordion-item-title\" data-accordion-index=\"4\" tabindex=\"-1\" aria-expanded=\"false\" aria-controls=\"e-n-accordion-item-2493\" >\n\t\t\t\t\t<span class='e-n-accordion-item-title-header'><div class=\"e-n-accordion-item-title-text\"> Aile Destek Birimi ile daha fazla \u00e7ocu\u011fa ula\u015fmay\u0131 hedefliyoruz <\/div><\/span>\n\t\t\t\t\t\t\t<span class='e-n-accordion-item-title-icon'>\n\t\t\t<span class='e-opened' ><i aria-hidden=\"true\" class=\"fas fa-minus\"><\/i><\/span>\n\t\t\t<span class='e-closed'><i aria-hidden=\"true\" class=\"fas fa-plus\"><\/i><\/span>\n\t\t<\/span>\n\n\t\t\t\t\t\t<\/summary>\n\t\t\t\t<div role=\"region\" aria-labelledby=\"e-n-accordion-item-2493\" class=\"elementor-element elementor-element-fb54c6b e-con-full e-flex e-con e-child\" data-id=\"fb54c6b\" data-element_type=\"container\" data-e-type=\"container\">\n\t\t\t\t<div class=\"elementor-element elementor-element-3269d92 elementor-widget elementor-widget-text-editor\" data-id=\"3269d92\" data-element_type=\"widget\" data-e-type=\"widget\" data-widget_type=\"text-editor.default\">\n\t\t\t\t\t\t\t\t\t<p>Aile Destek Birimi, \u00e7ocuklar\u0131n ailesiyle ya\u015fad\u0131\u011f\u0131 ortam\u0131n temel ya\u015fam ihtiya\u00e7lar\u0131n\u0131 kar\u015f\u0131layabildi\u011fi, ancak e\u011fitim hayat\u0131n\u0131 s\u00fcrd\u00fcrebilmesi i\u00e7in maddi, sosyal ve psikolojik deste\u011fe ihtiya\u00e7 duydu\u011fu durumlarda, \u00e7ocu\u011fun aile yan\u0131nda desteklenmesi i\u00e7in kurulmu\u015ftur. Bu kapsamda;<\/p><ul><li>E\u011fitim bursu,<\/li><li>Psikososyal destek,<\/li><li>Mentorluk programlar\u0131,<\/li><li>Aileye rehberlik ve dan\u0131\u015fmanl\u0131k hizmetleri sunulmaktad\u0131r.<\/li><\/ul>\t\t\t\t\t\t\t\t<\/div>\n\t\t\t\t<\/div>\n\t\t\t\t\t<\/details>\n\t\t\t\t\t\t<details id=\"e-n-accordion-item-2494\" class=\"e-n-accordion-item\" >\n\t\t\t\t<summary class=\"e-n-accordion-item-title\" data-accordion-index=\"5\" tabindex=\"-1\" aria-expanded=\"false\" aria-controls=\"e-n-accordion-item-2494\" >\n\t\t\t\t\t<span class='e-n-accordion-item-title-header'><div class=\"e-n-accordion-item-title-text\"> \u00c7ocuk Haklar\u0131 konusunda fark\u0131ndal\u0131k yarat\u0131lmas\u0131 i\u00e7in \u00e7al\u0131\u015f\u0131yoruz <\/div><\/span>\n\t\t\t\t\t\t\t<span class='e-n-accordion-item-title-icon'>\n\t\t\t<span class='e-opened' ><i aria-hidden=\"true\" class=\"fas fa-minus\"><\/i><\/span>\n\t\t\t<span class='e-closed'><i aria-hidden=\"true\" class=\"fas fa-plus\"><\/i><\/span>\n\t\t<\/span>\n\n\t\t\t\t\t\t<\/summary>\n\t\t\t\t<div role=\"region\" aria-labelledby=\"e-n-accordion-item-2494\" class=\"elementor-element elementor-element-556cc99 e-con-full e-flex e-con e-child\" data-id=\"556cc99\" data-element_type=\"container\" data-e-type=\"container\">\n\t\t\t\t<div class=\"elementor-element elementor-element-a624737 elementor-widget elementor-widget-text-editor\" data-id=\"a624737\" data-element_type=\"widget\" data-e-type=\"widget\" data-widget_type=\"text-editor.default\">\n\t\t\t\t\t\t\t\t\t<p>Koruncuk Vakf\u0131 olarak, sosyal hizmet model ve \u00e7al\u0131\u015fmalar\u0131n ulusal d\u00fczeyde yayg\u0131nla\u015ft\u0131r\u0131lmas\u0131na, bu yolla \u00e7ocuk haklar\u0131 konusunda toplum fark\u0131ndal\u0131\u011f\u0131n\u0131n art\u0131r\u0131lmas\u0131na y\u00f6nelik \u00e7al\u0131\u015fmalar yap\u0131yoruz. Yirmiden fazla STK\u2019n\u0131n bir araya gelmesine \u00f6nc\u00fcl\u00fck ederek kurulmas\u0131n\u0131 sa\u011flad\u0131\u011f\u0131m\u0131z \u00c7ocuk ve Haklar\u0131n\u0131 Koruma Platformu ile \u00e7ocuk haklar\u0131n\u0131n korunmas\u0131 ve bu haklara eri\u015fimdeki risklerin azalt\u0131lmas\u0131 i\u00e7in \u00e7al\u0131\u015fmaya devam ediyoruz.<\/p>\t\t\t\t\t\t\t\t<\/div>\n\t\t\t\t<\/div>\n\t\t\t\t\t<\/details>\n\t\t\t\t\t<\/div>\n\t\t\t\t\t\t<\/div>\n\t\t\t\t<\/div>\n\t\t\t\t\t<\/div>\n\t\t\t\t<\/div>\n\t\t\t\t<\/div>\n\t\t","protected":false},"excerpt":{"rendered":"<p>Tarih\u00e7e Ana Sayfa Sayfa https:\/\/koruncuk.org\/wp-content\/uploads\/2025\/09\/koruncuk-vakfi-tanitim.mp4 Koruncuk Vakf\u0131 geli\u015ftirdi\u011fi \u00f6nleyici, koruyucu ve iyile\u015ftirici hizmet modelleriyle, temel ihtiya\u00e7lar\u0131 ve e\u011fitime eri\u015fimleri risk alt\u0131ndaki \u00e7ocuklar\u0131, kendilerini ifade edebilen, haklar\u0131n\u0131n bilincinde bireyler olarak toplum i\u00e7inde yer almalar\u0131 konusunda g\u00fc\u00e7lendiriyor. Tarih\u00e7e Web Designer Koruncuk Vakf\u0131, 1979\u2018da d\u00f6nemin \u0130stanbul Emniyeti \u00c7ocuk \u015eubesi M\u00fcd\u00fcr\u00fc H\u00fcseyin Bilgin \u00f6nc\u00fcl\u00fc\u011f\u00fcnde g\u00f6n\u00fcll\u00fclerin bir araya gelmesiyle kurulmu\u015ftur. [&hellip;]<\/p>\n","protected":false},"author":1,"featured_media":0,"parent":5439,"menu_order":0,"comment_status":"closed","ping_status":"closed","template":"","meta":{"footnotes":""},"class_list":["post-845","page","type-page","status-publish","hentry"],"_links":{"self":[{"href":"https:\/\/koruncuk.org\/en\/wp-json\/wp\/v2\/pages\/845","targetHints":{"allow":["GET"]}}],"collection":[{"href":"https:\/\/koruncuk.org\/en\/wp-json\/wp\/v2\/pages"}],"about":[{"href":"https:\/\/koruncuk.org\/en\/wp-json\/wp\/v2\/types\/page"}],"author":[{"embeddable":true,"href":"https:\/\/koruncuk.org\/en\/wp-json\/wp\/v2\/users\/1"}],"replies":[{"embeddable":true,"href":"https:\/\/koruncuk.org\/en\/wp-json\/wp\/v2\/comments?post=845"}],"version-history":[{"count":231,"href":"https:\/\/koruncuk.org\/en\/wp-json\/wp\/v2\/pages\/845\/revisions"}],"predecessor-version":[{"id":5582,"href":"https:\/\/koruncuk.org\/en\/wp-json\/wp\/v2\/pages\/845\/revisions\/5582"}],"up":[{"embeddable":true,"href":"https:\/\/koruncuk.org\/en\/wp-json\/wp\/v2\/pages\/5439"}],"wp:attachment":[{"href":"https:\/\/koruncuk.org\/en\/wp-json\/wp\/v2\/media?parent=845"}],"curies":[{"name":"wp","href":"https:\/\/api.w.org\/{rel}","templated":true}]}}